{"id":958,"date":"2013-07-31T18:58:58","date_gmt":"2013-07-31T16:58:58","guid":{"rendered":"http:\/\/www.vuncf.org\/?page_id=958"},"modified":"2014-11-22T15:39:58","modified_gmt":"2014-11-22T14:39:58","slug":"fiches","status":"publish","type":"page","link":"https:\/\/www.vuncf.org\/?page_id=958","title":{"rendered":"Reflexion &#8211; Action"},"content":{"rendered":"<p>Voila le secteur de ces fiches qui sont autant de sujets d&rsquo;action d&rsquo;information publique.<\/p>\n<p>Allons \u00e0 l&rsquo;essentiel.<\/p>\n<h1>Pourquoi les fiches<\/h1>\n<p>Ces fiches sont destin\u00e9es \u00e0 une action concert\u00e9e et synchronis\u00e9e de tous les participants \u00e0 ce projet. On en fait un maximum, plusieurs centaines. On en retient 52. On les classe pour un effet p\u00e9dagogique maximum.<\/p>\n<p>Chacun des participants pr\u00e9pare une action publique, sous la forme de son choix, sur le ton de son choix, avec ses moyens qu&rsquo;il maitrise. Tract, conf\u00e9rence, publication, tractage, th\u00e9\u00e2tre de rue, feux d&rsquo;artifice, tombola, toro piscine&#8230;.. Si possible pour chacune des fiches, en tout cas pour le maximum.<\/p>\n<p>Au top d\u00e9part, chaque semaine, pendant un an, est l&rsquo;occasion pour les participants de saturer l&rsquo;espace publique avec le sujet de la semaine. Un seul but : pr\u00e9parer nos concitoyens \u00e0\u00a0 comprendre, voir \u00e0 participer \u00e0 une constituante d\u00e9mocratique.<\/p>\n<h1>Qui \u00e9crit ces fiches ?<\/h1>\n<p>Vous, moi, en recherchant un groupe. Si vous \u00eates dans une activit\u00e9 associative ou sportive quelconque, vous avez l\u00e0 l&rsquo;occasion d&rsquo;\u00e9changer avec des gens qui ne vous ressemblent a priori que par votre activit\u00e9 commune. Formidable \u00e9chantillonnage d&rsquo;opinions, \u00e0 priori. Des collocs de fac, cela marche aussi. Les gens avec qui vous mangez \u00e0 la cantine tous les jours. Essayez vos potes de cellules, sinon tentez le coup avec vos matons.<\/p>\n<p>Une page Facebook, regroupant quelques individus \u00e9pars en France. Cette page n&rsquo;est pas publique (faut aller r\u00e9gler des options pour \u00e7a), mais offre un salon priv\u00e9 pour deux, trois&#8230;personnes autour d&rsquo;une fiche.<\/p>\n<p>Pensez, si vous constituez une sorte de collectif, \u00e0 prendre une inscription sur le site en tant que personne morale. Comme vous pouvez souhaiter participer \u00e0 plusieurs fiches avec des gens diff\u00e9rents, cela permet de cloisonner et de prot\u00e9ger le territoire de chacun.<\/p>\n<h3>Bon, \u00e7a, c&rsquo;est fait.<\/h3>\n<p>Pour travailler une fiche \u00e0 partir de z\u00e9ro, faites comme suit.<\/p>\n<p>Ouvrez votre traitement de texte. Ouvrez la page de la premi\u00e8re fiche de d\u00e9mo. Copiez collez la fiche dans votre document vierge. Remplacez mes mots par les v\u00f4tres, en tentant de respecter la forme.<\/p>\n<p>Quand vous vous relirez, demandez vous \u00e0 chaque phrase si elle se trouve dans le bon titre. Pas la peine de d\u00e9noncer avant le titre pr\u00e9vu \u00e0 cet effet.<\/p>\n<p>Autre contrainte : <strong>Vous devez absolument bannir les appr\u00e9ciations de type \u00e9motionnelle<\/strong>. Oui, c&rsquo;est dur et ce site le prouve, h\u00e9las.<\/p>\n<p>Exemple :<\/p>\n<p>\u00ab\u00a0La France \u00e0 plong\u00e9 en 73 dans la fange financi\u00e8re en acceptant d&rsquo;acheter de l&rsquo;argent \u00e0 ces enfoir\u00e9s de banquiers. C&rsquo;est Horrible\u00a0\u00bb<\/p>\n<p>Deviens :<\/p>\n<p>\u00ab\u00a0Depuis 1973, La France ach\u00e8te l&rsquo;argent aux banques quand elle en manque\u00a0\u00bb. Des faits, rien que des faits.<\/p>\n<p>Des chiffres, des faits, aucun pathos. Pour vous tester, je vais en mettre dans mes fiches : vous devez me les faire virer par vos commentaires.<\/p>\n<p>La raison que j&rsquo;y vois est la suivante : tout ceci est destin\u00e9 \u00e0 \u00eatre plus tard un canevas pour des interventions publiques coordonn\u00e9es, qui seront ex\u00e9cut\u00e9es par d&rsquo;autres participants.<\/p>\n<p>Ces autres participants auront accept\u00e9 votre id\u00e9e et sa construction. Mais ils leur sera impossible de se projeter dans une action que vous auriez charg\u00e9 de vos opinions, appr\u00e9ciations et autre commentaires trop \u00e9nergiques.<\/p>\n<p>Vous livrez une fiche technique comme un manuel de machine \u00e0 laver, et vous pouvez <strong>ensuite<\/strong> vous l\u00e2cher dans les commentaires ou le forum de votre propre\u00a0 fiche, Caramba !<\/p>\n<p>Si vous avez bien cern\u00e9 un point, tellement bien que votre fiche fait partie des 52 \u00e9lues, laissez bien \u00e0 chaque participant toute latitude pour choisir ses interlocuteurs et la fa\u00e7on de les aborder.<\/p>\n<p>Pour proposer votre travail, envoyez un petit mot explicatif, avec votre (vos) pseudos, et un fichier simple. Pas de photo dedans, pas plus que la charte graphique du site. Gardez les polices. Je sais, elles sont pas toptop, mais elles sont choisies pour bien passer sur des petits mobiles.<\/p>\n<p>Et enfin, pour clarifier, voici quelques exemples pour vous inspirer :<\/p>\n<ul>\n<li>Pouvoirs et contre-pouvoir\u00a0: ex\u00e9cutif, l\u00e9gislatif, justice<\/li>\n<li>Monnaie\u00a0: Euro et ses contraintes<\/li>\n<li>Cr\u00e9ation mon\u00e9taire<\/li>\n<li>Investissement<\/li>\n<li>Le pouvoir d\u00e9mocratique de la cotisation<\/li>\n<li>Droit \u00e0 la richesse illimit\u00e9e<\/li>\n<li>Droit des successions et d\u00e9mocratie<\/li>\n<li>M\u00e9dia et ind\u00e9pendance<\/li>\n<li>Assembl\u00e9es populaires et tirage au sort<\/li>\n<li>Mandats irr\u00e9vocables et inattaquables, multiples et reconductibles<\/li>\n<li>Gratuit\u00e9 des ressources naturelles (on ne fait pas un ch\u00e8que \u00e0 la mine quand on extrait du minerai)<\/li>\n<li>R\u00e9f\u00e9rendums et recours populaires<\/li>\n<li>Salaire et rapports de force<\/li>\n<li>Propri\u00e9t\u00e9 lucrative et propri\u00e9t\u00e9 d\u2019usage<\/li>\n<li>Echanges internationaux<\/li>\n<li>Productivit\u00e9<\/li>\n<li>Actionnariat<\/li>\n<li>Contr\u00f4le du mouvement des capitaux<\/li>\n<li>Mobilit\u00e9 des personnes morales<\/li>\n<li>Biens communs<\/li>\n<li>Privatisations, nationalisations<\/li>\n<li>Banque commerciale et banque financi\u00e8re<\/li>\n<li>Assurance vie et placement\u00a0: une ponction ill\u00e9gitime sur le travail.<\/li>\n<li>Immigration<\/li>\n<li>Dettes et leurs l\u00e9gitimit\u00e9s<\/li>\n<li>Salaire \u00e0 vie<\/li>\n<li>La hi\u00e9rarchie dans l\u2019entreprise\u00a0: droit exclusif d\u2019embauche, comp\u00e9tence et certification, emploi et travail.<\/li>\n<li>Histoire politique de la France depuis 200 ans\u00a0: 200 ans de r\u00e8gne des poss\u00e9dants.<\/li>\n<li>Transition \u00e9nerg\u00e9tique<\/li>\n<li>Mythe de la croissance<\/li>\n<li>D\u00e9croissance<\/li>\n<li>Europe totalitaire\u00a0: gouvernement dictatorial par les trait\u00e9s et les r\u00e8glements, en l\u2019absence totale de d\u00e9mocratie, m\u00eame repr\u00e9sentative.<\/li>\n<li>D\u00e9sirs, Ambitions\u00a0: le chaos des envies contradictoires, l\u2019individualisation, la mort des communaut\u00e9s nationales au profit des communaut\u00e9s religieuses ou ethniques.<\/li>\n<li>Gouvernance par la peur<\/li>\n<li>Les chiens de garde<\/li>\n<li>Structure des entreprises\u00a0: rafra\u00eechissons la SCOOP.<\/li>\n<li>Se pr\u00e9parer \u00e0 \u00eatre constituant.<\/li>\n<li>Le vote Blanc\u00a0: Captation de la d\u00e9mocratie par les partis.<\/li>\n<li>Le d\u00e9ficit budg\u00e9taire et le ch\u00f4mage.<\/li>\n<\/ul>\n","protected":false},"excerpt":{"rendered":"<p>Voila le secteur de ces fiches qui sont autant de sujets d&rsquo;action d&rsquo;information publique. Allons \u00e0 l&rsquo;essentiel. Pourquoi les fiches Ces fiches sont destin\u00e9es \u00e0 une action concert\u00e9e et synchronis\u00e9e de tous les participants \u00e0 ce projet. On en fait un maximum, plusieurs centaines. On en retient 52. On les classe pour un effet p\u00e9dagogique [&hellip;]<\/p>\n","protected":false},"author":1,"featured_media":0,"parent":0,"menu_order":0,"comment_status":"open","ping_status":"closed","template":"","meta":{"footnotes":""},"class_list":["post-958","page","type-page","status-publish","hentry"],"_links":{"self":[{"href":"https:\/\/www.vuncf.org\/index.php?rest_route=\/wp\/v2\/pages\/958","targetHints":{"allow":["GET"]}}],"collection":[{"href":"https:\/\/www.vuncf.org\/index.php?rest_route=\/wp\/v2\/pages"}],"about":[{"href":"https:\/\/www.vuncf.org\/index.php?rest_route=\/wp\/v2\/types\/page"}],"author":[{"embeddable":true,"href":"https:\/\/www.vuncf.org\/index.php?rest_route=\/wp\/v2\/users\/1"}],"replies":[{"embeddable":true,"href":"https:\/\/www.vuncf.org\/index.php?rest_route=%2Fwp%2Fv2%2Fcomments&post=958"}],"version-history":[{"count":10,"href":"https:\/\/www.vuncf.org\/index.php?rest_route=\/wp\/v2\/pages\/958\/revisions"}],"predecessor-version":[{"id":2760,"href":"https:\/\/www.vuncf.org\/index.php?rest_route=\/wp\/v2\/pages\/958\/revisions\/2760"}],"wp:attachment":[{"href":"https:\/\/www.vuncf.org\/index.php?rest_route=%2Fwp%2Fv2%2Fmedia&parent=958"}],"curies":[{"name":"wp","href":"https:\/\/api.w.org\/{rel}","templated":true}]}}