{"id":946,"date":"2013-07-31T18:07:12","date_gmt":"2013-07-31T16:07:12","guid":{"rendered":"http:\/\/www.vuncf.org\/?page_id=946"},"modified":"2013-08-07T00:58:13","modified_gmt":"2013-08-06T22:58:13","slug":"modele-de-fiche-a-discuter","status":"publish","type":"page","link":"https:\/\/www.vuncf.org\/?page_id=946","title":{"rendered":"Mod\u00e8le de fiche&#8230; \u00e0 discuter"},"content":{"rendered":"<h1>0 &#8211; Le titre de la fiche<\/h1>\n<h2>1 &#8211; Le Pitch (directement dans le titre de section)<\/h2>\n<h2>2 &#8211; De quoi parle-t-on<\/h2>\n<p>5 lignes maxi pour donner envie d&rsquo;en savoir plus \u00e0 un inconnu dans un ascenseur.<\/p>\n<h2>3 &#8211; Description compl\u00e8te<\/h2>\n<p>Un petit article pour bien cerner, et connaitre les forces en pr\u00e9sence, et leurs m\u00e9thodes.<\/p>\n<h2>4 &#8211; Cons\u00e9quences<\/h2>\n<p>Les cons\u00e9quences du ph\u00e9nom\u00e8ne, mais avec des liens vers des pages qui d\u00e9taillent si cela doit \u00eatre trop lourd. Mais chaque cons\u00e9quence doit \u00eatre bien clairement cern\u00e9e.<\/p>\n<h2>5 &#8211; Enlisement ou aporie r\u00e9v\u00e9l\u00e9e<\/h2>\n<p>Les cons\u00e9quences ayant \u00e9t\u00e9 d\u00e9crites, il peut \u00eatre n\u00e9cessaire d&rsquo;expliquer ici en quoi les cons\u00e9quences ne peuvent \u00eatre annul\u00e9es pour cause d&rsquo;enlisement ou enchev\u00eatrement dans d&rsquo;autre complications incontr\u00f4lables. A moins que le probl\u00e8me soit sans solution (aporie). Par exemple un r\u00e8glement europ\u00e9en qui nous emp\u00eache de&#8230;<\/p>\n<h2>6 &#8211; Localisation des points durs<\/h2>\n<p>Une fois un probl\u00e8me d\u00e9crit avec ses implications, il convient de localiser les points durs. Si un changement n\u00e9cessaire est cosm\u00e9tique et n&rsquo;aura pas d&rsquo;adversaire ou si peu, pour de faibles motivations, il peut toutefois y avoir des points durs.<\/p>\n<p>Soit d&rsquo;un point de vue juridique, avec un pr\u00e9visible bouleversement de m\u00e9tiers, redistributions financi\u00e8res importantes, restructuration lourde etc&#8230;<\/p>\n<p>Les participants \u00e0 ce projet sont fermement invit\u00e9s \u00e0 ne pas se retenir, \u00e0 s&rsquo;imposer les mauvaises nouvelles, des d\u00e9couvertes d\u00e9favorables. En gros, toutes les objections emmerdantes des opposants. Les opposants ne sont pas emmerdants s&rsquo;il nous posent des objections emmerdantes. Ils nous donnent au contraire l&rsquo;occasion de r\u00e9fl\u00e9chir mieux. Ils nous donnent parfois de bonnes id\u00e9es. Fuir les questions g\u00eanantes serait un bug fatal dans le programme.<\/p>\n<p>En revanche, une fois cern\u00e9 et d\u00e9crit un point dur par les auteurs de la fiche, tous les visiteurs sont invit\u00e9s \u00e0 v\u00e9rifier, \u00e0 placer sur les forums associ\u00e9 en bas de la fiche, des remarques amicales et sans complaisances. Est-ce si grave ? Est-ce si pas grave ?<\/p>\n<h2>7 &#8211; Solution(s) envisag\u00e9e(s)<\/h2>\n<p>Chaque solution est d\u00e9crite en cinq lignes, mais le plus souvent avec un lien \u00ab\u00a0en savoir plus\u00a0\u00bb. Dans ce cas, les cinq lignes doivent donner irr\u00e9sistiblement envie de cliquer sur \u00ab\u00a0en savoir plus\u00a0\u00bb.<\/p>\n<p>Une fiche peut s\u2019illustrer d&rsquo;exemples tr\u00e8s concrets, mais le pi\u00e8ge serait de laisser entendre que l&rsquo;exemple choisit fera l&rsquo;objet d&rsquo;un d\u00e9bat dans ce projet. Votre exemple d\u00e9crit probablement un effet et ses cons\u00e9quences qu&rsquo;il faudra clairement lier \u00e0 un probl\u00e8me dans notre constitution, et indiquer quelles dispositions seraient avantageusement prises dans la nouvelle.<\/p>\n<h3>\u00a0Commentaires :<\/h3>\n<p>Pourquoi ce genre de construction ?<\/p>\n<p>Parce qu\u2019il permet de se retrouver au milieu d&rsquo;un gros tas de fiches semblables. Il n&rsquo;est pas dans l&rsquo;int\u00e9r\u00eat du site d&rsquo;obliger nos visiteurs \u00e0 devoir d\u00e9crypter \u00e0 chaque fois le plan de l&rsquo;auteur. \u00c9tant moi-m\u00eame malade de l&rsquo;ouverture de digressions dans les digressions, parfois en ne les refermant pas, je vois bien les avantages d&rsquo;une telle discipline.<\/p>\n<p>N&rsquo;attendez pas pour donner votre id\u00e9e g\u00e9niale.<\/p>\n<p>Et maintenant quelques exemples ?<\/p>\n<p>&nbsp;<\/p>\n<p>&nbsp;<\/p>\n","protected":false},"excerpt":{"rendered":"<p>0 &#8211; Le titre de la fiche 1 &#8211; Le Pitch (directement dans le titre de section) 2 &#8211; De quoi parle-t-on 5 lignes maxi pour donner envie d&rsquo;en savoir plus \u00e0 un inconnu dans un ascenseur. 3 &#8211; Description compl\u00e8te Un petit article pour bien cerner, et connaitre les forces en pr\u00e9sence, et leurs [&hellip;]<\/p>\n","protected":false},"author":1,"featured_media":0,"parent":0,"menu_order":0,"comment_status":"open","ping_status":"closed","template":"","meta":{"footnotes":""},"class_list":["post-946","page","type-page","status-publish","hentry"],"_links":{"self":[{"href":"https:\/\/www.vuncf.org\/index.php?rest_route=\/wp\/v2\/pages\/946","targetHints":{"allow":["GET"]}}],"collection":[{"href":"https:\/\/www.vuncf.org\/index.php?rest_route=\/wp\/v2\/pages"}],"about":[{"href":"https:\/\/www.vuncf.org\/index.php?rest_route=\/wp\/v2\/types\/page"}],"author":[{"embeddable":true,"href":"https:\/\/www.vuncf.org\/index.php?rest_route=\/wp\/v2\/users\/1"}],"replies":[{"embeddable":true,"href":"https:\/\/www.vuncf.org\/index.php?rest_route=%2Fwp%2Fv2%2Fcomments&post=946"}],"version-history":[{"count":13,"href":"https:\/\/www.vuncf.org\/index.php?rest_route=\/wp\/v2\/pages\/946\/revisions"}],"predecessor-version":[{"id":1117,"href":"https:\/\/www.vuncf.org\/index.php?rest_route=\/wp\/v2\/pages\/946\/revisions\/1117"}],"wp:attachment":[{"href":"https:\/\/www.vuncf.org\/index.php?rest_route=%2Fwp%2Fv2%2Fmedia&parent=946"}],"curies":[{"name":"wp","href":"https:\/\/api.w.org\/{rel}","templated":true}]}}