{"id":89,"date":"2013-06-06T23:36:31","date_gmt":"2013-06-06T21:36:31","guid":{"rendered":"http:\/\/test.briosoft.com\/?page_id=89"},"modified":"2013-08-26T12:20:17","modified_gmt":"2013-08-26T10:20:17","slug":"conspirationnisme","status":"publish","type":"page","link":"https:\/\/www.vuncf.org\/?page_id=89","title":{"rendered":"Conspirationnisme"},"content":{"rendered":"<p>La notion de conspirationnisme, sous-entendu &lsquo;tendance maladive \u00e0 voir des conspirations partout&rsquo;, permet d&rsquo;ass\u00e9cher un d\u00e9bat g\u00eanant. Le conspirationniste est un malade, un maboul.<\/p>\n<p>Bonjour le d\u00e9bat d&rsquo;id\u00e9es.<\/p>\n<p>Rappelons la d\u00e9finition sereine : une conspiration est une action men\u00e9e EN SECRET, par un petit groupe d&rsquo;individus, afin de mener une entreprise contraire aux int\u00e9r\u00eats de la multitude. D\u00e9taillons : &lsquo;petit&rsquo; groupe est absolument n\u00e9cessaire, ne serait-ce que pour avoir une chance de garder le secret. Le secret est aussi une composante essentielle. Et surtout, contraire aux int\u00e9r\u00eats g\u00e9n\u00e9raux : en effet, pourquoi se cacher pour faire le bien. Il s&rsquo;agit donc implicitement d&rsquo;une action politiquement &lsquo;honteuse&rsquo;.<\/p>\n<p>Or, ceci est une situation extr\u00eamement courante et facile \u00e0 r\u00e9aliser. Payer un expert en m\u00e9dicaments pour obtenir une mise sur le march\u00e9 indue est un exemple simple. Inviter le maire au mariage de sa fille, puis n\u00e9gocier en fin de soir\u00e9e, un verre \u00e0 la main, le classement en zone constructible d\u2019une parcelle qu\u2019on va offrir aux jeunes mari\u00e9s. C\u2019est techniquement une conspiration.<\/p>\n<p>Convaincre un homme de pouvoir, simple d&rsquo;esprit mais puissant, de la n\u00e9cessit\u00e9 d&rsquo;avoir un alcootest dans chaque v\u00e9hicule, sans aucune concertation technique ni d\u00e9mocratique et dans le seul but d&rsquo;apporter par la force une \u00e9norme masse d&rsquo;argent \u00e0 quelques actionnaires est une conspiration. \u00c7a commence \u00e0 deux, avec \u00e9ventuellement un des deux qui se fait manipuler par l&rsquo;autre. Objectivement, concr\u00e8tement, l&rsquo;activit\u00e9 des lobbies \u00e0 Bruxelles rel\u00e8ve exactement de la m\u00eame logique.<\/p>\n<p>Rappelez-vous le secret : connaissez-vous les dessous de la pens\u00e9e de ceux qui gouvernent la finance europ\u00e9enne et l&rsquo;euro ? Non. Tout \u00e7a se discute dans des bureaux feutr\u00e9s, puis la commission europ\u00e9enne fait tamponner le truc par un parlement QUI N\u2019A PAS LE DROIT DE PROPOSER DES TEXTES.<\/p>\n<p>A quel moment et surtout pourquoi et qui a d\u00e9cid\u00e9 que l\u2019Europe ach\u00e8terait du cr\u00e9dit aux banques priv\u00e9es, abandonnant de fait la cr\u00e9ation mon\u00e9taire\u00a0? Je vous le refais en fran\u00e7ais : pourquoi y a-t-il des dettes plut\u00f4t que rien ?<\/p>\n<p>Parenth\u00e8se d\u2019importance, l\u2019Europe ne fait que reprendre dans une structure opaque des dispositions que les \u00e9tats membres avaient d\u00e9j\u00e0 valid\u00e9es. Enfin, que leurs repr\u00e9sentants avaient conc\u00e9d\u00e9es aux riches qui les ont fait \u00e9lire.<\/p>\n<p>A quel moment, sur quelle feuille de papier, <b>qui<\/b> a \u00e9crit \u00ab\u00a0la BCE ne peux racheter de dettes comptables des pays membres\u00a0\u00bb\u00a0?<\/p>\n<p>Une dette, c&rsquo;est une \u00e9criture comptable + des lois obligeant des juges \u00e0 faire casquer les mauvais payeurs. Ce choix, oppos\u00e9 \u00e0 celui de la souverainet\u00e9 mon\u00e9taire de l&rsquo;\u00e9tat, est une pure convention, dont la validit\u00e9 est suspendue \u00e0 l\u2019ex\u00e9cution sans faille d&rsquo;un contrat portant sur un \u00e9change <i>\u00e9quitable<\/i>. Car l&rsquo;\u00e9tat ne saurait signer un contrat in\u00e9quitable. Point. Je vous laisse m\u00e9diter l\u00e0-dessus.<\/p>\n<p>Pourquoi donc les pays europ\u00e9ens <b>louent<\/b> de l&rsquo;argent au prix fort, quand il suffirait de faire des \u00e9critures o\u00f9 les banques n&rsquo;auraient pas leur nez ni leur pelleteuses \u00e0 b\u00e9n\u00e9fice\u00a0?<\/p>\n<p>Ce n\u2019est pas une conspiration des actionnaires des banques ? Un petit groupe prend en secret des dispositions contraires \u00e0 l&rsquo;int\u00e9r\u00eat g\u00e9n\u00e9ral, au seul profit de son int\u00e9r\u00eat particulier.<\/p>\n<p>Placer un directeur de banque \u00e0 la t\u00eate de l&rsquo;\u00e9tat, en secret \u00e9videmment, on dira plut\u00f4t qu&rsquo;il est agr\u00e9g\u00e9 de lettre, afin de lui faire <b>d\u00e9cr\u00e9ter<\/b> que l&rsquo;\u00e9tat va louer de l&rsquo;argent avec int\u00e9r\u00eat plut\u00f4t que de le fabriquer lui-m\u00eame, est une conspiration vis \u00e0 vis de 50 millions de p\u00e9quins \u00e0 qui on prendra soin de ne rien dire. Les p\u00e9quins que nous sommes n&rsquo;y auront que des inconv\u00e9nients graves mais c&rsquo;est bien une conspiration, au sens \u00e9tymologique de l&rsquo;accord secret contraire \u00e0 l&rsquo;int\u00e9r\u00eat g\u00e9n\u00e9ral.<\/p>\n<p>Par nature, une conspiration est douteuse, du fait du secret qui l&rsquo;entoure. Sa r\u00e9v\u00e9lation est rare (Nixon se faisant gauler avec ses enregistrements ill\u00e9gaux), et ce sont le plus souvent les historiens, avec un recul n\u00e9cessaire \u00e0 l&rsquo;apparition de signes ou dans le meilleur des cas d&rsquo;aveux authentifiables. Combien de temps \u00e0 attendre, encore ?<\/p>\n<p>D&rsquo;un point de vue s\u00e9mantique, l&#8217;emploi de ce mot \u00ab\u00a0conspirationnisme\u00a0\u00bb ou de ses d\u00e9riv\u00e9s, est syst\u00e9matiquement un mauvais signe pour celui qui l&#8217;emploie seul, comptant sur un caract\u00e8re p\u00e9joratif fortement sugg\u00e9r\u00e9. Il permet finalement de clore un d\u00e9bat avant qu&rsquo;il ne soit commenc\u00e9. Notez comment le d\u00e9nonciateur dit <em>seulement<\/em> \u00ab\u00a0vous \u00eates un conspirationniste\u00a0\u00bb. Point. Aucune d\u00e9monstration. Tout est dit. Il suffit d&rsquo;enchainer avec un verbiage quelconque, g\u00e9n\u00e9ralement hautement moral, expliquant que c&rsquo;est une salutaire hygi\u00e8ne mentale que de passer \u00e0 la question suivante. Et \u00e0 ce moment-l\u00e0, Pujadas engage la suite. Cop\u00e9 lui tend un sucre.<\/p>\n<p>Les attentats du onze septembre, quand on examine avec attention le &lsquo;film&rsquo; des premiers jours , comporte une grande quantit\u00e9 d&rsquo;\u00e9l\u00e9ments surprenants ou contradictoires, tel la volatilisation au sens propre d&rsquo;un avion de plus de cent tonnes de m\u00e9tal qui se serait obligeamment gliss\u00e9 dans l&rsquo;ouverture d&rsquo;un garage \u00e0 fourgonnette, en ne laissant ni aile, ni moteur, ni empennage en dehors du garage.<\/p>\n<p>En l&rsquo;absence \u00e9vidente d&rsquo;une explication plausible, il ne reste que la voie des suppositions, forc\u00e9ment fragiles. Mais l&rsquo;absence aussi \u00e9vidente d&rsquo;une administration \u00e0 rendre honn\u00eatement compte des faits avec des experts et des contre-experts impartiaux, proc\u00e8de d&rsquo;un comportement susceptible de nourrir toutes sortes de mauvaises pens\u00e9es.<\/p>\n<p>C&rsquo;est depuis ce jour que le mot conspirationniste permet de qualifier plus pr\u00e9cis\u00e9ment toute personne mettant en doute une version officielle d\u00e9nonc\u00e9e non satisfaisante. Dans la phrase que vous venez de lire, le public ne retiendra que le mot conspirationniste qui claque comme une vilaine maladie.<\/p>\n<p>Vous faire qualifier de conspirationniste ne vous donne pas raison, le a-contrario ne marche pas, mais il place l&rsquo;invectiveur automatiquement dans le camp des orateurs douteux : un orateur de bonne foi reprendra en d\u00e9tail vos suppositions erron\u00e9es en apportant des explications v\u00e9rifiables et clarificatrices. L&rsquo;orateur douteux est probablement un enfumeur : il participe alors de la conspiration, et si cet orateur n&rsquo;y participe pas, c&rsquo;est juste un con.<\/p>\n<p>Et donc, si c&rsquo;est un enfumeur, vous \u00eates mal barr\u00e9. Arguez de l&rsquo;inutilit\u00e9 de la conversation, et en plus mon docteur m&rsquo;interdit de parler aux gens de mauvaise foi. Notez que dans ce cas, on pourrait \u00eatre tent\u00e9 de pr\u00e9f\u00e9rer tomber sur un con.<\/p>\n","protected":false},"excerpt":{"rendered":"<p>La notion de conspirationnisme, sous-entendu &lsquo;tendance maladive \u00e0 voir des conspirations partout&rsquo;, permet d&rsquo;ass\u00e9cher un d\u00e9bat g\u00eanant. Le conspirationniste est un malade, un maboul. Bonjour le d\u00e9bat d&rsquo;id\u00e9es. Rappelons la d\u00e9finition sereine : une conspiration est une action men\u00e9e EN SECRET, par un petit groupe d&rsquo;individus, afin de mener une entreprise contraire aux int\u00e9r\u00eats de [&hellip;]<\/p>\n","protected":false},"author":1,"featured_media":0,"parent":0,"menu_order":0,"comment_status":"open","ping_status":"closed","template":"","meta":{"footnotes":""},"class_list":["post-89","page","type-page","status-publish","hentry"],"_links":{"self":[{"href":"https:\/\/www.vuncf.org\/index.php?rest_route=\/wp\/v2\/pages\/89","targetHints":{"allow":["GET"]}}],"collection":[{"href":"https:\/\/www.vuncf.org\/index.php?rest_route=\/wp\/v2\/pages"}],"about":[{"href":"https:\/\/www.vuncf.org\/index.php?rest_route=\/wp\/v2\/types\/page"}],"author":[{"embeddable":true,"href":"https:\/\/www.vuncf.org\/index.php?rest_route=\/wp\/v2\/users\/1"}],"replies":[{"embeddable":true,"href":"https:\/\/www.vuncf.org\/index.php?rest_route=%2Fwp%2Fv2%2Fcomments&post=89"}],"version-history":[{"count":9,"href":"https:\/\/www.vuncf.org\/index.php?rest_route=\/wp\/v2\/pages\/89\/revisions"}],"predecessor-version":[{"id":199,"href":"https:\/\/www.vuncf.org\/index.php?rest_route=\/wp\/v2\/pages\/89\/revisions\/199"}],"wp:attachment":[{"href":"https:\/\/www.vuncf.org\/index.php?rest_route=%2Fwp%2Fv2%2Fmedia&parent=89"}],"curies":[{"name":"wp","href":"https:\/\/api.w.org\/{rel}","templated":true}]}}