{"id":877,"date":"2013-07-27T15:53:51","date_gmt":"2013-07-27T13:53:51","guid":{"rendered":"http:\/\/www.vuncf.org\/?page_id=877"},"modified":"2014-11-20T14:20:01","modified_gmt":"2014-11-20T13:20:01","slug":"formez-vous","status":"publish","type":"page","link":"https:\/\/www.vuncf.org\/?page_id=877","title":{"rendered":"Vid\u00e9os"},"content":{"rendered":"<p>Vous y voil\u00e0 !<\/p>\n<p>Pour faire une constitution, ou tout simplement pour la choisir, il importe d&rsquo;avoir une formation,\u00a0 afin de conna\u00eetre les m\u00e9canismes, les forces, les id\u00e9es qui nous gouvernent. Mais aussi de conna\u00eetre des id\u00e9es nouvelles. Ensuite, par la discussion ou l&rsquo;engueulade, selon votre temp\u00e9rament, vous devez dig\u00e9rer tout cela et vous former VOTRE opinion.<\/p>\n<p>Si nous sommes d&rsquo;accord sur des principes d&rsquo;\u00e9tat, nous pouvons ensemble r\u00e9\u00e9crire la constitution. Sachant que cette constitution ne pr\u00e9juge pas de l&rsquo;ordre social qui en r\u00e9sulte.<br \/>\nElle ne fait que fixer les r\u00e8gles, les devoirs, mais aussi les droits des \u00ab\u00a0citoyens\u00a0\u00bb pour <strong>ensuite<\/strong> permettre de d\u00e9finir <strong>d\u00e9mocratiquement<\/strong> les d\u00e9tails, les lois, les r\u00e8glements.<\/p>\n<p>Certains ont \u00e9voqu\u00e9 l&rsquo;avantage d&rsquo;une constitution light se r\u00e9sumant \u00e0 quelques principes g\u00e9n\u00e9raux. Ceci s&rsquo;oppose \u00e0 une constitution exhaustive, qui pr\u00e9cise tout, et balise fermement les actions publiques ou citoyennes.<\/p>\n<p>Comme il n&rsquo;est pas question de pr\u00e9senter une grande biblioth\u00e8que, exhaustive et neutre, il faut r\u00e9p\u00e9ter que le but de ce site est concret, sert un<a title=\"Quoi faire\" href=\"https:\/\/www.vuncf.org\/?page_id=330\" target=\"_blank\"> objectif r\u00e9el<\/a>. Le crit\u00e8re retenu est de s\u00e9lectionner parmi les milliers de documents disponibles ceux n\u00e9cessaires \u00e0 l&rsquo;accomplissement du projet. N&rsquo;h\u00e9sitez pas \u00e0 me faire connaitre les liens pertinents \u00e0 ajouter.<\/p>\n<p>Les pages plac\u00e9es ici vous guident vers des travaux essentiels sur ce sujet. Vous y trouverez des personnages publics ou non, de droite ou de gauche, selon la classification en vigueur. Leur engagement n&rsquo;est \u00e9voqu\u00e9 ici que s&rsquo;ils ont apport\u00e9 des id\u00e9es coh\u00e9rentes avec l&rsquo;objectif du site.<\/p>\n<p>Si vous ne l&rsquo;avez pas d\u00e9j\u00e0 fait, lisez tout, voyez toutes les conf\u00e9rences. Parlez-en avec vos amis, voisins et coll\u00e8gues de travail.<\/p>\n<ul>\n<li><a title=\"Frank Lepage (et ses b\u00e9b\u00e9s)\" href=\"https:\/\/www.vuncf.org\/?page_id=1042\" target=\"_blank\"><em><strong>Education populaire<\/strong><\/em>\u00a0 Frank Lepage<\/a><\/li>\n<li><a title=\"Fran\u00e7ois Ruffin\" href=\"https:\/\/www.vuncf.org\/?page_id=1161\" target=\"_blank\"><em><strong>Ici &amp; Maintenant : Combien de millions de ch\u00f4meurs ?<\/strong><\/em> Fran\u00e7ois Ruffin<\/a><\/li>\n<li><a title=\"Etienne Chouard\" href=\"https:\/\/www.vuncf.org\/?page_id=880\" target=\"_blank\"><em><strong>L<\/strong><strong>a constitution<\/strong><\/em>\u00a0 Etienne Chouard<\/a><\/li>\n<li><a title=\"Bernard Friot &amp; R\u00e9seau-Salariat\" href=\"https:\/\/www.vuncf.org\/?page_id=1032\" target=\"_blank\"><em><strong>Salaire, cotisation, rapports de force<\/strong><\/em> Bernard Friot et le \u00ab\u00a0R\u00e9seau Salariat\u00a0\u00bb<\/a><\/li>\n<li><a title=\"Henri Guillemin\" href=\"https:\/\/www.vuncf.org\/?page_id=985\" target=\"_blank\"><em><strong>L&rsquo;Histoire de notre soci\u00e9t\u00e9 Capitaliste<\/strong><\/em> Henri Guillemin<\/a><\/li>\n<li><a title=\"L\u2019argent, la monnaie\" href=\"https:\/\/www.vuncf.org\/?page_id=1769\" target=\"_blank\"><em><strong>L&rsquo;argent, la monnaie, la dette<\/strong><\/em>\u00a0 Grignon, Foucher, Rabhi<\/a><\/li>\n<li><a title=\"Fr\u00e9d\u00e9ric Lordon\" href=\"https:\/\/www.vuncf.org\/?page_id=918\" target=\"_blank\"><em><strong>Economie, Finance<\/strong><\/em> Fr\u00e9d\u00e9ric Lordon<\/a><\/li>\n<li><strong><em><\/em><em><strong><\/strong><\/em><a title=\"Kits d\u2019urgence\" href=\"https:\/\/www.vuncf.org\/?page_id=1764\" target=\"_blank\">Synth\u00e8se pour les gens<\/a><a title=\"Kits d\u2019urgence\" href=\"https:\/\/www.vuncf.org\/?page_id=1764\" target=\"_blank\"> press\u00e9s<\/a><\/strong><a title=\"Kits d\u2019urgence\" href=\"https:\/\/www.vuncf.org\/?page_id=1764\" target=\"_blank\"> Collectif<\/a><\/li>\n<\/ul>\n<p>&nbsp;<\/p>\n","protected":false},"excerpt":{"rendered":"<p>Vous y voil\u00e0 ! Pour faire une constitution, ou tout simplement pour la choisir, il importe d&rsquo;avoir une formation,\u00a0 afin de conna\u00eetre les m\u00e9canismes, les forces, les id\u00e9es qui nous gouvernent. Mais aussi de conna\u00eetre des id\u00e9es nouvelles. Ensuite, par la discussion ou l&rsquo;engueulade, selon votre temp\u00e9rament, vous devez dig\u00e9rer tout cela et vous former [&hellip;]<\/p>\n","protected":false},"author":1,"featured_media":0,"parent":0,"menu_order":0,"comment_status":"open","ping_status":"closed","template":"","meta":{"footnotes":""},"class_list":["post-877","page","type-page","status-publish","hentry"],"_links":{"self":[{"href":"https:\/\/www.vuncf.org\/index.php?rest_route=\/wp\/v2\/pages\/877","targetHints":{"allow":["GET"]}}],"collection":[{"href":"https:\/\/www.vuncf.org\/index.php?rest_route=\/wp\/v2\/pages"}],"about":[{"href":"https:\/\/www.vuncf.org\/index.php?rest_route=\/wp\/v2\/types\/page"}],"author":[{"embeddable":true,"href":"https:\/\/www.vuncf.org\/index.php?rest_route=\/wp\/v2\/users\/1"}],"replies":[{"embeddable":true,"href":"https:\/\/www.vuncf.org\/index.php?rest_route=%2Fwp%2Fv2%2Fcomments&post=877"}],"version-history":[{"count":13,"href":"https:\/\/www.vuncf.org\/index.php?rest_route=\/wp\/v2\/pages\/877\/revisions"}],"predecessor-version":[{"id":2675,"href":"https:\/\/www.vuncf.org\/index.php?rest_route=\/wp\/v2\/pages\/877\/revisions\/2675"}],"wp:attachment":[{"href":"https:\/\/www.vuncf.org\/index.php?rest_route=%2Fwp%2Fv2%2Fmedia&parent=877"}],"curies":[{"name":"wp","href":"https:\/\/api.w.org\/{rel}","templated":true}]}}