{"id":85,"date":"2013-06-06T18:11:49","date_gmt":"2013-06-06T16:11:49","guid":{"rendered":"http:\/\/test.briosoft.com\/?page_id=85"},"modified":"2014-04-07T17:22:32","modified_gmt":"2014-04-07T15:22:32","slug":"populisme","status":"publish","type":"page","link":"https:\/\/www.vuncf.org\/?page_id=85","title":{"rendered":"Populisme"},"content":{"rendered":"<p>*** Cet article est augment\u00e9 de la petite vid\u00e9o suivante, qui r\u00e9sume probablement tout le texte qui figure apr\u00e8s. ***<\/p>\n<h2>Le populisme, JP Jouarry<\/h2>\n<p><video width=\"320\" height=\"180\" controls=\"controls\" autobuffer=\"\"><source src=\"\/video\/Le_peuple_ne_risque_t_il_pas_d_etre_victime_du_populisme.mp4\" type=\"video\/mp4\" \/><source src=\"\/video\/Le_peuple_ne_risque_t_il_pas_d_etre_victime_du_populisme.webm\" type=\"video\/webm\" \/><object width=\"320\" height=\"180\" classid=\"clsid:d27cdb6e-ae6d-11cf-96b8-444553540000\" codebase=\"http:\/\/download.macromedia.com\/pub\/shockwave\/cabs\/flash\/swflash.cab#version=6,0,40,0\"><param name=\"src\" value=\"https:\/\/www.vuncf.org\/wp-includes\/js\/tinymce\/plugins\/media\/moxieplayer.swf\" \/><param name=\"flashvars\" value=\"url=\/video\/Le_peuple_ne_risque_t_il_pas_d_etre_victime_du_populisme.mp4&amp;poster=\/wp-admin\/\" \/><param name=\"allowfullscreen\" value=\"true\" \/><param name=\"allowscriptaccess\" value=\"true\" \/><embed width=\"320\" height=\"180\" type=\"application\/x-shockwave-flash\" src=\"https:\/\/www.vuncf.org\/wp-includes\/js\/tinymce\/plugins\/media\/moxieplayer.swf\" flashvars=\"url=\/video\/Le_peuple_ne_risque_t_il_pas_d_etre_victime_du_populisme.mp4&amp;poster=\/wp-admin\/\" allowfullscreen=\"true\" allowscriptaccess=\"true\" \/><\/object><\/video><br \/>\nLe populisme est une des deux armes nucl\u00e9aires de conversation pour r\u00e9duire instantan\u00e9ment \u00e0 rien, sans plus d&rsquo;argumentation, un discours qui prend la d\u00e9fense du peuple contre une \u00e9lite tr\u00e8s minoritaire et dominante.<\/p>\n<p>Si la d\u00e9finition de ce mot en reste l\u00e0, cette repr\u00e9sentation sch\u00e9matique n\u2019am\u00e8nera pas \u00e0 plus de discussion. Tout change, avec la mauvaise foi\u00a0!<\/p>\n<p>H\u00e9las, le dictionnaire ne nous sera pas plus utile : c&rsquo;est un \u00ab\u00a0mot-valise\u00a0\u00bb qui peut servir \u00e0 fourrer \u00e0 peu pr\u00e8s n&rsquo;importe quoi. Il est la plupart du temps utilis\u00e9 hors de tout sens, il vise \u00e0 susciter une \u00e9motion de rejet. C&rsquo;est \u00e9galement pour cela un \u00ab\u00a0mot-nuage\u00a0\u00bb comme libert\u00e9, \u00e9galit\u00e9 homme-femme, libert\u00e9 de la presse, \u00e9galit\u00e9 etc.. Un machin qui flotte haut en l&rsquo;air, qui fait r\u00eaver, mais dont on ne peut en mesurer une quantit\u00e9 et qui vous \u00e9merveille ou vous convainc en vous faisant gr\u00e2ce de r\u00e9fl\u00e9chir. Qui est contre l&rsquo;\u00e9galit\u00e9 ? Qui en a vu r\u00e9cemment plus de 350 grammes \u00e0 la fois ?<\/p>\n<p>En effet, le mot \u00ab\u00a0populisme\u00a0\u00bb dont \u00e0 peu pr\u00e8s personne n&rsquo;a cherch\u00e9 le vrai sens, cache un m\u00e9canisme de d\u00e9fense absolument pervers dont je vous invite \u00e0 admirer le m\u00e9canisme.<\/p>\n<p>Lors d&rsquo;un d\u00e9bat public, c&rsquo;est en effet un &lsquo;truc&rsquo; d&rsquo;orateur (de droite, en g\u00e9n\u00e9ral), pour an\u00e9antir toute discussion qui tendrait \u00e0 poser un probl\u00e8me de soci\u00e9t\u00e9 \u00e0 travers une grille de lecture qui opposerait une minorit\u00e9 dominante au peuple (comprenez : la multitude, essentiellement salari\u00e9e par les dominants en question aux gr\u00e9s de leur envies).<\/p>\n<p>Populiste est un qualificatif que l&rsquo;on associe \u00e0 un discours <i>simpliste<\/i> et <i>r\u00e9ducteur<\/i>, voire <i>stupide<\/i> mais toujours <i>trompeur<\/i> et <i>de mauvaise foi<\/i>. Lequel discours finalement n&rsquo;est jamais calmement explicit\u00e9, puisque, par principe, cet argument est d\u00e9gain\u00e9 pour faire taire en d\u00e9but de d\u00e9bat. Bien que des exceptions soient toujours possibles, je vous invite \u00e0 observer que &lsquo;populisme&rsquo; est toujours employ\u00e9 comme un mot-nuage, jamais d\u00e9taill\u00e9, toujours par un repr\u00e9sentant d&rsquo;un parti de l\u2019establishment : en mai 2012, ce serait UMP, PS, UDI, MODEM&#8230;<\/p>\n<p>A priori, son utilisateur fait partie des dominants, mais l&rsquo;inf\u00e9riorit\u00e9 num\u00e9rique flagrante de ce groupe social qui th\u00e9oriquement ne devrait pas pouvoir prendre les commandes, l&rsquo;oblige \u00e0 fuir tout d\u00e9bat risquant de r\u00e9v\u00e9ler ces profonds d\u00e9s\u00e9quilibres. Oui, l&rsquo;inf\u00e9riorit\u00e9 num\u00e9rique flagrante l&rsquo;oblige \u00e0 filer doux d\u00e8s lors que l\u2019on \u00e9prouve les pratiques dominantes au d\u00e9mocratom\u00e8tre. Les dominants n\u2019ont qu\u2019une seule inf\u00e9riorit\u00e9, mais alors \u00e0 fond, c\u2019est le nombre.<\/p>\n<p>Donc quand un orateur de gauche entame une r\u00e9flexion sur l&rsquo;ind\u00e9pendance de la banque centrale europ\u00e9enne, il est urgent de sortir cette arme nucl\u00e9aire, afin de se dispenser de d\u00e9fendre l&rsquo;ind\u00e9fendable. Il permet \u00e9galement d&rsquo;entretenir des confusions salutaires aux dominants : une masse d&rsquo;\u00e9lecteurs qui confondent FN et Front de gauche permet de sauver PS et UMP. L&rsquo;usage \u00e0 l&rsquo;attention de la gauche (donc \u00e0 gauche du PS) et du FN aura la m\u00eame valeur que la fameuse sentence : \u00ab\u00a0Extr\u00eame gauche et extr\u00eame droite se rejoignent\u00a0\u00bb.<\/p>\n<p>En fait essentiellement dans l&rsquo;imaginaire des dirigeants de la droite, comme ces deux tendances constituent un v\u00e9ritable danger \u00e9lectoral, les qualifier simultan\u00e9ment de populistes permet de les neutraliser, avec l&rsquo;absolution compass\u00e9e de journalistes amis. Comme \u00e0 priori chaque \u00e9lecteur citoyen devrait se r\u00e9vulser au moins soit sur le FN, soit sur le front de gauche, on est gagnant sur les deux tableaux : on vient donc de d\u00e9cr\u00e9dibiliser le parti qui aurait pu capter l&rsquo;\u00e9lecteur en le comparant aux sympathisants forc\u00e9ment d\u00e9testables du bord oppos\u00e9. Ne faites pas l&rsquo;enfant, je suis s\u00fbr que vous suivez.<\/p>\n<p>Moi, je donne un conseil \u00e0 M\u00e9luche\u00a0: Planquer un chapelet de gousse d\u2019ail et un gros crucifix dans son calbute, avant d&rsquo;aller se fritter chez Pujadas avec un t\u00e9nor de la droite ultra arrogant, limite si il ne se pince pas le nez -Et il faut que cela se voit, sinon \u00e7a sert \u00e0 rien-. Mais il a un sick-bag pas loin au cas o\u00f9, vous savez le truc \u00e0 remplir dans l&rsquo;avion, dans la pochette devant vous.<\/p>\n<p>Le t\u00e9nor a une moue amus\u00e9e : \u00ab\u00a0C&rsquo;est donc \u00e7a un bolch\u00e9vique ? Mais diantre, grand-p\u00e8re avait raison, il sent mauvais ! Et cette grosse cravate ridicule&#8230;.\u00a0\u00bb. Ensuite apr\u00e8s quelques l\u00e9chouilles sur la bouche, le t\u00e9nor attend tapi. Pas Tapie, tapi. Sur un tapis, c&rsquo;est possible. Et d\u00e8s que le bolch\u00e9vique s&rsquo;aventure en dehors de son soviet, il est pris sous les feux de la d\u00e9mocratie, sous l&rsquo;\u0153il impitoyable du journaliste. le T\u00e9nor va lancer son cri, propre \u00e0 \u00f4ter d\u00e9finitivement le souffle au tribun le plus couillu. Pour une fille, je ne vois pas, mais envoyez vos id\u00e9es.<\/p>\n<p><b>POPULISTE<\/b> !! Normalement la cible a les sphincters qui se rel\u00e2chent. Avec un peu de suspense, c\u2019est pareil dans les chaumi\u00e8res.<\/p>\n<p>Ensuite, le chasseur sait qu&rsquo;il doit enserrer la b\u00eate dans des filets de titane. Commence alors la longue danse du T\u00e9nor. Une mission : Occuper les 12 d\u00e9cibels sup\u00e9rieurs de tout ce qui arrivera chez le spectateur. Cop\u00e9 poss\u00e8de un don : son cerveau incorpore le compresseur sonore le plus puissant de la cr\u00e9ation. Un discours monocorde sans pause entre deux mots, j&rsquo;ai compt\u00e9, ce mec \u00e0 84 litres de capacit\u00e9 respiratoire. Il se place donc entre le dauphin et le globic\u00e9phale. Et il parle pendant que son interlocuteur r\u00e9pond \u00e0 la question.<\/p>\n<p>De toute fa\u00e7on, la d\u00e9finition me convient personnellement. Il doit forc\u00e9ment me manquer une info capitale, mais je ne vois en quoi j\u2019aurai peur d\u2019\u00eatre populiste. C\u2019est vous qui avez surajout\u00e9 l\u2019id\u00e9e que c\u2019\u00e9tait une maladie honteuse, dont l\u2019usage a permis de cr\u00e9er une propagande dont le slogan est\u00a0:<\/p>\n<p>\u00ab\u00a0Il ne faut pas \u00e9couter ceux qui parlent de l\u2019opposition entre une minorit\u00e9 dominante et une majorit\u00e9 exploit\u00e9e, parce que ce sont des malades.\u00a0\u00bb<\/p>\n<p>Pourquoi\u00a0:<\/p>\n<p>\u00ab\u00a0Parce que ceux qui parlent de l\u2019opposition entre une minorit\u00e9 dominante et une majorit\u00e9 exploit\u00e9e sont des malades\u00a0\u00bb<\/p>\n<p>\u00ab\u00a0Ceux qui vivent en Angleterre parlent anglais\u00a0\u00bb, \u00e7a marche bien. Pourquoi \u00ab\u00a0ceux\u2026\u00a0qui \u2026. \u00bb\u00a0 \u2026 \u00ab\u00a0sont des malades\u00a0?\u00a0\u00bb, c\u2019est quoi\u00a0comment qu\u2019est-ce ? Quelle est la d\u00e9monstration qui relie le premier membre au deuxi\u00e8me membre de la phrase.<\/p>\n<p>Essayons \u00ab\u00a0Si je tombe de la corniche du 7ieme \u00e9tage\u00a0\u00bb <b><i>alors<\/i><\/b> \u00ab\u00a0Je m\u2019\u00e9crase comme une merde sur le trottoir\u00a0\u00bb. Le \u00ab\u00a0alors\u00a0\u00bb, je le reconnais. Je l\u2019admets, je peux vous expliquer que la gravit\u00e9 prohibe la consommation de banane sur une corniche, sinon proutch sur la peau. Pourrais-je avoir une explication sur votre populisme\u00a0? En quoi le populisme est mal\u00a0?<\/p>\n<p>\u00ab\u00a0C\u2019est comme \u00e7a\u00a0\u00bb<\/p>\n<p>Oui mais c\u2019est faible comme argument&#8230;<\/p>\n<p>\u00ab\u00a0H\u00e9 ho p\u00e9p\u00e8re, tu vas le fermer ton claque-merde\u00a0?\u00a0\u00bb<\/p>\n<p>Fin de la discussion.<\/p>\n<p>Sign\u00e9\u00a0: Franz-Olivier.<\/p>\n<p>&nbsp;<\/p>\n","protected":false},"excerpt":{"rendered":"<p>*** Cet article est augment\u00e9 de la petite vid\u00e9o suivante, qui r\u00e9sume probablement tout le texte qui figure apr\u00e8s. *** Le populisme, JP Jouarry Le populisme est une des deux armes nucl\u00e9aires de conversation pour r\u00e9duire instantan\u00e9ment \u00e0 rien, sans plus d&rsquo;argumentation, un discours qui prend la d\u00e9fense du peuple contre une \u00e9lite tr\u00e8s minoritaire [&hellip;]<\/p>\n","protected":false},"author":1,"featured_media":0,"parent":0,"menu_order":0,"comment_status":"closed","ping_status":"closed","template":"","meta":{"footnotes":""},"class_list":["post-85","page","type-page","status-publish","hentry"],"_links":{"self":[{"href":"https:\/\/www.vuncf.org\/index.php?rest_route=\/wp\/v2\/pages\/85","targetHints":{"allow":["GET"]}}],"collection":[{"href":"https:\/\/www.vuncf.org\/index.php?rest_route=\/wp\/v2\/pages"}],"about":[{"href":"https:\/\/www.vuncf.org\/index.php?rest_route=\/wp\/v2\/types\/page"}],"author":[{"embeddable":true,"href":"https:\/\/www.vuncf.org\/index.php?rest_route=\/wp\/v2\/users\/1"}],"replies":[{"embeddable":true,"href":"https:\/\/www.vuncf.org\/index.php?rest_route=%2Fwp%2Fv2%2Fcomments&post=85"}],"version-history":[{"count":15,"href":"https:\/\/www.vuncf.org\/index.php?rest_route=\/wp\/v2\/pages\/85\/revisions"}],"predecessor-version":[{"id":2298,"href":"https:\/\/www.vuncf.org\/index.php?rest_route=\/wp\/v2\/pages\/85\/revisions\/2298"}],"wp:attachment":[{"href":"https:\/\/www.vuncf.org\/index.php?rest_route=%2Fwp%2Fv2%2Fmedia&parent=85"}],"curies":[{"name":"wp","href":"https:\/\/api.w.org\/{rel}","templated":true}]}}