{"id":582,"date":"2013-07-13T00:56:07","date_gmt":"2013-07-12T22:56:07","guid":{"rendered":"http:\/\/www.vuncf.org\/?page_id=582"},"modified":"2013-07-27T10:51:44","modified_gmt":"2013-07-27T08:51:44","slug":"pouvoirs-visibles-et-invisibles","status":"publish","type":"page","link":"https:\/\/www.vuncf.org\/?page_id=582","title":{"rendered":"Pouvoirs visibles et invisibles"},"content":{"rendered":"<p>Nous vivons, petits zou grands, sous l\u2019empire de deux sortes de pouvoirs.<\/p>\n<p>Les pouvoirs visibles, comme les parents, les sup\u00e9rieurs hi\u00e9rarchiques, parfois la mar\u00e9chauss\u00e9e, le pr\u00e9fet, qui sont ou ne sont pas oppressants. Si vous ajoutez le syst\u00e8me de sant\u00e9, ce qu\u2019il reste de l\u2019\u00e9ducation, qui sont \u00e9galement des pouvoirs de gu\u00e9rir, de se former, d\u2019apporter des subventions sous une forme ou une autre, vous constatez l\u00e0 encore que pouvoir ne rime pas toujours avec dictature. Quoique le pouvoir porte en lui le d\u00e9sir d\u2019exc\u00e8s de celui qui le pratique. Mais bon, ce n\u2019est pas le sujet.<\/p>\n<p>Les pouvoirs invisibles sont tous ceux qui influent \u00e9galement, mais qu\u2019on ne rencontre jamais ou quasiment\u00a0: le propri\u00e9taire, Mr Cetelem, la commission europ\u00e9enne, la haute autorit\u00e9 de la concurrence et d\u2019autres.<\/p>\n<p>Leurs choix, leurs actes, leurs d\u00e9cisions peuvent, sans que nous y puissions rien, nous aider ou nous mettre la t\u00eate sous l\u2019eau.<\/p>\n<p>Dans les deux cas, visibles ou pas, nous parlons l\u00e0 de pouvoir localis\u00e9s, et le flou sur la place exacte de leur empire ne change pas grand-chose \u00e0 la perception que nous en avons.<\/p>\n<p>Vous conviendrez que les pouvoirs visibles sont les plus \u00e0 m\u00eame de \u00ab\u00a0sembler\u00a0\u00bb \u00eatre les plus d\u00e9cisifs. Ils vont sembler porter toutes les responsabilit\u00e9s de bien \u00eatre, de mal \u00eatre et toute la gamme entre les deux. Nous avons tendance \u00e0 accorder de l\u2019importance en fonction de la proximit\u00e9. Si je vous dis \u00ab\u00a0telle banque \u00e0 tel endroit d\u00e9tient et pratique un pouvoir de pr\u00e9dation \u00e0 c\u00f4t\u00e9 duquel on ne trouve que le troisi\u00e8me Reich comme comparaison possible.\u00a0\u00bb. Bon, ok. Les banques, c\u2019est m\u00e9chant. Mais dans mon quotidien\u00a0? Ma femme aimante, mon chef rigolo, mon proprio p\u00e9nible, mon patron craignos (vous pouvez inter changer les adjectifs).<\/p>\n<p>Dans votre quotidien, mais invisible, Goldman Sachs concentre 507\u00a0000 Milliards de capitalisation. \u00c7a fait beaucoup, mais vous vous en moquez. C\u2019est un pouvoir invisible, dont les d\u00e9cisions sont autrement lourdes de cons\u00e9quences, comme la d\u00e9cision de vous virer ou de vous proposer le m\u00eame poste en Slov\u00e9nie. C\u2019est con, vous vous seriez renseign\u00e9, vous n\u2019auriez peut \u00eatre pas autant cherch\u00e9 \u00e0 travailler dans une bo\u00eete dont les principaux actionnaires sont conseill\u00e9s par Goldman Sachs. Bon d\u2019accord, vous n\u2019aviez pas le choix. Mais vous pouvez toujours chercher \u00e0 comprendre ce pouvoir et ses effets, pour en d\u00e9duire les interdits qu\u2019il faut poser \u00e0 ce genre de racaille pour les emp\u00eacher de nuire.<\/p>\n<p>===============================================<\/p>\n<p>Il se trouve que chaque personne \u00e0 son \u00e9chelon est exactement dans la m\u00eame situation, rien de g\u00e9nial l\u00e0-dessous. En revanche, nous ne voyons pas ces pouvoirs invisibles dont sommes trop \u00e9loign\u00e9s dans la cha\u00eene. Donc nous pensons qu\u2019ils n\u2019existent pas. Oui mais non, on va s\u2019embrouiller\u00a0: comment puis penser \u00e0 un truc dont je suis persuad\u00e9 qu\u2019il n\u2019existe pas\u00a0? C\u2019est toute l\u2019astuce. Relisez depuis le d\u00e9but. Ou pas.<\/p>\n<p>D\u2019autant plus que certaines cha\u00eenes de pouvoirs existent, comme dans des mondes parall\u00e8les, ne se voient entre elles qu&rsquo;\u00e0 travers la t\u00e9l\u00e9vision, et ne communiquent pas, comme vous pouvez le faire avec votre conjoint, enfant, voisin, pote, ami ou contremaitre, m\u00e9decin du travail vite-fait etc\u2026<\/p>\n<p>Les m\u00e9dias, vous savez comment \u00e7a marche l\u00e0-dedans\u00a0? Le CAC 40\u00a0? Les assurances\u00a0? Les commissions au parlement\u00a0? le MEDEF\u00a0? La CGT\u00a0?<\/p>\n<p>Vous me direz, \u00ab\u00a0et Hollande\u00a0?\u00a0\u00bb. Fut\u00e9. Si vous acceptez la comparaison grossi\u00e8re avec une pyramide, la pointe de la pyramide d\u00e9tient \u00e0 peu pr\u00e8s tous les pouvoirs. Les 50 000 mecs tout en haut ns sont donc pas stress\u00e9s, comme vous pouvez l\u2019\u00eatre vis-\u00e0-vis des actionnaires de votre boite en cours de projet de d\u00e9localisation. Ils <b>sont<\/b> les pouvoirs invisibles.<\/p>\n<p>Bref, l\u00e0 o\u00f9 je veux en venir, c\u2019est que nous avons tous, chacun \u00e0 notre niveau, \u00e0 lire, \u00e0 chercher, \u00e0 conna\u00eetre tous ces pouvoirs qui se cachent, tellement ils sont peu fiers de leurs m\u00e9faits.<\/p>\n<p>Non pas pour les attaquer comme des moulins \u00e0 vent, mais pour penser le pouvoir, et \u00eatre ensuite capable de penser les contre-pouvoirs, si c\u2019est n\u00e9cessaire.<\/p>\n<p>Apprenons \u00e0 nous passer de la plupart de ces pouvoirs, qui pr\u00e9tendent repr\u00e9senter un groupe, alors qu\u2019ils sont depuis longtemps d\u00e9connect\u00e9s de leurs motivations premi\u00e8res, ou de ces \u00ab\u00a0experts\u00a0\u00bb incomp\u00e9tents. Parce que pour merder autant, je vous assure que vous ne pourriez pas faire pire, et en fait, chacun de vous, chers lecteurs\/trices, est notre meilleur espoir de faire mieux. C\u2019est tr\u00e8s pragmatique, le truc\u00a0: pourquoi surpayer un con surdipl\u00f4m\u00e9, alors qu\u2019on pourrait avoir un con normal tir\u00e9 au sort, nettement moins cher, et forc\u00e9ment plus prometteur. Le con normal aura plus probablement conscience de son \u00e9tat de con, et saura se faire aider. Sinon on l\u2019aidera quand m\u00eame sans se farcir le temp\u00e9rament hautain d\u2019un \u00e9narque.\u00a0 Ce \u00ab\u00a0normal\u00a0\u00bb deviendra, lui, nettement moins con et surtout, moins dangereux.<\/p>\n<p>Comprendre comment fonctionne un pouvoir permet de viser juste, l\u00e0 o\u00f9 c\u2019est efficace, le branchement qui change tout. Pourquoi ruiner les murs pour chercher les fils \u00e0 couper, quand il suffit d\u2019aller au compteur appuyer sur le bouton rouge.<\/p>\n<p>Connaitre les pouvoirs, chercher leur constitution\u00a0: d\u2019o\u00f9 sort cet organisme, cette haute autorit\u00e9, ce club de banquiers, ce club de chefs d\u2019entreprises ? Qui nomme qui ? Certains pouvoirs, mat\u00e9rialis\u00e9s dans tel club, conseil d\u2019administration ou commission \u00e0 l\u2019assembl\u00e9e, veillent \u00e0 d\u00e9lib\u00e9rer secr\u00e8tement. Il y a des limites \u00e0 la voyance\u00a0: ce qui est vraiment cach\u00e9 le restera.<\/p>\n<p>En revanche, sachons profiter de ceux qui ne se cachent pas.<\/p>\n<p>Vous pouvez d\u00e9tecter dans votre vie ces lieux de pouvoirs, vous avez affaire \u00e0 eux, un jour ou l\u2019autre, de pr\u00e8s ou de loin.<\/p>\n<p>Tiens, hier, en Juillet 2013, la \u00ab\u00a0Haute Autorit\u00e9 de la Concurrence\u00a0\u00bb a pris une d\u00e9cision. Bref \u00e0 la fin, c\u2019est 5% de hausse de l\u2019\u00e9nergie et 5 l\u2019an prochain. On parle de transition \u00e9nerg\u00e9tique\u00a0: on a qu\u2019\u00e0 augmenter l\u2019\u00e9nergie. Et comme par magie on va transiter \u00e9nerg\u00e9tiquement. Soit c\u2019est la vraie raison, et alors ce sont les politiques qui doivent le dire, soit \u00e7a a \u00e0 voir avec la concurrence.<\/p>\n<p>Si cela a \u00e0 voir avec la concurrence, examinons, sur son site web, cette totorit\u00e9, qui en parfaite loyaut\u00e9 nous livre le mode de d\u00e9signation.<\/p>\n<p><a href=\"http:\/\/www.autoritedelaconcurrence.fr\/user\/standard.php?id_rub=33\">Allez voir<\/a>, c\u2019est Hollande qui d\u00e9signe. La Haute chose de la concu, c\u2019est un secr\u00e9tariat de F. Hollande. Dont un professeur de \u00ab\u00a0<i>sciences<\/i> \u00e9conomiques \u00bb \u00e0 la fac de chpountz, c\u2019est dire\u00a0!<\/p>\n<p><a href=\"http:\/\/www.autoritedelaconcurrence.fr\/user\/standard.php?id_rub=33&amp;id_article=1035\">Les autres godelureaux\u00a0<\/a>? Que des coopt\u00e9s, que des gens de biens, des notables, et quelques Administrateurs de LVMH ou de Kiala. Des fous furieux de la protection sociale. Des obs\u00e9d\u00e9s du pouvoir d\u2019achat des classes laborieuses. Des c\u00e9g\u00e9tistes infiltr\u00e9s. Des hologrammes marxistes\u00a0!<\/p>\n<p>Une fois que vous \u00eates all\u00e9s voir qui c\u2019est, qui les a mis l\u00e0, vous savez \u00e0 qui ils doivent faire la r\u00e9v\u00e9rence pour garder le fromage.<\/p>\n<p>Ensuite, vous pouvez dire\u00a0: \u00ab\u00a0Et si ce genre d\u2019autorit\u00e9 existe, pour autant qu\u2019il en faille une, pourquoi ne pas la tirer au sort dans la population, y cloquer trente membres, avec webcam obligatoire, sauf dans les chiottes construites sp\u00e9cialement pour que l\u2019on ne puisse pas s\u2019y r\u00e9unir.\u00a0\u00bb<\/p>\n<p>J\u2019y vais un peu fort, mais qui vous emp\u00eache de partir de l\u00e0, d\u2019affiner. Mais l\u2019affinage consiste \u00e0 leur fournir de bonnes conditions de travail, c\u2019est bien la moindre des choses que nous leur souhaitassions ce que nous souhaitons pour nous-m\u00eame. Et surtout ne pas oublier\u00a0: r\u00e9vocables, doivent rendre des comptes, mandat unique.<\/p>\n<p>Mais je le r\u00e9p\u00e8te, la premi\u00e8re question est\u00a0: qui a cr\u00e9\u00e9 ce pouvoir, pour en faire quoi\u00a0? Si c\u2019est finalement une autre bande d\u2019hommes du pr\u00e9sident, on peut alors se demander pourquoi cr\u00e9er ce truc. Eh bien tout est dans le qualificatif indispensable\u00a0qu\u2019on nous ressort forc\u00e9ment\u00a0: Le machin est compos\u00e9 de <i>sages ind\u00e9pendants<\/i>. Sages, je ne sais pas, mais ind\u00e9pendants, mon post\u00e9rieur\u00a0! Le truc est forc\u00e9ment cr\u00e9\u00e9 pour notre bien, cela va sans le dire.<\/p>\n<p>Fillon a dit\u00a0:<\/p>\n<p><em>\u00ab\u00a0Le premier ministre a annonc\u00e9 lundi soir trois mesures pour lutter contre la flamb\u00e9e des prix des produits alimentaires et pointe du doigt la responsabilit\u00e9 des industries et des distributeurs.<\/em><\/p>\n<p><em>\u00abIl y a manifestement des abus de la part des industries et des distributeurs qui profitent (des) hausses des mati\u00e8res premi\u00e8res agricoles pour accro\u00eetre leur marge\u00bb. Le premier ministre, Fran\u00e7ois Fillon, qui s&rsquo;exprimait lundi soir \u00e0 l&rsquo;issue d&rsquo;une r\u00e9union interminist\u00e9rielle \u00absur l&rsquo;\u00e9volution des prix des denr\u00e9es alimentaires\u00bb a voulu afficher la d\u00e9termination du gouvernement. Un gouvernement qui, a-t-il dit, \u00abne restera pas inactif face \u00e0 des comportements qui sont inacceptables et qui nuisent \u00e0 nos concitoyens\u00bb. En cons\u00e9quence, il a annonc\u00e9 trois mesures pour faire face \u00e0 la hausse de ces produits, <a href=\"http:\/\/www.lefigaro.fr\/conso\/2008\/02\/24\/05007-20080224ARTFIG00073-les-prix-alimentaires-flambent.php\" target=\"_blank\">r\u00e9cemment \u00e9pingl\u00e9e par l&rsquo;Institut national de la consommation<\/a>.<\/em><\/p>\n<p><em><b>Parmi celles-ci, la cr\u00e9ation d&rsquo;une \u00abHaute autorit\u00e9 de la concurrence avec des pouvoirs accrus\u00a0\u00bb pour \u00abrenforcer la concurrence\u00bb.<\/b>\u00a0\u00bb<\/em><\/p>\n<address style=\"text-align: right;\">25\/2\/2008 Le Figaro. Je ne lis que des journaux s\u00e9rieux.<\/address>\n<p>G\u00e9nial, la concurrence avait effectivement bien besoin d\u2019\u00eatre renforc\u00e9e. Enfin, on s\u2019occupe des mal en point dans ce pays.<\/p>\n<p>Et donc un peu plus tard, Hollande, qu\u2019on a appel\u00e9 un temps, dans une autre vie viking, au 5ieme si\u00e8cle, \u00ab\u00a0Le couillu de Svendenb\u1ed7rg\u00a0\u00bb, s\u2019est resservi du machin pour faire passer sa pilule.<\/p>\n<p>FH \u2013 Allo\u00a0? La Haute Chose\u00a0? C\u2019est le pr\u00e9sident\u00a0? Ici Hollande\u00a0!<\/p>\n<p>BL \u2013 Bruno Lasserre \u00e0 l\u2019appareil. Mes hommages, Votre Grandeur, que votre chemin soit jonch\u00e9 de p\u00e9t..<\/p>\n<p>FH \u2013 \u00c7a ira le cirage, je suis en tong. Bon, dis donc p\u00e9p\u00e8re, je vais te refiler l\u2019occasion de briller, et en passant de m\u00e9riter ton traitement scandaleux que tu me dois. Truc chose d\u2019Edf, bidule chouette d\u2019ENI et d\u2019autres plumeaux m\u2019ont convaincu de cr\u00e9er de l\u2019emploi par la hausse de l\u2019\u00e9lectricit\u00e9 et du gaz. Tu vas m\u2019emballer \u00e7a dans ta sagesse et ta concurrence et l\u2019annoncer mi-juillet. C\u2019est dans tes cordes\u00a0?<\/p>\n<p>BL \u2013 Mais bien s\u00fbr, mon amour, je<\/p>\n<p>FH \u2013 tuut tuut, tuut tuut\u2026<\/p>\n<p>Si vous regardez bien le machin, vous voyez vite, avec le mode de d\u00e9signation des sages, que c\u2019est une arnaque.<\/p>\n<p>C\u2019est \u00e7a, construire une alternative politique.<\/p>\n<p>D\u00e9gager son esprit des influences de l\u2019industrie de la distraction, et c\u2019est super dur, puis se former, aller de site en site, lire quelques livres, regarder des conf\u00e9rences. Et surtout, discuter, discuter, discuter.<\/p>\n<p>Chercher ceux qui ne sont pas d\u2019accord avec vous, et chercher \u00e0 comprendre ce qui les anime, les motive. Les pousser tranquillement \u00e0 vous livrer leurs objectifs, leurs moyens, leur ma\u00eetres. Comprendre leurs int\u00e9r\u00eats personnels, parce qu\u2019ils ont d\u00fb pleurer pour avoir le poste.<\/p>\n<p>Peut-\u00eatre d\u00e9couvrirez-vous avec quelques discussions des motivations inattendues, qu\u2019il vous faudra recevoir comme une preuve\u00a0: on ne fabrique pas et on ne tripote pas des preuves. Et si elles vous emmerdent, les preuves, l\u00e0, cela risque de devenir passionnant. Si votre r\u00e9flexion est bidon, autant la l\u00e2cher le plus vite possible. Ce ne sont pas vos amis qui vont monter sur la table pour crier que vous vous plantez compl\u00e8tement. Un vrai contradicteur, si. Il est l\u00e0 pour cela. D\u2019o\u00f9 son nom.<\/p>\n<p>En revanche, une objection bien sentie et bien pens\u00e9e va vous obliger au moins \u00e0 affiner votre raisonnement.<\/p>\n<p>Faut que je m\u2019inscrive sur <a href=\"http:\/\/www.adopte-un-fan-de-l'ump.fr\">www.adopte-un-fan-de-l\u2019ump.fr<\/a>.<\/p>\n<p>Sans d\u00e9conner, il y en a qui ont cliqu\u00e9\u00a0?<\/p>\n<p>Je vous recommande, comme d\u2019autres avant moi, un livre pas trop dur \u00e0 lire, un type tr\u00e8s fort mais qui n\u2019\u00e9crit pas pour un jury de facult\u00e9 et qui en plus parle de votre vie, de vous.<\/p>\n<p>Auteur\u00a0: <b>Alain<\/b>, Titre\u00a0: <b>Propos sur les pouvoirs<\/b>.<\/p>\n<p>L\u00e0, il y a tout.<\/p>\n","protected":false},"excerpt":{"rendered":"<p>Nous vivons, petits zou grands, sous l\u2019empire de deux sortes de pouvoirs. Les pouvoirs visibles, comme les parents, les sup\u00e9rieurs hi\u00e9rarchiques, parfois la mar\u00e9chauss\u00e9e, le pr\u00e9fet, qui sont ou ne sont pas oppressants. Si vous ajoutez le syst\u00e8me de sant\u00e9, ce qu\u2019il reste de l\u2019\u00e9ducation, qui sont \u00e9galement des pouvoirs de gu\u00e9rir, de se former, [&hellip;]<\/p>\n","protected":false},"author":1,"featured_media":0,"parent":0,"menu_order":0,"comment_status":"closed","ping_status":"closed","template":"","meta":{"footnotes":""},"class_list":["post-582","page","type-page","status-publish","hentry"],"_links":{"self":[{"href":"https:\/\/www.vuncf.org\/index.php?rest_route=\/wp\/v2\/pages\/582","targetHints":{"allow":["GET"]}}],"collection":[{"href":"https:\/\/www.vuncf.org\/index.php?rest_route=\/wp\/v2\/pages"}],"about":[{"href":"https:\/\/www.vuncf.org\/index.php?rest_route=\/wp\/v2\/types\/page"}],"author":[{"embeddable":true,"href":"https:\/\/www.vuncf.org\/index.php?rest_route=\/wp\/v2\/users\/1"}],"replies":[{"embeddable":true,"href":"https:\/\/www.vuncf.org\/index.php?rest_route=%2Fwp%2Fv2%2Fcomments&post=582"}],"version-history":[{"count":13,"href":"https:\/\/www.vuncf.org\/index.php?rest_route=\/wp\/v2\/pages\/582\/revisions"}],"predecessor-version":[{"id":585,"href":"https:\/\/www.vuncf.org\/index.php?rest_route=\/wp\/v2\/pages\/582\/revisions\/585"}],"wp:attachment":[{"href":"https:\/\/www.vuncf.org\/index.php?rest_route=%2Fwp%2Fv2%2Fmedia&parent=582"}],"curies":[{"name":"wp","href":"https:\/\/api.w.org\/{rel}","templated":true}]}}