{"id":540,"date":"2013-07-06T22:57:19","date_gmt":"2013-07-06T20:57:19","guid":{"rendered":"http:\/\/www.vuncf.org\/?page_id=540"},"modified":"2013-08-26T12:20:17","modified_gmt":"2013-08-26T10:20:17","slug":"leuro-au-regime","status":"publish","type":"page","link":"https:\/\/www.vuncf.org\/?page_id=540","title":{"rendered":"L&rsquo;Euro au r\u00e9gime"},"content":{"rendered":"<p>Normalement, si on suit les belles intentions de la cinqui\u00e8me, nous vivons une d\u00e9mocratie.<\/p>\n<p>Ouaaaaaiiiiiiii.<\/p>\n<p>Donc, les lois nous les voulons. La prosp\u00e9rit\u00e9 r\u00e8gne en France, malgr\u00e9 5,5 millions de gens au ch\u00f4mage.<\/p>\n<p>Mais de toute fa\u00e7on, si une loi ne nous pla\u00eet pas, nous provoquons une alternance, et nous d\u00e9faisons la loi mal faite.<\/p>\n<p>Ben oui, sinon, une loi faite sans le consentement des \u00ab\u00a0gens\u00a0\u00bb, qui ont eu \u00e0 connaitre tous les tenants et aboutissants, pendant l\u2019\u00e9laboration du projet, pour l\u2019amender ou le r\u00e9orienter, ou simplement l\u2019abandonner, qui devient la Loi sans espoir de retour, c\u2019est quoi d\u00e9j\u00e0 comme r\u00e9gime politique\u00a0?<\/p>\n<p>Mais voyez plut\u00f4t\u00a0: <a href=\"http:\/\/www.arretsurimages.net\/contenu.php?id=5976\">Sapir et M\u00e9luche<\/a><\/p>\n<p>&nbsp;<\/p>\n","protected":false},"excerpt":{"rendered":"<p>Normalement, si on suit les belles intentions de la cinqui\u00e8me, nous vivons une d\u00e9mocratie. Ouaaaaaiiiiiiii. Donc, les lois nous les voulons. La prosp\u00e9rit\u00e9 r\u00e8gne en France, malgr\u00e9 5,5 millions de gens au ch\u00f4mage. Mais de toute fa\u00e7on, si une loi ne nous pla\u00eet pas, nous provoquons une alternance, et nous d\u00e9faisons la loi mal faite. [&hellip;]<\/p>\n","protected":false},"author":1,"featured_media":0,"parent":0,"menu_order":0,"comment_status":"open","ping_status":"closed","template":"","meta":{"footnotes":""},"class_list":["post-540","page","type-page","status-publish","hentry"],"_links":{"self":[{"href":"https:\/\/www.vuncf.org\/index.php?rest_route=\/wp\/v2\/pages\/540","targetHints":{"allow":["GET"]}}],"collection":[{"href":"https:\/\/www.vuncf.org\/index.php?rest_route=\/wp\/v2\/pages"}],"about":[{"href":"https:\/\/www.vuncf.org\/index.php?rest_route=\/wp\/v2\/types\/page"}],"author":[{"embeddable":true,"href":"https:\/\/www.vuncf.org\/index.php?rest_route=\/wp\/v2\/users\/1"}],"replies":[{"embeddable":true,"href":"https:\/\/www.vuncf.org\/index.php?rest_route=%2Fwp%2Fv2%2Fcomments&post=540"}],"version-history":[{"count":3,"href":"https:\/\/www.vuncf.org\/index.php?rest_route=\/wp\/v2\/pages\/540\/revisions"}],"predecessor-version":[{"id":1436,"href":"https:\/\/www.vuncf.org\/index.php?rest_route=\/wp\/v2\/pages\/540\/revisions\/1436"}],"wp:attachment":[{"href":"https:\/\/www.vuncf.org\/index.php?rest_route=%2Fwp%2Fv2%2Fmedia&parent=540"}],"curies":[{"name":"wp","href":"https:\/\/api.w.org\/{rel}","templated":true}]}}