{"id":536,"date":"2013-07-04T18:06:24","date_gmt":"2013-07-04T16:06:24","guid":{"rendered":"http:\/\/test.briosoft.com\/?page_id=536"},"modified":"2014-11-20T13:59:20","modified_gmt":"2014-11-20T12:59:20","slug":"points-durs","status":"publish","type":"page","link":"https:\/\/www.vuncf.org\/?page_id=536","title":{"rendered":"Points Durs"},"content":{"rendered":"<p>Ce site vous entraine vers une nouvelle constitution, en insistant sur les moyens pour que cette constitution vous ressemble. Critiquer le syst\u00e8me actuel est un sport de militant. C\u2019est \u00e0 celui qui d\u00e9nichera le plus gros pav\u00e9, la plus grosse mare, et qui d\u00e9montrera ses capacit\u00e9s \u00e0 lancer gracieusement l\u2019un dans l\u2019autre. Mais d\u00e9crire le bordel autour de soi ne provoque aucunement sa disparition. C\u2019est une \u00e9tape suppl\u00e9mentaire que de se projeter vers l\u2019avenir pour le r\u00e9-envisager. Ce site esp\u00e8re humblement vous y aider. Ensuite, une fois connu au moins approximativement l\u2019objectif \u00e0 n\u00e9gocier <i>entre nous<\/i>, il reste \u00e0 trouver le chemin, et \u00e0 le parcourir. J\u2019ai synth\u00e9tis\u00e9 quelques pistes, et comme l\u2019\u00e9ducation, la formation politique de chacun est \u00e0 faire, c\u2019est cette t\u00e2che qui me pr\u00e9occupe le plus aujourd\u2019hui.<\/p>\n<p>Mais il y a des<b> \u00ab\u00a0points durs\u00a0\u00bb.<\/b> K\u00e9zako\u00a0?<\/p>\n<p>Si vous projetez des changements radicaux, et partants du principe d\u00e9mocratique qu\u2019il n\u2019est pas question de laisser qui que ce soit sur le bord du chemin, m\u00eame le directeur g\u00e9n\u00e9ral de Monsanto France, c\u2019est un point crucial de donner \u00e0 ces points durs une emphase, une attention particuli\u00e8re.<\/p>\n<p>Si par exemple vous projetez de supprimer des privil\u00e8ges, vous vous attendez bien \u00e0 ce que ceux qui vont les perdre r\u00e9sistent avec la plus grande \u00e9nergie. Si cet aspect est trait\u00e9 par le d\u00e9dain, nous armerons les plus riches pour chauffer les petits riches contre le projet.<\/p>\n<p>Il y a des gens qui ont h\u00e9rit\u00e9 d\u2019un bien immobilier, et qui n\u2019ont commise aucune vil\u00e9nie, en profitent lucrativement pour leur retraite. Ils veulent transmettre le bidule aux enfants. Que fait-on ? Les d\u00e9pouiller sans discernement n\u2019est pas une option. Il va falloir faire na\u00eetre ce discernement.<\/p>\n<p>Je vais faire le distingo entre deux types de capitalistes: les ultra-riches profiteurs \u00e0 virer sans \u00e9gards (ils ont un appart \u00e0 NY ou \u00e0 Londres et des comptes \u00e0 l\u2019\u00e9tranger), et les petits joueurs \u00e9parpill\u00e9s dans la population, qui seront fond\u00e9s \u00e0 faire valoir le travail r\u00e9ellement fourni pour un enrichissement \u00ab\u00a0<i>raisonnable<\/i>\u00a0\u00bb. C\u2019est quoi \u00ab\u00a0raisonnable\u00a0\u00bb\u00a0?<\/p>\n<p>Nous reviendrons souvent sur le point dur de l\u2019abandon de la propri\u00e9t\u00e9 lucrative et sur la n\u00e9cessit\u00e9 de rassurer des esprits qui seront soigneusement \u00ab\u00a0chauff\u00e9s\u00a0\u00bb et effray\u00e9s par les GROS dominants-riches, qui eux n\u2019ont pas d\u2019autre m\u00e9tier. Sans compter qu\u2019apr\u00e8s 200 ans de capitalisme triomphant, il y a des gens, comme la plupart d\u2019entre nous, qui seront terroris\u00e9s \u00e0 l\u2019id\u00e9e que l\u2019on menace leur confort <em>ch\u00e8rement<\/em> acquis.<\/p>\n<p>C\u2019est \u00e7a un point dur\u00a0: un sujet qui f\u00e2che qu\u2019il faut expliciter clairement \u00e0 tous, sachant que les perdants les plus malhonn\u00eates, \u00e9galement les plus puissants, vont consacrer d\u2019\u00e9normes moyens pour que rien ne change. Et sachant aussi que les plus \u00ab\u00a0raisonnables\u00a0\u00bb des capitalistes ne m\u00e9ritent pas l\u2019opprobre mais plut\u00f4t une attention bienveillante. Si nous traitons de haut ces aspects, \u00a0nous aurons une guerre civile.<\/p>\n<p>Les pages reprennent en d\u00e9tails quelques points durs.\u00a0 Je pense pour ma part que ces sujets doivent focaliser une tr\u00e8s grande \u00e9nergie de la part des progressistes en mouvement. Et de grandes discussions <em>publiques<\/em>.<\/p>\n<p>Au boulot\u00a0!<\/p>\n","protected":false},"excerpt":{"rendered":"<p>Ce site vous entraine vers une nouvelle constitution, en insistant sur les moyens pour que cette constitution vous ressemble. Critiquer le syst\u00e8me actuel est un sport de militant. C\u2019est \u00e0 celui qui d\u00e9nichera le plus gros pav\u00e9, la plus grosse mare, et qui d\u00e9montrera ses capacit\u00e9s \u00e0 lancer gracieusement l\u2019un dans l\u2019autre. Mais d\u00e9crire le [&hellip;]<\/p>\n","protected":false},"author":1,"featured_media":0,"parent":0,"menu_order":0,"comment_status":"closed","ping_status":"closed","template":"","meta":{"footnotes":""},"class_list":["post-536","page","type-page","status-publish","hentry"],"_links":{"self":[{"href":"https:\/\/www.vuncf.org\/index.php?rest_route=\/wp\/v2\/pages\/536","targetHints":{"allow":["GET"]}}],"collection":[{"href":"https:\/\/www.vuncf.org\/index.php?rest_route=\/wp\/v2\/pages"}],"about":[{"href":"https:\/\/www.vuncf.org\/index.php?rest_route=\/wp\/v2\/types\/page"}],"author":[{"embeddable":true,"href":"https:\/\/www.vuncf.org\/index.php?rest_route=\/wp\/v2\/users\/1"}],"replies":[{"embeddable":true,"href":"https:\/\/www.vuncf.org\/index.php?rest_route=%2Fwp%2Fv2%2Fcomments&post=536"}],"version-history":[{"count":9,"href":"https:\/\/www.vuncf.org\/index.php?rest_route=\/wp\/v2\/pages\/536\/revisions"}],"predecessor-version":[{"id":2672,"href":"https:\/\/www.vuncf.org\/index.php?rest_route=\/wp\/v2\/pages\/536\/revisions\/2672"}],"wp:attachment":[{"href":"https:\/\/www.vuncf.org\/index.php?rest_route=%2Fwp%2Fv2%2Fmedia&parent=536"}],"curies":[{"name":"wp","href":"https:\/\/api.w.org\/{rel}","templated":true}]}}