{"id":515,"date":"2013-07-01T19:45:24","date_gmt":"2013-07-01T17:45:24","guid":{"rendered":"http:\/\/test.briosoft.com\/?page_id=515"},"modified":"2014-11-22T13:26:40","modified_gmt":"2014-11-22T12:26:40","slug":"art-40-le-retour-de-la-delegation","status":"publish","type":"page","link":"https:\/\/www.vuncf.org\/?page_id=515","title":{"rendered":"Art 40 Le retour de la D\u00e9l\u00e9gation"},"content":{"rendered":"<p><b><i>Article 40 <em><b> de la constitution actuelle<\/b><\/em><\/i><\/b><i><\/i><\/p>\n<blockquote><p><i>\u00ab\u00a0Les propositions et amendements formul\u00e9s par les membres du Parlement ne sont pas recevables lorsque leur adoption aurait pour cons\u00e9quence soit une diminution des ressources publiques, soit la cr\u00e9ation ou l\u2019aggravation d\u2019une charge publique.\u00a0\u00bb<\/i><\/p><\/blockquote>\n<p>&nbsp;<\/p>\n<p>Haaaa\u2026 Voil\u00e0 une belle saloperie. Du Sarko tout crach\u00e9. Gardez les sous pour les banquiers en priorit\u00e9\u00a0!<\/p>\n<p>Nous voil\u00e0 donc au sein d\u2019une soci\u00e9t\u00e9 (anonyme) nationale, n\u2019ayant que son bilan \u00e0 l\u2019esprit.<\/p>\n<p>Cet article est viol\u00e9 chaque fois que nos chers repr\u00e9sentants votent une diminution de charges ou d&rsquo;imp\u00f4t offerte sans contrepartie aux riches. Je vous rassure, le gouvernement passe ce genre de salet\u00e9 par ordonnance. Sans bruit de la part du conseil constitutionnel, qui ne fait que l\u00e0 o\u00f9 on lui dit de faire. En revanche, le gouvernement n&rsquo;est pas concern\u00e9 : <strong>\u00ab\u00a0formul\u00e9s par les membres du Parlement\u00a0\u00bb.<\/strong><\/p>\n<p>G\u00e9niales, les ordonnances. Lisez bien : les ordonnances (gouvernementales, donc) ne sont pas couvertes par cet article.<\/p>\n<p>En attendant, l\u2019\u00e9tat s\u2019interdit totalement, sans pr\u00e9cision, ni discernement, de cr\u00e9er des aides sociales. Ou d\u2019en am\u00e9liorer d\u2019autres.<\/p>\n<p>Mais alors, la loi fran\u00e7aise de 73 ou 123 du trait\u00e9 de Lisbonne sur le financement de l\u2019\u00e9tat par les banques priv\u00e9es ? 50 Md\u20ac de charges par ans.<\/p>\n<p>Alors les mecs\u00a0? Vous faites quoi\u00a0? Ah ben non, le racket des banques \u00e9tait sign\u00e9 avant que cet article n\u2019apparaisse. Proposition et amendement\u00a0: cet article concerne le futur et pr\u00e9serve le pass\u00e9.<\/p>\n<p>Cet article n\u2019a simplement aucun sens. Ce n\u2019est pas le r\u00f4le d\u2019une constitution de rentrer dans de tels d\u00e9tails. Cet article a \u00e9t\u00e9 souffl\u00e9 par les rentiers qui se gavent sur l\u2019\u00e9tat fran\u00e7ais\u00a0: ils ont besoin d\u2019\u00eatre s\u00fbrs qu\u2019ils seront pay\u00e9s quoi qu\u2019il arrive. Donc que l\u2019\u00e9tat n\u2019engage aucune d\u00e9pense qui compromettra leurs dividendes.<\/p>\n<p>A virer\u00a0! Napol\u00e9on avait r\u00e9tabli les \u00ab\u00a0d\u00e9l\u00e9gations\u00a0\u00bb d\u00e8s son accession au pouvoir.<\/p>\n<p>La d\u00e9l\u00e9gation, c\u2019est l\u2019expression qui signifie que les gros fournisseurs de l\u2019\u00e9tat (banque, armement et autres godillots\u2026.) obtiennent le droit de se faire payer leurs factures dans n\u2019importe quelle tr\u00e9sorerie, avec un droit de cuissage sur les rentr\u00e9es fiscales. Les premiers sous sont pour eux. S\u2019il en reste, il y aura des fonctionnaires pay\u00e9s, des routes, des h\u00f4pitaux\u2026Apr\u00e8s, seulement apr\u00e8s. S&rsquo;il en reste.<\/p>\n<p>Voltaire a fait une fortune que l&rsquo;on comparerait avec celle de Tapie avant son proc\u00e8s. Un h\u00e9ritage de plus de 200 millions de livres \u00e0 l&rsquo;\u00e9poque, sur des arnaques aux factures : je livre 10 000 paires de chaussure, mais je fais signer un bon \u00e0 payer pour 100 000. C&rsquo;est \u00e7a Voltaire ! Ou alors, semelle en carton pour tout le monde ! Voltaire, grande gueule sans faute d\u2019orthographe, styl\u00e9, mais un petit Tapie, sans la vulgarit\u00e9.\u00a0 \u201c un pays bien organis\u00e9 est celui o\u00f9 le petit nombre fait travailler le grand nombre, est nourri par lui, et le gouverne \u201d.<\/p>\n<p>Vous avez compris, les gueux ?<\/p>\n<p>De fait, en interdisant \u00e0 l\u2019\u00e9tat de s\u2019int\u00e9resser \u00e0 des investissements non productifs au sens marchand, ou de soutenir une \u00e9conomie chancelante, cet article reproduit l\u2019esprit de la d\u00e9l\u00e9gation, au profit des cr\u00e9anciers financiers du tr\u00e9sor public, anciens donc soigneusement \u00e9pargn\u00e9s et \u00e9ternels par essence.<\/p>\n<p>Cet article veut aussi dire : \u00ab\u00a0Il est interdit de pratiquer une politique de relance et couronne les politique d&rsquo;offre\u00a0\u00bb. Bim.<\/p>\n","protected":false},"excerpt":{"rendered":"<p>Article 40 de la constitution actuelle \u00ab\u00a0Les propositions et amendements formul\u00e9s par les membres du Parlement ne sont pas recevables lorsque leur adoption aurait pour cons\u00e9quence soit une diminution des ressources publiques, soit la cr\u00e9ation ou l\u2019aggravation d\u2019une charge publique.\u00a0\u00bb &nbsp; Haaaa\u2026 Voil\u00e0 une belle saloperie. Du Sarko tout crach\u00e9. Gardez les sous pour les [&hellip;]<\/p>\n","protected":false},"author":1,"featured_media":0,"parent":0,"menu_order":0,"comment_status":"open","ping_status":"closed","template":"","meta":{"footnotes":""},"class_list":["post-515","page","type-page","status-publish","hentry"],"_links":{"self":[{"href":"https:\/\/www.vuncf.org\/index.php?rest_route=\/wp\/v2\/pages\/515","targetHints":{"allow":["GET"]}}],"collection":[{"href":"https:\/\/www.vuncf.org\/index.php?rest_route=\/wp\/v2\/pages"}],"about":[{"href":"https:\/\/www.vuncf.org\/index.php?rest_route=\/wp\/v2\/types\/page"}],"author":[{"embeddable":true,"href":"https:\/\/www.vuncf.org\/index.php?rest_route=\/wp\/v2\/users\/1"}],"replies":[{"embeddable":true,"href":"https:\/\/www.vuncf.org\/index.php?rest_route=%2Fwp%2Fv2%2Fcomments&post=515"}],"version-history":[{"count":16,"href":"https:\/\/www.vuncf.org\/index.php?rest_route=\/wp\/v2\/pages\/515\/revisions"}],"predecessor-version":[{"id":2738,"href":"https:\/\/www.vuncf.org\/index.php?rest_route=\/wp\/v2\/pages\/515\/revisions\/2738"}],"wp:attachment":[{"href":"https:\/\/www.vuncf.org\/index.php?rest_route=%2Fwp%2Fv2%2Fmedia&parent=515"}],"curies":[{"name":"wp","href":"https:\/\/api.w.org\/{rel}","templated":true}]}}