{"id":511,"date":"2013-07-01T19:24:41","date_gmt":"2013-07-01T17:24:41","guid":{"rendered":"http:\/\/test.briosoft.com\/?page_id=511"},"modified":"2014-11-22T13:20:57","modified_gmt":"2014-11-22T12:20:57","slug":"511-2","status":"publish","type":"page","link":"https:\/\/www.vuncf.org\/?page_id=511","title":{"rendered":"Art 39 L&rsquo;ex\u00e9cutif l\u00e9gif\u00e8re"},"content":{"rendered":"<p><b><i>Article\u00a039 <em><b> de la constitution actuelle<\/b><\/em><\/i><\/b><i><\/i><\/p>\n<blockquote><p><i>\u00ab\u00a0\u00a71 L\u2019initiative des lois appartient concurremment au Premier ministre et aux membres du Parlement.<\/i><\/p>\n<p><i>\u00a72 Les projets de loi sont d\u00e9lib\u00e9r\u00e9s en Conseil des ministres apr\u00e8s avis du Conseil d\u2019\u00c9tat et d\u00e9pos\u00e9s sur le bureau de l\u2019une des deux assembl\u00e9es. Les projets de loi de finances et de loi de financement de la s\u00e9curit\u00e9 sociale sont soumis en premier lieu \u00e0 l\u2019Assembl\u00e9e nationale. Sans pr\u00e9judice du premier alin\u00e9a de l\u2019article\u00a044, les projets de loi ayant pour principal objet l\u2019organisation des collectivit\u00e9s territoriales sont soumis en premier lieu au S\u00e9nat.<\/i><\/p>\n<p><i>\u00a73 La pr\u00e9sentation des projets de loi d\u00e9pos\u00e9s devant l\u2019Assembl\u00e9e nationale ou le S\u00e9nat r\u00e9pond aux conditions fix\u00e9es par une loi organique.<\/i><\/p>\n<p><i>\u00a74\u00a0 Les projets de loi ne peuvent \u00eatre inscrits \u00e0 l\u2019ordre du jour si la Conf\u00e9rence des pr\u00e9sidents de la premi\u00e8re assembl\u00e9e saisie constate que les r\u00e8gles fix\u00e9es par la loi organique sont m\u00e9connues. En cas de d\u00e9saccord entre la Conf\u00e9rence des pr\u00e9sidents et le Gouvernement, le pr\u00e9sident de l\u2019assembl\u00e9e int\u00e9ress\u00e9e ou le Premier ministre peut saisir le Conseil constitutionnel qui statue dans un d\u00e9lai de huit\u00a0jours.<\/i><\/p>\n<p><i>\u00a75 Dans les conditions pr\u00e9vues par la loi, le pr\u00e9sident d\u2019une assembl\u00e9e peut soumettre pour avis au Conseil d\u2019\u00c9tat, avant son examen en commission, une proposition de loi d\u00e9pos\u00e9e par l\u2019un des membres de cette assembl\u00e9e, sauf si ce dernier s\u2019y oppose.\u00a0\u00bb<\/i><\/p><\/blockquote>\n<p>&nbsp;<\/p>\n<p>Article 39\u2026..Trop facile.<\/p>\n<p>\u00a71\u00a0: le peuple est pri\u00e9 de prolonger son ap\u00e9ro.<\/p>\n<p>\u00a72 De quoi se m\u00eale l\u2019ex\u00e9cutif\u00a0? Donc si le grand Mamamouchi ne veut pas entendre parler d\u2019une loi, c\u2019est mort\u00a0! Avec une petite douceur pour les s\u00e9nateurs\u00a0: ils ont leur part de dictature.<\/p>\n<p>\u00a73 Pas question qu\u2019une loi organique, non soumise au r\u00e9f\u00e9rendum constitutionnel pr\u00e9cise, que ce soit en bien ou en mal, la trajectoire des lois.<\/p>\n<p>\u00a74 petits arrangements entre amis. Circulez, y\u2019a rien \u00e0 voir\u00a0!<\/p>\n<p>\u00a75 Pourquoi un d\u00e9put\u00e9 ou un s\u00e9nateur pourrait se soustraire \u00e0 un examen constitutionnel de son texte, si la proc\u00e9dure est pr\u00e9vue\u00a0?<\/p>\n<p>D\u2019ailleurs, en la mati\u00e8re, pourquoi le conseil constitutionnel ne se saisit pas automatiquement\u00a0?<\/p>\n<p>Encore des obstacles au travail l\u00e9gislatif, au b\u00e9n\u00e9fice de l\u2019ex\u00e9cutif. Et des petites n\u00e9gociations entre fayots et super-fayots des structures.<\/p>\n","protected":false},"excerpt":{"rendered":"<p>Article\u00a039 de la constitution actuelle \u00ab\u00a0\u00a71 L\u2019initiative des lois appartient concurremment au Premier ministre et aux membres du Parlement. \u00a72 Les projets de loi sont d\u00e9lib\u00e9r\u00e9s en Conseil des ministres apr\u00e8s avis du Conseil d\u2019\u00c9tat et d\u00e9pos\u00e9s sur le bureau de l\u2019une des deux assembl\u00e9es. Les projets de loi de finances et de loi de [&hellip;]<\/p>\n","protected":false},"author":1,"featured_media":0,"parent":0,"menu_order":0,"comment_status":"open","ping_status":"closed","template":"","meta":{"footnotes":""},"class_list":["post-511","page","type-page","status-publish","hentry"],"_links":{"self":[{"href":"https:\/\/www.vuncf.org\/index.php?rest_route=\/wp\/v2\/pages\/511","targetHints":{"allow":["GET"]}}],"collection":[{"href":"https:\/\/www.vuncf.org\/index.php?rest_route=\/wp\/v2\/pages"}],"about":[{"href":"https:\/\/www.vuncf.org\/index.php?rest_route=\/wp\/v2\/types\/page"}],"author":[{"embeddable":true,"href":"https:\/\/www.vuncf.org\/index.php?rest_route=\/wp\/v2\/users\/1"}],"replies":[{"embeddable":true,"href":"https:\/\/www.vuncf.org\/index.php?rest_route=%2Fwp%2Fv2%2Fcomments&post=511"}],"version-history":[{"count":12,"href":"https:\/\/www.vuncf.org\/index.php?rest_route=\/wp\/v2\/pages\/511\/revisions"}],"predecessor-version":[{"id":2735,"href":"https:\/\/www.vuncf.org\/index.php?rest_route=\/wp\/v2\/pages\/511\/revisions\/2735"}],"wp:attachment":[{"href":"https:\/\/www.vuncf.org\/index.php?rest_route=%2Fwp%2Fv2%2Fmedia&parent=511"}],"curies":[{"name":"wp","href":"https:\/\/api.w.org\/{rel}","templated":true}]}}