{"id":509,"date":"2013-07-01T19:15:07","date_gmt":"2013-07-01T17:15:07","guid":{"rendered":"http:\/\/test.briosoft.com\/?page_id=509"},"modified":"2014-11-22T13:18:30","modified_gmt":"2014-11-22T12:18:30","slug":"art-38-executif-legislateur","status":"publish","type":"page","link":"https:\/\/www.vuncf.org\/?page_id=509","title":{"rendered":"Art 38 Ex\u00e9cutif l\u00e9gislateur"},"content":{"rendered":"<p><b><i>Article 38 <em><b> de la constitution actuelle<\/b><\/em><\/i><\/b><i><\/i><\/p>\n<blockquote><p><i>\u00ab\u00a0Le Gouvernement peut, pour l\u2019ex\u00e9cution de son programme, demander au Parlement l\u2019autorisation de prendre par ordonnances, pendant un d\u00e9lai limit\u00e9, des mesures qui sont normalement du domaine de la loi.<\/i><\/p>\n<p><i>Les ordonnances sont prises en Conseil des ministres apr\u00e8s avis du Conseil d\u2019\u00c9tat. Elles entrent en vigueur d\u00e8s leur publication mais deviennent caduques si le projet de loi de ratification n\u2019est pas d\u00e9pos\u00e9 devant le Parlement avant la date fix\u00e9e par la loi d\u2019habilitation. Elles ne peuvent \u00eatre ratifi\u00e9es que de mani\u00e8re expresse.\u00a0\u00bb<\/i><\/p><\/blockquote>\n<p>&nbsp;<\/p>\n<p>Encore une grosse blague\u00a0!<\/p>\n<p>On commence par soumettre la volont\u00e9 du gouvernement au parlement, qui, structurellement lui est inf\u00e9od\u00e9. Donc, dans la pratique, le gouvernement passe en ordonnance ce qu\u2019il veut pour une dur\u00e9e qu\u2019il d\u00e9termine librement.<\/p>\n<p>Et allons-y dans la s\u00e9paration de l\u2019ex\u00e9cutif et du l\u00e9gislatif.<\/p>\n<p>Toujours pas de contr\u00f4le, ni r\u00e9f\u00e9rendum, ni rien de rien.<\/p>\n","protected":false},"excerpt":{"rendered":"<p>Article 38 de la constitution actuelle \u00ab\u00a0Le Gouvernement peut, pour l\u2019ex\u00e9cution de son programme, demander au Parlement l\u2019autorisation de prendre par ordonnances, pendant un d\u00e9lai limit\u00e9, des mesures qui sont normalement du domaine de la loi. Les ordonnances sont prises en Conseil des ministres apr\u00e8s avis du Conseil d\u2019\u00c9tat. Elles entrent en vigueur d\u00e8s leur [&hellip;]<\/p>\n","protected":false},"author":1,"featured_media":0,"parent":0,"menu_order":0,"comment_status":"open","ping_status":"closed","template":"","meta":{"footnotes":""},"class_list":["post-509","page","type-page","status-publish","hentry"],"_links":{"self":[{"href":"https:\/\/www.vuncf.org\/index.php?rest_route=\/wp\/v2\/pages\/509","targetHints":{"allow":["GET"]}}],"collection":[{"href":"https:\/\/www.vuncf.org\/index.php?rest_route=\/wp\/v2\/pages"}],"about":[{"href":"https:\/\/www.vuncf.org\/index.php?rest_route=\/wp\/v2\/types\/page"}],"author":[{"embeddable":true,"href":"https:\/\/www.vuncf.org\/index.php?rest_route=\/wp\/v2\/users\/1"}],"replies":[{"embeddable":true,"href":"https:\/\/www.vuncf.org\/index.php?rest_route=%2Fwp%2Fv2%2Fcomments&post=509"}],"version-history":[{"count":6,"href":"https:\/\/www.vuncf.org\/index.php?rest_route=\/wp\/v2\/pages\/509\/revisions"}],"predecessor-version":[{"id":2733,"href":"https:\/\/www.vuncf.org\/index.php?rest_route=\/wp\/v2\/pages\/509\/revisions\/2733"}],"wp:attachment":[{"href":"https:\/\/www.vuncf.org\/index.php?rest_route=%2Fwp%2Fv2%2Fmedia&parent=509"}],"curies":[{"name":"wp","href":"https:\/\/api.w.org\/{rel}","templated":true}]}}