{"id":507,"date":"2013-07-01T19:09:07","date_gmt":"2013-07-01T17:09:07","guid":{"rendered":"http:\/\/test.briosoft.com\/?page_id=507"},"modified":"2014-11-22T13:16:53","modified_gmt":"2014-11-22T12:16:53","slug":"art-35-la-guerre-si-je-veux","status":"publish","type":"page","link":"https:\/\/www.vuncf.org\/?page_id=507","title":{"rendered":"Art 35 La guerre si je veux !"},"content":{"rendered":"<p style=\"text-align: left;\" align=\"center\"><b><i>Article 35 <em><b> de la constitution actuelle<\/b><\/em><\/i><\/b><i><\/i><\/p>\n<blockquote>\n<p style=\"text-align: left;\"><i>\u00ab\u00a0La d\u00e9claration de guerre est autoris\u00e9e par le Parlement.<\/i><\/p>\n<p style=\"text-align: left;\"><i>Le Gouvernement informe le Parlement de sa d\u00e9cision de faire intervenir les forces arm\u00e9es \u00e0 l\u2019\u00e9tranger, au plus tard trois jours apr\u00e8s le d\u00e9but de l\u2019intervention. Il pr\u00e9cise les objectifs poursuivis. Cette information peut donner lieu \u00e0 un d\u00e9bat qui n\u2019est suivi d\u2019aucun vote.<\/i><\/p>\n<p style=\"text-align: left;\"><i>Lorsque la dur\u00e9e de l\u2019intervention exc\u00e8de quatre\u00a0mois, le Gouvernement soumet sa prolongation \u00e0 l\u2019autorisation du Parlement. Il peut demander \u00e0 l\u2019Assembl\u00e9e nationale de d\u00e9cider en dernier ressort.<\/i><\/p>\n<p style=\"text-align: left;\"><i>Si le Parlement n\u2019est pas en session \u00e0 l\u2019expiration du d\u00e9lai de quatre\u00a0mois, il se prononce \u00e0 l\u2019ouverture de la session suivante.\u00a0\u00bb<\/i><\/p>\n<\/blockquote>\n<p>&nbsp;<\/p>\n<p>Regardez ce bijou.<\/p>\n<p>Apparemment la guerre ne se fait qu\u2019apr\u00e8s vote du parlement.<\/p>\n<p>Mais regardez mieux\u00a0: cet article ent\u00e9rine les interventions militaires \u00e0 la discr\u00e9tion du grand Mamamouchi. Il pr\u00e9cise que c\u2019est dans les quatre jours que le parlement doit \u00eatre <i>inform\u00e9<\/i>, sans aucun vote. Juste je vous pr\u00e9viens que je suis entr\u00e9 au Mali, dans l\u2019Otan, en Afghanistan\u2026 \u00c7a ne vous pla\u00eet pas, c\u2019est pareil.<\/p>\n<p>Il est m\u00eame pr\u00e9cis\u00e9 qu\u2019aucun vote ou censure ne saurait \u00eatre tol\u00e9r\u00e9. C\u2019est \u00e9crit. Anti-constitution.<\/p>\n<p>Au bout de quatre mois, si on y est encore, je doute que nos repr\u00e9sentants, tout \u00e9moustill\u00e9s apr\u00e8s 4 mois de WarGame, s\u2019opposent aux n\u00e9cessit\u00e9s guerri\u00e8res, concoct\u00e9es par l\u2019ex\u00e9cutif.<\/p>\n<p>Vous imaginez au bout de quatre mois, l\u2019assembl\u00e9e qui impose un retour total imm\u00e9diat de nos troupes. Mieux vaut demander une commission qui enverra quelques privil\u00e9gi\u00e9s faire un tour en Engin Blind\u00e9 de Reconnaissance ou en h\u00e9lico. En plus, avec un peu de chances, il y a des journalistes sexy \u00e0 draguer.<\/p>\n<p>D\u00e9claration de guerre\u00a0: faut une autorisation, mais pas de r\u00e9f\u00e9rendum, \u00e9videmment.<\/p>\n<p>\u00ab\u00a0Faire\u00a0\u00bb la guerre\u00a0: aucune autorisation, aucun contr\u00f4le. C\u2019est Dassault, Matra, Thal\u00e8s et consort qui doivent \u00eatre contents. Ils ont acc\u00e8s au pouvoir bien plus directement que vous.<\/p>\n","protected":false},"excerpt":{"rendered":"<p>Article 35 de la constitution actuelle \u00ab\u00a0La d\u00e9claration de guerre est autoris\u00e9e par le Parlement. Le Gouvernement informe le Parlement de sa d\u00e9cision de faire intervenir les forces arm\u00e9es \u00e0 l\u2019\u00e9tranger, au plus tard trois jours apr\u00e8s le d\u00e9but de l\u2019intervention. Il pr\u00e9cise les objectifs poursuivis. Cette information peut donner lieu \u00e0 un d\u00e9bat qui [&hellip;]<\/p>\n","protected":false},"author":1,"featured_media":0,"parent":0,"menu_order":0,"comment_status":"open","ping_status":"closed","template":"","meta":{"footnotes":""},"class_list":["post-507","page","type-page","status-publish","hentry"],"_links":{"self":[{"href":"https:\/\/www.vuncf.org\/index.php?rest_route=\/wp\/v2\/pages\/507","targetHints":{"allow":["GET"]}}],"collection":[{"href":"https:\/\/www.vuncf.org\/index.php?rest_route=\/wp\/v2\/pages"}],"about":[{"href":"https:\/\/www.vuncf.org\/index.php?rest_route=\/wp\/v2\/types\/page"}],"author":[{"embeddable":true,"href":"https:\/\/www.vuncf.org\/index.php?rest_route=\/wp\/v2\/users\/1"}],"replies":[{"embeddable":true,"href":"https:\/\/www.vuncf.org\/index.php?rest_route=%2Fwp%2Fv2%2Fcomments&post=507"}],"version-history":[{"count":9,"href":"https:\/\/www.vuncf.org\/index.php?rest_route=\/wp\/v2\/pages\/507\/revisions"}],"predecessor-version":[{"id":2732,"href":"https:\/\/www.vuncf.org\/index.php?rest_route=\/wp\/v2\/pages\/507\/revisions\/2732"}],"wp:attachment":[{"href":"https:\/\/www.vuncf.org\/index.php?rest_route=%2Fwp%2Fv2%2Fmedia&parent=507"}],"curies":[{"name":"wp","href":"https:\/\/api.w.org\/{rel}","templated":true}]}}