{"id":503,"date":"2013-07-01T18:56:13","date_gmt":"2013-07-01T16:56:13","guid":{"rendered":"http:\/\/test.briosoft.com\/?page_id=503"},"modified":"2014-11-22T13:13:55","modified_gmt":"2014-11-22T12:13:55","slug":"503-2","status":"publish","type":"page","link":"https:\/\/www.vuncf.org\/?page_id=503","title":{"rendered":"Art 34-1 L&rsquo;ex\u00e9cutif contr\u00f4le le l\u00e9gislatif"},"content":{"rendered":"<p><b><i>Article 34-1 <em><b> de la constitution actuelle<\/b><\/em><\/i><\/b><i><\/i><\/p>\n<blockquote><p><i>\u00ab\u00a0Les assembl\u00e9es peuvent voter des r\u00e9solutions dans les conditions fix\u00e9es par la loi organique.<\/i><\/p>\n<p><i>Sont irrecevables et ne peuvent \u00eatre inscrites \u00e0 l\u2019ordre du jour les propositions de r\u00e9solution dont le Gouvernement estime que leur adoption ou leur rejet serait de nature \u00e0 mettre en cause sa responsabilit\u00e9 ou qu\u2019elles contiennent des injonctions \u00e0 son \u00e9gard.\u00a0\u00bb<\/i><\/p><\/blockquote>\n<p>&nbsp;<\/p>\n<p>On est en plein d\u00e9lire parano\u00efaque\u00a0: On rappelle d\u2019abord que le parlement est limit\u00e9 par des lois organiques.<\/p>\n<p>Passons ! Cet aspect d\u00e9pend enti\u00e8rement de la bonne foi du l\u00e9gislateur organique. Je pense juste qu\u2019une constitution ne doit pas s\u2019en remettre aux qualit\u00e9s, mais pr\u00e9voir et punir les d\u00e9fauts. Donc la bonne foi n\u2019a rien \u00e0 faire ici.<\/p>\n<p>Pour le deuxi\u00e8me paragraphe, il est \u00e9crit que dans notre dictature, aucune r\u00e9solution ne peut faire sa vie au parlement si cela contrarie le gouvernement.<\/p>\n<p>Notre constitution pr\u00e9voit que nos repr\u00e9sentants votent et proposent des lois, \u00e0 la condition limitative que le gouvernement soit d\u2019accord.<\/p>\n<p>Mais on me chante les louanges de la s\u00e9paration des pouvoirs ex\u00e9cutifs, l\u00e9gislatifs et judiciaire.<\/p>\n<p>C\u2019est la clef de la d\u00e9mocratie, nous dit-on. C\u2019est seulement 1% du dossier. Pourcent essentiel, certes, mais oublier les recours populaires, le contr\u00f4le populaire des institutions et la totale libert\u00e9 du peuple de se faire les lois qu\u2019il veut, m\u00eame si le potentat du moment est contrari\u00e9, c\u2019est ne pas vouloir la d\u00e9mocratie.<\/p>\n<p>En tout cas, cet article dit\u00a0: Il n\u2019y a pas de s\u00e9paration entre le l\u00e9gislatif et l\u2019ex\u00e9cutif. L\u2019ex\u00e9cutif peut annuler des travaux du parlement. En toute ind\u00e9pendance.<\/p>\n","protected":false},"excerpt":{"rendered":"<p>Article 34-1 de la constitution actuelle \u00ab\u00a0Les assembl\u00e9es peuvent voter des r\u00e9solutions dans les conditions fix\u00e9es par la loi organique. Sont irrecevables et ne peuvent \u00eatre inscrites \u00e0 l\u2019ordre du jour les propositions de r\u00e9solution dont le Gouvernement estime que leur adoption ou leur rejet serait de nature \u00e0 mettre en cause sa responsabilit\u00e9 ou [&hellip;]<\/p>\n","protected":false},"author":1,"featured_media":0,"parent":0,"menu_order":0,"comment_status":"open","ping_status":"closed","template":"","meta":{"footnotes":""},"class_list":["post-503","page","type-page","status-publish","hentry"],"_links":{"self":[{"href":"https:\/\/www.vuncf.org\/index.php?rest_route=\/wp\/v2\/pages\/503","targetHints":{"allow":["GET"]}}],"collection":[{"href":"https:\/\/www.vuncf.org\/index.php?rest_route=\/wp\/v2\/pages"}],"about":[{"href":"https:\/\/www.vuncf.org\/index.php?rest_route=\/wp\/v2\/types\/page"}],"author":[{"embeddable":true,"href":"https:\/\/www.vuncf.org\/index.php?rest_route=\/wp\/v2\/users\/1"}],"replies":[{"embeddable":true,"href":"https:\/\/www.vuncf.org\/index.php?rest_route=%2Fwp%2Fv2%2Fcomments&post=503"}],"version-history":[{"count":11,"href":"https:\/\/www.vuncf.org\/index.php?rest_route=\/wp\/v2\/pages\/503\/revisions"}],"predecessor-version":[{"id":2731,"href":"https:\/\/www.vuncf.org\/index.php?rest_route=\/wp\/v2\/pages\/503\/revisions\/2731"}],"wp:attachment":[{"href":"https:\/\/www.vuncf.org\/index.php?rest_route=%2Fwp%2Fv2%2Fmedia&parent=503"}],"curies":[{"name":"wp","href":"https:\/\/api.w.org\/{rel}","templated":true}]}}