{"id":476,"date":"2013-07-01T17:47:22","date_gmt":"2013-07-01T15:47:22","guid":{"rendered":"http:\/\/test.briosoft.com\/?page_id=476"},"modified":"2013-08-26T12:20:17","modified_gmt":"2013-08-26T10:20:17","slug":"art-34-anti-constitution","status":"publish","type":"page","link":"https:\/\/www.vuncf.org\/?page_id=476","title":{"rendered":"Art 34 Anti-constitution"},"content":{"rendered":"<p style=\"text-align: left;\" align=\"center\"><b>Article 34 <em><b> de la constitution actuelle<\/b><\/em><br \/>\n<\/b><\/p>\n<p style=\"text-align: left;\" align=\"center\"><b>** Comme l\u2019article est long, j\u2019ai gliss\u00e9 mes commentaires au milieu en gras**<\/b><\/p>\n<p><em>La loi fixe les r\u00e8gles concernant\u00a0:<\/em> <i>(donc la constitution n\u2019a que faire de\u00a0)<\/i><\/p>\n<p><em>\u2013 les droits civiques et les garanties fondamentales accord\u00e9es aux citoyens pour l\u2019exercice des libert\u00e9s publiques\u00a0; la libert\u00e9, le pluralisme et l\u2019ind\u00e9pendance des m\u00e9dias\u00a0; les suj\u00e9tions impos\u00e9es par la D\u00e9fense nationale aux citoyens en leur personne et en leurs biens\u00a0;<\/em><\/p>\n<p><strong>**Anticonstitutionnel\u00a0: renvoyer sur la loi ce qui rel\u00e8ve de la constitution est un moyen de la vider de son sens. Des Droits fondamentaux ne peuvent pas d\u00e9pendre de l\u2019humeur de la l\u00e9gislature. A moins que vous ne penssassiez que \u00ab\u00a0libert\u00e9s publiques et la libert\u00e9, le pluralisme et l\u2019ind\u00e9pendance des m\u00e9dias\u00a0\u00bb ne sont rien de fondamental.**<\/strong><\/p>\n<p><em>\u2013\u00a0la nationalit\u00e9, l\u2019\u00e9tat et la capacit\u00e9 des personnes, les r\u00e9gimes matrimoniaux, les successions et lib\u00e9ralit\u00e9s\u00a0;<\/em><\/p>\n<p><em>\u2013\u00a0la d\u00e9termination des crimes et d\u00e9lits ainsi que les peines qui leur sont applicables\u00a0; la proc\u00e9dure p\u00e9nale\u00a0; l\u2019amnistie\u00a0; la cr\u00e9ation de nouveaux ordres de juridiction et le statut des magistrats\u00a0;<\/em><\/p>\n<p><em>\u2013\u00a0l\u2019assiette, le taux et les modalit\u00e9s de recouvrement des impositions de toutes natures\u00a0<b>; <\/b>le r\u00e9gime d\u2019\u00e9mission de la monnaie.<\/em><\/p>\n<p><b>**C\u2019est juste gravissime\u00a0: la monnaie est une chose tellement importante qu\u2019on ne la confie \u00e0 personne. Tout doit \u00eatre l\u00e0. Le pouvoir du peuple\u00a0! Hola\u00a0! c\u2019est l\u2019heure de mon tranx\u00e8ne.**<\/b><\/p>\n<p><em>La loi fixe \u00e9galement les r\u00e8gles concernant\u00a0:<\/em><\/p>\n<p><em>\u2013\u00a0le r\u00e9gime \u00e9lectoral des assembl\u00e9es parlementaires, des assembl\u00e9es locales et des instances repr\u00e9sentatives des Fran\u00e7ais \u00e9tablis hors de France ainsi que les conditions d\u2019exercice des mandats \u00e9lectoraux et des fonctions \u00e9lectives des membres des assembl\u00e9es d\u00e9lib\u00e9rantes des collectivit\u00e9s territoriales\u00a0;<\/em><\/p>\n<p><b>**Encore non, ceci est du ressort de la constitution. Seules les modalit\u00e9s d\u2019application peuvent faire l\u2019objet d\u2019une loi, organique si possible.**<\/b><\/p>\n<p><em>\u2013\u00a0la cr\u00e9ation de cat\u00e9gories d\u2019\u00e9tablissements publics\u00a0;<\/em><\/p>\n<p><em>\u2013\u00a0les garanties fondamentales accord\u00e9es aux fonctionnaires civils et militaires de l\u2019\u00c9tat\u00a0;<\/em><\/p>\n<p><em>\u2013\u00a0les nationalisations d\u2019entreprises et les transferts de propri\u00e9t\u00e9 d\u2019entreprises du secteur public au secteur priv\u00e9.<\/em><\/p>\n<p><b>**Anticonstitutionnel\u00a0: donne un pouvoir illimit\u00e9, alors que le r\u00f4le de la constitution est de limiter, contr\u00f4ler et permettre la r\u00e9vocation d\u2019un pouvoir quelconque.**<\/b><\/p>\n<p><em>La loi d\u00e9termine les principes fondamentaux\u00a0:<\/em><\/p>\n<p><em>\u2013\u00a0de l\u2019organisation g\u00e9n\u00e9rale de la D\u00e9fense nationale\u00a0;<\/em><\/p>\n<p><em>\u2013\u00a0de la libre administration des collectivit\u00e9s territoriales, de leurs comp\u00e9tences et de leurs ressources\u00a0;<\/em><\/p>\n<p><em>\u2013\u00a0de l\u2019enseignement\u00a0;<\/em><\/p>\n<p><em>\u2013\u00a0de la pr\u00e9servation de l\u2019environnement\u00a0;<\/em><\/p>\n<p><em>\u2013\u00a0du r\u00e9gime de la propri\u00e9t\u00e9, des droits r\u00e9els et des obligations civiles et commerciales\u00a0;<\/em><\/p>\n<p><em>\u2013\u00a0du droit du travail, du droit syndical et de la s\u00e9curit\u00e9 sociale.<\/em><\/p>\n<p><b>**Etonnant, ce passe-droit est en fait une \u00e9mancipation du l\u00e9gislatif et de l\u2019ex\u00e9cutif. Personnellement, j\u2019aurai bien soumis tout \u00e7a \u00e0 r\u00e9f\u00e9rendum.**<\/b><\/p>\n<p><em>Les lois de finances d\u00e9terminent les ressources et les charges de l\u2019\u00c9tat dans les conditions et sous les r\u00e9serves pr\u00e9vues par une loi organique.<\/em><\/p>\n<p><em>Les lois de financement de la s\u00e9curit\u00e9 sociale d\u00e9terminent les conditions g\u00e9n\u00e9rales de son \u00e9quilibre financier et, compte tenu de leurs pr\u00e9visions de recettes, fixent ses objectifs de d\u00e9penses, dans les conditions et sous les r\u00e9serves pr\u00e9vues par une loi organique.<\/em><\/p>\n<p><b>**Coup de vice : apoth\u00e9ose, bouquet final. Vous ne le voyez probablement pas, mais cet article est une tuerie du syst\u00e8me social fran\u00e7ais, tel qu&rsquo;il fut\u00a0 cr\u00e9\u00e9 par le Conseil National de la R\u00e9sistance, en 1945.<\/b><\/p>\n<p><b>C\u2019\u00e9tait le seul moment, depuis 1789, o\u00f9 les int\u00e9r\u00eats des riches n\u2019\u00e9taient plus repr\u00e9sent\u00e9s en force\u00a0: ayant souhait\u00e9, soutenu et fait du bizness avec les nazis, ces sauveurs de la soci\u00e9t\u00e9 poss\u00e9dante contre les bolch\u00e9viques du Front Populaire ont d\u00fb laisser la parole aux gauchistes sortis arm\u00e9s du maquis. <\/b><\/p>\n<p><b>Donc cr\u00e9ation de la S\u00e9cu. Un syst\u00e8me qui fonctionne sans \u00e9tat. Les travailleurs et les patrons s\u2019organisent des caisses de cotisation pour des droits \u00e0 \u00eatre prot\u00e9g\u00e9s de TOUS les al\u00e9as de la vie. Sant\u00e9, \u00e9ducation, ch\u00f4mage, famille\u2026.<\/b><\/p>\n<p><b>Pour faire court, la S\u00e9cu, c\u2019est une mutuelle associative sans aucune connexion avec l\u2019\u00e9tat.<\/b><\/p>\n<p><b>Les dominants riches, pour qui la s\u00e9cu est un accroc aux b\u00e9n\u00e9fices\/dividendes veulent sans rel\u00e2che \u0153uvrer \u00e0 sa destruction. Notamment en provoquant son d\u00e9s\u00e9quilibre, puis son retour sous l\u2019autorit\u00e9 de l\u2019\u00e9tat qui se chargera lui, de la liquidation tant esp\u00e9r\u00e9e par ses financiers \u00e9lectoraux.**<\/b><\/p>\n<p><em>Des lois de programmation d\u00e9terminent les objectifs de l\u2019action de l\u2019\u00c9tat.<\/em><\/p>\n<p><em>Les orientations pluriannuelles des finances publiques sont d\u00e9finies par des lois de programmation. Elles s\u2019inscrivent dans l\u2019objectif d\u2019\u00e9quilibre des comptes des administrations publiques.<\/em><\/p>\n<p><em>Les dispositions du pr\u00e9sent article pourront \u00eatre pr\u00e9cis\u00e9es et compl\u00e9t\u00e9es par une loi organique.<\/em><\/p>\n","protected":false},"excerpt":{"rendered":"<p>Article 34 de la constitution actuelle ** Comme l\u2019article est long, j\u2019ai gliss\u00e9 mes commentaires au milieu en gras** La loi fixe les r\u00e8gles concernant\u00a0: (donc la constitution n\u2019a que faire de\u00a0) \u2013 les droits civiques et les garanties fondamentales accord\u00e9es aux citoyens pour l\u2019exercice des libert\u00e9s publiques\u00a0; la libert\u00e9, le pluralisme et l\u2019ind\u00e9pendance des [&hellip;]<\/p>\n","protected":false},"author":1,"featured_media":0,"parent":0,"menu_order":0,"comment_status":"open","ping_status":"closed","template":"","meta":{"footnotes":""},"class_list":["post-476","page","type-page","status-publish","hentry"],"_links":{"self":[{"href":"https:\/\/www.vuncf.org\/index.php?rest_route=\/wp\/v2\/pages\/476","targetHints":{"allow":["GET"]}}],"collection":[{"href":"https:\/\/www.vuncf.org\/index.php?rest_route=\/wp\/v2\/pages"}],"about":[{"href":"https:\/\/www.vuncf.org\/index.php?rest_route=\/wp\/v2\/types\/page"}],"author":[{"embeddable":true,"href":"https:\/\/www.vuncf.org\/index.php?rest_route=\/wp\/v2\/users\/1"}],"replies":[{"embeddable":true,"href":"https:\/\/www.vuncf.org\/index.php?rest_route=%2Fwp%2Fv2%2Fcomments&post=476"}],"version-history":[{"count":18,"href":"https:\/\/www.vuncf.org\/index.php?rest_route=\/wp\/v2\/pages\/476\/revisions"}],"predecessor-version":[{"id":1382,"href":"https:\/\/www.vuncf.org\/index.php?rest_route=\/wp\/v2\/pages\/476\/revisions\/1382"}],"wp:attachment":[{"href":"https:\/\/www.vuncf.org\/index.php?rest_route=%2Fwp%2Fv2%2Fmedia&parent=476"}],"curies":[{"name":"wp","href":"https:\/\/api.w.org\/{rel}","templated":true}]}}