{"id":474,"date":"2013-07-01T17:22:37","date_gmt":"2013-07-01T15:22:37","guid":{"rendered":"http:\/\/test.briosoft.com\/?page_id=474"},"modified":"2014-11-22T13:12:44","modified_gmt":"2014-11-22T12:12:44","slug":"art-33-secret-a-discretion","status":"publish","type":"page","link":"https:\/\/www.vuncf.org\/?page_id=474","title":{"rendered":"Art 33 Secret \u00e0 discr\u00e9tion"},"content":{"rendered":"<p><b><i>Article 33 <em><b> de la constitution actuelle<\/b><\/em><\/i><\/b><i><\/i><\/p>\n<blockquote><p><i>\u00ab\u00a0Les s\u00e9ances des deux assembl\u00e9es sont publiques. Le compte rendu int\u00e9gral des d\u00e9bats est publi\u00e9 au Journal officiel.<\/i><\/p>\n<p><b><i>Chaque assembl\u00e9e peut si\u00e9ger en comit\u00e9 secret \u00e0 la demande du Premier ministre ou d\u2019un dixi\u00e8me de ses membres.\u00a0\u00bb<\/i><\/b><\/p><\/blockquote>\n<p>&nbsp;<\/p>\n<p>Le secret, c\u2019est quand ils veulent, comme ils veulent, entre eux.<\/p>\n<p>Vous ne pouvez pas comprendre.<\/p>\n<p>La d\u00e9mocratie repr\u00e9sentative, c\u2019est le droit de vos repr\u00e9sentants, d\u00e9tenteurs de TOUT vos pouvoir, d\u2019en disposer comme ils veulent, et le cas \u00e9ch\u00e9ant, selon leur bon vouloir, <em><strong>en secret<\/strong><\/em>.<\/p>\n","protected":false},"excerpt":{"rendered":"<p>Article 33 de la constitution actuelle \u00ab\u00a0Les s\u00e9ances des deux assembl\u00e9es sont publiques. Le compte rendu int\u00e9gral des d\u00e9bats est publi\u00e9 au Journal officiel. Chaque assembl\u00e9e peut si\u00e9ger en comit\u00e9 secret \u00e0 la demande du Premier ministre ou d\u2019un dixi\u00e8me de ses membres.\u00a0\u00bb &nbsp; Le secret, c\u2019est quand ils veulent, comme ils veulent, entre eux. [&hellip;]<\/p>\n","protected":false},"author":1,"featured_media":0,"parent":0,"menu_order":0,"comment_status":"open","ping_status":"closed","template":"","meta":{"footnotes":""},"class_list":["post-474","page","type-page","status-publish","hentry"],"_links":{"self":[{"href":"https:\/\/www.vuncf.org\/index.php?rest_route=\/wp\/v2\/pages\/474","targetHints":{"allow":["GET"]}}],"collection":[{"href":"https:\/\/www.vuncf.org\/index.php?rest_route=\/wp\/v2\/pages"}],"about":[{"href":"https:\/\/www.vuncf.org\/index.php?rest_route=\/wp\/v2\/types\/page"}],"author":[{"embeddable":true,"href":"https:\/\/www.vuncf.org\/index.php?rest_route=\/wp\/v2\/users\/1"}],"replies":[{"embeddable":true,"href":"https:\/\/www.vuncf.org\/index.php?rest_route=%2Fwp%2Fv2%2Fcomments&post=474"}],"version-history":[{"count":7,"href":"https:\/\/www.vuncf.org\/index.php?rest_route=\/wp\/v2\/pages\/474\/revisions"}],"predecessor-version":[{"id":2730,"href":"https:\/\/www.vuncf.org\/index.php?rest_route=\/wp\/v2\/pages\/474\/revisions\/2730"}],"wp:attachment":[{"href":"https:\/\/www.vuncf.org\/index.php?rest_route=%2Fwp%2Fv2%2Fmedia&parent=474"}],"curies":[{"name":"wp","href":"https:\/\/api.w.org\/{rel}","templated":true}]}}