{"id":465,"date":"2013-07-01T16:59:43","date_gmt":"2013-07-01T14:59:43","guid":{"rendered":"http:\/\/test.briosoft.com\/?page_id=465"},"modified":"2014-11-22T13:06:11","modified_gmt":"2014-11-22T12:06:11","slug":"art-27-moi-depute-je-dois-vous-trahir","status":"publish","type":"page","link":"https:\/\/www.vuncf.org\/?page_id=465","title":{"rendered":"Art 27 Moi d\u00e9put\u00e9, je dois vous trahir."},"content":{"rendered":"<p><b><i>Article 27 <em><b> de la constitution actuelle<\/b><\/em><\/i><\/b><i><\/i><\/p>\n<blockquote><p><i>\u00ab\u00a0Tout mandat imp\u00e9ratif est nul.<\/i><\/p>\n<p><i>Le droit de vote des membres du Parlement est personnel<\/i>.\u00a0\u00bb<\/p><\/blockquote>\n<p>&nbsp;<\/p>\n<p>La premi\u00e8re phrase prot\u00e8ge votre d\u00e9put\u00e9 de ses promesses\u00a0: il lui suffit d\u2019invoquer l\u2019interdit du mandat imp\u00e9ratif, qui concr\u00e8tement l\u2019obligerait \u00e0 d\u00e9finir un \u00ab\u00a0mandat\u00a0\u00bb, un \u00ab\u00a0programme d\u2019action\u00a0\u00bb avec ses \u00e9lecteurs, qui lui donnerait une mission \u00e9crite et d\u00e9finie avec l\u2019obligation (sous peine de sanctions p\u00e9nales\u00a0!) de r\u00e9aliser le programme convenu.<\/p>\n<p>C\u2019est \u00e9galement cette phrase qui lui permet de se torcher avec toutes les p\u00e9titions qui ne lui reviennent pas\u00a0:<\/p>\n<p>\u00ab\u00a0Non, sans d\u00e9conner les mecs, j\u2019aurai bien fait comme vous demandez, <b>mais je n\u2019ai pas le droit<\/b>\u00a0!\u00a0\u00bb.<\/p>\n<p>De quoi le vote d\u2019un d\u00e9put\u00e9 est personnel\u00a0? Les \u00e9lecteurs, biens oblig\u00e9s, lui ont remis tous leurs droits, et ensuite, \u00e7a joue perso\u00a0?<\/p>\n<p>En fait, il y a une salet\u00e9 suppl\u00e9mentaire.<\/p>\n<p>L\u2019objectif de De Gaulle, qui modifie les proc\u00e9dures, ne change fondamentalement rien, en dehors du renforcement du pouvoir du Big Boss de la France. Il solidifie le syst\u00e8me en rendant l\u2019Etat juste plus dictatorial.<\/p>\n<p>Il est n\u00e9cessaire pour lui, comme pour ses pr\u00e9d\u00e9cesseurs, que les repr\u00e9sentants soient en fait les repr\u00e9sentants des riches, et qu\u2019ils restent \u00e0 l\u2019abri du peuple qui sent sous les bras.<\/p>\n<p>En ajoutant cette phrase, la constitution emp\u00eache aux \u00e9lecteurs de chercher des noises \u00e0 son repr\u00e9sentant.<\/p>\n<p>Elu localement, le d\u00e9put\u00e9 ou s\u00e9nateur ne va pas au parlement pour repr\u00e9senter les habitants de sa circonscription ; aussit\u00f4t \u00e9lu, chaque d\u00e9put\u00e9 repr\u00e9sente tous les Fran\u00e7ais, donc aucun. Il vote personnellement. Donc pour sa gueule, ou pour celle de son parti ou, le plus important, pour les int\u00e9r\u00eats de ceux qui ont financ\u00e9 son \u00e9lection, et lui ont donc permis d\u2019\u00eatre l\u00e0.<\/p>\n<p>D\u2019abord, il est issu d\u2019un parti, qui lui a donn\u00e9 l\u2019investiture sous condition de petit doigt sur la couture du pantalon. \u00c7a, c\u2019est le contr\u00f4le direct du parti, qui n\u2019est pas contrari\u00e9 en cela par la constitution (j\u2019ai saut\u00e9 l\u2019article o\u00f9 les partis se voient confier la mission \u00ab\u00a0politique\u00a0\u00bb).<\/p>\n<p>Donc tout va bien de ce c\u00f4t\u00e9-l\u00e0. Mais du c\u00f4t\u00e9 du peuple, il importe d\u2019\u00e9difier une muraille\u00a0: le pouvoir, c\u2019est pour les grandes personnes. Pas un fran\u00e7ais ne peut reprocher son action \u00e0 aucun d\u00e9put\u00e9. C\u2019est \u00e9crit. L\u00e0\u00a0!<\/p>\n<p>Un d\u00e9put\u00e9 roule pour tout le monde sauf ses \u00e9lecteurs. Le mandat imp\u00e9ratif est nul. Il lui est INTERDIT d\u2019ob\u00e9ir \u00e0 ses \u00e9lecteurs.<\/p>\n<p>La deuxi\u00e8me phrase pr\u00e9cise, sous r\u00e9serve de la premi\u00e8re, qu\u2019il roule pour qui il veut, selon ses aspirations personnelles.<\/p>\n<p>De la d\u00e9mocratie, on vous dit\u00a0!!<\/p>\n","protected":false},"excerpt":{"rendered":"<p>Article 27 de la constitution actuelle \u00ab\u00a0Tout mandat imp\u00e9ratif est nul. Le droit de vote des membres du Parlement est personnel.\u00a0\u00bb &nbsp; La premi\u00e8re phrase prot\u00e8ge votre d\u00e9put\u00e9 de ses promesses\u00a0: il lui suffit d\u2019invoquer l\u2019interdit du mandat imp\u00e9ratif, qui concr\u00e8tement l\u2019obligerait \u00e0 d\u00e9finir un \u00ab\u00a0mandat\u00a0\u00bb, un \u00ab\u00a0programme d\u2019action\u00a0\u00bb avec ses \u00e9lecteurs, qui lui donnerait [&hellip;]<\/p>\n","protected":false},"author":1,"featured_media":0,"parent":0,"menu_order":0,"comment_status":"open","ping_status":"closed","template":"","meta":{"footnotes":""},"class_list":["post-465","page","type-page","status-publish","hentry"],"_links":{"self":[{"href":"https:\/\/www.vuncf.org\/index.php?rest_route=\/wp\/v2\/pages\/465","targetHints":{"allow":["GET"]}}],"collection":[{"href":"https:\/\/www.vuncf.org\/index.php?rest_route=\/wp\/v2\/pages"}],"about":[{"href":"https:\/\/www.vuncf.org\/index.php?rest_route=\/wp\/v2\/types\/page"}],"author":[{"embeddable":true,"href":"https:\/\/www.vuncf.org\/index.php?rest_route=\/wp\/v2\/users\/1"}],"replies":[{"embeddable":true,"href":"https:\/\/www.vuncf.org\/index.php?rest_route=%2Fwp%2Fv2%2Fcomments&post=465"}],"version-history":[{"count":11,"href":"https:\/\/www.vuncf.org\/index.php?rest_route=\/wp\/v2\/pages\/465\/revisions"}],"predecessor-version":[{"id":2728,"href":"https:\/\/www.vuncf.org\/index.php?rest_route=\/wp\/v2\/pages\/465\/revisions\/2728"}],"wp:attachment":[{"href":"https:\/\/www.vuncf.org\/index.php?rest_route=%2Fwp%2Fv2%2Fmedia&parent=465"}],"curies":[{"name":"wp","href":"https:\/\/api.w.org\/{rel}","templated":true}]}}