{"id":445,"date":"2013-07-01T15:38:42","date_gmt":"2013-07-01T13:38:42","guid":{"rendered":"http:\/\/test.briosoft.com\/?page_id=445"},"modified":"2014-11-22T12:46:56","modified_gmt":"2014-11-22T11:46:56","slug":"art-24-ho-oui-controle-moi","status":"publish","type":"page","link":"https:\/\/www.vuncf.org\/?page_id=445","title":{"rendered":"Art 24 Oh oui ! Contr\u00f4les moi !"},"content":{"rendered":"<p><b><i>Article 24 <em><b> de la constitution actuelle<\/b><\/em><\/i><\/b><i><\/i><\/p>\n<blockquote><p><i>\u00ab\u00a0Le Parlement vote la loi.<strong> Il contr\u00f4le l\u2019action du Gouvernement. Il \u00e9value les politiques publiques.<\/strong><\/i><\/p>\n<p><i>Il comprend l\u2019Assembl\u00e9e nationale et le S\u00e9nat.<\/i><\/p>\n<p><i>Les d\u00e9put\u00e9s \u00e0 l\u2019Assembl\u00e9e nationale, dont le nombre ne peut exc\u00e9der cinq cent soixante-dix-sept, sont \u00e9lus au suffrage direct.<\/i><\/p>\n<p><i>Le S\u00e9nat, dont le nombre de membres ne peut exc\u00e9der trois cent quarante-huit, est \u00e9lu au suffrage indirect. Il assure la repr\u00e9sentation des collectivit\u00e9s territoriales de la R\u00e9publique. <\/i><\/p>\n<p><i>Les Fran\u00e7ais \u00e9tablis hors de France sont repr\u00e9sent\u00e9s \u00e0 l\u2019Assembl\u00e9e nationale et au S\u00e9nat.\u00a0\u00bb<\/i><\/p><\/blockquote>\n<p>&nbsp;<\/p>\n<p>Ces v\u0153ux pieux ne sont assortis d\u2019aucun pouvoir de sanction. Vas y, contr\u00f4les moi\u00a0! Et apr\u00e8s, coucouche panier.<\/p>\n","protected":false},"excerpt":{"rendered":"<p>Article 24 de la constitution actuelle \u00ab\u00a0Le Parlement vote la loi. Il contr\u00f4le l\u2019action du Gouvernement. Il \u00e9value les politiques publiques. Il comprend l\u2019Assembl\u00e9e nationale et le S\u00e9nat. Les d\u00e9put\u00e9s \u00e0 l\u2019Assembl\u00e9e nationale, dont le nombre ne peut exc\u00e9der cinq cent soixante-dix-sept, sont \u00e9lus au suffrage direct. Le S\u00e9nat, dont le nombre de membres ne [&hellip;]<\/p>\n","protected":false},"author":1,"featured_media":0,"parent":0,"menu_order":0,"comment_status":"open","ping_status":"closed","template":"","meta":{"footnotes":""},"class_list":["post-445","page","type-page","status-publish","hentry"],"_links":{"self":[{"href":"https:\/\/www.vuncf.org\/index.php?rest_route=\/wp\/v2\/pages\/445","targetHints":{"allow":["GET"]}}],"collection":[{"href":"https:\/\/www.vuncf.org\/index.php?rest_route=\/wp\/v2\/pages"}],"about":[{"href":"https:\/\/www.vuncf.org\/index.php?rest_route=\/wp\/v2\/types\/page"}],"author":[{"embeddable":true,"href":"https:\/\/www.vuncf.org\/index.php?rest_route=\/wp\/v2\/users\/1"}],"replies":[{"embeddable":true,"href":"https:\/\/www.vuncf.org\/index.php?rest_route=%2Fwp%2Fv2%2Fcomments&post=445"}],"version-history":[{"count":11,"href":"https:\/\/www.vuncf.org\/index.php?rest_route=\/wp\/v2\/pages\/445\/revisions"}],"predecessor-version":[{"id":2722,"href":"https:\/\/www.vuncf.org\/index.php?rest_route=\/wp\/v2\/pages\/445\/revisions\/2722"}],"wp:attachment":[{"href":"https:\/\/www.vuncf.org\/index.php?rest_route=%2Fwp%2Fv2%2Fmedia&parent=445"}],"curies":[{"name":"wp","href":"https:\/\/api.w.org\/{rel}","templated":true}]}}