{"id":442,"date":"2013-07-01T15:32:57","date_gmt":"2013-07-01T13:32:57","guid":{"rendered":"http:\/\/test.briosoft.com\/?page_id=442"},"modified":"2014-11-22T12:45:54","modified_gmt":"2014-11-22T11:45:54","slug":"art-21-larmee-cest-moi","status":"publish","type":"page","link":"https:\/\/www.vuncf.org\/?page_id=442","title":{"rendered":"Art 21 L&rsquo;arm\u00e9e, c&rsquo;est moi."},"content":{"rendered":"<p><b><i>Article 21 <em><b> de la constitution actuelle<\/b><\/em><\/i><\/b><i><\/i><\/p>\n<blockquote><p><i>\u00ab\u00a0Le Premier ministre dirige l\u2019action du Gouvernement. Il est responsable de la D\u00e9fense nationale. Il assure l\u2019ex\u00e9cution des lois. Sous r\u00e9serve des dispositions de l\u2019article\u00a013, il exerce le pouvoir r\u00e9glementaire et nomme aux emplois civils et militaires.<\/i><\/p>\n<p><i>Il peut d\u00e9l\u00e9guer certains de ses pouvoirs aux ministres.<\/i><\/p>\n<p><i>Il suppl\u00e9e, le cas \u00e9ch\u00e9ant, le Pr\u00e9sident de la R\u00e9publique dans la pr\u00e9sidence des conseils et comit\u00e9s pr\u00e9vus \u00e0 l\u2019article\u00a015.<\/i><\/p>\n<p><i>Il peut, \u00e0 titre exceptionnel, le suppl\u00e9er pour la pr\u00e9sidence d\u2019un Conseil des ministres en vertu d\u2019une d\u00e9l\u00e9gation expresse et pour un ordre du jour d\u00e9termin\u00e9.\u00a0\u00bb<\/i><\/p><\/blockquote>\n<p>&nbsp;<\/p>\n<p>En quoi un ministre peut-il poss\u00e9der, sans contr\u00f4le ni contrepartie, le pouvoir de conformer l\u2019arm\u00e9e \u00e0 ses d\u00e9sir en nommant ses chefs, et se charger ensuite de la d\u00e9fense nationale\u00a0?<\/p>\n<p>Il manque bien des choses dans cet article qui est une carte blanche sans responsabilit\u00e9 r\u00e9elle en retour.<\/p>\n<p>Avec le Pr\u00e9sident en chef supr\u00eame des arm\u00e9es, nous voil\u00e0 livr\u00e9s aux humeurs des deux cocos.<\/p>\n","protected":false},"excerpt":{"rendered":"<p>Article 21 de la constitution actuelle \u00ab\u00a0Le Premier ministre dirige l\u2019action du Gouvernement. Il est responsable de la D\u00e9fense nationale. Il assure l\u2019ex\u00e9cution des lois. Sous r\u00e9serve des dispositions de l\u2019article\u00a013, il exerce le pouvoir r\u00e9glementaire et nomme aux emplois civils et militaires. Il peut d\u00e9l\u00e9guer certains de ses pouvoirs aux ministres. Il suppl\u00e9e, le [&hellip;]<\/p>\n","protected":false},"author":1,"featured_media":0,"parent":0,"menu_order":0,"comment_status":"open","ping_status":"closed","template":"","meta":{"footnotes":""},"class_list":["post-442","page","type-page","status-publish","hentry"],"_links":{"self":[{"href":"https:\/\/www.vuncf.org\/index.php?rest_route=\/wp\/v2\/pages\/442","targetHints":{"allow":["GET"]}}],"collection":[{"href":"https:\/\/www.vuncf.org\/index.php?rest_route=\/wp\/v2\/pages"}],"about":[{"href":"https:\/\/www.vuncf.org\/index.php?rest_route=\/wp\/v2\/types\/page"}],"author":[{"embeddable":true,"href":"https:\/\/www.vuncf.org\/index.php?rest_route=\/wp\/v2\/users\/1"}],"replies":[{"embeddable":true,"href":"https:\/\/www.vuncf.org\/index.php?rest_route=%2Fwp%2Fv2%2Fcomments&post=442"}],"version-history":[{"count":8,"href":"https:\/\/www.vuncf.org\/index.php?rest_route=\/wp\/v2\/pages\/442\/revisions"}],"predecessor-version":[{"id":2721,"href":"https:\/\/www.vuncf.org\/index.php?rest_route=\/wp\/v2\/pages\/442\/revisions\/2721"}],"wp:attachment":[{"href":"https:\/\/www.vuncf.org\/index.php?rest_route=%2Fwp%2Fv2%2Fmedia&parent=442"}],"curies":[{"name":"wp","href":"https:\/\/api.w.org\/{rel}","templated":true}]}}