{"id":439,"date":"2013-07-01T15:28:13","date_gmt":"2013-07-01T13:28:13","guid":{"rendered":"http:\/\/test.briosoft.com\/?page_id=439"},"modified":"2014-11-22T12:41:50","modified_gmt":"2014-11-22T11:41:50","slug":"art-20-le-president-est-irresponsable","status":"publish","type":"page","link":"https:\/\/www.vuncf.org\/?page_id=439","title":{"rendered":"Art 20 Le pr\u00e9sident est irresponsable"},"content":{"rendered":"<p style=\"text-align: left;\" align=\"center\"><em><b>Article 20 <em><b> de la constitution actuelle<\/b><\/em> <\/b><\/em><\/p>\n<blockquote><p><em>\u00ab\u00a0Le Gouvernement d\u00e9termine et conduit la politique de la Nation.<\/em><\/p>\n<p><em>Il dispose de l\u2019administration et de la force arm\u00e9e.<\/em><\/p>\n<p><em>Il est responsable devant le Parlement dans les conditions et suivant les proc\u00e9dures pr\u00e9vues aux articles\u00a049 et 50.\u00a0\u00bb<\/em><\/p><\/blockquote>\n<p>&nbsp;<\/p>\n<p>Le gouvernement n\u2019a pas \u00e0 d\u00e9terminer, juste conduire. C\u2019est vous et moi qui devons d\u00e9terminer. C\u2019est juste le principe de la d\u00e9mocratie.<\/p>\n<p>Noter l\u2019absence totale de contr\u00f4le.<\/p>\n<p>Qu\u2019il dispose de l\u2019administration me g\u00eane. Vous pouvez disposer mon brave.<\/p>\n<p>Qu\u2019il dispose de l\u2019arm\u00e9e me r\u00e9volte.<\/p>\n<p>Quant \u00e0 la \u00ab\u00a0responsabilit\u00e9\u00a0\u00bb, c\u2019est l\u2019arnaque.<\/p>\n<p>La grosse, la vraie Responsabilit\u00e9 suppose que son usage soit sanctionn\u00e9 en cas d\u2019erreur et de fautes.<\/p>\n<p>Le pr\u00e9sident et \u00ab\u00a0son\u00a0\u00bb gouvernement n\u2019ont absolument rien \u00e0 craindre de cette responsabilit\u00e9. Vous savez, quand vous faites subir un pr\u00e9judice \u00e0 quelqu\u2019un, pr\u00e9judice qu\u2019un tribunal \u00e9tablit, alors vous devez r\u00e9parer le pr\u00e9judice, remettre les choses en l\u2019\u00e9tat tel qu&rsquo;avant votre action pr\u00e9judiciable. Je casse votre voiture, je suis responsable DONC je vous en paye une autre. Et apr\u00e8s on voit pour les frais, les pr\u00e9judices moraux et autres.<\/p>\n<p>Rien de tout cela\u00a0: L\u2019article 49, dont nous reparlerons bien \u00e9videment, mentionne l\u2019engagement de la responsabilit\u00e9 du gouvernement.<\/p>\n<p>Pipeau de Bronze pour cette farce.<\/p>\n<p>Rien de pr\u00e9vu en cas de bavure. En transposant, je vous casse votre voiture, je suis d\u00e9clar\u00e9 responsable. Et c\u2019est tout. \u00c7a ne me co\u00fbte rien, je garde mon poste\u2026 Je vous ruine. Rien. Je suis juste \u00ab\u00a0responsable\u00a0\u00bb. Les z\u2019om politiques adorent employer les expressions autour du mot responsabilit\u00e9\u00a0: \u00ab\u00a0J\u2019assume mes responsabilit\u00e9 devant les fran\u00e7ais\u00a0\u00bb, \u00ab\u00a0Sur le sujet des retraites je suis responsable\u00a0\u00bb\u2026.<\/p>\n<p>Parler de responsabilit\u00e9 n\u2019a de sens que si une liste de sanctions aux manquements \u00e0 la responsabilit\u00e9 existe et est appliqu\u00e9e.<\/p>\n<p>Dans la constitution fran\u00e7aise, le mot responsabilit\u00e9 est constamment utilis\u00e9 pour signifier son exact contraire.<\/p>\n","protected":false},"excerpt":{"rendered":"<p>Article 20 de la constitution actuelle \u00ab\u00a0Le Gouvernement d\u00e9termine et conduit la politique de la Nation. Il dispose de l\u2019administration et de la force arm\u00e9e. Il est responsable devant le Parlement dans les conditions et suivant les proc\u00e9dures pr\u00e9vues aux articles\u00a049 et 50.\u00a0\u00bb &nbsp; Le gouvernement n\u2019a pas \u00e0 d\u00e9terminer, juste conduire. C\u2019est vous et [&hellip;]<\/p>\n","protected":false},"author":1,"featured_media":0,"parent":0,"menu_order":0,"comment_status":"open","ping_status":"closed","template":"","meta":{"footnotes":""},"class_list":["post-439","page","type-page","status-publish","hentry"],"_links":{"self":[{"href":"https:\/\/www.vuncf.org\/index.php?rest_route=\/wp\/v2\/pages\/439","targetHints":{"allow":["GET"]}}],"collection":[{"href":"https:\/\/www.vuncf.org\/index.php?rest_route=\/wp\/v2\/pages"}],"about":[{"href":"https:\/\/www.vuncf.org\/index.php?rest_route=\/wp\/v2\/types\/page"}],"author":[{"embeddable":true,"href":"https:\/\/www.vuncf.org\/index.php?rest_route=\/wp\/v2\/users\/1"}],"replies":[{"embeddable":true,"href":"https:\/\/www.vuncf.org\/index.php?rest_route=%2Fwp%2Fv2%2Fcomments&post=439"}],"version-history":[{"count":12,"href":"https:\/\/www.vuncf.org\/index.php?rest_route=\/wp\/v2\/pages\/439\/revisions"}],"predecessor-version":[{"id":2720,"href":"https:\/\/www.vuncf.org\/index.php?rest_route=\/wp\/v2\/pages\/439\/revisions\/2720"}],"wp:attachment":[{"href":"https:\/\/www.vuncf.org\/index.php?rest_route=%2Fwp%2Fv2%2Fmedia&parent=439"}],"curies":[{"name":"wp","href":"https:\/\/api.w.org\/{rel}","templated":true}]}}