{"id":436,"date":"2013-07-01T15:08:46","date_gmt":"2013-07-01T13:08:46","guid":{"rendered":"http:\/\/test.briosoft.com\/?page_id=436"},"modified":"2014-11-22T12:40:27","modified_gmt":"2014-11-22T11:40:27","slug":"art-18-le-chef-a-toujours-raison","status":"publish","type":"page","link":"https:\/\/www.vuncf.org\/?page_id=436","title":{"rendered":"Art 18 Le chef a toujours raison"},"content":{"rendered":"<p style=\"text-align: left;\" align=\"center\"><em><b>Article\u00a018 <em><b> de la constitution actuelle<\/b><\/em><br \/>\n<\/b><\/em><\/p>\n<blockquote><p><em>\u00ab\u00a0Le Pr\u00e9sident de la R\u00e9publique communique avec les deux assembl\u00e9es du Parlement par des messages qu\u2019il fait lire et qui ne donnent lieu \u00e0 aucun d\u00e9bat.<\/em><\/p>\n<p><em>Il peut prendre la parole devant le Parlement r\u00e9uni \u00e0 cet effet en Congr\u00e8s. Sa d\u00e9claration peut donner lieu, hors sa pr\u00e9sence, \u00e0 un d\u00e9bat qui ne fait l\u2019objet d\u2019aucun vote.<\/em><\/p>\n<p><em>Hors session, les assembl\u00e9es parlementaires sont r\u00e9unies sp\u00e9cialement \u00e0 cet effet.\u00a0\u00bb<\/em><\/p><\/blockquote>\n<p>&nbsp;<\/p>\n<p>Trop cool\u00a0: on ne r\u00e9pond pas au chef, ses paroles ne sont pas soumises \u00e0 censure.<\/p>\n<p>Pas de d\u00e9bat, pas de vote.<\/p>\n<p>Le chef est vraiment le chef\u00a0!<\/p>\n<p>Le chef ne parle pas\u00a0: il dit la messe.<\/p>\n","protected":false},"excerpt":{"rendered":"<p>Article\u00a018 de la constitution actuelle \u00ab\u00a0Le Pr\u00e9sident de la R\u00e9publique communique avec les deux assembl\u00e9es du Parlement par des messages qu\u2019il fait lire et qui ne donnent lieu \u00e0 aucun d\u00e9bat. Il peut prendre la parole devant le Parlement r\u00e9uni \u00e0 cet effet en Congr\u00e8s. Sa d\u00e9claration peut donner lieu, hors sa pr\u00e9sence, \u00e0 un [&hellip;]<\/p>\n","protected":false},"author":1,"featured_media":0,"parent":0,"menu_order":0,"comment_status":"open","ping_status":"closed","template":"","meta":{"footnotes":""},"class_list":["post-436","page","type-page","status-publish","hentry"],"_links":{"self":[{"href":"https:\/\/www.vuncf.org\/index.php?rest_route=\/wp\/v2\/pages\/436","targetHints":{"allow":["GET"]}}],"collection":[{"href":"https:\/\/www.vuncf.org\/index.php?rest_route=\/wp\/v2\/pages"}],"about":[{"href":"https:\/\/www.vuncf.org\/index.php?rest_route=\/wp\/v2\/types\/page"}],"author":[{"embeddable":true,"href":"https:\/\/www.vuncf.org\/index.php?rest_route=\/wp\/v2\/users\/1"}],"replies":[{"embeddable":true,"href":"https:\/\/www.vuncf.org\/index.php?rest_route=%2Fwp%2Fv2%2Fcomments&post=436"}],"version-history":[{"count":8,"href":"https:\/\/www.vuncf.org\/index.php?rest_route=\/wp\/v2\/pages\/436\/revisions"}],"predecessor-version":[{"id":2719,"href":"https:\/\/www.vuncf.org\/index.php?rest_route=\/wp\/v2\/pages\/436\/revisions\/2719"}],"wp:attachment":[{"href":"https:\/\/www.vuncf.org\/index.php?rest_route=%2Fwp%2Fv2%2Fmedia&parent=436"}],"curies":[{"name":"wp","href":"https:\/\/api.w.org\/{rel}","templated":true}]}}