{"id":433,"date":"2013-07-01T15:05:36","date_gmt":"2013-07-01T13:05:36","guid":{"rendered":"http:\/\/test.briosoft.com\/?page_id=433"},"modified":"2014-11-20T17:21:44","modified_gmt":"2014-11-20T16:21:44","slug":"art-17-touchez-pas-cest-un-ami","status":"publish","type":"page","link":"https:\/\/www.vuncf.org\/?page_id=433","title":{"rendered":"Art 17 Touchez pas, c&rsquo;est un ami."},"content":{"rendered":"<p style=\"text-align: left;\" align=\"center\"><strong><em>Article\u00a017\u00a0<\/em><em><b> de la constitution actuelle<\/b><\/em><\/strong><\/p>\n<blockquote><p>\u00ab\u00a0Le Pr\u00e9sident de la R\u00e9publique a le droit de faire gr\u00e2ce \u00e0 titre individuel.\u00a0\u00bb<\/p><\/blockquote>\n<p>&nbsp;<\/p>\n<p>Voil\u00e0 un droit constitutionnellement retir\u00e9 au peuple, sans contrepartie ni contr\u00f4le.<\/p>\n<p>Voil\u00e0 une occasion de se torcher avec le droit commun.<\/p>\n","protected":false},"excerpt":{"rendered":"<p>Article\u00a017\u00a0 de la constitution actuelle \u00ab\u00a0Le Pr\u00e9sident de la R\u00e9publique a le droit de faire gr\u00e2ce \u00e0 titre individuel.\u00a0\u00bb &nbsp; Voil\u00e0 un droit constitutionnellement retir\u00e9 au peuple, sans contrepartie ni contr\u00f4le. Voil\u00e0 une occasion de se torcher avec le droit commun.<\/p>\n","protected":false},"author":1,"featured_media":0,"parent":0,"menu_order":0,"comment_status":"open","ping_status":"closed","template":"","meta":{"footnotes":""},"class_list":["post-433","page","type-page","status-publish","hentry"],"_links":{"self":[{"href":"https:\/\/www.vuncf.org\/index.php?rest_route=\/wp\/v2\/pages\/433","targetHints":{"allow":["GET"]}}],"collection":[{"href":"https:\/\/www.vuncf.org\/index.php?rest_route=\/wp\/v2\/pages"}],"about":[{"href":"https:\/\/www.vuncf.org\/index.php?rest_route=\/wp\/v2\/types\/page"}],"author":[{"embeddable":true,"href":"https:\/\/www.vuncf.org\/index.php?rest_route=\/wp\/v2\/users\/1"}],"replies":[{"embeddable":true,"href":"https:\/\/www.vuncf.org\/index.php?rest_route=%2Fwp%2Fv2%2Fcomments&post=433"}],"version-history":[{"count":12,"href":"https:\/\/www.vuncf.org\/index.php?rest_route=\/wp\/v2\/pages\/433\/revisions"}],"predecessor-version":[{"id":2710,"href":"https:\/\/www.vuncf.org\/index.php?rest_route=\/wp\/v2\/pages\/433\/revisions\/2710"}],"wp:attachment":[{"href":"https:\/\/www.vuncf.org\/index.php?rest_route=%2Fwp%2Fv2%2Fmedia&parent=433"}],"curies":[{"name":"wp","href":"https:\/\/api.w.org\/{rel}","templated":true}]}}