{"id":430,"date":"2013-07-01T15:03:01","date_gmt":"2013-07-01T13:03:01","guid":{"rendered":"http:\/\/test.briosoft.com\/?page_id=430"},"modified":"2014-11-26T11:30:54","modified_gmt":"2014-11-26T10:30:54","slug":"art-16-menervez-pas","status":"publish","type":"page","link":"https:\/\/www.vuncf.org\/?page_id=430","title":{"rendered":"Art 16 M&rsquo;\u00e9nervez pas !"},"content":{"rendered":"<p style=\"text-align: left;\" align=\"center\"><em><b>Article\u00a016\u00a0<em><b> de la constitution actuelle<\/b><\/em><\/b><\/em><\/p>\n<blockquote><p>\u00ab\u00a0Lorsque les institutions de la R\u00e9publique, l\u2019ind\u00e9pendance de la Nation, l\u2019int\u00e9grit\u00e9 de son territoire ou l\u2019ex\u00e9cution de ses engagements internationaux sont menac\u00e9es d\u2019une mani\u00e8re grave et imm\u00e9diate et que le fonctionnement r\u00e9gulier des pouvoirs publics constitutionnels est interrompu, le Pr\u00e9sident de la R\u00e9publique prend les mesures exig\u00e9es par ces circonstances, apr\u00e8s consultation officielle du Premier ministre, des Pr\u00e9sidents des assembl\u00e9es ainsi que du Conseil constitutionnel.<\/p>\n<p>Il en informe la Nation par un message.<br \/>\nCes mesures doivent \u00eatre inspir\u00e9es par la volont\u00e9 d\u2019assurer aux pouvoirs publics constitutionnels, dans les moindres d\u00e9lais, les moyens d\u2019accomplir leur mission. Le Conseil constitutionnel est consult\u00e9 \u00e0 leur sujet.<\/p>\n<p>Le Parlement se r\u00e9unit de plein droit.<\/p>\n<p>L\u2019Assembl\u00e9e nationale ne peut \u00eatre dissoute pendant l\u2019exercice des pouvoirs exceptionnels.<br \/>\nApr\u00e8s trente jours d\u2019exercice des pouvoirs exceptionnels, le Conseil constitutionnel peut \u00eatre saisi par le Pr\u00e9sident de l\u2019Assembl\u00e9e nationale, le Pr\u00e9sident du S\u00e9nat, soixante d\u00e9put\u00e9s ou soixante s\u00e9nateurs, aux fins d\u2019examiner si les conditions \u00e9nonc\u00e9es au premier alin\u00e9a demeurent r\u00e9unies. Il se prononce dans les d\u00e9lais les plus brefs par un avis public. Il proc\u00e8de de plein droit \u00e0 cet examen et se prononce dans les m\u00eames conditions au terme de soixante jours d\u2019exercice des pouvoirs exceptionnels et \u00e0 tout moment au-del\u00e0 de cette dur\u00e9e.\u00a0\u00bb<\/p><\/blockquote>\n<p>&nbsp;<\/p>\n<p>Une vrai merveille.<\/p>\n<p>En cas de probl\u00e8me, le chef fait semblant de consulter les institutions qui lui sont inf\u00e9od\u00e9es.<\/p>\n<p>Aucun risque de contradiction.<\/p>\n<p>Tranquillit\u00e9 absolue du Pr\u00e9sident pendant trente jours.<\/p>\n<p><b>L\u2019ex\u00e9cution des engagements internationaux<\/b>\u00a0: donc des obligations issues de tous ces trait\u00e9s qui nous asservissent aux oligarques. Si nous les contestons, nous mena\u00e7ons l\u2019ex\u00e9cution des engagements (non d\u00e9mocratiques, soit dit en passant\u00a0: vous vous rappelez la Constitution Europ\u00e9enne).<\/p>\n<p>Le pr\u00e9sident de la r\u00e9publique, et personne d\u2019autre, peut passer en situation d\u2019exception, en mode <em>\u00e9tat de si\u00e8ge, suspension de droits<\/em>, dissolution de mouvement politique g\u00eanant, suspension de droits civiques.<\/p>\n<p>Donc si nous lan\u00e7ons une r\u00e9flexion sur la concurrence, l\u2019Euro, l\u2019ignominie du droit europ\u00e9en, nous entrons tr\u00e8s exactement dans ce sch\u00e9ma. Nous m\u00e9ritons de subir la col\u00e8re de papa.<\/p>\n","protected":false},"excerpt":{"rendered":"<p>Article\u00a016\u00a0 de la constitution actuelle \u00ab\u00a0Lorsque les institutions de la R\u00e9publique, l\u2019ind\u00e9pendance de la Nation, l\u2019int\u00e9grit\u00e9 de son territoire ou l\u2019ex\u00e9cution de ses engagements internationaux sont menac\u00e9es d\u2019une mani\u00e8re grave et imm\u00e9diate et que le fonctionnement r\u00e9gulier des pouvoirs publics constitutionnels est interrompu, le Pr\u00e9sident de la R\u00e9publique prend les mesures exig\u00e9es par ces circonstances, [&hellip;]<\/p>\n","protected":false},"author":1,"featured_media":0,"parent":0,"menu_order":0,"comment_status":"open","ping_status":"closed","template":"","meta":{"footnotes":""},"class_list":["post-430","page","type-page","status-publish","hentry"],"_links":{"self":[{"href":"https:\/\/www.vuncf.org\/index.php?rest_route=\/wp\/v2\/pages\/430","targetHints":{"allow":["GET"]}}],"collection":[{"href":"https:\/\/www.vuncf.org\/index.php?rest_route=\/wp\/v2\/pages"}],"about":[{"href":"https:\/\/www.vuncf.org\/index.php?rest_route=\/wp\/v2\/types\/page"}],"author":[{"embeddable":true,"href":"https:\/\/www.vuncf.org\/index.php?rest_route=\/wp\/v2\/users\/1"}],"replies":[{"embeddable":true,"href":"https:\/\/www.vuncf.org\/index.php?rest_route=%2Fwp%2Fv2%2Fcomments&post=430"}],"version-history":[{"count":18,"href":"https:\/\/www.vuncf.org\/index.php?rest_route=\/wp\/v2\/pages\/430\/revisions"}],"predecessor-version":[{"id":2765,"href":"https:\/\/www.vuncf.org\/index.php?rest_route=\/wp\/v2\/pages\/430\/revisions\/2765"}],"wp:attachment":[{"href":"https:\/\/www.vuncf.org\/index.php?rest_route=%2Fwp%2Fv2%2Fmedia&parent=430"}],"curies":[{"name":"wp","href":"https:\/\/api.w.org\/{rel}","templated":true}]}}