{"id":423,"date":"2013-07-01T14:34:23","date_gmt":"2013-07-01T12:34:23","guid":{"rendered":"http:\/\/test.briosoft.com\/?page_id=423"},"modified":"2014-11-20T17:06:00","modified_gmt":"2014-11-20T16:06:00","slug":"art-12-dissolution-des-assemblees","status":"publish","type":"page","link":"https:\/\/www.vuncf.org\/?page_id=423","title":{"rendered":"Art 12 Dissolution des assembl\u00e9es"},"content":{"rendered":"<p style=\"text-align: left;\" align=\"center\"><strong><em>Article\u00a012\u00a0<\/em><em><b> de la constitution actuelle<\/b><\/em><\/strong><\/p>\n<blockquote><p>\u00ab\u00a0Le Pr\u00e9sident de la R\u00e9publique peut, apr\u00e8s consultation du Premier ministre et des Pr\u00e9sidents des assembl\u00e9es, prononcer la dissolution de l\u2019Assembl\u00e9e nationale.<br \/>\nLes \u00e9lections g\u00e9n\u00e9rales ont lieu vingt jours au moins et quarante jours au plus apr\u00e8s la dissolution.<br \/>\nL\u2019Assembl\u00e9e nationale se r\u00e9unit de plein droit le deuxi\u00e8me jeudi qui suit son \u00e9lection. Si cette r\u00e9union a lieu en dehors de la p\u00e9riode pr\u00e9vue pour la session ordinaire, une session est ouverte de droit pour une dur\u00e9e de quinze jours.\u00a0\u00bb<\/p><\/blockquote>\n<div>\n<p><em>Il ne peut \u00eatre proc\u00e9d\u00e9 \u00e0 une nouvelle dissolution dans l\u2019ann\u00e9e qui suit ces \u00e9lections.<\/em><\/p>\n<\/div>\n<p>Et nous, on peut dissoudre\u00a0?<\/p>\n<p>Et pourquoi on impose un an sans dissolution\u00a0?<\/p>\n<p>Une solution aurait consist\u00e9 \u00e0 donner tout le pouvoir au peuple, la solution retenue consiste \u00e0 limiter l\u2019effet de groupes de pressions en remettant toute l\u2019autorit\u00e9 au Capo de tutti li capi.<\/p>\n<p>Qui avait peur de la quatri\u00e8me r\u00e9publique, sans cesse g\u00ean\u00e9e pour gouverner par des groupes de pressions et des soucis de coalition\u00a0?<\/p>\n<p>Tr\u00e8s d\u00e9mocrate, le grand Charles\u00a0!<\/p>\n","protected":false},"excerpt":{"rendered":"<p>Article\u00a012\u00a0 de la constitution actuelle \u00ab\u00a0Le Pr\u00e9sident de la R\u00e9publique peut, apr\u00e8s consultation du Premier ministre et des Pr\u00e9sidents des assembl\u00e9es, prononcer la dissolution de l\u2019Assembl\u00e9e nationale. Les \u00e9lections g\u00e9n\u00e9rales ont lieu vingt jours au moins et quarante jours au plus apr\u00e8s la dissolution. L\u2019Assembl\u00e9e nationale se r\u00e9unit de plein droit le deuxi\u00e8me jeudi qui [&hellip;]<\/p>\n","protected":false},"author":1,"featured_media":0,"parent":0,"menu_order":0,"comment_status":"open","ping_status":"closed","template":"","meta":{"footnotes":""},"class_list":["post-423","page","type-page","status-publish","hentry"],"_links":{"self":[{"href":"https:\/\/www.vuncf.org\/index.php?rest_route=\/wp\/v2\/pages\/423","targetHints":{"allow":["GET"]}}],"collection":[{"href":"https:\/\/www.vuncf.org\/index.php?rest_route=\/wp\/v2\/pages"}],"about":[{"href":"https:\/\/www.vuncf.org\/index.php?rest_route=\/wp\/v2\/types\/page"}],"author":[{"embeddable":true,"href":"https:\/\/www.vuncf.org\/index.php?rest_route=\/wp\/v2\/users\/1"}],"replies":[{"embeddable":true,"href":"https:\/\/www.vuncf.org\/index.php?rest_route=%2Fwp%2Fv2%2Fcomments&post=423"}],"version-history":[{"count":10,"href":"https:\/\/www.vuncf.org\/index.php?rest_route=\/wp\/v2\/pages\/423\/revisions"}],"predecessor-version":[{"id":2707,"href":"https:\/\/www.vuncf.org\/index.php?rest_route=\/wp\/v2\/pages\/423\/revisions\/2707"}],"wp:attachment":[{"href":"https:\/\/www.vuncf.org\/index.php?rest_route=%2Fwp%2Fv2%2Fmedia&parent=423"}],"curies":[{"name":"wp","href":"https:\/\/api.w.org\/{rel}","templated":true}]}}