{"id":414,"date":"2013-07-01T13:59:28","date_gmt":"2013-07-01T11:59:28","guid":{"rendered":"http:\/\/test.briosoft.com\/?page_id=414"},"modified":"2014-11-22T17:53:23","modified_gmt":"2014-11-22T16:53:23","slug":"art-10-president-super-papa","status":"publish","type":"page","link":"https:\/\/www.vuncf.org\/?page_id=414","title":{"rendered":"Art 10 Pr\u00e9sident super-papa"},"content":{"rendered":"<p style=\"text-align: left;\" align=\"center\"><b><i>Article\u00a010\u00a0<em><b> de la constitution actuelle<\/b><\/em><\/i><\/b><\/p>\n<blockquote><p>\u00ab\u00a0Le Pr\u00e9sident de la R\u00e9publique promulgue les lois dans les quinze jours qui suivent la transmission au Gouvernement de la loi d\u00e9finitivement adopt\u00e9e.<br \/>\nIl peut, avant l\u2019expiration de ce d\u00e9lai, demander au Parlement une nouvelle d\u00e9lib\u00e9ration de la loi ou de certains de ses articles. Cette nouvelle d\u00e9lib\u00e9ration ne peut \u00eatre refus\u00e9e.\u00a0\u00bb<\/p><\/blockquote>\n<p>&nbsp;<\/p>\n<p>I l \u00ab\u00a0peut\u00a0\u00bb donc forcer les parlementaires \u00e0 revoir un texte.<\/p>\n<p>Ah fl\u00fbte, l\u2019article 3 indique que nous remettons notre souverainet\u00e9 \u00e0 nos repr\u00e9sentants. Alors pourquoi ce mec s\u2019en m\u00eale\u00a0?<\/p>\n<p>Ce n\u2019est pas son job.<\/p>\n<p>Le pr\u00e9sident de la r\u00e9publique n\u2019est que le g\u00e9rant de la France, dont le moindre citoyen est \u00ab\u00a0actionnaire\u00a0\u00bb. Pr\u00e9sident = \u00a0G\u00e9rant salari\u00e9. Aux ordres\u00a0!<\/p>\n<p>Il n\u2019a pas \u00e0 revenir, <strong><em>de sa propre initiative<\/em><\/strong>, sur des d\u00e9cisions d\u2019un parlement soi-disant souverain.<\/p>\n<p>Le Pr\u00e9sident est le chef de l\u2019ex\u00e9cutif. Il n\u2019a pas \u00e0 se m\u00ealer du l\u00e9gislatif.<\/p>\n<p>Ca s\u2019appelle \u00ab\u00a0s\u00e9paration des pouvoirs\u00a0\u00bb. Un concept essentiel en d\u00e9mocratie.<\/p>\n","protected":false},"excerpt":{"rendered":"<p>Article\u00a010\u00a0 de la constitution actuelle \u00ab\u00a0Le Pr\u00e9sident de la R\u00e9publique promulgue les lois dans les quinze jours qui suivent la transmission au Gouvernement de la loi d\u00e9finitivement adopt\u00e9e. Il peut, avant l\u2019expiration de ce d\u00e9lai, demander au Parlement une nouvelle d\u00e9lib\u00e9ration de la loi ou de certains de ses articles. Cette nouvelle d\u00e9lib\u00e9ration ne peut [&hellip;]<\/p>\n","protected":false},"author":1,"featured_media":0,"parent":0,"menu_order":0,"comment_status":"open","ping_status":"closed","template":"","meta":{"footnotes":""},"class_list":["post-414","page","type-page","status-publish","hentry"],"_links":{"self":[{"href":"https:\/\/www.vuncf.org\/index.php?rest_route=\/wp\/v2\/pages\/414","targetHints":{"allow":["GET"]}}],"collection":[{"href":"https:\/\/www.vuncf.org\/index.php?rest_route=\/wp\/v2\/pages"}],"about":[{"href":"https:\/\/www.vuncf.org\/index.php?rest_route=\/wp\/v2\/types\/page"}],"author":[{"embeddable":true,"href":"https:\/\/www.vuncf.org\/index.php?rest_route=\/wp\/v2\/users\/1"}],"replies":[{"embeddable":true,"href":"https:\/\/www.vuncf.org\/index.php?rest_route=%2Fwp%2Fv2%2Fcomments&post=414"}],"version-history":[{"count":11,"href":"https:\/\/www.vuncf.org\/index.php?rest_route=\/wp\/v2\/pages\/414\/revisions"}],"predecessor-version":[{"id":2761,"href":"https:\/\/www.vuncf.org\/index.php?rest_route=\/wp\/v2\/pages\/414\/revisions\/2761"}],"wp:attachment":[{"href":"https:\/\/www.vuncf.org\/index.php?rest_route=%2Fwp%2Fv2%2Fmedia&parent=414"}],"curies":[{"name":"wp","href":"https:\/\/api.w.org\/{rel}","templated":true}]}}