{"id":406,"date":"2013-07-01T13:44:17","date_gmt":"2013-07-01T11:44:17","guid":{"rendered":"http:\/\/test.briosoft.com\/?page_id=406"},"modified":"2014-11-20T17:02:10","modified_gmt":"2014-11-20T16:02:10","slug":"art-3-souverainete-du-peuple","status":"publish","type":"page","link":"https:\/\/www.vuncf.org\/?page_id=406","title":{"rendered":"Art 3 Souverainet\u00e9 du peuple"},"content":{"rendered":"<p><em>Article\u00a03<\/em><\/p>\n<blockquote><p><em>\u00ab\u00a0La souverainet\u00e9 nationale appartient au peuple qui l\u2019exerce par ses repr\u00e9sentants et par la voie du r\u00e9f\u00e9rendum.\u00a0\u00bb<\/em><\/p><\/blockquote>\n<p>===============================================<\/p>\n<p>Arnaque\u00a0! Le peuple n\u2019exerce plus aucune souverainet\u00e9 sur des repr\u00e9sentants irresponsables, jouissant d\u2019une immunit\u00e9. Une fois \u00e9lu, un repr\u00e9sentant ne travaille plus pour vous. Vous ne pouvez plus contester ses d\u00e9cisions. Vous ne pouvez en aucun cas le d\u00e9mettre.<\/p>\n<p>Il y a un vrai <b>mensonge<\/b>\u00a0: \u00ab\u00a0<i>appartient au peuple<\/i>\u00a0\u00bb est un mensonge \u00e9hont\u00e9, puisque pr\u00e9cis\u00e9ment le peuple abandonne sa souverainet\u00e9 entre les mains de repr\u00e9sentants sur lesquels il n\u2019exerce aucun contr\u00f4le, ni pendant, ni apr\u00e8s son mandat.<\/p>\n<p>La formule juste sera\u00a0:<\/p>\n<p><b>La souverainet\u00e9 nationale est transmise int\u00e9gralement aux repr\u00e9sentants par le peuple qui renonce par ce fait \u00e0 ladite souverainet\u00e9.<\/b><\/p>\n<p>Imaginez la police sans sa propre police, l\u2019\u00ab\u00a0inspection g\u00e9n\u00e9rale des services\u00a0\u00bb. Qui nous prot\u00e8gerait des flics ripoux, s\u2019il n\u2019y avait les \u00ab\u00a0b\u0153ufs carottes\u00a0\u00bb\u00a0?<\/p>\n<p>Il n\u2019existe aucun moyen de surveillance ni de sanction sur nos repr\u00e9sentants.<\/p>\n<p>Quant \u00e0 la voie du r\u00e9f\u00e9rendum, l&rsquo;initiative est entre les mains du pr\u00e9sident \u00e0 l&rsquo;exclusion de tout autre moyen. Le soi-disant r\u00e9f\u00e9rendum populaire est une escroquerie bien Sarkozienne. Il ne donne strictement aucun moyen \u00e0 un groupe de protestataires pour se faire entendre et questionner le peuple.<\/p>\n","protected":false},"excerpt":{"rendered":"<p>Article\u00a03 \u00ab\u00a0La souverainet\u00e9 nationale appartient au peuple qui l\u2019exerce par ses repr\u00e9sentants et par la voie du r\u00e9f\u00e9rendum.\u00a0\u00bb =============================================== Arnaque\u00a0! Le peuple n\u2019exerce plus aucune souverainet\u00e9 sur des repr\u00e9sentants irresponsables, jouissant d\u2019une immunit\u00e9. Une fois \u00e9lu, un repr\u00e9sentant ne travaille plus pour vous. Vous ne pouvez plus contester ses d\u00e9cisions. Vous ne pouvez en aucun [&hellip;]<\/p>\n","protected":false},"author":1,"featured_media":0,"parent":0,"menu_order":0,"comment_status":"open","ping_status":"closed","template":"","meta":{"footnotes":""},"class_list":["post-406","page","type-page","status-publish","hentry"],"_links":{"self":[{"href":"https:\/\/www.vuncf.org\/index.php?rest_route=\/wp\/v2\/pages\/406","targetHints":{"allow":["GET"]}}],"collection":[{"href":"https:\/\/www.vuncf.org\/index.php?rest_route=\/wp\/v2\/pages"}],"about":[{"href":"https:\/\/www.vuncf.org\/index.php?rest_route=\/wp\/v2\/types\/page"}],"author":[{"embeddable":true,"href":"https:\/\/www.vuncf.org\/index.php?rest_route=\/wp\/v2\/users\/1"}],"replies":[{"embeddable":true,"href":"https:\/\/www.vuncf.org\/index.php?rest_route=%2Fwp%2Fv2%2Fcomments&post=406"}],"version-history":[{"count":12,"href":"https:\/\/www.vuncf.org\/index.php?rest_route=\/wp\/v2\/pages\/406\/revisions"}],"predecessor-version":[{"id":2704,"href":"https:\/\/www.vuncf.org\/index.php?rest_route=\/wp\/v2\/pages\/406\/revisions\/2704"}],"wp:attachment":[{"href":"https:\/\/www.vuncf.org\/index.php?rest_route=%2Fwp%2Fv2%2Fmedia&parent=406"}],"curies":[{"name":"wp","href":"https:\/\/api.w.org\/{rel}","templated":true}]}}