{"id":399,"date":"2013-07-01T13:27:12","date_gmt":"2013-07-01T11:27:12","guid":{"rendered":"http:\/\/test.briosoft.com\/?page_id=399"},"modified":"2025-10-21T21:40:46","modified_gmt":"2025-10-21T19:40:46","slug":"notre-anti-constitution-de-la-cinquieme-republique","status":"publish","type":"page","link":"https:\/\/www.vuncf.org\/?page_id=399","title":{"rendered":"Anti-constitution"},"content":{"rendered":"<p>Cette \u00ab\u00a0zone\u00a0\u00bb du site regroupe des analyses critiques de la cinqui\u00e8me r\u00e9publique.<\/p>\n<h2 style=\"text-align: center;\">Comment cela se fait-ce ?<\/h2>\n<p>Les fiches plac\u00e9es sous celle-ci prennent chacune un article de notre constitution et vous proposent une lecture \u00e0 ma fa\u00e7on. Ceci ne pr\u00e9tend absolument pas \u00eatre une \u00e9tude exhaustive. Si je mentionne un inconv\u00e9nient, cela ne signifie pas pour autant que j\u2019ai vu tous les inconv\u00e9nients. Je vous indique en passant que la \u2018lisibilit\u00e9\u2019 d\u2019un article de la constitution est d\u2019autant plus suspecte qu\u2019il est difficile \u00e0 comprendre sans formation juridique. Une constitution est le dernier rempart des citoyens. Ne croyez-vous pas qu\u2019il est souhaitable, voir obligatoire qu\u2019un article de constitution soit compr\u00e9hensible par le plus modeste d\u2019entre nous ? Que signifie une constitution que seuls des experts surdipl\u00f4m\u00e9s peuvent interpr\u00e9ter, tels des pr\u00eatres se chargeant de toute les communications avec la divinit\u00e9, en latin et de dos.<\/p>\n<p>La 5<sup>ieme<\/sup> est tr\u00e8s li\u00e9e au g\u00e9n\u00e9ral de Gaulle, qui en est l\u2019auteur par des sbires : Michel Debr\u00e9 et <a href=\"https:\/\/fr.wikipedia.org\/wiki\/Ren%C3%A9_Capitant\">Ren\u00e9 Capitant<\/a>.\u00a0 Capitant, sous des dehors fort honn\u00eate a veill\u00e9 \u00e0 ce que les gueux ne fassent pas de politique. Vous aurez une bonne id\u00e9e du contexte de sa conception avec une histoire du bonhomme par Guillemin :<\/p>\n<p><a href=\"http:\/\/www.youtube.com\/watch?v=PBr11uuloX8&amp;feature=share&amp;list=PL3FE0F0801FEAED00\">Histoire du g\u00e9n\u00e9ral par H. Guillemin<\/a><\/p>\n<p>Charles s\u2019est donc faite une constitution sur mesure\u00a0: dans le contexte d\u2019une 4ieme r\u00e9publique structurellement instable, le g\u00e9n\u00e9ral s\u2019est propos\u00e9 en sauveur, en dehors de tout cadre constitutionnel. L\u2019enthousiasme des groupies a permis de faire passer comme une lettre \u00e0 la poste (80% de pour\u00a0!) une constitution avant tout cens\u00e9e \u00eatre une r\u00e9ponse aux d\u00e9fauts de la pr\u00e9c\u00e9dente. Dans l\u2019esprit militaire de De Gaulle, c\u2019est parfait.<\/p>\n<p>Le Pr\u00e9sident de la r\u00e9publique fran\u00e7aise est un g\u00e9n\u00e9ralissime qui d\u00e9cide tout\u00a0: lois, r\u00e8glements. Le peuple n\u2019a aucune place dans le verbiage somnif\u00e8re de cette anti-constitution\u00a0: il ne dispose d\u2019aucun recours d\u2019aucune sorte contre des institutions enti\u00e8rement construites pour \u00eatre le prolongement de la volont\u00e9 exclusive du chef.<\/p>\n<p>E. Chouard nous explique qu\u2019une constitution d\u00e9mocratique, par essence, \u00e9num\u00e8re des institutions, certes, mais surtout d\u00e9finit un cadre juridique dont la finalit\u00e9 est de prot\u00e9ger les citoyens des abus de pouvoir, tant des institutions elles-m\u00eames, que d\u2019un quelconque groupe d\u2019int\u00e9r\u00eat envahissant.<\/p>\n<p>Dans une constitution d\u00e9mocratique, les citoyens sont plus forts qu\u2019une loi, dont ils peuvent exiger le retrait. Les citoyens peuvent r\u00e9voquer les serviteurs de l\u2019\u00e9tat, peu importe leur mode de d\u00e9signation, sans d\u00e9lais ni obstacle juridique.<\/p>\n<p>Un bien commun ne peut pas \u00eatre c\u00e9d\u00e9. Comme nos retraites par exemple, ou l\u2019eau, ou la sant\u00e9, ou l\u2019\u00e9ducation.<\/p>\n<p>Aucun trait\u00e9 ne peut \u00eatre sign\u00e9 sans l\u2019accord explicite des citoyens. Il peut \u00eatre d\u00e9nonc\u00e9 sans difficult\u00e9.<\/p>\n<p>Bref une constitution \u00e9num\u00e8re les pouvoirs des citoyens face \u00e0 toute forme d\u2019abus. Elle veille \u00e0 emp\u00eacher la mainmise de certain sur tous.<\/p>\n<p>Une constitution qui se pr\u00e9tend d\u00e9mocratie, institue la puissance de la volont\u00e9 populaire et d\u00e9crit des institutions au <i>service<\/i> de cette volont\u00e9.<\/p>\n<p>Des pouvoirs doivent \u00eatre isol\u00e9s les uns des autres, sinon les mauvais penchants des hommes abuseront\u00a0: si l\u2019ex\u00e9cutif (le gouvernement et le pr\u00e9sident), qui doit ex\u00e9cuter les lois faites par le l\u00e9gislatif (le parlement), r\u00e9cup\u00e8re la main sur le l\u00e9gislatif, alors il \u00e9crit des r\u00e8gles dans son int\u00e9r\u00eat. Vous feriez pareil \u00e0 sa place. Donc, la constitution doit dicter en termes clairs l\u2019interdiction d\u2019un pouvoir de tenter d\u2019influencer un autre pouvoir.<\/p>\n<p>Que diriez-vous si les lois sur la p\u00e9nalisation de la fraude fiscale \u00e9taient \u00e9crite par ceux qui en b\u00e9n\u00e9ficient\u00a0? C\u2019est le cas.<\/p>\n<p>Si les d\u00e9linquants pouvaient s\u2019amnistier eux-m\u00eames\u00a0? C\u2019est le cas.<\/p>\n<p>Tr\u00e8s souvent c\u2019est l\u2019absence de s\u00e9paration, voir une organisation de passerelles entre pouvoirs que vous trouverez dans cette constitution. Et c\u2019est grave.<\/p>\n<p>Jamais le majordome ne peut prendre le pouvoir dans la demeure.<\/p>\n<p>Jamais le chauffeur ne d\u00e9cide de la destination. Il ob\u00e9it \u00ab\u00a0servilement\u00a0\u00bb aux ordres des citoyens. C\u2019est la noblesse de sa t\u00e2che.<\/p>\n<p>Vous pouvez aller voir le site de Chouard sur ses travaux constitutionnels.<\/p>\n<p>Voici un <a href=\"http:\/\/etienne.chouard.free.fr\/Europe\/Aux_citoyens_d_ecrire_et_proteger_leur_constitution.pdf\" target=\"_blank\" rel=\"noopener\">r\u00e9sum\u00e9 de son argumentaire<\/a>, et <a href=\"http:\/\/etienne.chouard.free.fr\/Europe\/index.php\" target=\"_blank\" rel=\"noopener\">l\u2019adresse de son site<\/a>, ce qui vous permettra si vous le souhaitez, et comme je le souhaite, d\u2019aller chercher des infos \u00e0 la source, et trouver des centaines d\u2019autres pistes qui se passent tr\u00e8s bien de mes commentaires ou appr\u00e9ciations.<\/p>\n<p>Le site d\u2019Etienne vous guidera vers son \u00e9tude tr\u00e8s approfondie. Ne prenez donc pas mes articles <i>\u00e0 la place<\/i> de travaux de Chouard ou Holbeck ou d\u2019autres sp\u00e9cialistes.<\/p>\n<p>Je vous les propose comme introduction simplifi\u00e9e pour vous inciter vivement \u00e0 aller voir tous les autres points de vue. A ce titre, le site de Mr Chouard est une mine d\u2019informations, et vous y d\u00e9couvrirez une grande vari\u00e9t\u00e9 d\u2019initiatives, de gens qui ont travaill\u00e9 \u00e0 leur mani\u00e8re pour faire avancer le sujet dans la soci\u00e9t\u00e9 fran\u00e7aise. J\u2019esp\u00e8re que vous en choisirez un ou plusieurs pour rallier ce mouvement. Je serais ravi de figurer dans votre palmar\u00e8s.<\/p>\n<p><b>J\u2019inscris ma contribution dans un cadre un peu particulier que j\u2019expose dans l\u2019article, sous le menu \u00ab\u00a0guichet\u00a0\u00bb avec le titre \u00ab<a title=\"Quoi faire\" href=\"https:\/\/www.vuncf.org\/?page_id=330\" target=\"_blank\" rel=\"noopener\">\u00a0quoi faire\u00a0<\/a>\u00bb.<\/b><\/p>\n<p><a href=\"https:\/\/www.vuncf.org\/?page_id=939&amp;mingleforumaction=viewforum&amp;f=3.0\" target=\"_blank\" rel=\"noopener\">Forum de la page<\/a><\/p>\n","protected":false},"excerpt":{"rendered":"<p>Cette \u00ab\u00a0zone\u00a0\u00bb du site regroupe des analyses critiques de la cinqui\u00e8me r\u00e9publique. Comment cela se fait-ce ? Les fiches plac\u00e9es sous celle-ci prennent chacune un article de notre constitution et vous proposent une lecture \u00e0 ma fa\u00e7on. Ceci ne pr\u00e9tend absolument pas \u00eatre une \u00e9tude exhaustive. Si je mentionne un inconv\u00e9nient, cela ne signifie pas [&hellip;]<\/p>\n","protected":false},"author":1,"featured_media":0,"parent":0,"menu_order":0,"comment_status":"open","ping_status":"closed","template":"","meta":{"footnotes":""},"class_list":["post-399","page","type-page","status-publish","hentry"],"_links":{"self":[{"href":"https:\/\/www.vuncf.org\/index.php?rest_route=\/wp\/v2\/pages\/399","targetHints":{"allow":["GET"]}}],"collection":[{"href":"https:\/\/www.vuncf.org\/index.php?rest_route=\/wp\/v2\/pages"}],"about":[{"href":"https:\/\/www.vuncf.org\/index.php?rest_route=\/wp\/v2\/types\/page"}],"author":[{"embeddable":true,"href":"https:\/\/www.vuncf.org\/index.php?rest_route=\/wp\/v2\/users\/1"}],"replies":[{"embeddable":true,"href":"https:\/\/www.vuncf.org\/index.php?rest_route=%2Fwp%2Fv2%2Fcomments&post=399"}],"version-history":[{"count":17,"href":"https:\/\/www.vuncf.org\/index.php?rest_route=\/wp\/v2\/pages\/399\/revisions"}],"predecessor-version":[{"id":3637,"href":"https:\/\/www.vuncf.org\/index.php?rest_route=\/wp\/v2\/pages\/399\/revisions\/3637"}],"wp:attachment":[{"href":"https:\/\/www.vuncf.org\/index.php?rest_route=%2Fwp%2Fv2%2Fmedia&parent=399"}],"curies":[{"name":"wp","href":"https:\/\/api.w.org\/{rel}","templated":true}]}}