{"id":391,"date":"2013-07-01T00:28:09","date_gmt":"2013-06-30T22:28:09","guid":{"rendered":"http:\/\/test.briosoft.com\/?page_id=391"},"modified":"2013-08-26T12:20:17","modified_gmt":"2013-08-26T10:20:17","slug":"le-journaliste-au-bord-de-son-monde","status":"publish","type":"page","link":"https:\/\/www.vuncf.org\/?page_id=391","title":{"rendered":"Le journaliste au bord de son monde."},"content":{"rendered":"<p>Il est un adversaire de tribune dont il faut prudemment mesurer le pouvoir de nuire :<strong> Le journaliste au bord de son monde.<\/strong><\/p>\n<p>Non pas qu\u2019il soit une sorte d\u2019homme si diff\u00e9rent des non-journalistes. Mais quand un journaliste d\u00e9rape au-del\u00e0 du bord de son monde, les d\u00e9g\u00e2ts sont terribles.<\/p>\n<p>Le journaliste politique a bien s\u00fbr ingurgit\u00e9 plus d\u2019infos que vous ou moi. C\u2019est son boulot.<\/p>\n<p>J\u2019ai des doutes sur la vari\u00e9t\u00e9 effective des sources d\u2019informations. L\u2019information est int\u00e9gr\u00e9e depuis les ann\u00e9es 1950 dans la finance et l\u2019industrie.<\/p>\n<p>Bref, tout le monde sirote les trois m\u00eames agences de presse.<\/p>\n<p>Notre constitution nous \u00e9gr\u00e8ne notre soumission \u00e0 une infime minorit\u00e9, au lieu de nous en prot\u00e9ger. Le reste n\u2019est que cons\u00e9quence.<\/p>\n<p>Il y a quelque chose d\u2019\u00e9lectrique \u00e0 observer ces journalistes au moment o\u00f9 un contradicteur leur sugg\u00e8re de toucher aux n\u0153uds de pouvoir\u00a0: monnaie, libert\u00e9 des capitaux, privatisation des biens communs et nationalisation de tous les d\u00e9chets. Une telle vision, qui peut parfaitement aller dans le sens \u00e9voqu\u00e9 pr\u00e9c\u00e9demment par ledit journaliste, va faire disjoncter le discours. Alors qu\u2019il \u00e9tait parfaitement audible jusque-l\u00e0, le journaliste, au-del\u00e0 du bord de son monde est sans arme.<\/p>\n<p>Comme Jean Quatremer, de Lib\u00e9, \u00ab\u00a0journal de gauche\u00a0\u00bb, sur Canal quand il attaque l\u2019accord commercial d\u00e9gueu que les am\u00e9ricains veulent imposer en Europe, donc en France. Mais en face, Dupont-Aignant \u00e9voque en terme adouci une sortie de l\u2019euro, et \u00e9voque un scandaleux exercice de pouvoir. Quatremer trouve que \u00e0 part \u00e7a, l\u2019Europe, c\u2019est vachement bien. Une superbe jeune blonde \u00e0 ses cot\u00e9 acquiesce. Blonde qui a employ\u00e9, pendant son intervention, l\u2019expression \u00ab\u00a0j\u2019ai envie d\u2019dire\u00a0\u00bb au premier degr\u00e9.<\/p>\n<p>Tous les t\u00e9l\u00e9spectateurs peuvent \u00eatre expos\u00e9s \u00e0 n\u2019importe quel clown ou tribun, un certain nombre de sujets ne passent pas, pas de \u00ab\u00a0liste noire\u00a0\u00bb, non, simplement le logiciel implant\u00e9 est tellement complexe et autoritaire, qu\u2019il est tr\u00e8s difficile de penser librement pour des employ\u00e9s de l\u2019info qui ne disposent pas de temps pour r\u00e9fl\u00e9chir et ingurgiter le flot continu.<\/p>\n<p>Les informations qu\u2019ils trient sont des abstracts qui supposent l\u2019adh\u00e9sion implicite \u00e0 tout un syst\u00e8me de codes, des bons et des mauvais.<\/p>\n<p>A force d\u2019attention capt\u00e9e au d\u00e9triment de l\u2019attention dirig\u00e9e, les journalistes et leurs lecteurs\/auditeurs\/t\u00e9l\u00e9choses baignent, sans vision d\u2019ensemble, dans un maillage d\u2019injonctions politiques et sociales. Une fois qu\u2019on vous a bien bassin\u00e9, form\u00e9, test\u00e9 puis employ\u00e9 au service du libre-\u00e9change industriel et financier, vous pouvez difficilement faire des exercices de pens\u00e9e autrement qu\u2019avec le kit qui vous poss\u00e8de.<\/p>\n<p>Ben tout \u00e7a, vous pouvez le voir parfois \u00e0 la t\u00e9l\u00e9. Identifier sur quoi il a d\u00e9raill\u00e9, et comment il se rattrape est tr\u00e8s instructif.<\/p>\n<p>Un mec disait que certains ressorts jusque-l\u00e0 secrets de la pens\u00e9e de Spinoza sont apparus en lisant un ouvrage rat\u00e9, o\u00f9 se d\u00e9voile ce qu\u2019il ne laissait jamais volontairement appara\u00eetre.<\/p>\n<p>C&rsquo;est beau, un journaliste au bord de son monde.<\/p>\n","protected":false},"excerpt":{"rendered":"<p>Il est un adversaire de tribune dont il faut prudemment mesurer le pouvoir de nuire : Le journaliste au bord de son monde. Non pas qu\u2019il soit une sorte d\u2019homme si diff\u00e9rent des non-journalistes. Mais quand un journaliste d\u00e9rape au-del\u00e0 du bord de son monde, les d\u00e9g\u00e2ts sont terribles. Le journaliste politique a bien s\u00fbr [&hellip;]<\/p>\n","protected":false},"author":1,"featured_media":0,"parent":0,"menu_order":0,"comment_status":"open","ping_status":"closed","template":"","meta":{"footnotes":""},"class_list":["post-391","page","type-page","status-publish","hentry"],"_links":{"self":[{"href":"https:\/\/www.vuncf.org\/index.php?rest_route=\/wp\/v2\/pages\/391","targetHints":{"allow":["GET"]}}],"collection":[{"href":"https:\/\/www.vuncf.org\/index.php?rest_route=\/wp\/v2\/pages"}],"about":[{"href":"https:\/\/www.vuncf.org\/index.php?rest_route=\/wp\/v2\/types\/page"}],"author":[{"embeddable":true,"href":"https:\/\/www.vuncf.org\/index.php?rest_route=\/wp\/v2\/users\/1"}],"replies":[{"embeddable":true,"href":"https:\/\/www.vuncf.org\/index.php?rest_route=%2Fwp%2Fv2%2Fcomments&post=391"}],"version-history":[{"count":11,"href":"https:\/\/www.vuncf.org\/index.php?rest_route=\/wp\/v2\/pages\/391\/revisions"}],"predecessor-version":[{"id":1439,"href":"https:\/\/www.vuncf.org\/index.php?rest_route=\/wp\/v2\/pages\/391\/revisions\/1439"}],"wp:attachment":[{"href":"https:\/\/www.vuncf.org\/index.php?rest_route=%2Fwp%2Fv2%2Fmedia&parent=391"}],"curies":[{"name":"wp","href":"https:\/\/api.w.org\/{rel}","templated":true}]}}