{"id":374,"date":"2013-06-28T16:18:51","date_gmt":"2013-06-28T14:18:51","guid":{"rendered":"http:\/\/test.briosoft.com\/?page_id=374"},"modified":"2013-08-26T12:20:17","modified_gmt":"2013-08-26T10:20:17","slug":"gueuloir","status":"publish","type":"page","link":"https:\/\/www.vuncf.org\/?page_id=374","title":{"rendered":"Gueuloir"},"content":{"rendered":"<p>Le \u00ab\u00a0gueuloir\u00a0\u00bb regroupe des r\u00e9flexions visant \u00e0 vous faire sentir plus pr\u00e9cis\u00e9ment le pi\u00e8ge de l\u2019esclavage repr\u00e9sentatif qui est notre syst\u00e8me politique actuel.<\/p>\n<p>L\u2019organisation des pouvoirs, dans notre constitution, vise avant tout \u00e0 pr\u00e9server la position dominante de ceux qui ont pris la place les premiers.<\/p>\n<p>Ce n\u2019est pas un hasard si ceux-ci sont les plus riches d\u2019entre nous. Ils ont toujours veill\u00e9 \u00e0 d\u00e9tenir un savoir suppl\u00e9mentaire leur permettant de conserver le manche.<\/p>\n<p>Une fois celui-ci solidement attribu\u00e9 aux plus forts, ceux-ci n\u2019ont rien d\u2019autre \u00e0 faire que d\u2019organiser un vaste casino pour pomper, comme toujours, la moelle \u00e0 ceux qui n\u2019ont pas d\u2019alternative \u00e0 une existence de trimard pour ne pas crever.<\/p>\n<p>Dans les pages que vous trouverez sous ce titre, il y a des \u00e9clairages nouveaux sur les dieux que l\u2019on fait adorer aux foules. Que vous adorez.<\/p>\n<p>Europe, droits de l\u2019homme, antiracisme, internationalisme comme snobisme ultime, mondialisation, mobilit\u00e9 des capitaux, cr\u00e9ation de richesse par l\u2019investissement\u2026.<\/p>\n<p>Certaines de ces pages ressemblent \u00e0 des coups de gueule, d\u2019autre sont sobrement indign\u00e9es.<\/p>\n<p>A vous de voir, de v\u00e9rifier mes mensonges, de vous former votre propre opinion.<\/p>\n<p>Un gueuloir est un lieu clos, insonoris\u00e9, o\u00f9 l\u2019acteur\/chanteur peut se livrer \u00e0 des entra\u00eenements sonores d\u00e9brid\u00e9s, d\u00e9clam\u00e9s en \u00ab\u00a0gueulant\u00a0\u00bb, comme un boxeur tabasse un sac de sable pour garder la forme.<\/p>\n","protected":false},"excerpt":{"rendered":"<p>Le \u00ab\u00a0gueuloir\u00a0\u00bb regroupe des r\u00e9flexions visant \u00e0 vous faire sentir plus pr\u00e9cis\u00e9ment le pi\u00e8ge de l\u2019esclavage repr\u00e9sentatif qui est notre syst\u00e8me politique actuel. L\u2019organisation des pouvoirs, dans notre constitution, vise avant tout \u00e0 pr\u00e9server la position dominante de ceux qui ont pris la place les premiers. Ce n\u2019est pas un hasard si ceux-ci sont les [&hellip;]<\/p>\n","protected":false},"author":1,"featured_media":0,"parent":0,"menu_order":0,"comment_status":"open","ping_status":"closed","template":"","meta":{"footnotes":""},"class_list":["post-374","page","type-page","status-publish","hentry"],"_links":{"self":[{"href":"https:\/\/www.vuncf.org\/index.php?rest_route=\/wp\/v2\/pages\/374","targetHints":{"allow":["GET"]}}],"collection":[{"href":"https:\/\/www.vuncf.org\/index.php?rest_route=\/wp\/v2\/pages"}],"about":[{"href":"https:\/\/www.vuncf.org\/index.php?rest_route=\/wp\/v2\/types\/page"}],"author":[{"embeddable":true,"href":"https:\/\/www.vuncf.org\/index.php?rest_route=\/wp\/v2\/users\/1"}],"replies":[{"embeddable":true,"href":"https:\/\/www.vuncf.org\/index.php?rest_route=%2Fwp%2Fv2%2Fcomments&post=374"}],"version-history":[{"count":6,"href":"https:\/\/www.vuncf.org\/index.php?rest_route=\/wp\/v2\/pages\/374\/revisions"}],"predecessor-version":[{"id":1427,"href":"https:\/\/www.vuncf.org\/index.php?rest_route=\/wp\/v2\/pages\/374\/revisions\/1427"}],"wp:attachment":[{"href":"https:\/\/www.vuncf.org\/index.php?rest_route=%2Fwp%2Fv2%2Fmedia&parent=374"}],"curies":[{"name":"wp","href":"https:\/\/api.w.org\/{rel}","templated":true}]}}