{"id":367,"date":"2013-06-28T14:40:45","date_gmt":"2013-06-28T12:40:45","guid":{"rendered":"http:\/\/test.briosoft.com\/?page_id=367"},"modified":"2013-08-26T12:20:17","modified_gmt":"2013-08-26T10:20:17","slug":"argent","status":"publish","type":"page","link":"https:\/\/www.vuncf.org\/?page_id=367","title":{"rendered":"Argent"},"content":{"rendered":"<p>Vous trouverez dans cette zone les r\u00e9flexions ayant trait \u00e0 l&rsquo;argent, au pouvoir de l&rsquo;argent, aux disciplines de l&rsquo;argent et toutes ces sortes de choses.<\/p>\n<p>Comment l&rsquo;argent est au service d&rsquo;un minuscule nombre d&rsquo;entre nous, comment une tranche h\u00e9las trop nombreuse va manger au r\u00e2telier des pr\u00e9c\u00e9dents, cautionnant et consolidant un syst\u00e8me d&rsquo;esclavage moderne.<\/p>\n<p>D&rsquo;o\u00f9 il vient l&rsquo;argent, les aventures de l&rsquo;argent, l&rsquo;argent va en vacance, l&rsquo;argent dispara\u00eet, les planques de l&rsquo;argent, Martine et l&rsquo;argent, Mon cur\u00e9 chez les actionnaires, bref comment la richesse se concentre depuis plus de 20 ans, toujours entre les mains des m\u00eames.<\/p>\n<p>Mais aussi, comment l&rsquo;argent peut-\u00eatre soudain consid\u00e9r\u00e9 comme un bien commun, et le nationaliser, comme la police, l&rsquo;arm\u00e9e, la justice.<\/p>\n","protected":false},"excerpt":{"rendered":"<p>Vous trouverez dans cette zone les r\u00e9flexions ayant trait \u00e0 l&rsquo;argent, au pouvoir de l&rsquo;argent, aux disciplines de l&rsquo;argent et toutes ces sortes de choses. Comment l&rsquo;argent est au service d&rsquo;un minuscule nombre d&rsquo;entre nous, comment une tranche h\u00e9las trop nombreuse va manger au r\u00e2telier des pr\u00e9c\u00e9dents, cautionnant et consolidant un syst\u00e8me d&rsquo;esclavage moderne. D&rsquo;o\u00f9 [&hellip;]<\/p>\n","protected":false},"author":1,"featured_media":0,"parent":0,"menu_order":0,"comment_status":"open","ping_status":"closed","template":"","meta":{"footnotes":""},"class_list":["post-367","page","type-page","status-publish","hentry"],"_links":{"self":[{"href":"https:\/\/www.vuncf.org\/index.php?rest_route=\/wp\/v2\/pages\/367","targetHints":{"allow":["GET"]}}],"collection":[{"href":"https:\/\/www.vuncf.org\/index.php?rest_route=\/wp\/v2\/pages"}],"about":[{"href":"https:\/\/www.vuncf.org\/index.php?rest_route=\/wp\/v2\/types\/page"}],"author":[{"embeddable":true,"href":"https:\/\/www.vuncf.org\/index.php?rest_route=\/wp\/v2\/users\/1"}],"replies":[{"embeddable":true,"href":"https:\/\/www.vuncf.org\/index.php?rest_route=%2Fwp%2Fv2%2Fcomments&post=367"}],"version-history":[{"count":3,"href":"https:\/\/www.vuncf.org\/index.php?rest_route=\/wp\/v2\/pages\/367\/revisions"}],"predecessor-version":[{"id":1366,"href":"https:\/\/www.vuncf.org\/index.php?rest_route=\/wp\/v2\/pages\/367\/revisions\/1366"}],"wp:attachment":[{"href":"https:\/\/www.vuncf.org\/index.php?rest_route=%2Fwp%2Fv2%2Fmedia&parent=367"}],"curies":[{"name":"wp","href":"https:\/\/api.w.org\/{rel}","templated":true}]}}