{"id":359,"date":"2013-06-27T02:38:50","date_gmt":"2013-06-27T00:38:50","guid":{"rendered":"http:\/\/test.briosoft.com\/?page_id=359"},"modified":"2013-06-27T02:38:50","modified_gmt":"2013-06-27T00:38:50","slug":"protectionnisme-2","status":"publish","type":"page","link":"https:\/\/www.vuncf.org\/?page_id=359","title":{"rendered":"Protectionnisme"},"content":{"rendered":"<p>&nbsp;<\/p>\n<p>Juste pour vous donner un angle sur le protectionnisme.<\/p>\n<p>Tentons de nous d\u00e9caper des id\u00e9es re\u00e7ues.<\/p>\n<p><a title=\"Protectionnisme\" href=\"http:\/\/www.youtube.com\/watch?feature=player_detailpage&amp;v=WKBj8rtiL6Q#t=4217s\" target=\"_blank\">Un petit extrait<\/a> \u00e0 1h10 pr\u00e9cis\u00e9ment.<\/p>\n","protected":false},"excerpt":{"rendered":"<p>&nbsp; Juste pour vous donner un angle sur le protectionnisme. Tentons de nous d\u00e9caper des id\u00e9es re\u00e7ues. Un petit extrait \u00e0 1h10 pr\u00e9cis\u00e9ment.<\/p>\n","protected":false},"author":1,"featured_media":0,"parent":0,"menu_order":0,"comment_status":"closed","ping_status":"closed","template":"","meta":{"footnotes":""},"class_list":["post-359","page","type-page","status-publish","hentry"],"_links":{"self":[{"href":"https:\/\/www.vuncf.org\/index.php?rest_route=\/wp\/v2\/pages\/359","targetHints":{"allow":["GET"]}}],"collection":[{"href":"https:\/\/www.vuncf.org\/index.php?rest_route=\/wp\/v2\/pages"}],"about":[{"href":"https:\/\/www.vuncf.org\/index.php?rest_route=\/wp\/v2\/types\/page"}],"author":[{"embeddable":true,"href":"https:\/\/www.vuncf.org\/index.php?rest_route=\/wp\/v2\/users\/1"}],"replies":[{"embeddable":true,"href":"https:\/\/www.vuncf.org\/index.php?rest_route=%2Fwp%2Fv2%2Fcomments&post=359"}],"version-history":[{"count":1,"href":"https:\/\/www.vuncf.org\/index.php?rest_route=\/wp\/v2\/pages\/359\/revisions"}],"predecessor-version":[{"id":360,"href":"https:\/\/www.vuncf.org\/index.php?rest_route=\/wp\/v2\/pages\/359\/revisions\/360"}],"wp:attachment":[{"href":"https:\/\/www.vuncf.org\/index.php?rest_route=%2Fwp%2Fv2%2Fmedia&parent=359"}],"curies":[{"name":"wp","href":"https:\/\/api.w.org\/{rel}","templated":true}]}}