{"id":353,"date":"2013-06-27T02:30:21","date_gmt":"2013-06-27T00:30:21","guid":{"rendered":"http:\/\/test.briosoft.com\/?page_id=353"},"modified":"2013-07-27T13:54:58","modified_gmt":"2013-07-27T11:54:58","slug":"votre-argent","status":"publish","type":"page","link":"https:\/\/www.vuncf.org\/?page_id=353","title":{"rendered":"Votre argent"},"content":{"rendered":"<p>Dans cet article, tous les revenus sont pris en compte, \u00e0 l\u2019exception des revenus autres que ceux du travail. Pour cet aper\u00e7u, nous avons volontairement choisi de ne pas faire figurer la CSG\/RDS qui est un imp\u00f4t direct cach\u00e9, et non pas une cotisation.<\/p>\n<p>Nous parlons des salaires, des revenus de dirigeant majoritaire, des revenus de travailleurs ind\u00e9pendants (dentiste, avocat, plombier \u00e0 son compte\u2026.). Sont donc exclus les revenus du capital\u00a0: revenus d\u2019action, de titres, loyers et autre plus-value sur les droits au bail.<\/p>\n<p>En supposant que vous ne faites pas partie de l\u2019infime proportion de profiteurs \u00e9conomiques, ce revenu est une partie \u00e9merg\u00e9e d\u2019un iceberg essentiel.<\/p>\n<p>Votre salaire est compos\u00e9 de deux parties principales\u00a0:<\/p>\n<p>Votre salaire DIRECT, le net \u00e0 payer en bas de page. C\u2019est la seule partie qui vous int\u00e9resse.<\/p>\n<p>Votre salaire INDIRECT\u00a0: la somme des COTISATIONS que le patron paye \u00e0 des organismes pour assumer des d\u00e9penses POUR VOUS. C\u2019est la partie qui devrait le plus vous int\u00e9resser.<\/p>\n<p>Les COTISATIONS sociales sont appel\u00e9es CHARGES par les capitalistes. Ils n\u2019y voient l\u00e0-dedans qu\u2019une manifestation bolch\u00e9viques pour emmerder le cr\u00e9ateur de richesse. La seule fa\u00e7on d\u2019emmerder un cr\u00e9ateur de richesse, c\u2019est de le g\u00eaner dans sa r\u00e9colte financi\u00e8re. D\u00e8s qu\u2019il sort un fifrelin de sa poche, c\u2019est une charge.<\/p>\n<p>Reprenons dans le bon sens\u00a0:<\/p>\n<p>Votre salaire est compos\u00e9 du salaire direct, le montant vir\u00e9 \u00e0 votre compte, auquel il faut ajouter des cotisations. Oubliez la distinction cotisations salariales et patronales.<\/p>\n<p>C\u2019est du bidon total, de l\u2019enfumage. Vos cotisations ont chacune leur mode de calcul, mais visent \u00e0 vous ouvrir des droits. Une <b>cotisation<\/b> = Un <b>droit<\/b>.<\/p>\n<p>C\u2019est pour cela que j\u2019ai mis la CSG \u00e0 part\u00a0: celle-ci ne vous ouvre aucun droit. On vous fait rembourser une dette imaginaire, en vous faisant en m\u00eame temps renoncer \u00e0 un ou des droits.<\/p>\n<p>Une cotisation retraite\u00a0: un droit \u00e0 la retraite.<\/p>\n<p>Une cotisation maladie\u00a0: le droit de compter sur un SAMU, un h\u00f4pital&#8230; Tous les salaires des docteurs, infirmi\u00e8res, h\u00f4pitaux, fac de m\u00e9decine sont dans cette ligne. Quand on vous la r\u00e9duit, par des remises de charges patronale, c\u2019est votre hosto qu\u2019on rabote, votre mutuelle qui augmente. Joie\u00a0!<\/p>\n<p>Une cotisation ch\u00f4mage\u00a0: vous ouvre des droits, et vous \u00eates bien gentil d\u2019accepter qu\u2019on vous les assortisse d\u2019obligations\u00a0: j\u2019affirme haut et fort, que si on a \u00e9crit dans la constitution que le travail est un droit, alors la cotise ch\u00f4mage ne peut donner lieu \u00e0 aucun marchandage\u00a0: J\u2019ai droit \u00e0 18 mois, je les prends, je ne cherche pas de travail, je vais travailler\u2026 mon jardin, c\u2019est l\u00e9gal, c\u2019est pr\u00e9vu dans le syst\u00e8me, je vais juste faire comme c\u2019est pr\u00e9vu. Je respecte la loi, moi\u00a0!<\/p>\n<p>C\u2019est un droit qui n\u2019est r\u00e8glementairement assorti d\u2019aucune obligation.<\/p>\n<p>Et ainsi de suite\u2026<\/p>\n<p>L\u2019astuce, c\u2019est d\u00e9j\u00e0 de vous enfoncer dans le cr\u00e2ne le glissement de\u00a0: \u00ab\u00a01 cotise = 1 droit\u00a0\u00bb \u00e0 \u00ab\u00a01 cotise = 1 charge\u00a0\u00bb.<\/p>\n<p>Je vais donc r\u00e9sumer\u00a0:<\/p>\n<p>Salaire = salaire direct + cotisation salariale + cotisation patronale.<\/p>\n<p>Si vous touchez 1000\u20ac, alors votre travail vaux 2000 \u20ac\u00a0: 1000 direct, 400 cotise salariale, 600 cotise patronale.<\/p>\n<p>Votre salaire = salaire direct + salaire indirect par la cotisation.<\/p>\n<p>Votre travail <b>vaut<\/b> 2000. Pas 1000 \u20ac plus 1000 de charges\u00a0!<\/p>\n<p>Imaginons une autre organisation\u00a0:<\/p>\n<p>Votre salaire\u00a0: 2000 \u20ac. Cash. C\u2019est votre salaire, le patron vous fait une feuille de paye d\u2019une ligne.<\/p>\n<p>Mais vous devez cotiser \u00e0 hauteur de 50% pour avoir de la sant\u00e9, de la vieillesse etc\u2026 Au d\u00e9part, c\u2019est \u00e7a le principe. A la rigueur, l\u2019employeur les paye \u00e0 votre place, \u00e7a arrange tout le monde. D\u00e9couper les cotises en maladie, viellesse, pr\u00e9voyance est un artifice de patrons pour pouvoir rogner plus fa\u00e7ilement.<\/p>\n<p>Le fait que l\u2019employeur soit charg\u00e9 de collecter les 50% ne change rien \u00e0 l\u2019affaire. C\u2019est juste un d\u00e9tail technique.<\/p>\n<p>En revanche, c\u2019est une authentique saloperie que de se lancer dans le partage salarial\/patronal des cotisations. Pourquoi l\u2019emploi d\u2019un mot aussi violent\u00a0?<\/p>\n<p>Mentalement, ces consid\u00e9rations sont de pure forme. A l\u2019origine, en 1945, il y a <strong>une<\/strong> caisse\u00a0: la s\u00e9cu. Et <strong>une<\/strong> ligne de cotisation\u00a0: La s\u00e9cu X%. Cette valeur ne concerne pas l\u2019\u00e9tat ni les employeurs. C\u2019est un arrangement de travailleurs entre eux, qui dans une structure \u00e0 but non lucratif, \u00e0 l\u2019extr\u00eame de type association loi 1901 comme votre club de boules ou de plong\u00e9e, se cotisent pour se payer une super assurance sur les al\u00e9as de la vie. Ce sont donc eux qui financent le syst\u00e8me de sant\u00e9, les h\u00f4pitaux, les docteurs, les plumards, les ambulances, les h\u00e9licos, les hospices, les allocs. L\u2019argent ne passe pas par l\u2019\u00e9tat, et comme le pourcentage est froidement calcul\u00e9 sur les recettes r\u00e9elles et les d\u00e9penses r\u00e9elles toute deux connues \u00e0 tr\u00e8s court terme, le syst\u00e8me est indestructible.<\/p>\n<p>Un truc qui ne concerne pas les d\u00e9put\u00e9s ni les s\u00e9nateurs. Exactement comme une super mutuelle qui n\u2019a pas le droit de faire des b\u00e9n\u00e9fices. Et qui fera autant de pertes qu\u2019il le faudra, parce que l\u2019on n\u2019est pas dans une banque, les investissements sont permis par la cr\u00e9ation mon\u00e9taire par l\u2019\u00e9tat.\u00a0 Point. C\u2019est juste une question d\u00e9mocratique que de d\u00e9cider entre nous quel niveau on veut s\u2019offrir. Tout \u00e7a passe par votre argent. Vos cotises.<\/p>\n<p>Soit bient\u00f4t vous filerez votre bl\u00e9 \u00e0 AXA, ou au GAN ou autre Swiss Life, qui ne promettent en aucun cas de vous le rendre. Qui savent m\u00eame que \u00e7a va \u00eatre chaud-bouillant. Soit vous vous d\u00e9brouillez gratuitement et s\u00fbrement entre vous. Suffit de le dire\u00a0!<\/p>\n<p>C\u2019est d\u2019ailleurs une composante de la saloperie que de faire disparaitre de la feuille de paye le montant r\u00e9el de votre salaire qui n\u2019apparait nulle part. La somme totale, la \u00ab\u00a0valeur\u00a0\u00bb de votre travail.<\/p>\n<p>Les histoires de <i>salaire brut<\/i> sont une diversion. Juste un moyen de pr\u00e9senter le calcul pour faire disparaitre la moiti\u00e9 de votre salaire.<\/p>\n<p>Bon. Vous venez de prendre connaissance du montant de votre salaire. Une fois que vous avez compris cela, reprenons les choses\u00a0:<\/p>\n<p>Quand nos gouvernements d\u00e9cident avec un ou deux syndicats f\u00e9lons, de discuter dans le secret, puis de valider une baisse de cotisation (en g\u00e9n\u00e9ral patronale), c\u2019est votre salaire que l\u2019on baisse. Comme cela ne baisse pas votre net, vous n\u2019y voyez que du feu, et c\u2019est fait expr\u00e8s. Je prends un pari. Si ce n\u2019est d\u00e9j\u00e0 fait, je parie qu\u2019on verra les cotisations salariales changer de colonne progressivement. On encha\u00eene avec quelques exon\u00e9rations de charges patronale et zou\u00a0! Plus de cotisations. Les p\u00e9greleux n\u2019y voient que du feu\u00a0: leur montant net n\u2019a pas boug\u00e9. Alors que baisser des charges salariales fait augmenter le net, mais pas la note finale du patron. Et c\u2019est bien l\u00e0 l\u2019essentiel pour des politiques financ\u00e9es et coach\u00e9es par les grands patrons.<\/p>\n<p>Lorsqu\u2019une cotisation disparait, en partie ou en totalit\u00e9 pour \u00eatre affect\u00e9e \u00e0 la CSG, on vous baisse votre salaire par un nouvel imp\u00f4t.<\/p>\n<p>Et le pire, c\u2019est que cette baisse d\u2019une cotisation est aussi une baisse de l&rsquo;exercice pratique de vos droits\u00a0: une remise de cotisation vous retire les <em>moyens<\/em> du droit associ\u00e9 : moins de lits en h\u00f4pitaux, moins de soutien aux personnes \u00e2g\u00e9es&#8230; M\u2019en fout, chuis pas malade.<\/p>\n<p>Mais le jour o\u00f9 vous souhaiterez faire valoir vos droits, comme trouver une place en maternit\u00e9 quand le petit veut sortir, vous d\u00e9couvrez que telle remise de cotise, ayant diminu\u00e9 les ressources du syst\u00e8me de sant\u00e9, celui-ci n&rsquo;a plus les moyens de vous accueillir.<\/p>\n<p>Moins d\u2019infirmi\u00e8res, ce sont plus d&rsquo;infirmi\u00e8res au ch\u00f4mage, et une tension sur ce \u00ab\u00a0march\u00e9\u00a0\u00bb du travail, qui va permettre de serrer le kiki de celles qui restent\u00a0: horaires de merde, sous-effectif etc\u2026<\/p>\n<p>Si vous avez compris que votre salaire est en r\u00e9alit\u00e9 la somme de toutes les valeurs qui figurent sur votre fiche de paye, alors vous \u00eates politiquement pr\u00eats \u00e0 juger des manipulations qui touchent celle-ci.<\/p>\n<p>La remise de 39 \u20ac par SMIC\u00a0: un cadeau aux employeurs sur le dos du salari\u00e9. Les 39\u20ac vont manquer \u00e0 la s\u00e9cu, aux caisses de retraites. Autant de moins pour vous, quand vous irez vous faire soigner.<\/p>\n<p>D\u2019o\u00f9 l\u2019ovni \u00ab\u00a0comp\u00e9titivit\u00e9\u00a0\u00bb qu\u2019on vous ressort \u00e0 chaque fois qu\u2019on baisse votre salaire par une mesure qui n\u2019est que cash dans la poche de l\u2019employeur, pour une baisse de vos DROITS.<\/p>\n<p>Il y a un type (et sa bande), Frank Lepage, qui a mis en sc\u00e8ne le travail, l\u2019argent du travail et les syndicats dans une de ses conf\u00e9rences gesticul\u00e9es.<\/p>\n<p>C\u2019est plut\u00f4t dr\u00f4le, toujours tr\u00e8s formateur. Et si je vous ai juste bouscul\u00e9s, lui au moins va vous faire marrer.<\/p>\n<p>Si vous vous demandez ce qu\u2019est l\u2019 \u00ab\u00a0\u00e9ducation populaire\u00a0\u00bb, voil\u00e0 un tr\u00e8s bon exemple\u00a0:<\/p>\n<p>Frank Lepage <a href=\"http:\/\/youtu.be\/cqIcOaKAX4k\">Conf\u00e9rence sur le travail et le salaire.<\/a><\/p>\n","protected":false},"excerpt":{"rendered":"<p>Dans cet article, tous les revenus sont pris en compte, \u00e0 l\u2019exception des revenus autres que ceux du travail. Pour cet aper\u00e7u, nous avons volontairement choisi de ne pas faire figurer la CSG\/RDS qui est un imp\u00f4t direct cach\u00e9, et non pas une cotisation. Nous parlons des salaires, des revenus de dirigeant majoritaire, des revenus [&hellip;]<\/p>\n","protected":false},"author":1,"featured_media":0,"parent":0,"menu_order":0,"comment_status":"closed","ping_status":"closed","template":"","meta":{"footnotes":""},"class_list":["post-353","page","type-page","status-publish","hentry"],"_links":{"self":[{"href":"https:\/\/www.vuncf.org\/index.php?rest_route=\/wp\/v2\/pages\/353","targetHints":{"allow":["GET"]}}],"collection":[{"href":"https:\/\/www.vuncf.org\/index.php?rest_route=\/wp\/v2\/pages"}],"about":[{"href":"https:\/\/www.vuncf.org\/index.php?rest_route=\/wp\/v2\/types\/page"}],"author":[{"embeddable":true,"href":"https:\/\/www.vuncf.org\/index.php?rest_route=\/wp\/v2\/users\/1"}],"replies":[{"embeddable":true,"href":"https:\/\/www.vuncf.org\/index.php?rest_route=%2Fwp%2Fv2%2Fcomments&post=353"}],"version-history":[{"count":14,"href":"https:\/\/www.vuncf.org\/index.php?rest_route=\/wp\/v2\/pages\/353\/revisions"}],"predecessor-version":[{"id":841,"href":"https:\/\/www.vuncf.org\/index.php?rest_route=\/wp\/v2\/pages\/353\/revisions\/841"}],"wp:attachment":[{"href":"https:\/\/www.vuncf.org\/index.php?rest_route=%2Fwp%2Fv2%2Fmedia&parent=353"}],"curies":[{"name":"wp","href":"https:\/\/api.w.org\/{rel}","templated":true}]}}