{"id":330,"date":"2013-06-26T17:29:36","date_gmt":"2013-06-26T15:29:36","guid":{"rendered":"http:\/\/test.briosoft.com\/?page_id=330"},"modified":"2014-11-20T14:52:20","modified_gmt":"2014-11-20T13:52:20","slug":"330-2","status":"publish","type":"page","link":"https:\/\/www.vuncf.org\/?page_id=330","title":{"rendered":"Le projet du site"},"content":{"rendered":"<div>\n<h1>1 &#8211; Attendus\u00a0:<\/h1>\n<\/div>\n<p>Notre soci\u00e9t\u00e9 g\u00e9n\u00e8re malheurs, injustices, esclavage \u00e0 l\u2019argent et destruction de notre biotope.<\/p>\n<p>L\u2019approche par le traitement des effets ne change jamais rien\u00a0: des milliers de braves gens s\u2019\u00e9chinent \u00e0 soigner les blessures caus\u00e9es par notre monde violent. Toutes ces actions, moralement peu discutables, ont l\u2019inconv\u00e9nient de r\u00e9parer gratuitement, en partie toutefois, les d\u00e9g\u00e2ts; Ce faisant, ces personnes d\u00e9chargent nos maitres de toute obligation de justice.<\/p>\n<p>Si nous voulons donner un cadre de vie d\u00e9cent, et non pas une soupe et une couverture, si nous voulons vivre sans peur du lendemain, il nous faut soigner en donnant des m\u00e9dicaments efficaces, et non pas soulager un peu en \u00e9pongeant le front du fi\u00e9vreux.<\/p>\n<p>Les pouvoirs en place, publics ou priv\u00e9s, nous emm\u00e8nent inexorablement vers la d\u00e9gradation de nos vies priv\u00e9es, tout en d\u00e9truisant les structures de la soci\u00e9t\u00e9 non lucrative\u00a0: \u00e9ducation, sant\u00e9 notamment.<\/p>\n<p>En remontant des effets vers leurs causes, puis aux causes des causes, de feuilles puis en brindilles, puis en branches jusqu\u2019au tronc, nous constatons que notre constitution organise notre impuissance politique au profit d\u2019un nombre minuscule de privil\u00e9gi\u00e9s.<\/p>\n<p>Changer de constitution suppose la convocation d\u2019une assembl\u00e9e constituante, dont nous souhaitons qu\u2019elle \u00e9crive une vraie constitution d\u00e9mocratique. Une telle constitution prot\u00e8ge tous et chacun des abus de pouvoir. Cette constitution doit assurer \u00e0 tous et chacun des recours contre ces abus de pouvoir, quels qu\u2019ils soient, et non pas organiser ces abus, comme c\u2019est le cas.<\/p>\n<p>Si la constituante repr\u00e9sente les m\u00eames int\u00e9r\u00eats qui nous gouvernent depuis plus de 200 ans, alors autant faire l\u2019\u00e9conomie d\u2019un processus qui, au mieux, donnera les m\u00eames effets. Comme cela est admirablement d\u00e9montr\u00e9, la seule constituante d\u00e9mocratique, donc une constituante qui nous ressemble, est une constituante tir\u00e9e au sort. Donc ni d\u00e9put\u00e9, ni s\u00e9nateur, ni \u00ab\u00a0expert\u00a0\u00bb, ni haut fonctionnaire.<\/p>\n<p>Une constituante r\u00e9ellement libre pourra alors refl\u00e9ter la soci\u00e9t\u00e9 qu\u2019elle organise. Reste \u00e0 lui donner sa feuille de route. Seule une population \u00e9clair\u00e9e peut comprendre les enjeux, r\u00e9fl\u00e9chir \u00e0 un ou des choix, et les transmettre \u00e0 la libre constituante. La population aujourd\u2019hui est incapable \u00e0 99% de comprendre ces m\u00e9canismes et leur cons\u00e9quence dans la vie quotidienne. C\u2019est aussi pour cela que rien ne change\u00a0: qui parle de la constitution\u00a0? Comment penser alors qu\u2019un r\u00e9f\u00e9rendum, aujourd\u2019hui, changerai quoi que ce soit.<\/p>\n<div>\n<h1>2 &#8211; Par ces motifs\u00a0:<\/h1>\n<\/div>\n<p>Sinon la totalit\u00e9, la plus grande partie des fran\u00e7ais doit \u00eatre avertie et pr\u00e9par\u00e9e. Si chaque citoyen peut \u00eatre constituant, alors tous les citoyens doivent comprendre Constitution, Constituante, D\u00e9mocratie, Pouvoirs et autre concepts directeurs de notre vie quotidienne.<\/p>\n<p>Il s\u2019agit bien d\u2019\u00e9ducation populaire et la <i>forme<\/i> de l\u2019action la plus adapt\u00e9e aujourd\u2019hui au contexte est la contamination virale par internet. Les m\u00e9dias \u00e9tant aux mains des promoteurs de la constitution actuelle, qui leur convient parfaitement, il est illusoire de compter sur eux.<\/p>\n<p>S\u2019agissant d\u2019un processus d\u2019\u00e9ducation populaire, ce n\u2019est pas un \u00ab\u00a0coup\u00a0\u00bb. C\u2019est un long processus, qui s\u2019organise et s\u2019ex\u00e9cute sur de longues p\u00e9riodes.<\/p>\n<p>Il s\u2019agit ni plus ni moins de changer de constitution et de la faire nous-m\u00eame.<\/p>\n<div>\n<h1>3 &#8211; Moyens propos\u00e9s\u00a0:<\/h1>\n<\/div>\n<p>Les acteurs \u00e0 pressentir sont ceux qui ont d\u00e9j\u00e0 d\u00e9velopp\u00e9 une m\u00e9fiance envers notre syst\u00e8me politique. Que ce soit des organisations comme Attac, Comit\u00e9 Roosevelt, les associations faisant la promotion de syst\u00e8mes sociaux ou mon\u00e9taires alternatifs, celles traitant de la d\u00e9mocratie (ou de son absence) dans de nombreux domaines\u00a0: \u00e9cologie, nucl\u00e9aire, Europe, Finance, insertion pro\u2026..<\/p>\n<p>Sont \u00e9galement aujourd\u2019hui \u00e0 sensibiliser toutes les associations promouvant et\/ou pratiquant des activit\u00e9s sociales qui ont pour but de soulager la mis\u00e8re et les in\u00e9galit\u00e9s en g\u00e9n\u00e9ral. Par le terme mis\u00e8re, je ne parle pas que de mis\u00e8re financi\u00e8re, mais \u00e9galement de mis\u00e8re morale\u00a0: menace de licenciement, menace de d\u00e9localisation, r\u00e9duction annonc\u00e9e des salaires, des retraites, des mesures sociales.<\/p>\n<p>Tous ces acteurs doivent \u00eatre convaincus qu\u2019en abordant le sujet qui leur est cher en passant par la case \u00ab\u00a0constitution\u00a0\u00bb, ils se donnent les meilleures chances d\u2019arriver au r\u00e9sultat auquel ils r\u00eavent sans espoir. Leur approche n\u00e9cessite un autre type d\u2019 \u00ab\u00a0\u00e9ducation populaire\u00a0\u00bb. Ce qui suppose qu\u2019ils mettent partiellement de c\u00f4t\u00e9 leur revendication pr\u00e9cise, tout du moins qu\u2019ils r\u00e9servent une part de leur \u00e9nergie \u00e0 ce projet.<\/p>\n<p>Ayant convaincu une masse critique, des moyens modestes mais essentiels doivent \u00eatre d\u00e9ploy\u00e9s pour permettre des discussions\u00a0: sur un sujet donn\u00e9, des \u00ab\u00a0gens\u00a0\u00bb, issus de tel ou tel mouvement, ou bien totalement ind\u00e9pendants seront amen\u00e9s \u00e0 se parler. S\u2019en remettre \u00e0 un parti, ou une association particuli\u00e8re est hors de propos.\u00a0 Il s\u2019agit de mettre en place un serveur de forums, am\u00e9nag\u00e9 d\u2019une fa\u00e7on particuli\u00e8re.<\/p>\n<p>Rentrons dans les d\u00e9tails.<\/p>\n<p>Organiser la coordination d\u2019un projet qui proc\u00e8de comme suis\u00a0:<\/p>\n<p>Pendant 6 mois, rassemblement d\u2019un noyau dur, et \u00e9criture d\u2019une charte d\u2019objectif\u00a0: c\u2019est celle-ci qui repr\u00e9sente le projet \u00e0 l\u2019ext\u00e9rieur en direction d\u2019autres acteurs \u00e0 pressentir et en direction du public qui ne doit pas prendre connaissance du projet de la bouche de Pujadas ou de Pastr\u00e9 (Conseiller ultra lib\u00e9ral de Hollande pour l&rsquo;\u00e9conomie).<\/p>\n<p>D\u00e8s le d\u00e9part, entamer la r\u00e9daction de ce que j\u2019appelle \u00ab\u00a0fiche\u00a0\u00bb dans ce m\u00e9mo. Un document qui d\u00e9crit un probl\u00e8me \u00ab\u00a0constitutionnel\u00a0\u00bb, critique la version actuelle, en d\u00e9monte les effets pervers. Et propose des solutions.<\/p>\n<p>Quelques exemples\u00a0:<\/p>\n<ul>\n<li>Pouvoirs et contre-pouvoir\u00a0: ex\u00e9cutif, l\u00e9gislatif, justice<\/li>\n<li>Monnaie\u00a0: Euro et ses contraintes<\/li>\n<li>Cr\u00e9ation mon\u00e9taire<\/li>\n<li>Investissement<\/li>\n<li>Le pouvoir d\u00e9mocratique de la cotisation<\/li>\n<li>Droit \u00e0 la richesse illimit\u00e9e<\/li>\n<li>Droit des successions et d\u00e9mocratie<\/li>\n<li>M\u00e9dia et ind\u00e9pendance<\/li>\n<li>Assembl\u00e9es populaires et tirage au sort<\/li>\n<li>Mandat irr\u00e9vocables et inattaquables, multiples et reconductibles<\/li>\n<li>Gratuit\u00e9 des ressources naturelles (on ne fait pas un ch\u00e8que \u00e0 la mine quand on extrait du minerai)<\/li>\n<li>R\u00e9f\u00e9rendums et recours populaires<\/li>\n<li>Salaire et rapports de force<\/li>\n<li>Propri\u00e9t\u00e9 lucrative et propri\u00e9t\u00e9 d\u2019usage<\/li>\n<li>Echanges internationaux<\/li>\n<li>Productivit\u00e9<\/li>\n<li>Actionnariat<\/li>\n<li>Contr\u00f4le du mouvement des capitaux<\/li>\n<li>Mobilit\u00e9 des personnes morales<\/li>\n<li>Biens communs<\/li>\n<li>Privatisations, nationalisations<\/li>\n<li>Banque commerciale et banque financi\u00e8re<\/li>\n<li>Assurance vie et placement\u00a0: une ponction ill\u00e9gitime sur le travail.<\/li>\n<li>Immigration<\/li>\n<li>Dettes et leurs l\u00e9gitimit\u00e9s<\/li>\n<li>Salaire \u00e0 vie<\/li>\n<li>La hi\u00e9rarchie dans l\u2019entreprise\u00a0: droit exclusif d\u2019embauche, comp\u00e9tence et certification, emploi et travail.<\/li>\n<li>Histoire politique de la France depuis 200 ans\u00a0: 200 ans de r\u00e8gne des poss\u00e9dants.<\/li>\n<li>Transition \u00e9nerg\u00e9tique<\/li>\n<li>Mythe de la croissance<\/li>\n<li>D\u00e9croissance<\/li>\n<li>Europe totalitaire\u00a0: gouvernement dictatorial par les trait\u00e9s et les r\u00e8glements, en l\u2019absence totale de d\u00e9mocratie, m\u00eame repr\u00e9sentative.<\/li>\n<li>D\u00e9sirs, Ambitions\u00a0: le chaos des envies contradictoires, l\u2019individualisation, la mort des communaut\u00e9s nationales au profit des communaut\u00e9s religieuses ou ethniques.<\/li>\n<li>Gouvernance par la peur<\/li>\n<li>Les chiens de garde<\/li>\n<li>Structure des entreprises\u00a0: rafra\u00eechissons la SCOOP.<\/li>\n<li>Se pr\u00e9parer \u00e0 \u00eatre constituant.<\/li>\n<li>Le vote Blanc\u00a0: Captation de la d\u00e9mocratie par les partis.<\/li>\n<li>Le d\u00e9ficit budg\u00e9taire et le ch\u00f4mage.<\/li>\n<\/ul>\n<p>Vous voyez que cela va tr\u00e8s vite. Imaginons une pr\u00e9paration foisonnante de 200 fiches ou plus.<\/p>\n<p>Chaque fiche fait le constat de la situation actuelle, en utilisant abondamment les liens vers des conf\u00e9rences, des textes, des blogs afin de donner aux citoyens les plus vari\u00e9s intellectuellement une vision minimale du sujet. Il ne s\u2019agit pas de plaire \u00e0 des chercheurs du CNRS, mais d\u2019attirer l\u2019attention des t\u00e9l\u00e9spectateurs de M6 et TF1. Et de tout ceux qui risquent de le prendre de travers. Notre public n&rsquo;est pas constitu\u00e9 de nos amis d\u00e9j\u00e0 au courant et qui nous aiment, mais plut\u00f4t de ceux qui pense n&rsquo;y conna\u00eetre rien, ou que leur int\u00e9r\u00eat imm\u00e9diat et personnel pousse \u00e0 nous d\u00e9tester..<\/p>\n<p>Ensuite, le sujet est li\u00e9 \u00e0 ses barri\u00e8res constitutionnelles actuelles, et sugg\u00e8re d\u2019autres solutions d\u00e9mocratiques. Il en ressortira in\u00e9vitablement qu\u2019un sujet particulier trouve toujours plus de solution avec de la d\u00e9mocratie.<\/p>\n<p>Ce processus dure une ann\u00e9e de plus, tout en renfor\u00e7ant le pool de participants. Et la contamination virale doit \u00eatre activ\u00e9e. Les acteurs doivent disposer d\u2019outils p\u00e9dagogiques hautement disponibles sur Internet.<\/p>\n<p>Quatre mois avant la fin de cette p\u00e9riode, on lance une \u00ab\u00a0\u00e9lection\u00a0\u00bb\u00a0: retenir 52 fiches parmi toutes celles pr\u00e9par\u00e9es. Les autres sont conserv\u00e9es, voire enrichies car elles auront une autre fonction plus tard.<\/p>\n<p>Ces 52 fiches sont ordonn\u00e9es pour obtenir un effet p\u00e9dagogique maximum.<\/p>\n<p>Tous les \u00ab\u00a0amis\u00a0\u00bb de cette d\u00e9marche doivent alors pr\u00e9parer, si possible pour chacune des 52 fiches, une action militante d\u2019\u00e9ducation. Chacun selon son temp\u00e9rament, ses m\u00e9thodes, son art. Conf\u00e9rence, stand sur le march\u00e9, expo. Vid\u00e9o. Tract. Th\u00e9\u00e2tre de rue. \u00c9mission radio.<\/p>\n<p>Ensuite, l\u2019ann\u00e9e fatidique arrive.<\/p>\n<p>Cette ann\u00e9e-l\u00e0, tous les acteurs respectent l\u2019ordre d\u00e9termin\u00e9. Chaque semaine est d\u00e9di\u00e9e \u00e0 une fiche. Tous les acteurs, simultan\u00e9ment, manifestent publiquement, \u00e0 leur mani\u00e8re, avec leur langage et leur m\u00e9thode. Chaque semaine est un choc d\u00e9mocratique. Chaque semaine, tout ce que le pays compte de gens souhaitant vraiment changer les choses interpelle toute la population.<\/p>\n<p>Il ne l\u2019interpelle pas pour l\u2019engueuler ou la faire rire, mais lui montrer, lui expliquer, lui sugg\u00e9rer. Par exemple aujourd\u2019hui un interlocuteur \u00ab\u00a0de base\u00a0\u00bb qui entends parler de constitution, de d\u00e9mocratie a une attitude de d\u00e9ni. Quitter l\u2019Euro\u00a0? Quelle horreur\u00a0!<\/p>\n<p>D\u2019o\u00f9 l\u2019id\u00e9e que pendant une semaine, le m\u00eame sujet est d\u00e9velopp\u00e9 de tant de fa\u00e7ons diff\u00e9rentes que la probabilit\u00e9 de faire se rencontrer l\u2019\u00e9lecteur et le citoyen pour une saine compr\u00e9hension des probl\u00e8mes devient forte.<\/p>\n<p>Un sujet \u00e0 la fois. Un sujet par semaine.<\/p>\n<p>Il est absolument essentiel que chaque acteur se retienne de courir apr\u00e8s les m\u00e9dias. Voir courir pour leur \u00e9chapper\u00a0! Et surtout ne pas leur r\u00e9pondre (j\u2019te parle pas \u00e0 toi\u00a0!)<\/p>\n<p>Le message rab\u00e2ch\u00e9 doit \u00eatre le suivant\u00a0: \u00ab\u00a0Nous avons besoin d\u2019une nouvelle constitution, et nous devons la faire nous-m\u00eame\u00a0\u00bb.<\/p>\n<div>\n<h1>4 &#8211; Quelques mots sur l\u2019organisation proprement dite.<\/h1>\n<\/div>\n<p>Probablement sous une forme associative, l\u2019organisation est une courroie de distribution. Elle n\u2019a pas vocation \u00e0 filtrer, ou \u00e0 donner une orientation politique au sens actuel du terme.<\/p>\n<p><b>La religion du projet existe n\u00e9anmoins\u00a0: Une nouvelle constitution \u00e9crite par une constituante tir\u00e9e au sort. Cette constitution instaure la puissance du peuple et la prot\u00e8ge des pouvoirs indispensables qu\u2019elle institue.<\/b><\/p>\n<p>Le reste d\u00e9coule de cette d\u00e9mocratie, qui offre \u00e0 tous les militants et \u00e0 ceux qui le deviendront, le r\u00e9el moyen d\u2019instituer une soci\u00e9t\u00e9 sereine et (plus) heureuse.<\/p>\n<p>Cette association doit \u00eatre un mod\u00e8le\u00a0: puisque nous \u00ab\u00a0vendons\u00a0\u00bb de la d\u00e9mocratie, il sera bon de pr\u00e9voir le tirage au sort au sein de l\u2019association comme moyen de s\u00e9lection \u00e0 chaque fois que cela sera possible.<\/p>\n<div>\n<h1>5 &#8211; Les avantages \u00ab\u00a0cach\u00e9s\u00a0\u00bb<\/h1>\n<\/div>\n<p>Une telle entreprise pr\u00e9sente tout un tas d\u2019avantages\u00a0:<\/p>\n<p>Elle f\u00e9d\u00e8re tous les mouvements alternatifs, les mouvements militants, qu\u2019ils soient locaux ou nationaux. Elle mobilise aussi tous ceux qui n\u2019ont pas trouv\u00e9 de th\u00e8me pr\u00e9cis, mais qui souhaitent mieux comprendre puis am\u00e9liorer leur environnement social.<\/p>\n<p>Autour d\u2019un th\u00e8me forc\u00e9ment commun, les militants \u00ab\u00a0sp\u00e9cialis\u00e9s\u00a0\u00bb pourront acqu\u00e9rir une connaissance plus g\u00e9n\u00e9rale du contexte politique de leurs revendications. En resituant leur action, ils d\u00e9couvriront souvent que leurs soucis prennent leur source dans la constitution.<\/p>\n<p>Un petit exemple rapide\u00a0: l\u2019action des syndicalistes ent\u00e9rine implicitement la toute-puissance de l\u2019actionnariat. Remettre en cause l\u2019id\u00e9e m\u00eame d\u2019actionnariat et remettre en cause le droit divin du patron fait disparaitre le probl\u00e8me, donc la n\u00e9cessit\u00e9 de se battre pour une solution; et les fera r\u00e9fl\u00e9chir \u00e0 une nouvelle organisation, avec de nouveaux probl\u00e8mes et de nouveaux obstacles \u00e0 r\u00e9duire. J\u2019esp\u00e8re que les r\u00e9criminations sur les licenciements boursiers s\u2019\u00e9teindront une fois bien comprise la propri\u00e9t\u00e9 lucrative, la succession par h\u00e9ritage et la mondialisation. Parce qu\u2019alors, une r\u00e9flexion sur une nouvelle constitution pourrait s\u2019av\u00e9rer bien plus efficace que trois jours de s\u00e9minaire avec le MEDEF.<\/p>\n<p>Non seulement tous les actifs politiques (activiste, c\u2019est trop connot\u00e9) vont acqu\u00e9rir une culture d\u00e9mocratique de grande valeur en soi, mais, \u00e0 travers la diffusion locale, de proche en proche, participer \u00e0 une authentique op\u00e9ration d\u2019\u00e9ducation populaire de tr\u00e8s grande taille.<\/p>\n<p>Pour chaque participant, il sera n\u00e9cessaire d\u2019accomplir un travail assez fastidieux de propagande\u00a0: Imaginez que chaque militant d\u00e9cide de convaincre 10 personnes \u00e0 s\u2019int\u00e9resser fortement au projet, dont trois qui feront de m\u00eame et une qui se joindra \u00e0 une \u00e9quipe. En th\u00e9orie, avec 1000 militants au d\u00e9part, la totalit\u00e9 de la population est contact\u00e9e en 7 g\u00e9n\u00e9rations. \u00c9videmment, ce n\u2019est pas la pratique, mais n\u2019oublions pas que le but n\u2019est pas de transformer 65 millions de fran\u00e7ais en militants, mais de faire conna\u00eetre et comprendre quelques concepts simples.<\/p>\n<p>Imaginez aussi les effets d\u2019une telle \u00ab\u00a0campagne\u00a0\u00bb d\u2019\u00e9ducation.. Avons-nous quoi que ce soit \u00e0 perdre, quand il s\u2019agit d\u2019\u00e9ducation populaire\u00a0?<\/p>\n<p>Que dirons-nous lorsque le syst\u00e8me craquera, et que les fran\u00e7ais replongeront dans les illusions de d\u00e9mocratie, si la constituante est choisie par les actionnaires du CAC 40\u00a0?<\/p>\n<p>Avons-nous vraiment le choix\u00a0?<\/p>\n<p>Quoi qu\u2019il advienne, les groupements qui participeront \u00e0 cette \u0153uvre recevront imm\u00e9diatement de grands b\u00e9n\u00e9fices. Ils gagneront \u00e0 avoir une vision plus large de leurs combats d\u2019origine. Ils auront une approche commune avec le public, une bien meilleure visibilit\u00e9.<\/p>\n<p>Une population qui sait tr\u00e8s exactement comment elle est mang\u00e9e par ses dominants saura lui r\u00e9sister d&rsquo;autant mieux qu\u2019elle conna\u00eetra les vrais objectifs et les moyens de ses bourreaux.<\/p>\n","protected":false},"excerpt":{"rendered":"<p>1 &#8211; Attendus\u00a0: Notre soci\u00e9t\u00e9 g\u00e9n\u00e8re malheurs, injustices, esclavage \u00e0 l\u2019argent et destruction de notre biotope. L\u2019approche par le traitement des effets ne change jamais rien\u00a0: des milliers de braves gens s\u2019\u00e9chinent \u00e0 soigner les blessures caus\u00e9es par notre monde violent. Toutes ces actions, moralement peu discutables, ont l\u2019inconv\u00e9nient de r\u00e9parer gratuitement, en partie toutefois, [&hellip;]<\/p>\n","protected":false},"author":1,"featured_media":0,"parent":0,"menu_order":0,"comment_status":"open","ping_status":"closed","template":"","meta":{"footnotes":""},"class_list":["post-330","page","type-page","status-publish","hentry"],"_links":{"self":[{"href":"https:\/\/www.vuncf.org\/index.php?rest_route=\/wp\/v2\/pages\/330","targetHints":{"allow":["GET"]}}],"collection":[{"href":"https:\/\/www.vuncf.org\/index.php?rest_route=\/wp\/v2\/pages"}],"about":[{"href":"https:\/\/www.vuncf.org\/index.php?rest_route=\/wp\/v2\/types\/page"}],"author":[{"embeddable":true,"href":"https:\/\/www.vuncf.org\/index.php?rest_route=\/wp\/v2\/users\/1"}],"replies":[{"embeddable":true,"href":"https:\/\/www.vuncf.org\/index.php?rest_route=%2Fwp%2Fv2%2Fcomments&post=330"}],"version-history":[{"count":23,"href":"https:\/\/www.vuncf.org\/index.php?rest_route=\/wp\/v2\/pages\/330\/revisions"}],"predecessor-version":[{"id":2691,"href":"https:\/\/www.vuncf.org\/index.php?rest_route=\/wp\/v2\/pages\/330\/revisions\/2691"}],"wp:attachment":[{"href":"https:\/\/www.vuncf.org\/index.php?rest_route=%2Fwp%2Fv2%2Fmedia&parent=330"}],"curies":[{"name":"wp","href":"https:\/\/api.w.org\/{rel}","templated":true}]}}