{"id":312,"date":"2013-06-16T20:07:01","date_gmt":"2013-06-16T18:07:01","guid":{"rendered":"http:\/\/www.vuncf.org\/?page_id=312"},"modified":"2013-07-27T11:06:17","modified_gmt":"2013-07-27T09:06:17","slug":"quitter-leurope","status":"publish","type":"page","link":"https:\/\/www.vuncf.org\/?page_id=312","title":{"rendered":"Quitter l&rsquo;Europe"},"content":{"rendered":"<p><a href=\"http:\/\/youtu.be\/fEwCJEbJ9Pc\" target=\"_blank\">10 raisons de sortir de l&rsquo;Union Europ\u00e9enne<\/a><\/p>\n<p>Quitter l&rsquo;Europe s&rsquo;impose, malheureusement, parce que l&rsquo;Europe politique, telle qu&rsquo;elle est construite, impose des souffrances politiques ou sociales (selon de quel point de vue on se place) inextricables.<\/p>\n<ul>\n<li>L&rsquo;Europe nous impose la concurrence sans r\u00e9serve.<\/li>\n<li>L\u2019Europe consacre la sainte mobilit\u00e9 des capitaux.<\/li>\n<li>L\u2019Europe verrouille toutes les \u00e9conomies par l\u2019obligation de <b>louer<\/b> la monnaie aux banques.<\/li>\n<li>L\u2019Europe a pour mission primitive d\u2019emp\u00eacher l\u2019inflation.<\/li>\n<\/ul>\n<p><b>Les cons\u00e9quences<\/b>\u00a0:<\/p>\n<p><b>Raret\u00e9 de la monnaie<\/b>, ce qui nous oblige \u00e0 louer fort cher celle que les poss\u00e9dants ont au pr\u00e9alable pr\u00e9lev\u00e9e sur le travail, pour avoir le droit de recommencer, de plus en plus ch\u00e8rement. Cette raret\u00e9 structurelle perp\u00e9tue le m\u00e9canisme qui taxe le travail. Elle ne d\u00e9pend pas d\u2019un climat changeant, qui pourrait \u00eatre favorable, au moins de temps en temps.<\/p>\n<p><b>Raret\u00e9 du travail<\/b>\u00a0: le ch\u00f4mage est <b>m\u00e9caniquement<\/b> li\u00e9 \u00e0 l\u2019interdiction de faire du \u2018d\u00e9ficit\u2019. Ce m\u00e9canisme tueur, je l\u2019appelle pour ma part \u00ab\u00a0Interdiction d\u2019ajuster le volume de la monnaie, en fonction de la croissance ou de la productivit\u00e9\u00a0\u00bb. \u00c9videment \u00e7a claque moins. Mais pourquoi ridiculiser un sujet si essentiel\u00a0?<\/p>\n<p>Il existe une croissance des dividendes pour les actionnaires, qu\u2019ils soient actionnaires de m\u00e9tier, soit moins de 3% de la population, ou actionnaire amateur, qui veulent juste arrondir leurs fins de mois sans rien faire. Celle-l\u00e0 est honteuse, on n\u2019en parle pas trop.<\/p>\n<p>La croissance dont on nous parle est une croissance du PIB.<\/p>\n<p>La croissance du PIB exprime le prix de vente, la valeur des \u00e9changes de biens et de services.<\/p>\n<p>Mais, th\u00e9oriquement, la valeur d\u2019un bien est la somme des salaires emboit\u00e9s qui ont d\u00fb \u00eatre pay\u00e9s pour le r\u00e9sultat. Enfin pas que. Allez voir <a title=\"Salaires emboit\u00e9s\" href=\"https:\/\/www.vuncf.org\/?page_id=314\" target=\"_blank\">Salaires emboit\u00e9s<\/a>. Le PIB cache en son sein la pr\u00e9dation, qu\u2019on ne peut distinguer du reste. G\u00e9nial, non\u00a0?<\/p>\n<p>Donc r\u00e9clamer de la croissance comme un pr\u00e9sident de la r\u00e9publique fran\u00e7aise (je n\u2019ai pas donn\u00e9 de nom\u00a0!), c\u2019est distribuer un r\u00eave somnif\u00e8re si on ne pr\u00e9cise pas\u00a0: Croissance des Salaires\u00a0! Croissance en nombre, et hausse de productivit\u00e9. Les gosses arrivent plus vite que les vieux ne partent;\u00a0 \u00e0 moins de coller nos gosses au ch\u00f4mage, ce que nous faisons, et que nous bloquions les salaires. Ce que nous faisons aussi.<\/p>\n<p>Le partage d\u2019un argent-salaire de taille constamment diminu\u00e9e par les int\u00e9r\u00eats divers, ajout\u00e9 aux d\u00e9localisations, permettent aux employeurs de picorer \u00e0 leur convenance. Des gens de la p\u00e9riode critique 28-31 arrivent enfin sur le march\u00e9 du travail, mais sont d\u00e9bord\u00e9s par les cohortes suivantes. Les jeunes qui arrivent derri\u00e8re eux sont plus dipl\u00f4m\u00e9s, n\u2019ont pas d\u2019emploi et sont comp\u00e9tents (sic) et pr\u00eats \u00e0 prendre le relais pour deux fois moins chers\u2026 que les plus de 45 ans. OK j\u2019exag\u00e8re un poil.<\/p>\n<p>C\u2019est \u00e7a la guerre de tous contre tous. Les 18-29 ans et les 46-65 ans contre les 30-45 ans\u00a0! C\u2019est l\u2019Europe.<\/p>\n<p>Garde \u00e0 vue. Le gentil flic, c\u2019est l&rsquo;\u00e9tat fran\u00e7ais, le m\u00e9chant flic, c\u2019est l\u2019Europe. Le service de com, c\u2019est le Cercle des \u00e9conomistes, dont le pr\u00e9sident, m\u00f4ssieur Pastr\u00e9 est le conseiller \u00e9conomique de Fran\u00e7ois Hollande.<\/p>\n<p>La mobilit\u00e9 des capitaux, c\u2019est la libert\u00e9 des entreprises de s&rsquo;implanter dans 1 \u00e0 28 \u00e9tats, et de picorer des avantages financiers ici ou l\u00e0. Ici les salaires sont bas, ici le gouvernement te paye pour que tu files du boulot \u00e0 ses cr\u00e8ve-la-faim, l\u00e0 il ne te prend presque rien sur tes b\u00e9n\u00e9fices, l\u00e0 il propose une logistique financi\u00e8re, et l\u00e0 des gogos europ\u00e9ens marchent dans la combine en achetant les produits ou services inutiles qui en r\u00e9sultent.<\/p>\n<p>Tout cela pour satisfaire \u00e0 la doctrine lib\u00e9rale, qui depuis Taylor et Ford, est persuad\u00e9e que la sp\u00e9cialisation est le graal de l\u2019actionnaire. Ce en quoi l&rsquo;actionnaire a raison. Rien \u00e0 foutre des d\u00e9g\u00e2ts collat\u00e9raux.<\/p>\n<p>Pour les capitalistes, les pays avec des cr\u00e8ve-la-faim doivent devenir les lieux de production manufactur\u00e9e, et toute la logistique industrielle red\u00e9ploy\u00e9e, comme on le ferait dans un pays unique. Les pays \u00ab\u00a0riches\u00a0\u00bb seront les clients. Vision rudimentaire, qui commence \u00e0 se payer par l\u2019appauvrissement des acheteurs, trop \u00ab\u00a0riches\u00a0\u00bb de droits, de conventions sociales, donc de l&rsquo;impossibilit\u00e9 de fabriquer leur propre voiture aux yeux de Capitalistes ingavables.<\/p>\n<p>J\u2019ajoute, que les derniers perfectionnements du capitalisme ouvrent une voie nouvelle\u00a0: Jusqu\u2019\u00e0 pr\u00e9sent et depuis l\u2019aube des temps, les dominants pr\u00e9levaient sur le travail des <span style=\"text-decoration: line-through;\">pigeons<\/span> pauvres une portion qui croissait selon une courbe \u00e0 peu pr\u00e8s calqu\u00e9e sur la croissance des revenus des fameux <span style=\"text-decoration: line-through;\">k\u00e9k\u00e9s<\/span> pauvres. Bien entendu les cerveaux des dominants \u00e9tait tendus comme des strings pour toujours croitre un peu plus, mais bon.<\/p>\n<p>La mise en guerre de tous contre tous, permet d\u2019observer que ces croissances sont compl\u00e8tement d\u00e9connect\u00e9es. Autrefois, les dominants constataient les besoins des pauvres, pour les faire trimer le moins cher possible pour se satisfaire au prix le plus \u00e9lev\u00e9. Mais \u00e0 l\u2019\u00e9poque d\u2019un capitalisme relativement local, fin 18eme, le patron ne pouvait pas ignorer le lien entre les salaires distribu\u00e9s et rente maximum. M\u00eame si on peut tirer dans le tas (Commune de Paris en 1871), le but, c\u2019est de faire du fric. Pas de traire \u00e0 mort. C\u2019est improductif.<\/p>\n<p>La concurrence internationale et la d\u00e9personnalisation des investisseurs ont compl\u00e8tement chang\u00e9 la donne. Il n\u2019y a plus rien aujourd\u2019hui pour que les p\u00f4les de captation capitaliste se r\u00e9fr\u00e8nent, ils sont en concurrence entre eux.\u00a0Si on les laisse faire, ce que nous faisons aujourd\u2019hui, fliqu\u00e9s par l\u2019Europe, ils tuent la poule aux \u0153ufs d\u2019or, lentement. Pourquoi lentement\u00a0? Parce qu\u2019ils auraient conscience d\u2019une limite d\u00e9passant toute morale, mais freinant fermement leur voracit\u00e9\u00a0? Non. Pas du tout. Parce qu\u2019ils ne <i>peuvent<\/i> pas aujourd\u2019hui aller plus vite. Mais ils sont tous en concurrence entre eux pour le faire.<\/p>\n<p>Le libre-\u00e9change financier et industriel, par essence, n\u2019a pas de cerveau mais des millions de soldats chacun-pour-soi.<\/p>\n<p>L\u2019Europe leur permet, et m\u00eame les encourage \u00e0 presser \u00e0 mort les citrons. Sauf que s\u2019ils pouvaient, ils le feraient plusieurs fois\u00a0: Le t\u00e9l\u00e9phone te co\u00fbterait ton salaire, et ta sant\u00e9 te co\u00fbterait ton salaire et ta s\u00e9curit\u00e9 te co\u00fbterait ton salaire, et l\u2019usage des autoroutes te co\u00fbterait ton salaire, et le chauffage te co\u00fbterait ton salaire. Pourquoi\u00a0? Parce que chacun consid\u00e8re ton salaire comme potentiellement captable. Chacun n\u2019h\u00e9site pas \u00e0 fixer une limite tr\u00e8s haute. Bien s\u00fbr, chacun ne se dit pas\u00a0: \u00ab\u00a0les autres font comme ils veulent, mais moi je prends 100%\u00a0\u00bb. Eh b\u00e9 non.<\/p>\n<p>Mais si on est \u00e0 50\u20ac l\u2019abonnement moyen de t\u00e9l\u00e9phone portable, il faut tout faire pour passer \u00e0 55, 60, 65\u2026 et l\u00e0 aucune limite. Le temps n\u2019existe pas, les multiplications n\u2019ont pas lieu. Captation progressive du travail du client, grignotage industriel sans \u00e2me, c\u2019est rien d\u2019le dire.<\/p>\n<p>Juste l\u2019actionnaire r\u00e9clame du 15 puis 16, puis 20% de retour annuel net sur investissement. Alors va pour la 4G.<\/p>\n<p>Les dirlos de la boite, des salari\u00e9s de luxe, font fumer les cerveaux (Eux ne fument pas, ils sont en rendez-vous), et cherchent des moyens pour passer de 50 \u00e0 55\u2026<\/p>\n<p>Bon. Je me calme. Il est indispensable, essentiel, vital pour nous tous, donc vous et moi, que nous pensions l\u2019apr\u00e8s.<\/p>\n<p>Etudions la version1.0.<\/p>\n<p>Pensons la version 2.0.<\/p>\n<p>Imposons l\u00e0 par le r\u00e9f\u00e9rendum.<\/p>\n<p>Ou alors entrainons le mouvement d\u2019\u00e9ducation populaire qui tr\u00e8s clairement donnera \u00e0 chacun un d\u00e9but de conscience politique. Afin que non pas un, mais dix projets s\u2019affrontent, se comparent et surtout s\u2019inspirent.<\/p>\n<p>Et non pas \u00ab\u00a0foutons le bordel place de la Concorde, et, sans projet alternatif s\u00e9rieux, refaisons les m\u00eame conneries en demandant aux m\u00eames de r\u00e9diger la m\u00eame constitution qui va nous re-avoir recta\u00a0\u00bb.<\/p>\n<p>D\u2019abord, les jours d\u2019agitation place de la Concorde sont propices aux d\u00e9voiements de langages les plus obsc\u00e8nes, sans que forc\u00e9ment la clart\u00e9 d\u2019un message, m\u00eame d\u00e9sesp\u00e9r\u00e9 et l\u00e9gitime, y gagnasse en clart\u00e9 ou en efficacitude.<\/p>\n<p>Bien, il est temps\u2026..E. Chouard a pr\u00e9sent\u00e9 un point de vue bien structur\u00e9 et bien plus complet\u00a0:<\/p>\n<p><a href=\"http:\/\/youtu.be\/fEwCJEbJ9Pc\" target=\"_blank\">10 raisons de sortir de l&rsquo;Union Europ\u00e9enne<\/a><\/p>\n","protected":false},"excerpt":{"rendered":"<p>10 raisons de sortir de l&rsquo;Union Europ\u00e9enne Quitter l&rsquo;Europe s&rsquo;impose, malheureusement, parce que l&rsquo;Europe politique, telle qu&rsquo;elle est construite, impose des souffrances politiques ou sociales (selon de quel point de vue on se place) inextricables. L&rsquo;Europe nous impose la concurrence sans r\u00e9serve. L\u2019Europe consacre la sainte mobilit\u00e9 des capitaux. L\u2019Europe verrouille toutes les \u00e9conomies par [&hellip;]<\/p>\n","protected":false},"author":1,"featured_media":0,"parent":0,"menu_order":0,"comment_status":"closed","ping_status":"closed","template":"","meta":{"footnotes":""},"class_list":["post-312","page","type-page","status-publish","hentry"],"_links":{"self":[{"href":"https:\/\/www.vuncf.org\/index.php?rest_route=\/wp\/v2\/pages\/312","targetHints":{"allow":["GET"]}}],"collection":[{"href":"https:\/\/www.vuncf.org\/index.php?rest_route=\/wp\/v2\/pages"}],"about":[{"href":"https:\/\/www.vuncf.org\/index.php?rest_route=\/wp\/v2\/types\/page"}],"author":[{"embeddable":true,"href":"https:\/\/www.vuncf.org\/index.php?rest_route=\/wp\/v2\/users\/1"}],"replies":[{"embeddable":true,"href":"https:\/\/www.vuncf.org\/index.php?rest_route=%2Fwp%2Fv2%2Fcomments&post=312"}],"version-history":[{"count":18,"href":"https:\/\/www.vuncf.org\/index.php?rest_route=\/wp\/v2\/pages\/312\/revisions"}],"predecessor-version":[{"id":806,"href":"https:\/\/www.vuncf.org\/index.php?rest_route=\/wp\/v2\/pages\/312\/revisions\/806"}],"wp:attachment":[{"href":"https:\/\/www.vuncf.org\/index.php?rest_route=%2Fwp%2Fv2%2Fmedia&parent=312"}],"curies":[{"name":"wp","href":"https:\/\/api.w.org\/{rel}","templated":true}]}}