{"id":2356,"date":"2014-04-19T04:14:05","date_gmt":"2014-04-19T02:14:05","guid":{"rendered":"http:\/\/www.vuncf.org\/?page_id=2356"},"modified":"2014-04-19T12:50:54","modified_gmt":"2014-04-19T10:50:54","slug":"pouvons-nous-penser-une-nouvelle-economie","status":"publish","type":"page","link":"https:\/\/www.vuncf.org\/?page_id=2356","title":{"rendered":"Pouvons nous penser une nouvelle \u00e9conomie"},"content":{"rendered":"<h2>Retrouvons le cadre<\/h2>\n<p>Nous sommes sollicit\u00e9s par la question, \u00f4 combien r\u00e9volutionnaire, d&rsquo;une red\u00e9finition de la constitution de notre soci\u00e9t\u00e9. Non pas par go\u00fbt, mais par la contrainte induite par sa perdition. Dette, ch\u00f4mage, d\u00e9gradation \u00ab\u00a0in\u00e9luctable\u00a0\u00bb du biotope, d\u00e9gradation de nos conditions de vie, transfert bient\u00f4t total des richesses, y compris des biens communs, entre les mains d&rsquo;une minuscule caste interlope et cosmopolite : d\u00e9passant donc les notions de cultures li\u00e9es \u00e0 une g\u00e9ographie, et se passant d&rsquo;ailleurs compl\u00e8tement d&rsquo;appartenance \u00e0 une quelconque nation.<\/p>\n<p>Assez facilement, en cherchant un peu, nous pouvons cerner des causes. Cet article n&rsquo;y reviendra pas. D\u00e8s lors que des causes sont identifi\u00e9es, la r\u00e9duction de ces causes vient \u00e0 l&rsquo;esprit.<\/p>\n<p>Tout comme E. Chouard nous pointe sa \u00ab\u00a0cause des causes\u00a0\u00bb, plac\u00e9e juridiquement dans la constitution, et donc incite les futurs citoyens \u00e0 en \u00e9crire une nouvelle, sa proposition d&rsquo;ateliers constituants constitue un exercice s\u00e9duisant.<\/p>\n<p>Les d\u00e9nonciations de Lordon, Sapir, Beruyer ou des autres \u00e9conomistes atterr\u00e9s, nous alertent sur les dysfonctionnements d&rsquo;une \u00e9conomie rapt\u00e9e par quelques uns pour leur profit exclusif.<\/p>\n<p>Foucher ou Rabhi fils nous exposent, apr\u00e8s le pr\u00e9curseur Grignon, puis le vulgarisateur Holbecque, les al\u00e9as de notre syst\u00e8me de monnaie priv\u00e9e.<\/p>\n<p>Friot, les membres du collectif\u00a0 salariat, ou Ari\u00e8s, ou Mylando par exemple, nous aiguillent sur une organisation sociale radicalement diff\u00e9rente, remettant en cause le march\u00e9 du travail et de l&#8217;emploi et les rapports sociaux violents qu&rsquo;il induit.<\/p>\n<p>Ce ne sont que quelques\u00a0 exemples choisis, le net vibre de propositions, de vulgarisateurs. D&rsquo;o\u00f9 inconv\u00e9nient qu&rsquo;il y a \u00e0 passer son temps \u00e0 engranger sans cesse la conf\u00e9rence de plus, l&rsquo;auteur de plus, \u00e0 lire le blog de plus.<\/p>\n<p>Une des id\u00e9es les plus impressionnantes, quand on la laisse m\u00fbrir en soi, c&rsquo;est la n\u00e9cessit\u00e9 absolue de comprendre le \u00ab\u00a0cadre\u00a0\u00bb de l&rsquo;ordre \u00e9tabli, en tant qu&rsquo;il en est sa propre \u00ab\u00a0constitution\u00a0\u00bb. Sa \u00ab\u00a0cause des causes\u00a0\u00bb.<\/p>\n<p>Si l&rsquo;on discerne ce \u00ab\u00a0cadre\u00a0\u00bb de notre ordre pr\u00e9sent, nous vous invitons \u00e0 admettre temporairement qu&rsquo;aucune mutation ne pourra \u00eatre pens\u00e9e sans la remise en cause pr\u00e9liminaire de celui-ci. Ce qui est d&rsquo;autant plus difficile dans notre ordre \u00e9tabli, dont la caract\u00e9ristique fondamentale est, comme l&rsquo;a pr\u00e9conis\u00e9 Voltaire et dict\u00e9 Siey\u00e8s puis Benjamin Constant, d&rsquo;organiser le labeur du grand nombre au profit du petit nombre. Une telle aberration, en ce qu&rsquo;elle enr\u00f4le les victimes &lsquo;volontairement&rsquo; depuis une petite cinquantaine d&rsquo;ann\u00e9es, ne peut advenir que si les contours de ce cadre ont \u00e9t\u00e9 rendus flous, ou bien ont \u00e9t\u00e9 travestis, ou bien ont \u00e9t\u00e9 cach\u00e9s.<\/p>\n<p>Nous allons vous donner, \u00e0 nos risques et p\u00e9rils intellectuels, notre vision de ce cadre, qui est la philosophie m\u00eame de notre soci\u00e9t\u00e9. Nous esp\u00e9rons vous convaincre que rien ne pourrait \u00eatre chang\u00e9 sans l&rsquo;abandon total et brutal de ce cadre, son remplacement par un autre cadre dont on esp\u00e8re qu&rsquo;il sera, lui, librement choisi et consenti.<\/p>\n<p>Il faut casser le cadre avant de se soucier de r\u00e9chauffement climatique,\u00a0 d&rsquo;\u00e9galit\u00e9 homme-femme, de faim dans le monde, d&rsquo;acc\u00e8s aux soins, de r\u00e9tablissement de services publics, ou d&rsquo;\u00e9radiquer le ch\u00f4mage. Et c&rsquo;est casser le cadre que d&rsquo;instituer la d\u00e9mocratie \u00e0 travers la r\u00e9\u00e9criture de la constitution. Sinon, c&rsquo;est pas la peine !<\/p>\n<h2>Pr\u00e9caution<\/h2>\n<p>Nous voulons \u00eatre s\u00fbr de ne pas confondre ce que nous d\u00e9finirions comme un cot\u00e9 du cadre avec une r\u00e8gle \u00e9conomique se situant \u00e0 l&rsquo;int\u00e9rieur de celui-ci. Comme confondre une loi ordinaire avec un article de la constitution.<\/p>\n<p>\u00c9liminons quelques fausses pistes : L&rsquo;Euro. L&rsquo;Euro est certes un cadre mon\u00e9taire en lui m\u00eame, mais le fait d&rsquo;avoir d\u00fb pr\u00e9ciser \u00ab\u00a0mon\u00e9taire\u00a0\u00bb le disqualifie. Il n&rsquo;est qu&rsquo;un effet, un moyen de satisfaire au cadre. Idem l&rsquo;organisation politique europ\u00e9enne. Idem un amalgame fourre-tout qui serait un hybride de banques, d&rsquo;institutions financi\u00e8res, bref la finance.<\/p>\n<p>Finalement, nous en sommes revenu \u00e0 une notion fondamentale, qui a d&rsquo;ailleurs \u00e9t\u00e9 le d\u00e9clencheur de l&rsquo;action de Vuncf.org, bien avant notre d\u00e9couverte de Lordon et de son travail sur le rapport entre les descriptions philosophiques de Spinoza et l&rsquo;enr\u00f4lement consenti des salari\u00e9s au service des ambitions des actionnaires.<\/p>\n<p>Quand il ne reste plus rien pour s&rsquo;appuyer, que tout est devenu sable mouvant, il ne reste que nos d\u00e9sirs. C&rsquo;est donc de d\u00e9sirs que le cadre capitaliste est constitu\u00e9.<\/p>\n<h2>Description du cheminement<\/h2>\n<p>Si le cadre actuel est form\u00e9 de d\u00e9sirs, comment les identifier : le d\u00e9sir de cr\u00e8me de marrons peut-il en faire partie ?<\/p>\n<p>Il faut donc cligner les yeux, faire un flou, avoir une vision a\u00e9rienne. Tout d&rsquo;abord certains aspects de notre vie sont relativement accessoires : ils ne recoupent pas les d\u00e9sirs de ceux qui nous imposent leur objectifs, autrement dit ils ne les contrarient pas. Au contraire, nombre de nos d\u00e9sirs sont l&rsquo;objet d&rsquo;un racket capitaliste et non sujet du capitalisme lui-m\u00eame.<\/p>\n<p>Que reste-t-il : L&rsquo;activit\u00e9 \u00e9conomique est le lieu des combats sociaux, la religion n&rsquo;est plus le primat social en occident. C&rsquo;est par l&rsquo;\u00e9conomie que les soumissions s&rsquo;op\u00e8rent.<\/p>\n<p>Une observation rapide d\u00e9signe l&rsquo;argent comme m\u00e9dia des tensions sociales, mais sa marchandisation n&rsquo;est qu&rsquo;un moyen. Qu&rsquo;exprime ce moyen ?<\/p>\n<p>Il est temps de faire rigoler les marxistes patent\u00e9s, et les anti-marxistes par la m\u00eame occasion : L&rsquo;homme qui poss\u00e8de exploite celui qui ne poss\u00e8de pas. Ne riez pas, il aura fallu 18 si\u00e8cles de notre \u00e8re pour y venir, ce n&rsquo;est donc pas si naturel que \u00e7a. Bernard Arnaud a pu accumuler 39 Md\u20ac qui lui rapportent 3.5Md\u20ac par an, mais mon voisin a pu \u00e9pargner une assurance vie, et ponctionner de ce fait quelques jours de travail de quelques travailleurs pour am\u00e9liorer sa retraite pourrie.<\/p>\n<p>Partant de l\u00e0, nous n&rsquo;arrivons plus \u00e0 monter plus haut, \u00e0 trouver autre chose que le plaisir de jouir de la vie, sans se fatiguer. Ce qui \u00e9tait d\u00e9j\u00e0 le cas dans les ordres pass\u00e9s, mais nous arrivons l\u00e0 \u00e0 un niveau biologique que nous n&rsquo;essayerons pas de d\u00e9passer.<\/p>\n<p>L&rsquo;argent n&rsquo;est qu&rsquo;un descripteur, un quantificateur : soit le capital est liquide (r\u00e9el ou cr\u00e9\u00e9 \u00e0 la demande comme le font les banques priv\u00e9es), soit il est transform\u00e9 en un bien lou\u00e9 ou un outil de production. C&rsquo;est un &lsquo;signe&rsquo; &lsquo;mon\u00e9taire&rsquo;, une contremarque, un certificat si vous voulez. L&rsquo;argent ne se mange pas. Sauf \u00e0 vouloir cr\u00e9er une p\u00e9nurie de signes mon\u00e9taires pour augmenter le prix de sa location si on est loueur d&rsquo;argent, poss\u00e9der de l&rsquo;argent pour lui-m\u00eame n&rsquo;a pas de sens.<\/p>\n<p>Si cela ne vous a pas encore convaincus, vous pourriez simplement vous projeter dans le d\u00e9sir de possession, constater que poss\u00e9der vingt maisons n&rsquo;a de sens que si vous en retirez des loyers, de m\u00eame une entreprise via ses parts sociales, les actions qui rapportent des dividendes, ou ses obligations acquises contre monnaie qui rapportent une rente. Sinon, poss\u00e9der 20 maisons, juste pour le plaisir, personne ne l&rsquo;a jamais fait.<\/p>\n<p>Nous pouvons dire que la possession de capital est un cot\u00e9 du cadre. Notez que cela signifie implicitement que le grand nombre ne doit pas poss\u00e9der, lui, de capital. Pr\u00e9cisons donc : il faut se \u00ab\u00a0r\u00e9server\u00a0\u00bb du capital.<\/p>\n<p>Continuons : poss\u00e9der un capital n&rsquo;a de sens que s&rsquo;il permet un revenu, donc impose une ponction du propri\u00e9taire de l&rsquo;outil de travail, pr\u00e9cis\u00e9ment sur le travail des employ\u00e9s. La r\u00e9tribution de l&rsquo;actionnaire ne va pas de soi, voila un cot\u00e9 relativement flou du cadre. Il deviendra plus net quand vous constaterez que le cadre prend sa force autant que l&rsquo;actionnaire n&rsquo;est plus seulement <em>\u00e9ligible<\/em> \u00e0 recevoir un dividende, mais qu&rsquo;il peut en<em> exiger<\/em> le versement et les modalit\u00e9s.<\/p>\n<p>Une autre composante est la libert\u00e9 de l&rsquo;investisseur de choisir la naissance, le maintien en vie et \u00e9ventuellement la mort de la forme concr\u00e8te qu&rsquo;il donne \u00e0 son capital : ce n&rsquo;est pas du tout une \u00e9vidence, mais plut\u00f4t une soigneuse construction que de donner un droit <em>exclusif<\/em> au d\u00e9tenteur de \u00ab\u00a0capital\u00a0\u00bb \u00e0 choisir l&rsquo;av\u00e8nement ou non de ce qui sera ensuite le support des emplois. L&rsquo;existence m\u00eame de\u00a0 \u00ab\u00a0l&#8217;emploi\u00a0\u00bb est issue du cot\u00e9 pr\u00e9c\u00e9demment d\u00e9crit, possession exclusive de capital. L&#8217;employ\u00e9, c&rsquo;est celui qui n&rsquo;a pas assez de capital.<\/p>\n<p>Force est de constater \u00e9galement que l&rsquo;ajout, relativement r\u00e9cent, d&rsquo;un cot\u00e9 suppl\u00e9mentaire au cadre \u00e0 permis une acc\u00e9l\u00e9ration exponentiel de l&rsquo;efficacit\u00e9 de l&rsquo;ordre : la possibilit\u00e9 de choisir souverainement<em> le lieu<\/em> de l&rsquo;exercice de l&rsquo;activit\u00e9.<\/p>\n<p>Un autre cot\u00e9 du cadre est de rendre <em>obligatoire<\/em> le recours au capital pour ensemencer, puis maintenir cette activit\u00e9 du grand nombre qui nourrit le petit nombre. Il faut du capital pour fabriquer une usine, et immobiliser du capital pour fabriquer (mat\u00e9riaux et salaires) en attendant d&rsquo;\u00eatre pay\u00e9 par les clients. Ce dernier est appel\u00e9 \u00ab\u00a0fond de roulement\u00a0\u00bb.<\/p>\n<h2>D\u00e9finition du cadre<\/h2>\n<ul>\n<li>Possession exclusive et illimit\u00e9e de capital par un petit nombre<\/li>\n<li>Droit imprescriptible et illimit\u00e9 d&rsquo;en obtenir un loyer ou dividende ou rente<\/li>\n<li>Droit imprescriptible et illimit\u00e9 de d\u00e9finir le taux du revenu du capital<\/li>\n<li>Droit imprescriptible de choisir la nature de l&rsquo;investissement, le lieu, le moment et la dur\u00e9e de celui-ci<\/li>\n<li>Les non possesseurs de capital ont obligation de recourir \u00e0 celui-ci pour vivre, ou dit autrement, ne pas mourir.<\/li>\n<\/ul>\n<table width=\"100%\" cellspacing=\"0\" cellpadding=\"2\">\n<colgroup>\n<col width=\"43*\" \/>\n<col width=\"43*\" \/>\n<col width=\"43*\" \/>\n<col width=\"43*\" \/>\n<col width=\"43*\" \/>\n<col width=\"43*\" \/> <\/colgroup>\n<thead>\n<tr valign=\"TOP\">\n<th bgcolor=\"#004a4a\" width=\"17%\">\n<p align=\"LEFT\"><span style=\"color: #ffffff;\"><span style=\"font-family: Thorndale,serif;\"><span style=\"font-size: medium;\">Cot\u00e9 du cadre<\/span><\/span><\/span><\/p>\n<\/th>\n<th bgcolor=\"#004a4a\" width=\"17%\">\n<p align=\"CENTER\"><span style=\"color: #ffffff;\"><span style=\"font-family: Thorndale,serif;\"><span style=\"font-size: medium;\">Gr\u00e2ce \u00e0<\/span><\/span><\/span><\/p>\n<\/th>\n<th bgcolor=\"#004a4a\" width=\"17%\">\n<p align=\"CENTER\"><span style=\"color: #ffffff;\"><span style=\"font-family: Thorndale,serif;\"><span style=\"font-size: medium;\">Emp\u00each\u00e9 par<\/span><\/span><\/span><\/p>\n<\/th>\n<th bgcolor=\"#004a4a\" width=\"17%\">\n<p align=\"CENTER\"><span style=\"color: #ffffff;\"><span style=\"font-family: Thorndale,serif;\"><span style=\"font-size: medium;\">Permet (en bien)<\/span><\/span><\/span><\/p>\n<\/th>\n<th bgcolor=\"#004a4a\" width=\"17%\">\n<p align=\"CENTER\"><span style=\"color: #ffffff;\"><span style=\"font-family: Thorndale,serif;\"><span style=\"font-size: medium;\">Abus<\/span><\/span><\/span><\/p>\n<\/th>\n<th bgcolor=\"#004a4a\" width=\"17%\">\n<p align=\"LEFT\"><span style=\"color: #ffffff;\"><span style=\"font-family: Thorndale,serif;\"><span style=\"font-size: medium;\">Danger \u00e0 lui seul\u00a0?<\/span><\/span><\/span><\/p>\n<\/th>\n<\/tr>\n<\/thead>\n<tbody>\n<tr valign=\"TOP\">\n<td bgcolor=\"#006b6b\" width=\"17%\">\n<p align=\"LEFT\"><span style=\"color: #ffffff;\"><span style=\"font-family: Thorndale,serif;\"><span style=\"font-size: medium;\">Possession de capital par un petit nombre <\/span><\/span><\/span><\/p>\n<\/td>\n<td bgcolor=\"#ffffff\" width=\"17%\">\n<p align=\"CENTER\"><span style=\"color: #000000;\"><span style=\"font-family: Thorndale,serif;\"><span style=\"font-size: medium;\">H\u00e9ritage, \u00e9pargne<\/span><\/span><\/span><\/p>\n<\/td>\n<td bgcolor=\"#ffffff\" width=\"17%\">\n<p align=\"LEFT\"><span style=\"color: #000000;\"><span style=\"font-family: Thorndale,serif;\"><span style=\"font-size: medium;\">Droits de succession, imp\u00f4t ou taxe ou monnaie fondante<\/span><\/span><\/span><\/p>\n<\/td>\n<td bgcolor=\"#ffffff\" width=\"17%\">\n<p align=\"LEFT\"><span style=\"color: #000000;\"><span style=\"font-family: Thorndale,serif;\"><span style=\"font-size: medium;\">Entreprise, cr\u00e9ation, progr\u00e8s technique<\/span><\/span><\/span><\/p>\n<\/td>\n<td bgcolor=\"#ffffff\" width=\"17%\">\n<p align=\"LEFT\"><span style=\"color: #000000;\"><span style=\"font-family: Thorndale,serif;\"><span style=\"font-size: medium;\">Chantage, pollution, p\u00e9nurie d&rsquo;argent<br \/>\n<\/span><\/span><\/span><\/p>\n<\/td>\n<td bgcolor=\"#47b8b8\" width=\"17%\">\n<p align=\"LEFT\"><span style=\"color: #ffffff;\"><span style=\"font-family: Thorndale,serif;\"><span style=\"font-size: medium;\">Oui, car il d\u00e9munit le grand nombre par effet de vase communicants<\/span><\/span><\/span><\/p>\n<\/td>\n<\/tr>\n<tr valign=\"TOP\">\n<td bgcolor=\"#004a4a\" width=\"17%\">\n<p align=\"LEFT\"><span style=\"color: #ffffff;\"><span style=\"font-family: Thorndale,serif;\"><span style=\"font-size: medium;\">obtenir un loyer ou dividende ou rente <\/span><\/span><\/span><\/p>\n<\/td>\n<td bgcolor=\"#e6e6e6\" width=\"17%\">\n<p align=\"LEFT\"><span style=\"color: #000000;\"><span style=\"font-family: Thorndale,serif;\"><span style=\"font-size: medium;\">Loi l\u00e9gitimant toute forme de propri\u00e9t\u00e9 lucrative<\/span><\/span><\/span><\/p>\n<\/td>\n<td bgcolor=\"#e6e6e6\" width=\"17%\">\n<p align=\"LEFT\"><span style=\"color: #000000;\"><span style=\"font-family: Thorndale,serif;\"><span style=\"font-size: medium;\">Morale, Loi, imp\u00f4t ou taxe<\/span><\/span><\/span><\/p>\n<\/td>\n<td bgcolor=\"#e6e6e6\" width=\"17%\">\n<p align=\"LEFT\"><span style=\"color: #000000;\"><span style=\"font-family: Thorndale,serif;\"><span style=\"font-size: medium;\">Acc\u00e8s \u00e0 un service ou un bien rapidement, pallier \u00e0 de trop faibles revenus directs<\/span><\/span><\/span><\/p>\n<p align=\"LEFT\">\n<\/td>\n<td bgcolor=\"#e6e6e6\" width=\"17%\">\n<p align=\"LEFT\"><span style=\"color: #000000;\"><span style=\"font-family: Thorndale,serif;\"><span style=\"font-size: medium;\">Immobilier exorbitant, inaccessible, racket \u00e0 l&rsquo;acc\u00e8s au logement, \u00e0 la cr\u00e9ation d&rsquo;activit\u00e9<\/span><\/span><\/span><\/p>\n<\/td>\n<td bgcolor=\"#198a8a\" width=\"17%\">\n<p align=\"LEFT\"><span style=\"color: #ffffff;\"><span style=\"font-family: Thorndale,serif;\"><span style=\"font-size: medium;\">Oui, par la pratique courante du racket<\/span><\/span><\/span><\/p>\n<\/td>\n<\/tr>\n<tr valign=\"TOP\">\n<td bgcolor=\"#006b6b\" width=\"17%\">\n<p align=\"LEFT\"><span style=\"color: #ffffff;\"><span style=\"font-family: Thorndale,serif;\"><span style=\"font-size: medium;\">D\u00e9finir le taux du revenu du capital <\/span><\/span><\/span><\/p>\n<\/td>\n<td bgcolor=\"#ffffff\" width=\"17%\">\n<p align=\"LEFT\"><span style=\"color: #000000;\"><span style=\"font-family: Thorndale,serif;\"><span style=\"font-size: medium;\">Primat de l&rsquo;actionnaire, libert\u00e9 des prix<\/span><\/span><\/span><\/p>\n<\/td>\n<td bgcolor=\"#ffffff\" width=\"17%\">\n<p align=\"LEFT\"><span style=\"color: #000000;\"><span style=\"font-family: Thorndale,serif;\"><span style=\"font-size: medium;\">Encadrement des prix, limitation du droit des actionnaires<\/span><\/span><\/span><\/p>\n<\/td>\n<td bgcolor=\"#ffffff\" width=\"17%\">\n<p align=\"LEFT\"><span style=\"color: #000000;\"><span style=\"font-family: Thorndale,serif;\"><span style=\"font-size: medium;\">Rien<\/span><\/span><\/span><\/p>\n<\/td>\n<td bgcolor=\"#ffffff\" width=\"17%\">\n<p align=\"LEFT\"><span style=\"color: #000000;\"><span style=\"font-family: Thorndale,serif;\"><span style=\"font-size: medium;\">Le taux est toujours \u00e0 la limite de rupture<\/span><\/span><\/span><\/p>\n<\/td>\n<td bgcolor=\"#47b8b8\" width=\"17%\">\n<p align=\"LEFT\"><span style=\"color: #ffffff;\"><span style=\"font-family: Thorndale,serif;\"><span style=\"font-size: medium;\">oui<\/span><\/span><\/span><\/p>\n<\/td>\n<\/tr>\n<tr valign=\"TOP\">\n<td bgcolor=\"#004a4a\" width=\"17%\">\n<p align=\"LEFT\"><span style=\"color: #ffffff;\"><span style=\"font-family: Thorndale,serif;\"><span style=\"font-size: medium;\">Choisir la nature de l&rsquo;investissement, le lieu, le moment et la dur\u00e9e de celui-ci <\/span><\/span><\/span><\/p>\n<\/td>\n<td bgcolor=\"#e6e6e6\" width=\"17%\">\n<p align=\"LEFT\"><span style=\"color: #000000;\"><span style=\"font-family: Thorndale,serif;\"><span style=\"font-size: medium;\">Libre-\u00e9change, absence de barri\u00e8res douani\u00e8res, droit illimit\u00e9 \u00e0 la propri\u00e9t\u00e9<\/span><\/span><\/span><\/p>\n<\/td>\n<td bgcolor=\"#e6e6e6\" width=\"17%\">\n<p align=\"LEFT\"><span style=\"color: #000000;\"><span style=\"font-family: Thorndale,serif;\"><span style=\"font-size: medium;\">Contr\u00f4le des changes, douane, pr\u00e9emption par les salari\u00e9s ou une collectivit\u00e9 publique.<\/span><\/span><\/span><\/p>\n<\/td>\n<td bgcolor=\"#e6e6e6\" width=\"17%\">\n<p align=\"LEFT\"><span style=\"color: #000000;\"><span style=\"font-family: Thorndale,serif;\"><span style=\"font-size: medium;\">Entreprise, cr\u00e9ation, progr\u00e8s technique<\/span><\/span><\/span><\/p>\n<\/td>\n<td bgcolor=\"#e6e6e6\" width=\"17%\">\n<p align=\"LEFT\"><span style=\"color: #000000;\"><span style=\"font-family: Thorndale,serif;\"><span style=\"font-size: medium;\">Ch\u00f4mage, pollution, mis\u00e8re<\/span><\/span><\/span><\/p>\n<\/td>\n<td bgcolor=\"#198a8a\" width=\"17%\">\n<p align=\"LEFT\"><span style=\"color: #ffffff;\"><span style=\"font-family: Thorndale,serif;\"><span style=\"font-size: medium;\">Oui<\/span><\/span><\/span><\/p>\n<\/td>\n<\/tr>\n<tr valign=\"TOP\">\n<td bgcolor=\"#004a4a\" width=\"17%\">\n<p align=\"LEFT\"><span style=\"color: #ffffff;\"><span style=\"font-family: Thorndale,serif;\"><span style=\"font-size: medium;\">Obligation de recourir \u00e0 celui-ci pour ne pas mourir. <\/span><\/span><\/span><\/p>\n<\/td>\n<td bgcolor=\"#198a8a\" width=\"17%\">\n<p align=\"LEFT\"><span style=\"color: #ffffff;\"><span style=\"font-family: Thorndale,serif;\"><span style=\"font-size: medium;\">Abandon de la monnaie par la collectivit\u00e9<\/span><\/span><\/span><\/p>\n<\/td>\n<td bgcolor=\"#198a8a\" width=\"17%\">\n<p align=\"LEFT\"><span style=\"color: #ffffff;\"><span style=\"font-family: Thorndale,serif;\"><span style=\"font-size: medium;\">100\u00a0% monnaie (1 pr\u00e9t\u00e9 pour 1 \u00e9pargn\u00e9) ou nationalisation du cr\u00e9dit<\/span><\/span><\/span><\/p>\n<\/td>\n<td bgcolor=\"#198a8a\" width=\"17%\">\n<p align=\"LEFT\"><span style=\"color: #ffffff;\"><span style=\"font-family: Thorndale,serif;\"><span style=\"font-size: medium;\">Rien<\/span><\/span><\/span><\/p>\n<\/td>\n<td bgcolor=\"#198a8a\" width=\"17%\">\n<p align=\"LEFT\"><span style=\"color: #ffffff;\"><span style=\"font-family: Thorndale,serif;\"><span style=\"font-size: medium;\">Mort des soci\u00e9t\u00e9s des hommes<\/span><\/span><\/span><\/p>\n<\/td>\n<td bgcolor=\"#198a8a\" width=\"17%\">\n<p align=\"LEFT\"><span style=\"color: #ffffff;\"><span style=\"font-family: Thorndale,serif;\"><span style=\"font-size: medium;\">oui<\/span><\/span><\/span><\/p>\n<\/td>\n<\/tr>\n<\/tbody>\n<\/table>\n<h2><\/h2>\n<p>&nbsp;<\/p>\n<h2>\u00a0V\u00e9rification<\/h2>\n<p>Prenons au hasard des travers graves de notre soci\u00e9t\u00e9, et regardons si nous pouvons les lier exclusivement \u00e0 un ou des cot\u00e9s du cadre.<\/p>\n<p>Ch\u00f4mage, pollution, crise \u00e9nerg\u00e9tique ? Choix de l&rsquo;investissement.<\/p>\n<p>Pauvret\u00e9 ? premier c\u00f4t\u00e9, l&rsquo;h\u00e9ritage ou absence de redistribution. Le revenu de base ou salaire \u00e0 vie est une piste.<\/p>\n<p>Souffrance au travail ? Primaut\u00e9 de la volont\u00e9 de l&rsquo;actionnaire.<\/p>\n<p>Pb de logement ? Libert\u00e9 des prix et propri\u00e9t\u00e9 lucrative illimit\u00e9<\/p>\n<h2>Conclusion :<\/h2>\n<p>H\u00e9ritage, propri\u00e9t\u00e9 lucrative et main-mise sur les lois par les poss\u00e9dants capitalistes sont les trois clefs de nos emmerdes.<\/p>\n<p>Toutefois, l&rsquo;initiative priv\u00e9e et la r\u00e9mun\u00e9ration des efforts est un incontournable. Il nous restera \u00e0 en penser des limites.<\/p>\n<p>Le reste, c&rsquo;est du d\u00e9tail, des cons\u00e9quences&#8230;<\/p>\n","protected":false},"excerpt":{"rendered":"<p>Retrouvons le cadre Nous sommes sollicit\u00e9s par la question, \u00f4 combien r\u00e9volutionnaire, d&rsquo;une red\u00e9finition de la constitution de notre soci\u00e9t\u00e9. Non pas par go\u00fbt, mais par la contrainte induite par sa perdition. Dette, ch\u00f4mage, d\u00e9gradation \u00ab\u00a0in\u00e9luctable\u00a0\u00bb du biotope, d\u00e9gradation de nos conditions de vie, transfert bient\u00f4t total des richesses, y compris des biens communs, entre [&hellip;]<\/p>\n","protected":false},"author":1,"featured_media":0,"parent":0,"menu_order":0,"comment_status":"open","ping_status":"closed","template":"","meta":{"footnotes":""},"class_list":["post-2356","page","type-page","status-publish","hentry"],"_links":{"self":[{"href":"https:\/\/www.vuncf.org\/index.php?rest_route=\/wp\/v2\/pages\/2356","targetHints":{"allow":["GET"]}}],"collection":[{"href":"https:\/\/www.vuncf.org\/index.php?rest_route=\/wp\/v2\/pages"}],"about":[{"href":"https:\/\/www.vuncf.org\/index.php?rest_route=\/wp\/v2\/types\/page"}],"author":[{"embeddable":true,"href":"https:\/\/www.vuncf.org\/index.php?rest_route=\/wp\/v2\/users\/1"}],"replies":[{"embeddable":true,"href":"https:\/\/www.vuncf.org\/index.php?rest_route=%2Fwp%2Fv2%2Fcomments&post=2356"}],"version-history":[{"count":15,"href":"https:\/\/www.vuncf.org\/index.php?rest_route=\/wp\/v2\/pages\/2356\/revisions"}],"predecessor-version":[{"id":2376,"href":"https:\/\/www.vuncf.org\/index.php?rest_route=\/wp\/v2\/pages\/2356\/revisions\/2376"}],"wp:attachment":[{"href":"https:\/\/www.vuncf.org\/index.php?rest_route=%2Fwp%2Fv2%2Fmedia&parent=2356"}],"curies":[{"name":"wp","href":"https:\/\/api.w.org\/{rel}","templated":true}]}}