{"id":2307,"date":"2014-04-10T19:19:00","date_gmt":"2014-04-10T17:19:00","guid":{"rendered":"http:\/\/www.vuncf.org\/?page_id=2307"},"modified":"2014-04-10T19:19:00","modified_gmt":"2014-04-10T17:19:00","slug":"choisir-un-systeme-de-monnaie-fixons-des-exigences","status":"publish","type":"page","link":"https:\/\/www.vuncf.org\/?page_id=2307","title":{"rendered":"Choisir un syst\u00e8me de monnaie : fixons des exigences"},"content":{"rendered":"<h2>De quoi parle <span style=\"color: #ff0000;\">thon<\/span> ?<\/h2>\n<p>Pour qu&rsquo;une activit\u00e9 \u00e9conomique existe, y compris collective ou d&rsquo;\u00e9tat, il faut qu&rsquo;un investisseur :<\/p>\n<ol>\n<li>Dispose d&rsquo;\u00e9pargne,<\/li>\n<li>Pense pouvoir se sucrer \u00ab\u00a0suffisamment\u00a0\u00bb en la pr\u00eatant.<\/li>\n<\/ol>\n<p>Les capitalistes (par d\u00e9finition, qui gagnent de l&rsquo;argent par la propri\u00e9t\u00e9 lucrative d&rsquo;un capital) nous contraignent \u00e0 passer par eux, m\u00eame pour aller pisser depuis que l&rsquo;eau et l&rsquo;assainissement on \u00e9t\u00e9 rendus priv\u00e9s.<\/p>\n<p>Ils sont tr\u00e8s organis\u00e9s pour crier au loup d\u00e8s qu&rsquo;une alternative pointe le d\u00e9but du mouvement de l&rsquo;air d\u00e9plac\u00e9 par l\u2019arriv\u00e9e de la pointe de son nez. Planche \u00e0 billet ! inflation ! guerre ! communisme ! populisme ! herp\u00e8s ! Chute des\u00a0 cheveux !<\/p>\n<p>Le petit Pascal, de Paris, nous faisait judicieusement remarquer que le nombre de capitalistes r\u00e9els \u00e9tait infime, ce que nous pensons \u00e9galement, et que le plus grand nombre de capitalistes est juste constitu\u00e9 de pauvres d\u00e9tenteurs de livret A ou d&rsquo;une assurance vie ou autre &lsquo;produit financier&rsquo;. Cela dit, ces derniers exercent, \u00e0 leur corps d\u00e9fendant peut \u00eatre, une nuisance mortelle, via les dirigeants-d\u00e9cideurs de leur fonds de placement. Lesquels dirigeants sont les b\u00e9n\u00e9ficiaires r\u00e9els, avec de gras \u00e9moluments, de la mise en coupe r\u00e9gl\u00e9e de notre soci\u00e9t\u00e9. R\u00e9visez votre cours sur la transitivit\u00e9.<\/p>\n<h2>Solutions alternatives<\/h2>\n<p>Il y en a plein. Personne ici n&rsquo;a la science pour d\u00e9signer une gagnante, en revanche, dans la ligne de ce site qui veut vous rendre tous capables de juger \u00e0 d\u00e9faut d&rsquo;\u00eatre architecte du monde meilleur, nous pouvons \u00e9baucher un \u00ab\u00a0cahier des charges\u00a0\u00bb.<\/p>\n<p>Les diff\u00e9rentes th\u00e9ories pourraient \u00eatre confront\u00e9es \u00e0 ce cahier des charges, afin d&rsquo;\u00eatre rejet\u00e9es, choisies, am\u00e9lior\u00e9es, plagi\u00e9es. Et \u00e7a, nous pouvons le faire, m\u00eame \u00e0 Bac -3.<\/p>\n<p>Le syst\u00e8me actuel est enti\u00e8rement d\u00e9di\u00e9 \u00e0 l&rsquo;optimisation de la rente, et rien que cela. Vous avez une id\u00e9e qui permet plus de rente ? Banco ! Vous la limitez au prochain bilan ? Caca ! L&rsquo;avantage tient dans la simplicit\u00e9. Laissons nous aller \u00e0 plus d&rsquo;innovation:<\/p>\n<p><strong>La masse mon\u00e9taire en circulation doit-\u00eatre constamment exactement \u00e9gale \u00e0 la somme des salaires (ou revenus du travail non salari\u00e9).<\/strong><\/p>\n<p>Le reste n&rsquo;est que d\u00e9tail et fanfreluche.<\/p>\n<p>A partir de cet instant, il importe peu de jeter l&rsquo;anath\u00e8me sur le cr\u00e9dit, le 100% monnaie centrale, la monnaie fondante, un syst\u00e8me \u00e0 monnaies multiples, convertible ou pas convertible. La question est : le syst\u00e8me retenu permettra-t-il de satisfaire \u00e0 ce que l&rsquo;on attend de lui.<\/p>\n<p>Un sujet est curieusement absent de toutes les gesticulations alter-\u00e9conomiques : Le contr\u00f4le du volume de la masse mon\u00e9taire. La solution actuelle, totalement d\u00e9r\u00e9gul\u00e9e et privatis\u00e9e ne peut perdurer : elle nous co\u00fbte la bagatelle de 700 milliards d&rsquo;Euros TOUS les ans, et une grande partie ne revient pas en circulation. \u00c7a s\u2019appelle la hausse du ch\u00f4mage, et hausse de la dette, fin de l&rsquo;investissement \u00e0 moyen ou long terme.<\/p>\n<p>Mais pour autant, <strong>aucune r\u00e9flexion sur le futur de la r\u00e9gulation de la masse mon\u00e9taire n&rsquo;est entreprise<\/strong> par nos plus brillants esprits. Tout au plus, on d\u00e9cr\u00e8te que le pouvoir doit en revenir au peuple. Super ! Et ?<\/p>\n<p>A ce propos, tous les banquiers ou assimil\u00e9 vous expliqueront que rendre la monnaie \u00e0 l\u2019\u00c9tat, c&rsquo;est la mort. Qui parle d&rsquo;en donner le contr\u00f4le \u00e0 l\u2019\u00c9tat ? Au peuple dans une d\u00e9mocratie, oui, mais \u00e7a, on n&rsquo;a jamais vu, alors calmos, Cassandre de mes deux !<\/p>\n<p>Nous affirmons qu&rsquo;il serait temps de mettre un b\u00e9mol \u00e0 vos activit\u00e9s de d\u00e9nonciations des vilains capitalistes pas beau, et de transpirer un peu pour faire juste mieux que cliquer sur le bouton &lsquo;partager&rsquo; ou &lsquo;j aime&rsquo; de facebook. Ce qui constitue l&rsquo;essentiel du militantisme fran\u00e7ais. Et toc !<\/p>\n<p>Voil\u00e0 : le sujet du jour, c&rsquo;est d&rsquo;\u00e9num\u00e9rer ce que l&rsquo;on attend de la monnaie. Ensuite seulement, on pourra s&rsquo;engueuler sur les solutions.<\/p>\n<h2>Qu&rsquo;attend <span style=\"color: #ff0000;\">thon<\/span> de la monnaie :<\/h2>\n<ol>\n<li>Que sa valeur soit connue et fiable \u00e0 un instant donn\u00e9. Qu&rsquo;elle ne soit pas manipulable par certains au d\u00e9pends d&rsquo;autres : par exemple, le passage \u00e0 l&rsquo;Euro a \u00e9t\u00e9 l&rsquo;occasion de mettre un m\u00e9chant coups de rabot aux salaires, au profit des marchands et des actionnaires. En clair, le pain a pris 475%, pas le smic. La baisse de salaire a \u00e9t\u00e9 partiellement restitu\u00e9e sous forme de pouvoir d&rsquo;achat conquis sur le dos des esclaves asiatiques.<\/li>\n<li>Que la quantit\u00e9 disponible en circulation liquide (non, ce n&rsquo;est pas un pl\u00e9onasme. Le livret A est liquide, mais pas en circulation) soit facilement ajustable, sans porter pr\u00e9judice aux porteurs &lsquo;sains&rsquo; de cette monnaie.<\/li>\n<li>Que l&rsquo;\u00e9pargne, soit le fait de mettre de cot\u00e9 de la monnaie pour une d\u00e9pense diff\u00e9r\u00e9e, ne modifie pas significativement la masse des salaires (voir plus haut, suivez un peu !). Soit qu&rsquo;on contienne l&rsquo;\u00e9pargne, soit qu&rsquo;on la d\u00e9courage, soit qu&rsquo;on en codifie l&rsquo;acc\u00e8s. Soit que cela ne soit plus une ponction sur les salaires. Si, c&rsquo;est possible ! Par la cotisation, mais c&rsquo;est une autre histoire.<\/li>\n<\/ol>\n<p>Bon, c&rsquo;est \u00e0 peu pr\u00e8s tout. Mais nous sommes toute ou\u00efe pour amender cette liste. N&rsquo;oubliez pas qu&rsquo;une reconstruction de la monnaie peut aussi \u00eatre \u00e9troitement imbriqu\u00e9e avec une r\u00e9forme des sch\u00e9mas de son usage. Il n&rsquo;y a pas que la planche \u00e0 billets qui peut d\u00e9r\u00e9gler la machine : dans un autre syst\u00e8me o\u00f9 les salaires sont &lsquo;\u00e0 vie&rsquo;, donc sortis du march\u00e9 du travail, heu en fait, c&rsquo;est le march\u00e9 du travail qui est sorti, alors c&rsquo;est la quantit\u00e9 de qualification, le niveau des salaires \u00e0 vie qui constitue la majeure partie de la masse mon\u00e9taire liquide. Mettre tout le monde \u00e0 la plus haute qualification, dans le syst\u00e8me de <a title=\"Bernard Friot &amp; R\u00e9seau-Salariat\" href=\"https:\/\/www.vuncf.org\/?page_id=1032\" target=\"_blank\">Friot<\/a>, c&rsquo;est le m\u00eame client\u00e9lisme que de distribuer du pognon aux \u00e9lecteurs avec la c\u00e9l\u00e8bre planche \u00e0 clou, euh non, \u00e0 pain, oh fl\u00fbte, \u00e0 billets ! Syst\u00e8me qui soit dit en passant, \u00e0 la vertu supr\u00eame de d\u00e9connecter l&rsquo;\u00e9pargne de la masse mon\u00e9taire. Explication sur demande.<\/p>\n<p>Nous affirmons qu&rsquo;il n&rsquo;est pas possible de juger ex abrupto des bienfaits ou des d\u00e9fauts d&rsquo;un syst\u00e8me de monnaie, tant qu&rsquo;on n&rsquo;a pas explicit\u00e9 les m\u00e9canismes associ\u00e9s qui vont permettre de garantir ces points.<\/p>\n<p>La monnaie fondante permet d&rsquo;encourager la consommation, donc les salaires et les investissements directs \u00e0 court terme, mais laisse dans le flou le sort de l&rsquo;\u00e9pargne. Le tout-\u00e9pargne tue l&#8217;emploi, l&rsquo;industrie, les investissements, surtout lorsque cette \u00e9pargne peut se d\u00e9placer librement dans un gigantesque supermarch\u00e9 plan\u00e9taire de placements. Le tout-\u00e9pargne, c&rsquo;est ton usine qui ferme, le tout-monnaie-fondante, c&rsquo;est ton usine qui ne verra jamais le jour.<\/p>\n<p>Aujourd&rsquo;hui, c&rsquo;est l&rsquo;\u00e9pargne lucrative qui est au c\u0153ur de l&rsquo;activit\u00e9 \u00e9conomique par le racket des actionnaires, tout en sabotant l&rsquo;activit\u00e9 \u00e9conomique et l&#8217;emploi. On va bient\u00f4t voir les actionnaires et les banquiers porter des chaussures de s\u00e9curit\u00e9 comme \u00e0 l&rsquo;usine. A cause des balles qu&rsquo;ils se tirent dans les arpions, avec leur monnaie psychotique !<\/p>\n<p>Jamais nous n&rsquo;avons vu abord\u00e9 l&rsquo;\u00e9conomie du point de vue de l&rsquo;\u00e9pargne. Or, en tant que support du capitalisme, tout a \u00e9t\u00e9 construit autour du dieu \u00c9pargne. Et sans abattre ce dieu, rien n&rsquo;est possible. Mais d\u00e9truire <strong>un certain usage<\/strong> de l&rsquo;\u00e9pargne, ce que nous souhaitons, ce n&rsquo;est pas vouloir interdire l&rsquo;\u00e9pargne ! Vouloir emp\u00eacher que par un usage malfaisant de l&rsquo;\u00e9pargne, certain s&rsquo;approprie toute les richesses, au point de d\u00e9truire notre organisation sociale dans la souffrance du grand nombre qui contribue gaver le petit nombre. Passivement. Voltaire, enfoir\u00e9 !<\/p>\n<h2>Prenons l&rsquo;exemple des Miles SNCF<\/h2>\n<p>Vous r\u00e9cup\u00e9rez des points avec vos achats de billets de train. Ce &lsquo;capital&rsquo; constitue de fait une \u00e9pargne, non pas en Euro, mais en voyage, ou cadeau.<\/p>\n<p>Si vous ne le savez pas d\u00e9j\u00e0, sachez donc que des points acquis ont une dur\u00e9e de vie limit\u00e9e, autour de deux ans. Il n&rsquo;est pas possible de transmettre son stock de Miles \u00e0 ses enfants en cas de d\u00e9c\u00e8s. Tiens, on peut se passer de l&rsquo;h\u00e9ritage ?<\/p>\n<p>Pourquoi ? La SNCF veut vous obliger \u00e0 consommer rapidement vos Miles, ou point, ou carottes rapp\u00e9es (projet marketing abandonn\u00e9). C&rsquo;est un exemple de monnaie fondante. Mais vous pouvez aussi convertir vos points en cadeaux (moches) choisis dans un catalogue (pourave). C&rsquo;est un exemple d&rsquo;\u00e9pargne dirig\u00e9e : dans le temps et dans l&rsquo;objet. Comme l&rsquo;\u00e9pargne constitue une dette de la part de celui qui en d\u00e9tient la contre-partie, la SNCF, en l\u2019occurrence,\u00a0 ne souhaite pas se voir gonfler un stock de voyage qu&rsquo;elle aurait grand peine \u00e0 fournir, si tous les \u00e9pargnants attendait d&rsquo;avoir 10 ans d&rsquo;\u00e9pargne pour la liquider le m\u00eame 1ier juillet pour partir en vacances. Alors qu&rsquo;au fur et \u00e0 mesure, en emp\u00eachant de d\u00e9penser son \u00e9pargne pendant les p\u00e9riode rouge, la SNCF r\u00e9duit \u00e0 peau de balle le co\u00fbt de son soit-disant cadeau.<\/p>\n<p>Le fait de vous contraindre \u00e0 d\u00e9clarer l&rsquo;usage futur de votre \u00e9pargne, en en choisissant le support, permettrait :<\/p>\n<ul>\n<li>De donner des avantages diff\u00e9rents selon les cas : % int\u00e9r\u00eat, plafond\/plancher, dur\u00e9e mini et\/ou maxi, voir but de l&rsquo;\u00e9pargne.Donc de l&rsquo;orienter en fonction des besoins et disponibilit\u00e9. Copp\u00e9 va hurler.<\/li>\n<li>De donner aux citoyens gestionnaires et contr\u00f4leurs de la masse mon\u00e9taire liquide les moyens pratiques de compenser la fuite de liquidit\u00e9 que constitue l&rsquo;\u00e9pargne, en jouant sur les dur\u00e9es afin de faire coller dur\u00e9e d&rsquo;\u00e9pargne et retour sur investissements souhait\u00e9.<\/li>\n<li>\u00a0D&rsquo;adapter l&rsquo;usage fait de cet \u00e9pargne en pr\u00e9vision de son usage futur. C&rsquo;est ce que font aujourd&rsquo;hui certains placement \u00e0 vocation de faciliter l&rsquo;acc\u00e8s \u00e0 la propri\u00e9t\u00e9 du logement principal.. Sans aucun effet sur le march\u00e9 du logement, d&rsquo;ailleurs.<\/li>\n<\/ul>\n<p>Au lieu d&rsquo;avoir des banques qui font trop ou pas assez selon leurs humeurs, faisant exploser ou imploser l&rsquo;\u00e9conomie, une forme de cr\u00e9dit bien dos\u00e9 au niveau de la communaut\u00e9 de monnaie, permettrai de r\u00e9injecter juste ce qu&rsquo;il faut pour assurer les salaires.<\/p>\n<p>Si les \u00e9pargnants &lsquo;d\u00e9clarent&rsquo; qu&rsquo;ils vont s&rsquo;acheter un logement, autant fixer les dur\u00e9es en cons\u00e9quences, et utiliser l&rsquo;\u00e9pargne pour financer la cha\u00eene de production qui leur fournira le dit logement en \u00e9vitant les tensions sur les prix.<\/p>\n<p>Ce qui am\u00e8ne \u00e0 pr\u00e9voir que le gain ou la taxation de l&rsquo;\u00e9pargne sera fix\u00e9 <em>dans certains cas<\/em> au moment de sa d\u00e9pense : quand vous mettez trois ronds de cot\u00e9, vous ne savez pas encore forc\u00e9ment si vous allez acheter un 4&#215;4 ou faire des travaux d&rsquo;isolation ou offrir une AK47 \u00e0 votre petit dernier d\u00e9linquant.<\/p>\n<p>On peut pourtant imaginer que le premier projet sera tax\u00e9 pour des raisons \u00e9colos, donc monnaie fondante, ou bien vous toucherez un bonus pour vos travaux d&rsquo;isolation, donc \u00e9pargne lucrative.<\/p>\n<p>Conclusion provisoire : avant de s&#8217;emballer pour un syst\u00e8me mon\u00e9taire, et le plus souvent de s&rsquo;en tenir \u00e0 un tableau avantages-inconv\u00e9nients facilement biaisable, mettons nous d&rsquo;accord sur une liste d&rsquo;exigences, comme l&rsquo;\u00e9bauche dans cet article, et obtenons des promoteurs de tel ou tel syst\u00e8me qu&rsquo;ils s&rsquo;expliquent \u00e0 leur propos.<\/p>\n<p>Rompez, &lsquo;pouvez fumer.<\/p>\n<p>PS : Aux gardien de l&rsquo;orthodoxie langagi\u00e8re, qui souhaiteraient voir cesser l&rsquo;humour \u00e0 base de calembours poissonneux, je rappelle que la chasse au thon rouge est d\u00e9sormais interdite, y compris dans ces pages.<\/p>\n","protected":false},"excerpt":{"rendered":"<p>De quoi parle thon ? Pour qu&rsquo;une activit\u00e9 \u00e9conomique existe, y compris collective ou d&rsquo;\u00e9tat, il faut qu&rsquo;un investisseur : Dispose d&rsquo;\u00e9pargne, Pense pouvoir se sucrer \u00ab\u00a0suffisamment\u00a0\u00bb en la pr\u00eatant. Les capitalistes (par d\u00e9finition, qui gagnent de l&rsquo;argent par la propri\u00e9t\u00e9 lucrative d&rsquo;un capital) nous contraignent \u00e0 passer par eux, m\u00eame pour aller pisser depuis [&hellip;]<\/p>\n","protected":false},"author":1,"featured_media":0,"parent":0,"menu_order":0,"comment_status":"open","ping_status":"closed","template":"","meta":{"footnotes":""},"class_list":["post-2307","page","type-page","status-publish","hentry"],"_links":{"self":[{"href":"https:\/\/www.vuncf.org\/index.php?rest_route=\/wp\/v2\/pages\/2307","targetHints":{"allow":["GET"]}}],"collection":[{"href":"https:\/\/www.vuncf.org\/index.php?rest_route=\/wp\/v2\/pages"}],"about":[{"href":"https:\/\/www.vuncf.org\/index.php?rest_route=\/wp\/v2\/types\/page"}],"author":[{"embeddable":true,"href":"https:\/\/www.vuncf.org\/index.php?rest_route=\/wp\/v2\/users\/1"}],"replies":[{"embeddable":true,"href":"https:\/\/www.vuncf.org\/index.php?rest_route=%2Fwp%2Fv2%2Fcomments&post=2307"}],"version-history":[{"count":7,"href":"https:\/\/www.vuncf.org\/index.php?rest_route=\/wp\/v2\/pages\/2307\/revisions"}],"predecessor-version":[{"id":2314,"href":"https:\/\/www.vuncf.org\/index.php?rest_route=\/wp\/v2\/pages\/2307\/revisions\/2314"}],"wp:attachment":[{"href":"https:\/\/www.vuncf.org\/index.php?rest_route=%2Fwp%2Fv2%2Fmedia&parent=2307"}],"curies":[{"name":"wp","href":"https:\/\/api.w.org\/{rel}","templated":true}]}}