{"id":2256,"date":"2014-04-03T19:28:29","date_gmt":"2014-04-03T17:28:29","guid":{"rendered":"http:\/\/www.vuncf.org\/?page_id=2256"},"modified":"2014-04-04T22:56:54","modified_gmt":"2014-04-04T20:56:54","slug":"hey-marre-de-facebook-comment-je-fais-pour-embrigader-des-gens","status":"publish","type":"page","link":"https:\/\/www.vuncf.org\/?page_id=2256","title":{"rendered":"Hey ! Marre de Facebook, comment je fais pour embrigader des \u00ab\u00a0gens\u00a0\u00bb ?"},"content":{"rendered":"<h2>Cette page ne s&rsquo;adresse pas au public, mais restez quand m\u00eame.<\/h2>\n<p>&#8230;mais \u00e0 ceux que nous invitons \u00e0 s&rsquo;enr\u00f4ler dans notre projet. Mais comme nous n&rsquo;avons rien \u00e0 cacher, restez donc ! Tout ce que cet article \u00e0 l&rsquo;air d&rsquo;affirmer, comme s&rsquo;il donnait sa science, n&rsquo;est en fait qu&rsquo;un ramassis de questions all\u00e9g\u00e9es des formules exprimant les doutes des auteurs.<\/p>\n<h2>Comment simplifier ce qui semble complexe<\/h2>\n<p>Rappelons nous aussi <em>pourquoi<\/em> nous en parlons : ce site veut pousser les nombreux activistes d&rsquo;un renouveau social \u00e0 se concerter pour parler de politique, non pas dans des colloques ferm\u00e9s, comme les activistes savent si bien en faire, mais \u00e0 la majorit\u00e9, au grand nombre, \u00e0 la populace, \u00e0 la cariatide, aux \u00ab\u00a0gens\u00a0\u00bb (en tant que concept g\u00e9n\u00e9ral), aux masses, au populo, utilisez le vocabulaire local qui vous convient.<\/p>\n<p>D&rsquo;accord, mais l&rsquo;argent, la constitution, le salaire, l&#8217;emploi, le capitalisme sont des notions complexes, et ma concierge (ma voisine, mes coll\u00e8gues de bureau) a un temps limit\u00e9 et un nombre de neurones restreint \u00e0 me consacrer. Soit qu&rsquo;elle n&rsquo;en a pas beaucoup en stock, soit qu&rsquo;elle se les r\u00e9serve pour autre chose.<\/p>\n<p>Comment vais-je m&rsquo;y prendre, sachant que nous r\u00eavons de progr\u00e8s social <em>de notre vivant<\/em> ? Cherchons une m\u00e9thode nouvelle pour cette d\u00e9marche qui, \u00e0 notre connaissance, n&rsquo;est pratiqu\u00e9e que par les marchand de pubs, \u00e0 la demande de marchands de soupe.<\/p>\n<p>Prenons, au hasard, la monnaie. Nous voulons dire que l\u00e0, c&rsquo;est la merde, et qu&rsquo;il faut que \u00e7a change. Jusque l\u00e0, tout le monde suit. Sauf qu&rsquo;on n&rsquo;a encore rien dit, et que le temps imparti est d\u00e9j\u00e0 bien entam\u00e9.<\/p>\n<p>Devons nous nous livrer \u00e0 un cours d&rsquo;\u00e9conomie ? Sachant qu&rsquo;un tableau l\u00e9g\u00e8rement plus complet qu&rsquo;un expos\u00e9 de Fran\u00e7ois Langlet au JT de 20h risque d&rsquo;\u00e9vaporer l&rsquo;auditoire. Que ce sujet soul\u00e8vera bien des chamailleries de sp\u00e9cialistes, rien que pour l&rsquo;expos\u00e9 d&rsquo;introduction. Un sp\u00e9cialiste, complice ou adversaire, peu importe, va dispenser avec une moue d\u00e9sapprobatrice un jugement dynamiteur de d\u00e9bat : \u00ab\u00a0Mouiiiiii, en fait, c&rsquo;est plus compliqu\u00e9 que \u00e7a\u00a0\u00bb.<\/p>\n<p>Rideau, rangez les chaises contre le mur, le dernier \u00e9teint la lumi\u00e8re.<\/p>\n<p>Autant vous dire que ma concierge est retourn\u00e9e depuis longtemps, o\u00f9 cela ? Dans l&rsquo;escalier, bien s\u00fbr.<\/p>\n<p>Cet article va proposer quelques principes discutables &#8211; mais pas \u00e9ternellement discutables, faut qu&rsquo;on s&rsquo;y mette &#8211; pour traiter un sujet de soci\u00e9t\u00e9, d&rsquo;\u00e9conomie, de finance SUR LA VOIE PUBLIQUE.<\/p>\n<h2>Pourquoi ?<\/h2>\n<p>Pour informer la populace avant la saint glinglin, avant qu&rsquo;un irr\u00e9m\u00e9diable ne soit commis par Barroso. Avant que notre soci\u00e9t\u00e9 n&rsquo;ait d\u00e9finitivement sombr\u00e9 dans le chaos, par exemple.<\/p>\n<p>Les commentaires ne sont pas faits pour les chiens : Plut\u00f4t que de r\u00e2ler, dites ce que nous devons corriger dans la liste qui suit. Jouons collectif.<\/p>\n<h2>Tentative de m\u00e9thode avec l&rsquo;exemple choisi<\/h2>\n<p>On n&rsquo;a pas toute la soir\u00e9e : on dirait qu&rsquo;un vilain pas beau braque sur votre bide un machin hyper contondant et vous donne 3 minutes pour \u00e9noncer en quoi c&rsquo;est un probl\u00e8me, avant de vous mettre votre intestin sous les yeux. On recommence ensuite pour les causes, puis id\u00e9es de solutions.<\/p>\n<p>En 2 ou trois minutes, un cours de troisi\u00e8me cycle universitaire n&rsquo;est pas une option : au mieux, avoir un article ou une vid\u00e9o sous le coude pour le Saint Thomas de service.<\/p>\n<p>Faites l&rsquo;exercice avec un proche, fan d&rsquo;opiums du peuple. Demandez lui de r\u00e9p\u00e9ter. Notez ses formules. Nous nous plaignons de la main-mise des riches sur la soci\u00e9t\u00e9 ? Veillons \u00e0 parler un fran\u00e7ais courant. Autre fa\u00e7on de le dire : pas de latin, pas de jargon, pas de mot savant : on pourrait se r\u00e9unir pour d\u00e9cider si le niveau de r\u00e9f\u00e9rence, en terme de vocabulaire et d&rsquo;expression est bloqu\u00e9 au niveau seconde ou baccalaur\u00e9at. Pas \u00ab\u00a0doctorat en droit constitutionnel\u00a0\u00bb.<\/p>\n<p>Si notre syst\u00e8me de monnaie, notre finance sont si compliqu\u00e9s \u00e0 comprendre, c&rsquo;est un signe d&#8217;embrouille. Qu&rsquo;une minorit\u00e9 soit seule apte \u00e0 piger prouve le peu de consid\u00e9ration qu&rsquo;elle nous porte. Qu&rsquo;une greffe c\u0153ur-poumon soit compliqu\u00e9e, d&rsquo;accord, mais qu&rsquo;un syst\u00e8me mon\u00e9taire le soit, c&rsquo;est a priori suspect. Par ailleurs, la population la plus inform\u00e9e est <em>statistiquement<\/em> parmi la plus \u00e9duqu\u00e9e, et celle que nous devons alerter contient des individus d\u00e9favoris\u00e9s au niveau du langage : plus de 10 ans de t\u00e9l\u00e9 \u00e0 3,5h\/jours, soit plus de 12 000 heures, \u00e7a ab\u00eeme !<\/p>\n<p>L&rsquo;air de rien, bien des internautes nous disent que l&#8217;emploi d&rsquo;un vocabulaire \u00e9loign\u00e9 du trottoir dans les pages de ce site les rendent indigestes : ils disent souvent &lsquo;imbitables&rsquo; ! Encore une fois, ce site veut permettre d&rsquo;atteindre 65 millions de gens qui fuient, pour l&rsquo;immense majorit\u00e9, les discours intellos &lsquo;imbitables&rsquo;. Nous prenons toujours en compte vos remarques dans ce sens. Voilaaa, on n&rsquo;enfoncera pas ce clou plus profond, il sort d\u00e9j\u00e0 chez le voisin.<\/p>\n<p>Passons \u00e0 un exemple :<\/p>\n<p><strong>Intro<\/strong> : <em><del>la monnaie<\/del> le pognon est un outil d&rsquo;\u00e9change : travail contre argent, marchandise ou service contre argent. Mais la monnaie est devenue en soi une marchandise, le cr\u00e9dit est le seul moyen d&rsquo;en louer, son prix s\u2019appelle &lsquo;int\u00e9r\u00eat&rsquo;.\u00a0 Pour commencer \u00e0 exister, il faut avoir d\u00e9j\u00e0 de la monnaie : voiture, logement&#8230;. Donc cr\u00e9dit, donc dette, donc int\u00e9r\u00eats \u00e0 payer. Nos repr\u00e9sentants tra\u00eetres ont donn\u00e9 le contr\u00f4le de la monnaie aux financiers priv\u00e9s qui le veulent pour pouvoir nous racketter.<br \/>\n<\/em><\/p>\n<p><em>Certains naissent <del>avec de la monnaie<\/del> blind\u00e9s par l&rsquo;h\u00e9ritage, d&rsquo;autre accumulent de l&rsquo;oseille en gagnant plus que n\u00e9cessaire pour vivre. La plupart en &lsquo;gagnent&rsquo; en<del> vendant leur force de travail<\/del> allant bosser et d\u00e9pensent ce fric dans les jours qui suivent. Un petit nombre gagne plein de fric en louant des logements, ou en jouant en bourse, en poss\u00e9dant des actions. Quand c&rsquo;est ill\u00e9gal, c&rsquo;est du \u00ab\u00a0racket\u00a0\u00bb, quand un riche fait passer une loi par ses <del>larbins<\/del> amis d\u00e9put\u00e9s, cela devient de la \u00ab\u00a0cr\u00e9ation de richesse\u00a0\u00bb, d\u00e9notant un fertile esprit \u00ab\u00a0entrepreneurial\u00a0\u00bb propre \u00e0 <del>se gaver<\/del> saisir des opportunit\u00e9s.<br \/>\n<\/em><\/p>\n<p>Oui, c&rsquo;est simpliste mais c&rsquo;est vrai ! C&rsquo;est bien le maximum qu&rsquo;on pourra faire \u00e0 l&rsquo;attention du grand public. Le premier qui dit que \u00ab\u00a0monnaie et argent, ce n&rsquo;est pas la m\u00eame chose\u00a0\u00bb, se fait engueuler sauce grand veneur : on est pas dans un amphi de fac, ni dans un concours d&rsquo;\u00e9loquence, comme sur une vulgaire page Facebook ! On est l\u00e0 pour pr\u00e9parer une intervention aupr\u00e8s du grand public, au march\u00e9, au troquet, \u00e0 la machine \u00e0 caf\u00e9 ! Et ce n&rsquo;est pas faire injure que de parler directement, avec un vocabulaire certes parfois familier, mais toujours juste.<\/p>\n<p>Deuxi\u00e8me \u00e9l\u00e9ment de m\u00e9thode : comme vous \u00eates, souvent, du genre \u00e0 vous prendre la t\u00eate sur une formule, l&rsquo;orthodoxie conceptuelle et autre moteur de conversation entre militant casse-bonbon ( oxymore), j&rsquo;ajoute que, cher lecteur, si cela ne te convient pas, on te donne 10 minutes, pas une de plus, pour refaire la copie \u00e0 ta convenance. On met les copies dans l&rsquo;Agora, on vote, et c&rsquo;est pli\u00e9 : la crise n&rsquo;attend pas. C&rsquo;est pas parfait ? Comme ce bas monde !<\/p>\n<p>Pour info, voici un paragraphe extrait du programme politique d&rsquo;une association c\u00e9l\u00e8bre en France, qui veut comme nous refaire le monde. Ils se sont mis \u00e0 plein pour pondre cela, et vont se mettre en AG pour savoir si mon cul sur la commode. Le fond est leur affaire, c&rsquo;est la forme qu&rsquo;il faut mater :<\/p>\n<blockquote><p><em>En amont, un objectif d\u2019\u00e9ducation populaire se dessine, celui de forger les conditions d\u2019une soci\u00e9t\u00e9 interculturelle ou de la diversit\u00e9\u00a0: il s\u2019agit, sur la base du refus de l\u2019assimilationnisme, du communautarisme et de l\u2019individualisme de repli, de respecter les cultures de chacun et, par leur mise en dialogue, de favoriser l\u2019enrichissement commun en termes de d\u00e9veloppement humain.<\/em><\/p><\/blockquote>\n<p>On dirait du Lepage ! C&rsquo;est un doc interne, mais qui doit devenir la ligne pour tous les militants de terrain. Si je retourne \u00e0 l&rsquo;AG cette ann\u00e9e, j&#8217;emm\u00e8ne une boite de kleenex.<\/p>\n<p>Ici, on fait du passage \u00e0 l&rsquo;acte ! Le pignolage, c&rsquo;est \u00e0 la maison ! Ne perds pas ta salive \u00e0 expliquer quoi ou qu&rsquo;est-ce : \u00e9cris en commentaire de cet article : \u00ab\u00a0\u00e0 la place du paragraphe xxxxxx, je met yyyyyy\u00a0\u00bb. Point barre, pas de justifications. Tout au plus un ou deux liens vers des expos\u00e9s qui valorisent yyy \u00e0 la place de xxxx. Dans la vraie vie, on est un petit groupe r\u00e9uni, et on fait \u00e7a au blitz, comme\u00a0 aux \u00e9checs (le chrono qui limite le temps de chaque joueur pour qu&rsquo;on y passe pas la semaine).<\/p>\n<p>Au lieu d&rsquo;en faire un concours d&rsquo;\u00e9go, on joue \u00e0 : \u00ab\u00a0Dans deux heures, l&rsquo;immeuble dans lequel nous nous trouvons s&rsquo;\u00e9croule sur nos t\u00eates comme une vulgaire usine de fringues Zara ou H&amp;M. De la pur\u00e9e, du hachis de militants. Impossible de sortir sans avoir boucl\u00e9 une version op\u00e9rationnelle pour samedi prochain. It&rsquo;s a hundred and six miles to Chicago, we&rsquo;ve got a full tank of gas, half a pack of cigarettes, it&rsquo;s dark, and we&rsquo;re wearing sunglasses. Let&rsquo;s go.\u00a0\u00bb.\u00a0 Celui qui trouve l&rsquo;origine de cette citation gagne rien.<\/p>\n<p><strong>On continue, tentative d&rsquo;expliquer o\u00f9 est le probl\u00e8me<\/strong> : Top chrono, deux minutes. Les <del>possesseurs de monnaies, de capitaux,<\/del> riches ont rendu obligatoire et le plus co\u00fbteux possible le passage \u00e0 leur guichet de pr\u00eat. Pour gagner encore plus de pognon, le plus vite possible. Non seulement les particuliers et les entreprises doivent passer entre leur mains, mais \u00e9galement les communaut\u00e9s, l\u2019\u00c9tat. Et comme ils sont plus goinfres qu&rsquo;un lion \u00e0 qui on offre 3 chr\u00e9tiens apr\u00e8s une semaine au yaourt nature, qu&rsquo;ils ont achet\u00e9 des lois, des parlements entiers, des banques centrale et la commission Europ\u00e9enne ou notre gouvernement, leur bizness marche trop bien !<\/p>\n<p>Tout l&rsquo;argent qu&rsquo;ils gagnent sert \u00e0 corrompre et \u00e0 revendre de la monnaie dont ils ont organis\u00e9 la raret\u00e9. Au final, ils ramassent toute la monnaie que nous gagnons en travaillant. Nous travaillons \u00e0 leur place contre rien de mangeable, et petit \u00e0 petit toute la monnaie passe dans leur coffre. D&rsquo;o\u00f9<del><\/del> ch\u00f4mage, jusqu&rsquo;\u00e0 ce que nous travaillions pour rien, et que nous crevions. Baisser les charges des entreprises acc\u00e9l\u00e8re le mouvement.<\/p>\n<p>Ouille ! A part le yaourt qui est l\u00e0 pour d\u00e9tendre l&rsquo;atmosph\u00e8re, je vous invite en 10 minutes-top-chrono, \u00e0 ramasser ce passage trop long, bien trop long. 10 minutes, pas plus !<\/p>\n<p><strong>Proposition de sortie<\/strong> : Tout cela arrive parce que nous avons laiss\u00e9 les riches poser les r\u00e8gles. Avec leur argent ET NOTRE INDIFF\u00c9RENCE, ils se sont achet\u00e9 des consciences, des t\u00e9l\u00e9s, des journaux. Ils ont \u00e9crit les lois, les trait\u00e9s, les constitutions. Leur technique favorite pour nous emp\u00eacher de changer, c&rsquo;est, depuis la nuit des temps, la menace: guerre, d\u00e9valuation (comme si on en avait quelque chose \u00e0 faire quand on ne poss\u00e8de pas de capital !), chaos, fi\u00e8vre aphteuse, ongles incarn\u00e9s, p\u00e9nurie de caviar. Il existe 20 organisations alternatives de la monnaie, toutes meilleures, ils nous appartient de VOULOIR les faire advenir. D&rsquo;en causer entre nous. Maintenant ! Au troquet en face. Mais chacun paye son verre.<\/p>\n<p>L\u00e0 on est bon, c&rsquo;est fastoche en 2 minutes. A la place de &rsquo;20&rsquo;, mettez le chiffre que vous voulez.<\/p>\n<p>Notez que je n&rsquo;ai pas \u00e9cris : \u00ab\u00a0Il nous appartient\u00a0 de faire un diagnostic partag\u00e9 par les acteurs habitant le territoire, tout en respectant l&rsquo;esprit entrepreneurial des vrais cr\u00e9ateurs de richesses \u00e0 l&rsquo;heure de la mondialisation et de la comp\u00e9titivit\u00e9 n\u00e9cessaire qui sera favoris\u00e9e par une baisse des charges\u00a0\u00bb<\/p>\n<p><strong>Invitation<\/strong> : \u00ab\u00a0Venez donc discuter de ces solutions alternatives au troquet en face\u00a0\u00bb, mais on ira pas en discuter ni avec un banquier, ni avec un capitaliste, ni avec Pujadas, ni avec un homme politique. Penser \u00e0 rep\u00e9rer le troquet.<\/p>\n<p>Quand un gros malin, banquier ou autre libertarien s&rsquo;avance pour vous traiter de gros naze incomp\u00e9tent, il faut passer aux&#8230;<\/p>\n<p><strong>Techniques de combat rapproch\u00e9<\/strong> : Il est possible de faire taire un tenant de la situation actuelle, tout vibrionnant d&rsquo;indignation, de m\u00e9pris ou les deux \u00e0 la fois. C&rsquo;est l\u00e0 que de nouvelles postures doivent \u00eatre privil\u00e9gi\u00e9es.<\/p>\n<p>Vous amenez une vision nouvelle, et imposez donc une nouvelle m\u00e9thode de d\u00e9bat. On ne parle pas de di\u00e9sel avec un sch\u00e9ma de machine \u00e0 vapeur, donc quand le r\u00e9ac demande o\u00f9 on compte ranger le charbon, \u00e0 part une variante \u00e0 votre go\u00fbt sur \u00ab\u00a0Ta gueule\u00a0\u00bb, je vois pas quoi r\u00e9pondre.<\/p>\n<p>Le d\u00e9bat intello fran\u00e7ais de base organise un concours d&rsquo;\u00e9loquence, o\u00f9 chacun doit prouver la taille de ses organes g\u00e9nitaux en se livrant \u00e0 une joute oratoire. Genre \u00ab\u00a0des paroles et des actes\u00a0\u00bb.<\/p>\n<p>Refusez. Nous avons d\u00e9couvert avec les ath\u00e9niens que la perturbation d&rsquo;un orateur pendant son temps de parole est punie s\u00e9v\u00e8rement. L&rsquo;inverse d&rsquo;un d\u00e9bat t\u00e9l\u00e9vis\u00e9. Deuxi\u00e8mement, arguez de l&rsquo;exercice de la souverainet\u00e9 par le peuple et du fait que ses arguments \u00e9cul\u00e9s que l&rsquo;on devine, ont \u00e9t\u00e9 d\u00e9j\u00e0 rab\u00e2ch\u00e9 par Copp\u00e9, Hollande, Pujadas, Franz-Olivier Giesbert, Attali et Olivier Pastr\u00e9. Pr\u00e9voir de faire fermer \u00e9l\u00e9gamment son claque-merde au fielleux qui ne manquera pas de souligner votre cot\u00e9 dictatorial, dans la mesure o\u00f9 vous lui refusez de r\u00e9injecter son venin \u00e0 un public d\u00e9j\u00e0 cam\u00e9 \u00e0 Jean-Pierre Pernaud. Insistez sur le fait que ces id\u00e9es sont connues, et qu&rsquo;il est temps d&rsquo;en \u00e9couter d&rsquo;autre, ce qui n&rsquo;engage \u00e0 rien, sauf lui, \u00e0 aller jouer aux billes dans son club d&rsquo;investissement.<\/p>\n<p>En coup de gr\u00e2ce, affirmez que ce n&rsquo;est pas un aveugle qui va vous faire traverser la rue. Et toc.<\/p>\n<p>Oui, ch\u00e8re madame, vous, vous m\u00eame, allez d\u00e9cider car c&rsquo;est \u00e7a la d\u00e9mocratie, la vraie. Des gens, des groupes vont vous faire des propositions. Mais attention, les &lsquo;conseilleurs&rsquo; vont plaider sous votre absolue pr\u00e9sidence, comme au tribunal avec le juge. Les plaignants et d\u00e9fendeurs ne se parlent pas entre eux. Ils ne se piquent pas le micro. Ils ne se r\u00e9pondent pas. C&rsquo;est le \u00ab\u00a0d\u00e9bat mouvant\u00a0\u00bb de Lepage. Tous d\u00e9posent leurs arguments \u00e0 vos pieds. A la limite, quand un expert parle, les autres attendent dehors.<\/p>\n<p>A chacun d&rsquo;eux d&rsquo;\u00eatre clairs et convaincants. Le probl\u00e8me soulev\u00e9 m\u00e9rite probablement plusieurs solutions, compl\u00e9mentaires ou contradictoires. \u00c7a nous changera. La dame rougie \u00e0 la perspective d&rsquo;\u00eatre la maitresse Domina. Faites un peu de mise en sc\u00e8ne. Pr\u00eatez lui une perruque de Marge Simpson.<\/p>\n<p><strong>Pi\u00e8ges \u00e0 \u00e9viter, les arguments \u00e0 la con<\/strong> : reprenons l&rsquo;exemple de la monnaie. Voici un argument \u00e0 la con contre la reprise en main de la monnaie par l&rsquo;\u00e9tat : \u00ab\u00a0Ouiiiiii, mais l&rsquo;\u00e9tat fait marcher la planche \u00e0 billet et \u00e7a fait de l&rsquo;inflation\u00a0\u00bb.<\/p>\n<p>Technique rh\u00e9torique toute pourrie ! D&rsquo;abord, cela suppose que l&rsquo;\u00e9tat serait conserv\u00e9 autonome des gouvern\u00e9s. C&rsquo;est un pr\u00e9suppos\u00e9 pervers. Nous pourrions r\u00e9pondre : \u00ab\u00a0Soit tu manques d&rsquo;imagination, ce qui n&rsquo;est pas tr\u00e8s grave, soit tu travailles pour Goldman Sachs. Qui a dit que nous allons penser la monnaie sans reprendre r\u00e9ellement, par des institutions r\u00e9ellement d\u00e9mocratiques, un contr\u00f4le effectif populaire de la monnaie ? Crois-tu que nous allons laisser les m\u00e9canismes actuels, comme si nous les croyions accessoires ? Laisser \u00e0 des repr\u00e9sentants dou\u00e9s d&rsquo;impunit\u00e9 le droit de faire tourner la planche \u00e0 billets sans que cela soit pass\u00e9 par une r\u00e9flexion publique et des contr\u00f4les p\u00e9riodiques ? Qu&rsquo;un repr\u00e9sentant, comme aujourd&rsquo;hui, puisse nous endetter \u00e0 hauteur du PIB sans aller en taule, sans \u00eatre d\u00e9pec\u00e9 en place publique ? Que des pr\u00e9teurs pourraient \u00e0 l&rsquo;avenir se gaver sur le travail de l&rsquo;\u00e9tat ? Quand on a dit qu&rsquo;on virait les banques priv\u00e9es de la cr\u00e9ation mon\u00e9taire, ce n&rsquo;est pas pour laisser cela \u00e0 B\u00e9cassine et Ouioui. Et l\u00e0, t&rsquo;es pas invit\u00e9, on t&rsquo;entend tous les jours \u00e0 13h sur TF1.\u00a0\u00bb Avec de l&rsquo;humour, \u00e7a devrait passer. Le v\u00f4tre, \u00e9videment.<\/p>\n<p>Dans la m\u00eame veine : \u00ab\u00a0Avec le tirage au sort, on va se retrouver avec une assembl\u00e9e d&rsquo;incomp\u00e9tents..\u00a0\u00bb. Sur un ton m\u00e9prisant, parce qu&rsquo;\u00e0 par \u00e7a la question est valide. Qui a dit qu&rsquo;on allait garder une assembl\u00e9e d&rsquo;\u00e9lus avec les m\u00eames pouvoirs ? Qu&rsquo;il suffisait de changer le mode de d\u00e9signation, sans toucher \u00e0 rien d&rsquo;autre ?\u00a0 Que le tirage au sort se r\u00e9duisait \u00e0 sa plus simple expression, sans contr\u00f4les, enqu\u00eate, tests, interrogatoire, coloscopie ? T&rsquo;es con ou tu le fais expr\u00e8s ?<\/p>\n<p>Bref le pi\u00e8ge qui consiste \u00e0 laisser un contradicteur imposer les pr\u00e9suppos\u00e9s qui l&rsquo;arrangent. Dans le \u00ab\u00a0BrainStorming\u00a0\u00bb qui pr\u00e9pare la sortie au march\u00e9 de dimanche, un des comp\u00e8res va prendre le r\u00f4le du contradicteur de mauvaise foi. Etape cruciale ! On dirait que je serais riche, content de la situation actuelle, et que je vais vous pourrir l&rsquo;ambiance : A Evreux par exemple\u00a0 \u00ab\u00a0Alors vous compter d\u00e9poss\u00e9der les gentils gnenfants de l&rsquo;h\u00e9ritage d&rsquo;une vie de labeur de Normandie ? Vous compter jeter de pauvres retrait\u00e9s dans la mis\u00e8re du minimum vieillesse en leur piquant leur immeuble ou leur contrat d&rsquo;assurance d&rsquo;eau de vie de pomme ?\u00a0\u00bb etc&#8230;<\/p>\n<p>Bref : apr\u00e8s l&rsquo;atelier constituant des fans de Chouard, Vuncf.org va vous faire faire des ateliers \u00ab\u00a0Animation sur la voie publique ou aux repas de famille\u00a0\u00bb. Ce qui n&rsquo;a rien \u00e0 voir avec un tractage, ni avec un happening o\u00f9 Bob l&rsquo;\u00e9ponge va laver de l&rsquo;argent sale devant une agence bancaire. Les trois en m\u00eame temps, pourquoi pas&#8230;<\/p>\n<p>&nbsp;<\/p>\n<p>&nbsp;<\/p>\n","protected":false},"excerpt":{"rendered":"<p>Cette page ne s&rsquo;adresse pas au public, mais restez quand m\u00eame. &#8230;mais \u00e0 ceux que nous invitons \u00e0 s&rsquo;enr\u00f4ler dans notre projet. Mais comme nous n&rsquo;avons rien \u00e0 cacher, restez donc ! Tout ce que cet article \u00e0 l&rsquo;air d&rsquo;affirmer, comme s&rsquo;il donnait sa science, n&rsquo;est en fait qu&rsquo;un ramassis de questions all\u00e9g\u00e9es des formules [&hellip;]<\/p>\n","protected":false},"author":1,"featured_media":0,"parent":0,"menu_order":0,"comment_status":"open","ping_status":"closed","template":"","meta":{"footnotes":""},"class_list":["post-2256","page","type-page","status-publish","hentry"],"_links":{"self":[{"href":"https:\/\/www.vuncf.org\/index.php?rest_route=\/wp\/v2\/pages\/2256","targetHints":{"allow":["GET"]}}],"collection":[{"href":"https:\/\/www.vuncf.org\/index.php?rest_route=\/wp\/v2\/pages"}],"about":[{"href":"https:\/\/www.vuncf.org\/index.php?rest_route=\/wp\/v2\/types\/page"}],"author":[{"embeddable":true,"href":"https:\/\/www.vuncf.org\/index.php?rest_route=\/wp\/v2\/users\/1"}],"replies":[{"embeddable":true,"href":"https:\/\/www.vuncf.org\/index.php?rest_route=%2Fwp%2Fv2%2Fcomments&post=2256"}],"version-history":[{"count":15,"href":"https:\/\/www.vuncf.org\/index.php?rest_route=\/wp\/v2\/pages\/2256\/revisions"}],"predecessor-version":[{"id":2288,"href":"https:\/\/www.vuncf.org\/index.php?rest_route=\/wp\/v2\/pages\/2256\/revisions\/2288"}],"wp:attachment":[{"href":"https:\/\/www.vuncf.org\/index.php?rest_route=%2Fwp%2Fv2%2Fmedia&parent=2256"}],"curies":[{"name":"wp","href":"https:\/\/api.w.org\/{rel}","templated":true}]}}