{"id":2132,"date":"2014-03-13T20:32:05","date_gmt":"2014-03-13T19:32:05","guid":{"rendered":"http:\/\/www.vuncf.org\/?page_id=2132"},"modified":"2014-03-14T09:43:05","modified_gmt":"2014-03-14T08:43:05","slug":"la-liste-de-vuncf","status":"publish","type":"page","link":"https:\/\/www.vuncf.org\/?page_id=2132","title":{"rendered":"La liste de Vuncf"},"content":{"rendered":"<p>En vous promenant sur ce site, si vous passez par hasard, vous trouverez les informations de fond qui justifient ce qui suit.<\/p>\n<p>Cette liste vise \u00e0 regrouper un certain nombre d&rsquo;arguments. Ces arguments sont cens\u00e9s \u00eatre utilis\u00e9s pour \u00e9veiller nos concitoyens \u00e0 la triste r\u00e9alit\u00e9 de notre ploutocratie (gouvernements par les riches, plus ad\u00e9quate que &lsquo;oligarchie&rsquo;, qui est plus impr\u00e9cis).<\/p>\n<p>Cela doit devenir un kit d&rsquo;agitation des m\u00e9ninges : dans la chambr\u00e9e, au cours des repas de famille, au bistro, \u00e0 la caf\u00e9t&rsquo;. Le ton est volontairement provoquant.<\/p>\n<p>Nous attendons de vous, cher visiteur(euse), de faire grandir cette liste, d&rsquo;en affiner les termes et de l&rsquo;ordonner.<\/p>\n<p>L&rsquo;id\u00e9e g\u00e9n\u00e9rale est de faire appara\u00eetre la dictature \u00e9conomique dans laquelle nous vivons, et d&rsquo;\u00e9veiller le citoyen qui dort dans l&rsquo;\u00e9lecteur.<\/p>\n<p>Pour cela, usez et abusez des commentaires. En argumentant s\u00e9rieusement, en posant des questions constructives, vous pourrez faire dispara\u00eetre les mauvaises id\u00e9es, affiner les bonnes et ajouter les v\u00f4tres. Visiblement l&rsquo;Agora du site est un peu complexe pour la plupart d&rsquo;entre vous. Bon. C&rsquo;est la vie.<\/p>\n<p>Ne ratons pas l\u2019occasion des \u00e9lections-pi\u00e8ges-\u00e0-quoi-d\u00e9j\u00e0-? qui nous donne quelques instants de cerveau disponibles pour propager quelques id\u00e9es simples.<\/p>\n<p>Let&rsquo;s go avant d&rsquo;\u00eatre tout \u00e0 fait morts.<\/p>\n<p>Si cette liste ne vous pla\u00eet pas, c&rsquo;est que vous n&rsquo;avez rien comment\u00e9, rien propos\u00e9 : n&rsquo;attendez pas d&rsquo;un \u00ab\u00a0papa\u00a0\u00bb imaginaire qu&rsquo;il la rende sublime, faites le !<\/p>\n<ol>\n<li>Faudrait-y \u00eatre b\u00eate pour donner du travail \u00e0 un ouvrier fran\u00e7ais quand un polonais co\u00fbte le quart. Vous avez \u00e9t\u00e9 consult\u00e9, pour la \u00ab\u00a0libre circulation des capitaux\u00a0\u00bb qui permet aux zinvestisseurs de choisir ?<\/li>\n<li>Avant Schengen, nous avions une douane et des fronti\u00e8res. Nous avions du boulot. Ca n&rsquo;\u00e9tait pas la guerre en Europe, et nous \u00e9changions avec nos voisins. On nous a promis le bonheur, nous y avons souscrit. Faut-il \u00eatre b\u00eate pour croire un capitaliste. Allons nous laisser le FN monopoliser ce d\u00e9bat ?<\/li>\n<li>Nos m\u00e9dias nous rab\u00e2chent que les entreprises cr\u00e9ent l&#8217;emploi. C&rsquo;est faux. C&rsquo;est l&rsquo;activit\u00e9 \u00e9conomique, les carnets de commandes, qui cr\u00e9ent l&#8217;emploi. Si les carnets de commandes peuvent aller en Slov\u00e9nie, pourquoi esp\u00e9rer ?<\/li>\n<li>L&rsquo;UMP, c&rsquo;est la droite d\u00e9complex\u00e9e. Le PS, c&rsquo;est la droite complex\u00e9e.<\/li>\n<li>Les syndicats suppos\u00e9s \u00eatre de gauche aiment la libre circulation des capitaux, l&rsquo;Euro et l&rsquo;Europe en l&rsquo;\u00e9tat. Le Medef aime les syndicats ! Les syndicats aiment le ch\u00f4mage !<\/li>\n<li>Les m\u00e9dias d\u00e9tenus par des grands groupes capitalistes, et les m\u00e9dias \u00e0 la botte de notre pr\u00e9sidents financ\u00e9 par les m\u00eames vous expliquent en moyenne trois heures par jour que la mondialisation est bonne et in\u00e9vitable. Achetez vous un cerveau !<\/li>\n<li>La croissance ne sert qu&rsquo;\u00e0 payer les int\u00e9r\u00eats de nos dettes. Elle \u00e9puise nos travailleurs, la plan\u00e8te et vos espoirs. Ces dettes n&rsquo;ont rien d&rsquo;in\u00e9luctables, encore faudrait-il r\u00e9sister. Soit vous \u00eates b\u00eates, soit complices, soit les deux. Faites face \u00e0 vos responsabilit\u00e9s. Renseignez vous sur le mot &lsquo;schizophr\u00e9nie&rsquo;.<\/li>\n<li>Nous ne vivons pas en d\u00e9mocratie : un parlement cens\u00e9 nous repr\u00e9senter (sans ouvrier) \u00e0 vot\u00e9 \u00e0 90% le trait\u00e9 rejet\u00e9 par 56% des fran\u00e7ais au cours du r\u00e9f\u00e9rendum de 2005. Nous vivons en dictature.<\/li>\n<li>Un pr\u00e9sident \u00e9lu d\u00e9cide, sans rendre de compte, des grandes options qui concr\u00e8tement d\u00e9cident de notre avenir professionnel, puis de notre retraite, le tout sans nous consulter. (Absence de r\u00e9f\u00e9rendum d&rsquo;initiative populaire)<\/li>\n<li>Un pr\u00e9sident \u00e9lu, via son ministre de la justice, d\u00e9cide de l&rsquo;action des parquets, donc si la loi s&rsquo;applique ou non, selon des crit\u00e8res obscurs et secrets. La justice est \u00e0 la botte de l\u2019ex\u00e9cutif : elle lui doit son avancement. La s\u00e9paration des pouvoir n&rsquo;existe pas en France.<\/li>\n<li>La fiscalit\u00e9 s&rsquo;exerce de fa\u00e7on discr\u00e9tionnaire, sans contr\u00f4le : un puissant s&rsquo;arrange toujours, \u00e0 part Cahuzac. Vous pouvez faire passer votre SMIC en Suisse ?<\/li>\n<li>Un pr\u00e9sident peut se faire \u00e9lire avec des promesses qu&rsquo;il ne tiendra pas, sans aucun risque. Faites pareil avec vos promesses de rembourser un cr\u00e9dit, juste pour voir.<\/li>\n<li>Un pr\u00e9sident peut se passer de r\u00e9f\u00e9rendum pour des d\u00e9cisions qui nous engagent financi\u00e8rement. Comme les grands trait\u00e9s commerciaux. La guerre en Ar\u00e9va-istan, en Bollor\u00e9-istan.<\/li>\n<li>Un d\u00e9put\u00e9 ou un s\u00e9nateur peut d\u00e9cider, en son nom propre comme il est dit dans notre constitution,\u00a0 d&rsquo;une loi sans nous consulter ni rendre compte. Passons pour les limitations de vitesses, mais pour le sauvetage des banques sans condition ?<\/li>\n<li>Les m\u00e9dias qui nous indiquent dans quel caniveau voter sont poss\u00e9d\u00e9s par les ultra riches qui se nourrissent de contrat d&rsquo;\u00e9tat gigantesques sans contr\u00f4le. Comment sommes nous cens\u00e9s passer outre leur int\u00e9r\u00eats ?<\/li>\n<li>Nos &lsquo;repr\u00e9sentants&rsquo; peuvent privatiser les biens communs (Eaux, assainissement, sant\u00e9, \u00e9ducation, transport, administrations), sans nous consulter, au profits de quelques riches qui montent les tarifs<\/li>\n<li>La peine des 10 millions de fran\u00e7ais touch\u00e9s par le ch\u00f4mage est totalement occult\u00e9e : comment peut on trouver du pognon pour secourir militairement Ar\u00e9va au Niger, alors que mon maire n&rsquo;a pas de bl\u00e9 pour coller un miroir \u00e0 un carrefour ou un acc\u00e8s dangereux \u00e0 la route ?<\/li>\n<li>Nos retraites ont \u00e9t\u00e9 zigouill\u00e9es par le pr\u00e9sident pr\u00e9c\u00e9dent pour garder le triple A des banquiers. En plus, \u00e7a a foir\u00e9. Nous vivons en dictature des march\u00e9s.<\/li>\n<li>Les lobbys des assurances ou des banques gouvernent : la s\u00e9paration de vos \u00e9conomies, ou plus simplement de votre compte courant, du casino de la finance international a \u00e9t\u00e9 refus\u00e9 par les banques. Parce que vous n&rsquo;\u00eates que des impuissants consentants. Ou trop occup\u00e9s par votre t\u00e9l\u00e9, votre smartphone ou votre boulot de for\u00e7at.<\/li>\n<li>Nous gobons des mots pervertis : le mot \u00ab\u00a0r\u00e9forme\u00a0\u00bb signifie \u00ab\u00a0Casse des acquits sociaux\u00a0\u00bb. D&rsquo;ailleurs les plus humbles d&rsquo;entre nous trouvent \u00e7a normal. Tu comprends, la mondialisation&#8230;. Fuck la mondialisation !<\/li>\n<li>Avec l&rsquo;assentiment des dominants que cela arrange, le (bas du) Front National r\u00e9cup\u00e8re les sujets sensible et les st\u00e9rilise : comment sortir de l&rsquo;Euro sans \u00eatre (bas) du Front ?<\/li>\n<li>Nous appelons \u00ab\u00a0Libert\u00e9 de mouvement des capitaux\u00a0\u00bb ce qui permet de coller impun\u00e9ment des millions de gens au ch\u00f4mage et de d\u00e9truire notre organisation sociale<\/li>\n<li>M\u00eame au comptoir du caf\u00e9 du commerce, on trouve tr\u00e8s bien de supprimer les services publics : et oui, abruti de cafetier r\u00e9ac, si tu perds tes clients avec tes id\u00e9es de capitaliste nain, \u00e7a doit \u00eatre la faute des communistes !<\/li>\n<\/ol>\n<p>&nbsp;<\/p>\n<p>&nbsp;<\/p>\n","protected":false},"excerpt":{"rendered":"<p>En vous promenant sur ce site, si vous passez par hasard, vous trouverez les informations de fond qui justifient ce qui suit. Cette liste vise \u00e0 regrouper un certain nombre d&rsquo;arguments. Ces arguments sont cens\u00e9s \u00eatre utilis\u00e9s pour \u00e9veiller nos concitoyens \u00e0 la triste r\u00e9alit\u00e9 de notre ploutocratie (gouvernements par les riches, plus ad\u00e9quate que [&hellip;]<\/p>\n","protected":false},"author":1,"featured_media":0,"parent":0,"menu_order":0,"comment_status":"open","ping_status":"closed","template":"","meta":{"footnotes":""},"class_list":["post-2132","page","type-page","status-publish","hentry"],"_links":{"self":[{"href":"https:\/\/www.vuncf.org\/index.php?rest_route=\/wp\/v2\/pages\/2132","targetHints":{"allow":["GET"]}}],"collection":[{"href":"https:\/\/www.vuncf.org\/index.php?rest_route=\/wp\/v2\/pages"}],"about":[{"href":"https:\/\/www.vuncf.org\/index.php?rest_route=\/wp\/v2\/types\/page"}],"author":[{"embeddable":true,"href":"https:\/\/www.vuncf.org\/index.php?rest_route=\/wp\/v2\/users\/1"}],"replies":[{"embeddable":true,"href":"https:\/\/www.vuncf.org\/index.php?rest_route=%2Fwp%2Fv2%2Fcomments&post=2132"}],"version-history":[{"count":6,"href":"https:\/\/www.vuncf.org\/index.php?rest_route=\/wp\/v2\/pages\/2132\/revisions"}],"predecessor-version":[{"id":2139,"href":"https:\/\/www.vuncf.org\/index.php?rest_route=\/wp\/v2\/pages\/2132\/revisions\/2139"}],"wp:attachment":[{"href":"https:\/\/www.vuncf.org\/index.php?rest_route=%2Fwp%2Fv2%2Fmedia&parent=2132"}],"curies":[{"name":"wp","href":"https:\/\/api.w.org\/{rel}","templated":true}]}}