{"id":2119,"date":"2014-02-08T10:52:55","date_gmt":"2014-02-08T09:52:55","guid":{"rendered":"http:\/\/www.vuncf.org\/?page_id=2119"},"modified":"2014-02-08T10:52:55","modified_gmt":"2014-02-08T09:52:55","slug":"un-expose-rafraichissant-par-frederic-lordon","status":"publish","type":"page","link":"https:\/\/www.vuncf.org\/?page_id=2119","title":{"rendered":"Un expos\u00e9 rafra\u00eechissant par Fr\u00e9d\u00e9ric Lordon"},"content":{"rendered":"<p>** La page d&rsquo;acceuil pr\u00e9c\u00e9dente est dans la rubrique \u00ab\u00a0Argent\u00a0\u00bb **<br \/>\nVous trouverez ci dessous un petit expos\u00e9 (audio) de Fr\u00e9d\u00e9ric Lordon \u00e0 m\u00e9diter&#8230;<\/p>\n<p>Je vous le laisse commenter&#8230;<\/p>\n<p>&nbsp;<\/p>\n<h2>Plaidoyer anti-FN pour la sortie de l&rsquo;euro et la souveraint\u00e9 populaire<\/h2>\n<p><video width=\"320\" height=\"180\" controls=\"controls\" autobuffer=\"\"><source src=\"\/video\/Plaidoyer anti-FN pour la sortie de l'euro et la souveraint\u00e9 populaire - Fr\u00e9d\u00e9ric Lordon.mp4\" type=\"video\/mp4\" \/><source src=\"\/video\/Plaidoyer anti-FN pour la sortie de l'euro et la souveraint\u00e9 populaire - Fr\u00e9d\u00e9ric Lordon.webm\" type=\"video\/webm\" \/><object width=\"320\" height=\"180\" classid=\"clsid:d27cdb6e-ae6d-11cf-96b8-444553540000\" codebase=\"http:\/\/download.macromedia.com\/pub\/shockwave\/cabs\/flash\/swflash.cab#version=6,0,40,0\"><param name=\"src\" value=\"https:\/\/www.vuncf.org\/wp-includes\/js\/tinymce\/plugins\/media\/moxieplayer.swf\" \/><param name=\"flashvars\" value=\"url=\/video\/Plaidoyer anti-FN pour la sortie de l'euro et la souveraint\u00e9 populaire - Fr\u00e9d\u00e9ric Lordon.mp4&amp;poster=\/wp-admin\/\" \/><param name=\"allowfullscreen\" value=\"true\" \/><param name=\"allowscriptaccess\" value=\"true\" \/><embed width=\"320\" height=\"180\" type=\"application\/x-shockwave-flash\" src=\"https:\/\/www.vuncf.org\/wp-includes\/js\/tinymce\/plugins\/media\/moxieplayer.swf\" flashvars=\"url=\/video\/Plaidoyer anti-FN pour la sortie de l'euro et la souveraint\u00e9 populaire - Fr\u00e9d\u00e9ric Lordon.mp4&amp;poster=\/wp-admin\/\" allowfullscreen=\"true\" allowscriptaccess=\"true\" \/><\/object><\/video><\/p>\n","protected":false},"excerpt":{"rendered":"<p>** La page d&rsquo;acceuil pr\u00e9c\u00e9dente est dans la rubrique \u00ab\u00a0Argent\u00a0\u00bb ** Vous trouverez ci dessous un petit expos\u00e9 (audio) de Fr\u00e9d\u00e9ric Lordon \u00e0 m\u00e9diter&#8230; Je vous le laisse commenter&#8230; &nbsp; Plaidoyer anti-FN pour la sortie de l&rsquo;euro et la souveraint\u00e9 populaire<\/p>\n","protected":false},"author":1,"featured_media":0,"parent":0,"menu_order":0,"comment_status":"open","ping_status":"closed","template":"","meta":{"footnotes":""},"class_list":["post-2119","page","type-page","status-publish","hentry"],"_links":{"self":[{"href":"https:\/\/www.vuncf.org\/index.php?rest_route=\/wp\/v2\/pages\/2119","targetHints":{"allow":["GET"]}}],"collection":[{"href":"https:\/\/www.vuncf.org\/index.php?rest_route=\/wp\/v2\/pages"}],"about":[{"href":"https:\/\/www.vuncf.org\/index.php?rest_route=\/wp\/v2\/types\/page"}],"author":[{"embeddable":true,"href":"https:\/\/www.vuncf.org\/index.php?rest_route=\/wp\/v2\/users\/1"}],"replies":[{"embeddable":true,"href":"https:\/\/www.vuncf.org\/index.php?rest_route=%2Fwp%2Fv2%2Fcomments&post=2119"}],"version-history":[{"count":4,"href":"https:\/\/www.vuncf.org\/index.php?rest_route=\/wp\/v2\/pages\/2119\/revisions"}],"predecessor-version":[{"id":2123,"href":"https:\/\/www.vuncf.org\/index.php?rest_route=\/wp\/v2\/pages\/2119\/revisions\/2123"}],"wp:attachment":[{"href":"https:\/\/www.vuncf.org\/index.php?rest_route=%2Fwp%2Fv2%2Fmedia&parent=2119"}],"curies":[{"name":"wp","href":"https:\/\/api.w.org\/{rel}","templated":true}]}}