{"id":2103,"date":"2013-12-31T14:15:56","date_gmt":"2013-12-31T13:15:56","guid":{"rendered":"http:\/\/www.vuncf.org\/?page_id=2103"},"modified":"2013-12-31T14:24:36","modified_gmt":"2013-12-31T13:24:36","slug":"petit-jury-et-grand-jury","status":"publish","type":"page","link":"https:\/\/www.vuncf.org\/?page_id=2103","title":{"rendered":"Petit Jury et grand Jury"},"content":{"rendered":"<p>Les am\u00e9ricains ont parfois des pouss\u00e9es de d\u00e9mocratie, la vraie.<\/p>\n<p>Voyez plut\u00f4t un aper\u00e7u un peu simplifi\u00e9 :<\/p>\n<p>Quand un procureur retient une affaire, il la pr\u00e9sente \u00e0 un jury (le Grand Jury) qui va dire s&rsquo;il faut aller au proc\u00e8s ou pas.<\/p>\n<p>Les parties donnent les grandes lignes de leurs argumentation et les preuves. Le Grand jury peut bloquer le procureur.<\/p>\n<p>Si cela suit son cours, un proc\u00e8s avec \u00ab\u00a0petit\u00a0\u00bb jury a lieu.<\/p>\n<p>Je vous rappelle que le procureur repr\u00e9sente l&rsquo;\u00e9tat, seul habilit\u00e9 \u00e0 r\u00e9agir aux actes qui bafouent la loi de la communaut\u00e9, par un d\u00e9linquant ou un criminel.<\/p>\n<p>Le procureur dispose du pouvoir discr\u00e9tionnaire de poursuivre. En clair il peut classer un dossier \u00ab\u00a0sans suite\u00a0\u00bb. Sans compter que son minist\u00e8re lui compte les cr\u00e9dits pour les investigations.<\/p>\n<p>Comme en France, c&rsquo;est le procureur qui d\u00e9cide si votre plainte m\u00e9rite son attention. Si c&rsquo;est le cas, il soumettra ses conclusions \u00e0 un juge, seul habilit\u00e9 \u00e0 prononcer une peine. Une diff\u00e9rence France-USA : le procureur est \u00e9lu aux USA. Tous ses choix sont conditionn\u00e9s par son souhait d&rsquo;\u00eatre r\u00e9\u00e9lu. Chez nous, c&rsquo;est mandarinat et copinage. Pas mieux.<\/p>\n<p>Le jury, c&rsquo;est en France, aux assises, le seul point de d\u00e9mocratie pour la justice.<\/p>\n<p>Contrairement aux USA, les jur\u00e9s fran\u00e7ais d\u00e9lib\u00e8rent sous l&rsquo;influence des magistrats, aux USA seuls \u00e0 12. R\u00e9fl\u00e9chissez \u00e0 la diff\u00e9rence ! R\u00e9fl\u00e9chissez donc aussi aux nombres de jur\u00e9s : 3 jur\u00e9s, 5 magistrats, \u00e7a n&rsquo;est pas la m\u00eame chose que 12 jur\u00e9s et 1 magistrat.<\/p>\n<p>Nulle part, les \u00e9lecteurs ne peuvent s&rsquo;assurer qu&rsquo;une proc\u00e9dure ira \u00e0 son terme. Ils ne peuvent pas imposer leur volont\u00e9 de poursuivre ou de ne pas poursuivre.<\/p>\n<p>Avant de crier au loup, sachez que des gens tr\u00e8s s\u00e9rieux (il y en a aux usa) pensent que c&rsquo;est \u00e0 la fois un exercice de la souverainet\u00e9 du peuple, et une formation civique excellente et souhaitable.<\/p>\n<p>Cet embryon ne suffit pas \u00e0 faire d&rsquo;un pays une d\u00e9mocratie, mais bon, c&rsquo;est mieux que rien.<\/p>\n<p>Il y eut m\u00eame des cas o\u00f9 le jury \u00e0 donn\u00e9 un verdict invalidant l&rsquo;usage d&rsquo;une loi. C&rsquo;est arriv\u00e9, et le syst\u00e8me a pris des mesures pour que cela ne se reproduise pas.<\/p>\n<p>Le jury plus fort que le l\u00e9gislatif.<\/p>\n<p>Repensez maintenant aux artifices qui prot\u00e8gent nos chers repr\u00e9sentants, nos riches zommes d&rsquo;affaires, la totale libert\u00e9 du parquet d&rsquo;enterrer un dossier, ou d&rsquo;infliger de gentilles peines \u00e0 ceux qu&rsquo;il ne faut jamais contrarier.<\/p>\n<p>Quand Sarkosy agite les jurys en correctionnelle, c&rsquo;est non seulement une singerie \u00e0 laquelle il ne croit pas lui-m\u00eame, mais examinez donc les d\u00e9tails : le jury d&rsquo;assise est retouch\u00e9, on r\u00e9duit le nombre de ses membres et tout un fourbi d&rsquo;ajustements font que ce cadeau est gravement empoisonn\u00e9. R\u00e9sultat : moins de jury, avec moins d&rsquo;influence.<\/p>\n<p>En revanche, il s&rsquo;assure que ses amis financiers ou industriels soit un peu plus \u00e0 l&rsquo;abri du peuple. Tout en ayant l&rsquo;air d&rsquo;un d\u00e9mocrate : trop fort !<\/p>\n","protected":false},"excerpt":{"rendered":"<p>Les am\u00e9ricains ont parfois des pouss\u00e9es de d\u00e9mocratie, la vraie. Voyez plut\u00f4t un aper\u00e7u un peu simplifi\u00e9 : Quand un procureur retient une affaire, il la pr\u00e9sente \u00e0 un jury (le Grand Jury) qui va dire s&rsquo;il faut aller au proc\u00e8s ou pas. Les parties donnent les grandes lignes de leurs argumentation et les preuves. [&hellip;]<\/p>\n","protected":false},"author":1,"featured_media":0,"parent":0,"menu_order":0,"comment_status":"open","ping_status":"closed","template":"","meta":{"footnotes":""},"class_list":["post-2103","page","type-page","status-publish","hentry"],"_links":{"self":[{"href":"https:\/\/www.vuncf.org\/index.php?rest_route=\/wp\/v2\/pages\/2103","targetHints":{"allow":["GET"]}}],"collection":[{"href":"https:\/\/www.vuncf.org\/index.php?rest_route=\/wp\/v2\/pages"}],"about":[{"href":"https:\/\/www.vuncf.org\/index.php?rest_route=\/wp\/v2\/types\/page"}],"author":[{"embeddable":true,"href":"https:\/\/www.vuncf.org\/index.php?rest_route=\/wp\/v2\/users\/1"}],"replies":[{"embeddable":true,"href":"https:\/\/www.vuncf.org\/index.php?rest_route=%2Fwp%2Fv2%2Fcomments&post=2103"}],"version-history":[{"count":2,"href":"https:\/\/www.vuncf.org\/index.php?rest_route=\/wp\/v2\/pages\/2103\/revisions"}],"predecessor-version":[{"id":2107,"href":"https:\/\/www.vuncf.org\/index.php?rest_route=\/wp\/v2\/pages\/2103\/revisions\/2107"}],"wp:attachment":[{"href":"https:\/\/www.vuncf.org\/index.php?rest_route=%2Fwp%2Fv2%2Fmedia&parent=2103"}],"curies":[{"name":"wp","href":"https:\/\/api.w.org\/{rel}","templated":true}]}}