{"id":206,"date":"2013-06-12T00:29:19","date_gmt":"2013-06-11T22:29:19","guid":{"rendered":"http:\/\/test.briosoft.com\/?page_id=206"},"modified":"2013-08-26T12:20:17","modified_gmt":"2013-08-26T10:20:17","slug":"dans-la-matrice","status":"publish","type":"page","link":"https:\/\/www.vuncf.org\/?page_id=206","title":{"rendered":"Dans la Matrice"},"content":{"rendered":"<p>Le c\u00e9l\u00e8bre film a eu son succ\u00e8s. Matrix d\u00e9crit un monde futuriste, o\u00f9 des humains compl\u00e8tement immobilis\u00e9s pour produire je sais plus quoi, des lecteurs MP3 peut-\u00eatre, vivent dans une r\u00e9alit\u00e9 virtuelle \u00ab\u00a0normale\u00a0\u00bb et joyeuse.<\/p>\n<p>Le h\u00e9ros \u00e9vite les pruneaux en faisant quelques d\u00e9monstrations de Street Art 3D. Formidable.<\/p>\n<p>Lorsque nous tentons un rapprochement entre ce film et une forme exacerb\u00e9 de notre vie\u00a0sociale aujourd&rsquo;hui, cela ne tient pas et on se sert un pastis.<\/p>\n<p>Brazil, de Terry Gilliam, montre \u00e9galement un monde mort et techno-dictatorial bord\u00e9, jointivement, de panneaux publicitaires vantant un truc vachement gai et bien. Des vacances \u00e0 Hawa\u00ef ou un truc comme \u00e7a&#8230;<\/p>\n<p>Aucun rapprochement n&rsquo;est \u00e9videmment possible, m\u00eame en \u00e9tant tr\u00e8s col\u00e8re sur nos m\u00e9dias mainstream. Ceux qui sont d\u00e9tenus par le roi du BTP, et d\u2019autres rois de l&rsquo;armement. Donc du lourd qui fait bizness avec votre pognon. En comparant la vision m\u00e9dia et&#8230; et quoi , mes petits poulets ? Compar\u00e9 \u00e0 quoi ? Je vous laisse 2 mn pour trouver \u00e0 quoi comparer le film de nos t\u00e9l\u00e9s ou nos tablettes.<\/p>\n<p>Je vous invite \u00e0 regarder en arri\u00e8re. Arrivants ou arriv\u00e9s \u00e0 la cinquantaine, nous sommes assez nombreux \u00e0 avoir vu la France de 1965, d&rsquo;en bas, accroch\u00e9 \u00e0 la main d&rsquo;une maman. Et chaque g\u00e9n\u00e9ration a une fonction de t\u00e9moin.<\/p>\n<p>Ma g\u00e9n\u00e9ration est arriv\u00e9e dans la vie active, apr\u00e8s avoir travers\u00e9 coll\u00e8ge et lyc\u00e9e, allant en quelque occasion chercher des grenades lacrymo dans les foss\u00e9s de la fac de Jussieu pour se distraire un peu. Les manifs \u00e9taient vite larmoyantes. Donc, nous sommes arriv\u00e9s \u00ab\u00a0en politique\u00a0\u00bb avec Mitterrand et un pass\u00e9 un peu gris (j&rsquo;ai connu l&rsquo;Ortf avec une seule chaine !)<\/p>\n<p>Et pfuit la baudruche d\u00e9mocratique s&rsquo;est d\u00e9gonfl\u00e9e en deux ans. Cette gauche met en place l\u2019\u00e9tau du capitalisme ou pour le moins lui a donn\u00e9e ses armes les plus puissantes contre l\u2019\u00e9tat et les non-poss\u00e9dants. Bon, je m\u2019aigris. Pensons plut\u00f4t \u00e0 Hollande.<\/p>\n<p>Globalement, la prise de pouvoir de tr\u00e8s peu sur beaucoup date de bien avant la r\u00e9volution de 1789. C&rsquo;est la life. La seule chose qui augmente avec la technologie, c&rsquo;est la capacit\u00e9 des propri\u00e9taires \u00e0 faire gicler du retour sur investissement. L&rsquo;ordi du trader, c&rsquo;est le tracteur du paysan. La machine financi\u00e8re est aussi influen\u00e7able qu&rsquo;un p\u00e9trolier de 500 000 tonnes lanc\u00e9 \u00e0 24 n\u0153uds \u00e0 qui on demande de s&rsquo;arr\u00eater pour un alcootest ou acheter un paquet de clopes.<\/p>\n<p>La vision globale apparait en regardant le film sur le long terme. 200 ans bien tass\u00e9s.<\/p>\n<p>Les M\u00e9dias et leurs avatars portatifs ne cachent pas la v\u00e9rit\u00e9 : ils <strong>sont <\/strong>la v\u00e9rit\u00e9.<\/p>\n<p>Le Figaro appartient \u00e0 Dassault, TF1 \u00e0 Bouygues, Lib\u00e9 \u00e0 Rotschild\u2026 Toujours rien\u00a0?<\/p>\n<p>Le M\u00e9dias et tout l&rsquo;Entertainement, la machine \u00e0 <em>distraire<\/em>,\u00a0<b><i>retardent<\/i><\/b> l&rsquo;arriv\u00e9e de la v\u00e9rit\u00e9. C&rsquo;est l&rsquo;<em>\u00e9volution <\/em>de la soci\u00e9t\u00e9 qui disparait aux yeux de tous. Comme la m\u00e9moire du consommateur moyen se rapproche de celle d\u2019un poisson rouge, le retard suffit \u00e0 faire disparaitre les \u00e9v\u00e8nements les plus troublants. A l\u2019extr\u00eame, si les m\u00e9dias attendent la prescription pour hurler sur un scandale, qu\u2019ils hurlent\u00a0!<\/p>\n<p>Les m\u00e9dias ne vous font pas gober un monde autre que ce qu&rsquo;il est, ils vous emp\u00eachent de lier l&rsquo;histoire du monde autour de vous \u00e0 votre histoire personnelle. Avant de se lancer dans un combat politique, si modeste soit-il, il faut avoir la n\u00e9cessit\u00e9, la pulsion de faire changer les choses. Mais si vous \u00eates tenus \u00e0 l\u2019abri de l\u2019information, soit qu\u2019elle soit tronqu\u00e9e, soit qu\u2019elle soit travestie, soit qu\u2019elle vous soit servie avec 10 ans de retard vous ne verrez pas combien nous sommes manipul\u00e9s <em>pour ne pas changer les structures<\/em>.<\/p>\n<p>T\u00e9l\u00e9thon, mariage gay, guerre au Mali\u00a0: que des th\u00e8mes de films distrayants pour le Dimanche soir. Rien \u00e0 penser, juste suivre le fil de l\u2019intrigue. Un p\u2019tit X de temps en temps\u00a0: les d\u00e9tails de l\u2019affaire DSK. Nous sommes convoqu\u00e9s \u00e0 surjouer le citoyen en col\u00e8re sur des sujets soigneusement choisis pour ne pas remettre en cause les structures.<\/p>\n<p>Quand Hollande se frite \u00e0 la t\u00e9l\u00e9 avec Sarko, il lui jette \u00e0 sa face les 548 Md\u20ac de dette suppl\u00e9mentaire en geignant que \u00e7a va \u00eatre \u00e0 lui, Hollande de les faire rembourser par les fran\u00e7ais. Et l\u2019autre de contester les chiffres. A la fin, vous en voulez \u00e0 Sarko et vous votez Hollande.<\/p>\n<p>Il ne vous vient pas \u00e0 l\u2019id\u00e9e une seconde que si on vous parle de 548 ou 547,5 Mds d\u2019\u20ac et des difficult\u00e9s \u00e0 rembourser, c\u2019est pour ne pas, ne surtout pas \u00e9voquer la fin des emprunts par l\u2019\u00e9tat aux banques priv\u00e9es pour se financer. Remettre en cause r\u00e9troactivement la dette existante. Remarquez que la MMA vous explique que pour \u00eatre le roi, il faut \u00eatre client. Citoyen, ce n\u2019est pas le bon plan. Client, c\u2019est le top.<\/p>\n<p>Des truands, des m\u00e9chants qui butent des innocents, c&rsquo;est le top ! Du terrorisme\u00a0? Encore mieux\u00a0! De l&rsquo;aventure, du sang\u00a0; du danger ! Mais l&rsquo;essentiel ne risque rien. Des tableaux de chiffres, c&rsquo;est chiant. Le foot, c&rsquo;est cool.<\/p>\n<p>La d\u00e9mocratie a-t-elle une chance sans \u00e9ducation populaire ? Assur\u00e9ment non.<\/p>\n<p>La Matrice, c\u2019est un programme d\u2019anti-\u00e9ducation populaire. Retirer \u00e0 chacun son cerveau de citoyen pour le remplacer par un cerveau de client. Cerveau bien plus simple \u00e0 \u00e9laborer, puisque le client est pilot\u00e9 par ses d\u00e9sirs, d\u00e9sirs sans cesse remodel\u00e9s pour \u00eatre insatisfaits. Cette insatisfaction vous pousse \u00e0 travailler, \u00e0 vous endetter et \u00e0 claquer votre fric dans une gamme soigneusement choisie pour \u00eatre d\u2019un rapport maximum pour le vendeur.<\/p>\n<p>Le citoyen n\u2019\u00e9value pas les choses en termes de co\u00fbt. Un petit peu quand m\u00eame\u00a0? Non. Pas du tout. Les co\u00fbts ne concernent que ceux qui louent (de \u2018location\u2019) l\u2019argent. Qui se pr\u00e9occupent de rentabilit\u00e9, donc uniquement de ce qu\u2019un pr\u00e9l\u00e8vement de richesse sans contrepartie est possible.<\/p>\n<p>Un citoyen aborde les probl\u00e8mes en tenant compte de l\u2019environnement, en prenant en compte \u00ab\u00a0financi\u00e8rement\u00a0\u00bb ce qu\u2019il arrache \u00e0 la terre, soit pour le remplacer, soit pour le compenser ailleurs (alors l\u00e0 oui, il y a des questions de fric).<\/p>\n<p>Un citoyen n\u2019a pas de probl\u00e8me de financement, puisque la collectivit\u00e9 affecte librement ses ressources, sans l\u2019accord d\u2019une agence de notation, aux projets qu\u2019il croit les meilleurs.<\/p>\n<p>Le recours \u00e0 la cr\u00e9ation mon\u00e9taire directe est \u00e0 sa disposition. Il sait que ce levier n\u2019est pas sans risque. Il r\u00e9fl\u00e9chit de bonne foi \u00e0 l\u2019usage <b>maximum<\/b> de la cr\u00e9ation mon\u00e9taire dans les limites d\u2019\u00e9quilibre mon\u00e9taire d\u00e9termin\u00e9 d\u00e9mocratiquement.<\/p>\n<p>A ce point, vous auriez raison de pinailler, contester, argumenter. Bravo\u00a0! C\u2019est exactement ce qu\u2019il faut. On lance le d\u00e9bat\u00a0? En prime time sur TF1\u00a0?<\/p>\n<p>Dans la matrice, vous \u00eates <em>distrait<\/em>, votre regard est distrait de la direction naturelle,\u00a0devant soi. Terrorisme, braquages, quartiers nord, actes antis\u00e9mites, un gauchiste ratatin\u00e9 par une ligue patriotique : \u00c7a aurait fait la fiert\u00e9 du colonel Laroque* ! Cahuzac, par contre, c&rsquo;est vraiment contre-productif. Se faire gauler comme un vulgaire Woerth\u2026<\/p>\n<p>Il ne vous reste que la possibilit\u00e9 de r\u00e9clamer 30% de sel en moins dans le jambon. Et c&rsquo;est pour \u00e7a que vous faites des manifs.<\/p>\n<p>Alors donc, si vous ne pouvez voir comment je, vous, ils, se font rouler dans la farine, ce n&rsquo;est pas en cherchant la trace d&rsquo;une mise en sc\u00e8ne Matrixo\u00efde que les choses vont s&rsquo;\u00e9claircir. C&rsquo;est dans le <em>d\u00e9roulement<\/em> du film, avec le <em>mouvement<\/em> que les changements et les constantes apparaissent.<\/p>\n<p>L&rsquo;art des m\u00e9dias et des histoires racont\u00e9s par les z&rsquo;oms politiques, c&rsquo;est de proposer l&rsquo;actualit\u00e9 comme une s\u00e9rie de diapos d\u00e9connect\u00e9es les une des autres. Pas forc\u00e9ment toujours des bobards. Suffit de l\u00e2cher des app\u00e2ts, lourdement comment\u00e9s, avec un fait divers bien choisi, vous pouvez faire perdre 6 mois de r\u00e9flexion aux \u00e9lecteurs.<\/p>\n<p>Nos infos sont des pages de faits divers sans aucun int\u00e9r\u00eat collectif.<\/p>\n<p>Nous baignons dans un jus inodore, sans saveur, plein de conventions gustatives superficielles. D\u00e9tail du braquage d\u2019une bijouterie \u00e0 Marseille. Mais aucun d\u00e9tail du braquage de la liquidit\u00e9 par les banques apr\u00e8s avoir fait FAILLITE en 2007.<\/p>\n<p>Il y a des trucs simples pour rendre politiquement inerte n&rsquo;importe-quelle news. Avec ce nouveau ramasse-merde, qui fait la fiert\u00e9 du journaliste-dont-la-mission-essentielle-en-tant-que-j\u00e9suite-de-linfo-est-de-nous-informer, ce *!~ d\u00e9go\u00fbtant, cet outil du diable, qui arrache \u00e0 la victime une v\u00e9rit\u00e9 profonde, propre \u00e0 l&rsquo;\u00e9dification des masses, outil donc plus universel que le couteau de l&rsquo;arm\u00e9e suisse, j&rsquo;ai nomm\u00e9 l&rsquo;aimant \u00e0 prix Pulitzer, la fameuse question qui tire les larmes avant la r\u00e9ponse : \u00ab\u00a0Et alors \u00e0 ce moment-l\u00e0, qu&rsquo;avez-vous ressenti ?\u00a0\u00bb (Sa femme est partie avec son dentiste, sa maison et ses enfants viennent de cramer, ou les syndicats ont valid\u00e9 la mouture Medef de la retraite). Ou alors, je serais eux, je proposerai une loi pour le\u00a0mariage homosexuel. Fl\u00fbte, c\u2019est d\u00e9j\u00e0 fait.<\/p>\n<p>Pujadas demande \u00e0 une c\u00e9l\u00e9brit\u00e9 qui a gagn\u00e9 un prix, un prix Nobel de la paix qui lutte contre les multinationales pour les pauvres du Bangladesh<\/p>\n<p><em>&#8211; \u00ab\u00a0gnagnagna trilouli pipopipo ressenti quand vous avez su que vous aviez le prix ?\u00a0\u00bb.<\/em><\/p>\n<p>Ce qui permet d&rsquo;omettre que Nobel a fait sa fortune en inventant des explosifs, et que l\u2019exhibition d\u2019un Nobel permet de faire des papiers vides sans risques intellectuels ni politiques.<\/p>\n<p>C&rsquo;est plus simple que d\u2019enqu\u00eater sur l\u2019usage immod\u00e9r\u00e9 de clandestins par nos rois du BTP, \u00e0 travers des fili\u00e8res sombres de sous-traitance. Donc ch\u00f4mage chez nous et perte de valeur r\u00e9elle (le fric que les exploit\u00e9s sortent de France pour leur famille), et maxi b\u00e9n\u00e9fice pour un contrat public truand\u00e9 d\u00e8s l\u2019appel d\u2019offre.<\/p>\n<p>A ce moment pr\u00e9cis, vous \u00eates dans Brazil, Attach\u00e9 sur un fauteuil dans \u00ab\u00a0L&rsquo;arm\u00e9e des douze singes\u00a0\u00bb. Devant un dentiste farceur dans \u00ab\u00a0Marathon Man\u00a0\u00bb. L\u00e0 je sens que je vous touche.<\/p>\n<p>Si vous voulez \u00ab\u00a0voir\u00a0\u00bb le syst\u00e8me, pour ensuite le d\u00e9monter, puis le remplacer par du mieux, il faut refaire le chemin de sa <strong>conception<\/strong>, de sa <strong>fabrication<\/strong>, et <strong>lire le carnet d&rsquo;entretien<\/strong>.<\/p>\n<p>Vous le faites bien pour acheter un voiture ou une machine d\u2019occasion.<\/p>\n<p>Je vous propose donc de vous lancer dans un genre de stage personnel, que vous pouvez faire tranquille \u00e0 la maison. Gratos.<\/p>\n<p>A la fin de ce stage, qui est tr\u00e8s agr\u00e9able, vous aurez l&rsquo;impression de renaitre au monde,\u00a0\u00e0 votre \u00e9poque.<\/p>\n<p>C&rsquo;est quand<strong> on sait d&rsquo;o\u00f9 on vient qu&rsquo;on voit o\u00f9 l&rsquo;on est<\/strong>. \u00c7a chie, non ? C&rsquo;est de moi.<\/p>\n<p><strong>Henri Guillemin<\/strong> offre plein d&rsquo;int\u00e9r\u00eats pour \u00e7a. Ses \u00e9missions dont vous trouverez le lien ci-dessous, doivent \u00eatre regard\u00e9es par paquets, \u00e0 votre rythme. C&rsquo;est un historien rigoureux et passionnant. Sa pr\u00e9sentation est pr\u00e9cise, et \u00e0 l&rsquo;inverse d&rsquo;un livre d&rsquo;histoire, vous courez apr\u00e8s lui pour conna\u00eetre la suite.<\/p>\n<p>Nous sommes dans une \u00e9poque o\u00f9 une partie de la jeunesse rentre au garage en fin de 3ieme, et o\u00f9 une bonne partie de l&rsquo;autre regrette bient\u00f4t de pas avoir eu les coron\u00e8s de faire pareil. D&rsquo;autre rentrent crev\u00e9s du taf pour se coller devant la t\u00e9l\u00e9. Les autres pianotent sur un Imachin plus concentr\u00e9 que sur les PIP\u00a0de la fille qui t\u00e9l\u00e9phone \u00e0 ses cheveux. Victime ou vainqueur aux petits pieds, vous \u00eates dans la matrice.<\/p>\n<p>Comment sortir tout ce monde-l\u00e0 de celle-ci ? OK. On respire et on commence par le d\u00e9but.<\/p>\n<p>Commencez par Guillemin&#8230; Souvent en \u00e9pisodes de 25 mn. Parfois s\u00e9rie de 2, 11, 14, 16 \u00e9missions, selon les cas. Les liens pointent sur le premier \u00e9pisode, les suivants \u00e0 chercher dans la liste \u00e0 droite.<\/p>\n<p>Robespierre pour commencer ?<\/p>\n<p><a title=\"Robespierre\" href=\"http:\/\/www.youtube.com\/watch?v=bLS33mS78ls&amp;feature=share&amp;list=PL3FE0F0801FEAED00\" target=\"_blank\">Robespierre 1\/2<\/a><\/p>\n<p>Napol\u00e9on, pour mieux comprendre un certain pr\u00e9sident aphonophile ?<\/p>\n<p><a title=\"Napol\u00e9on vers la s\u00e9rie\" href=\"http:\/\/www.youtube.com\/watch?v=HulrS2WHYP4&amp;feature=share&amp;list=PL3FE0F0801FEAED00\" target=\"_blank\">Napol\u00e9on : Petit, hargneux et revanchard.<\/a><\/p>\n<p>De la guerre de 1870 \u00e0 1914, c&rsquo;est plein d&rsquo;enseignement, on y voit le syst\u00e8me politique fran\u00e7ais \u00e0 poil ! Et autant \u00e7a ne vous dit certainement rien, autant c&rsquo;est dommage. Allez, hop :<\/p>\n<p>De 1871-1914<\/p>\n<p><a href=\"http:\/\/www.youtube.com\/watch?v=d65aVl7s6RA&amp;feature=share&amp;list=PL3FE0F0801FEAED00\">L\u2019autre Avant-guerre<\/a><\/p>\n<p>* Allez donc voir qui est le colonel Laroque !<\/p>\n","protected":false},"excerpt":{"rendered":"<p>Le c\u00e9l\u00e8bre film a eu son succ\u00e8s. Matrix d\u00e9crit un monde futuriste, o\u00f9 des humains compl\u00e8tement immobilis\u00e9s pour produire je sais plus quoi, des lecteurs MP3 peut-\u00eatre, vivent dans une r\u00e9alit\u00e9 virtuelle \u00ab\u00a0normale\u00a0\u00bb et joyeuse. Le h\u00e9ros \u00e9vite les pruneaux en faisant quelques d\u00e9monstrations de Street Art 3D. Formidable. Lorsque nous tentons un rapprochement entre [&hellip;]<\/p>\n","protected":false},"author":1,"featured_media":0,"parent":0,"menu_order":0,"comment_status":"open","ping_status":"closed","template":"","meta":{"footnotes":""},"class_list":["post-206","page","type-page","status-publish","hentry"],"_links":{"self":[{"href":"https:\/\/www.vuncf.org\/index.php?rest_route=\/wp\/v2\/pages\/206","targetHints":{"allow":["GET"]}}],"collection":[{"href":"https:\/\/www.vuncf.org\/index.php?rest_route=\/wp\/v2\/pages"}],"about":[{"href":"https:\/\/www.vuncf.org\/index.php?rest_route=\/wp\/v2\/types\/page"}],"author":[{"embeddable":true,"href":"https:\/\/www.vuncf.org\/index.php?rest_route=\/wp\/v2\/users\/1"}],"replies":[{"embeddable":true,"href":"https:\/\/www.vuncf.org\/index.php?rest_route=%2Fwp%2Fv2%2Fcomments&post=206"}],"version-history":[{"count":38,"href":"https:\/\/www.vuncf.org\/index.php?rest_route=\/wp\/v2\/pages\/206\/revisions"}],"predecessor-version":[{"id":1409,"href":"https:\/\/www.vuncf.org\/index.php?rest_route=\/wp\/v2\/pages\/206\/revisions\/1409"}],"wp:attachment":[{"href":"https:\/\/www.vuncf.org\/index.php?rest_route=%2Fwp%2Fv2%2Fmedia&parent=206"}],"curies":[{"name":"wp","href":"https:\/\/api.w.org\/{rel}","templated":true}]}}