{"id":2056,"date":"2013-11-14T08:31:15","date_gmt":"2013-11-14T07:31:15","guid":{"rendered":"http:\/\/www.vuncf.org\/?page_id=2056"},"modified":"2013-11-14T08:46:06","modified_gmt":"2013-11-14T07:46:06","slug":"la-democratie-et-toi","status":"publish","type":"page","link":"https:\/\/www.vuncf.org\/?page_id=2056","title":{"rendered":"La d\u00e9mocratie et toi"},"content":{"rendered":"<p>Apr\u00e8s \u00eatre pass\u00e9 par <a title=\"Kits d\u2019urgence\" href=\"https:\/\/www.vuncf.org\/?page_id=1764\" target=\"_blank\">une conf\u00e9rence de Chouard<\/a>, vous avez appris, si cela restait n\u00e9cessaire, ce qu&rsquo;est la d\u00e9mocratie. La vrai. Pas le r\u00e9gime repr\u00e9sentatif qui vous am\u00e8ne \u00e0 mendier toute chose politique.<\/p>\n<p>Jugeant, autant qu&rsquo;il est possible, les actions pass\u00e9es du leader maximo du moment, vous pariez, vous esp\u00e9rez que le candidat qui va recevoir votre suffrage va enfin tenir ses promesses.<\/p>\n<p>Comme on vous convoque rarement, vous avez le temps d&rsquo;oublier, et une nouvelle cohorte d&rsquo;\u00e9lecteurs pleine d&rsquo;illusions sur la nature humaine viendra perp\u00e9tuer le cycle infernal.<\/p>\n<p>Voila, c&rsquo;est dit. La France est un bocal avec 65 millions de poissons rouges.<\/p>\n<p>En revanche, si nous avons une solide exp\u00e9rience de l&rsquo;exploitation de l&rsquo;homme par l&rsquo;oligarque, nous n&rsquo;avons aucune pratique de la citoyennet\u00e9 dans une d\u00e9mocratie. Nada.<\/p>\n<p>La saine lecture de la semaine : \u00ab\u00a0La D\u00e9mocratie\u00a0\u00bb par Bruno Bernardi, chez Garnier-Flammarion, nous pose sous tout ses angles une question cruciale : quel rapport l&rsquo;individu, donc vous, moi, lui, entretiendrai avec une d\u00e9mocratie ?<\/p>\n<p>C&rsquo;est quoi un citoyen ? Ne cherchez aucune comparaison avec votre \u00e9tat actuel qui est trop \u00e9loign\u00e9 de cette honorable situation. C&rsquo;est h\u00e9las aujourd&rsquo;hui une fiction. Qu&rsquo;il nous appartient de transformer en r\u00e9alit\u00e9.<\/p>\n<p>Des Grecs aux plus modernes, notre place dans la soci\u00e9t\u00e9 d\u00e9mocratique est un \u00e9tat bien d\u00e9crit, fa\u00e7onn\u00e9e \u00e0 l&rsquo;oppos\u00e9 de notre situation actuelle. Lisez ce livre, faites un effort !<\/p>\n<p>Notre soci\u00e9t\u00e9 nous \u00e9carte des d\u00e9cisions : nous remettons sans retour notre souverainet\u00e9 \u00e0 des repr\u00e9sentants qui d\u00e8s lors ne travaillent pas pour nous, mais pour l\u2019infime minorit\u00e9 qui nous domine, les finances et prend toutes les d\u00e9cisions \u00e0 son avantage.<\/p>\n<p>D\u00e8s lors, l&rsquo;Etat n&rsquo;est plus &lsquo;nous&rsquo;, mais une entit\u00e9 adverse, \u00e0 laquelle il convient de r\u00e9sister : \u00e9vasion fiscale, dissimulation de revenu, usage falsifi\u00e9 des commodit\u00e9s sociales : allocations diverses, place en HLM et autre&#8230; C&rsquo;est en effet la seule alternative \u00e0 une \u00ab\u00a0honn\u00eatet\u00e9\u00a0\u00bb dont l&rsquo;usage n&rsquo;apporte ni confort, ni honneur. L&rsquo;honneur ! Tellement ridicule face \u00e0 une bonne optimisation fiscale !<\/p>\n<p>La situation en est devenue \u00e0 un tel point que des mouvements soit-disant de r\u00e9sistance \u00e0 des injustices sociales, visent finalement \u00e0 la destruction de biens communs, afin d&rsquo;\u00e9chapper \u00e0 des taxes \u00e9cologiques ou \u00e0 la juste punition pour des d\u00e9lits routiers.<\/p>\n<p>En clair : les chauffards sont de sortie pour casser du radar, sans que personne ne remarque l&rsquo;escroquerie intellectuelle : afin de conserver l&rsquo;attention sur des sujets annexes, notre gouvernement r\u00e9pond avec complaisance \u00e0 ces d\u00e9lits purs, encourag\u00e9 par des m\u00e9dias criminels. Juste parce qu&rsquo;un tabou emp\u00eache de dire : si les transports routiers sur autoroutes ne sont pas tax\u00e9s, ce qui est effectivement injuste et tuera le reste de notre industrie et agriculture locale, c&rsquo;est par le fait d&rsquo;un article inique d&rsquo;un trait\u00e9 Europ\u00e9en que nous avons rejet\u00e9 en 2005, mais que Sarko et le gouvernement actuel nous ont enfonc\u00e9 dans l&rsquo;os sans vaseline. Mais \u00e7a, faut pas le dire.<\/p>\n<p>Il est plus simple de foutre le feu \u00e0 un portique que d&rsquo;envoyer pa\u00eetre Bruxelles et les banquiers. Plus simple de cramer un radar que de penser la sortie de l&rsquo;Euro et du libre-\u00e9change sans se faire dicter la copie par une extr\u00e8me-droite opportuniste. En gros il est plus facile de d\u00e9verser un bidon d&rsquo;essence ou de caillasser des CRS que de se presser le citron pour enfin se mettre au boulot : faisons nos lois, jetons les trait\u00e9s sign\u00e9s par des vendus, pensons notre soci\u00e9t\u00e9 nous-m\u00eame. Sans \u00e9couter AUCUN professionnel de la politique ou du lobbying financier. Sans demander au JT ce que nous devons faire. Cramons les \u00ab\u00a0experts\u00a0\u00bb !<\/p>\n<p>O\u00f9 sont les citoyens ? Comment transformer notre population de renards \u00e9go\u00efstes d\u00e9linquants en citoyens responsables, capables de prendre leur part dans les d\u00e9cisions importantes ?<\/p>\n<p>Comment remotiver une population qui vit entre \u00ab\u00a0cause toujours, tu m&rsquo;int\u00e9resses\u00a0\u00bb et le traquenard juridique des constitutions, trait\u00e9s et autre monnaie commune ?<\/p>\n<p>Nous attirons votre attention sur le pi\u00e8ge politique : condamn\u00e9s \u00e0 mendier, \u00e0 protester (sans effet), nous n&rsquo;avons plus l&rsquo;esprit \u00e0 d\u00e9cider, agir de fa\u00e7on \u00e0 la fois autonome (je pense par moi-m\u00eame) et collective (je ne pense pas qu&rsquo;\u00e0 ma gueule).<\/p>\n<p>Un petit exemple avant de vous renvoyer dans toutes les pages de ce site : quand une minuscule partie des fran\u00e7ais, c&rsquo;est \u00e0 dire des patrons et des chefs syndicaux vendus se rencontrent pour parler de la retraite (donc pour la casser), il n&rsquo;est jamais \u00e9voqu\u00e9 l&rsquo;id\u00e9e d&rsquo;un d\u00e9bat public, avec des propositions (pluriel !), un r\u00e9f\u00e9rendum et autre m\u00e9thodes d\u00e9mocratiques.<\/p>\n<p>Une petite manif, un aspro et au lit !<\/p>\n","protected":false},"excerpt":{"rendered":"<p>Apr\u00e8s \u00eatre pass\u00e9 par une conf\u00e9rence de Chouard, vous avez appris, si cela restait n\u00e9cessaire, ce qu&rsquo;est la d\u00e9mocratie. La vrai. Pas le r\u00e9gime repr\u00e9sentatif qui vous am\u00e8ne \u00e0 mendier toute chose politique. Jugeant, autant qu&rsquo;il est possible, les actions pass\u00e9es du leader maximo du moment, vous pariez, vous esp\u00e9rez que le candidat qui va [&hellip;]<\/p>\n","protected":false},"author":1,"featured_media":0,"parent":0,"menu_order":0,"comment_status":"open","ping_status":"closed","template":"","meta":{"footnotes":""},"class_list":["post-2056","page","type-page","status-publish","hentry"],"_links":{"self":[{"href":"https:\/\/www.vuncf.org\/index.php?rest_route=\/wp\/v2\/pages\/2056","targetHints":{"allow":["GET"]}}],"collection":[{"href":"https:\/\/www.vuncf.org\/index.php?rest_route=\/wp\/v2\/pages"}],"about":[{"href":"https:\/\/www.vuncf.org\/index.php?rest_route=\/wp\/v2\/types\/page"}],"author":[{"embeddable":true,"href":"https:\/\/www.vuncf.org\/index.php?rest_route=\/wp\/v2\/users\/1"}],"replies":[{"embeddable":true,"href":"https:\/\/www.vuncf.org\/index.php?rest_route=%2Fwp%2Fv2%2Fcomments&post=2056"}],"version-history":[{"count":6,"href":"https:\/\/www.vuncf.org\/index.php?rest_route=\/wp\/v2\/pages\/2056\/revisions"}],"predecessor-version":[{"id":2062,"href":"https:\/\/www.vuncf.org\/index.php?rest_route=\/wp\/v2\/pages\/2056\/revisions\/2062"}],"wp:attachment":[{"href":"https:\/\/www.vuncf.org\/index.php?rest_route=%2Fwp%2Fv2%2Fmedia&parent=2056"}],"curies":[{"name":"wp","href":"https:\/\/api.w.org\/{rel}","templated":true}]}}