{"id":1921,"date":"2013-10-15T22:32:28","date_gmt":"2013-10-15T20:32:28","guid":{"rendered":"http:\/\/www.vuncf.org\/?page_id=1921"},"modified":"2013-10-27T01:12:18","modified_gmt":"2013-10-26T23:12:18","slug":"comment-etre-tenu-informe-des-nouveautesmodifications","status":"publish","type":"page","link":"https:\/\/www.vuncf.org\/?page_id=1921","title":{"rendered":"Comment \u00eatre tenu inform\u00e9 des nouveaut\u00e9s\/modifications ."},"content":{"rendered":"<h2>Comment \u00eatre tenu inform\u00e9 des nouveaut\u00e9s\/modifications .<\/h2>\n<p>Vous le serez automatiquement pour les domaines pour lesquels vous \u00ab\u00a0signifiez votre int\u00e9r\u00eats\u00a0\u00bb.<\/p>\n<p>Le niveau d&rsquo;information peut \u00eatre mod\u00e9r\u00e9 par votre menu personnel en haut \u00e0 gauche, \u00ab\u00a0r\u00e9glages\u00a0\u00bb, \u00ab\u00a0r\u00e9glages des notifications\u00a0\u00bb<\/p>\n<p>&nbsp;<\/p>\n","protected":false},"excerpt":{"rendered":"<p>Comment \u00eatre tenu inform\u00e9 des nouveaut\u00e9s\/modifications . Vous le serez automatiquement pour les domaines pour lesquels vous \u00ab\u00a0signifiez votre int\u00e9r\u00eats\u00a0\u00bb. Le niveau d&rsquo;information peut \u00eatre mod\u00e9r\u00e9 par votre menu personnel en haut \u00e0 gauche, \u00ab\u00a0r\u00e9glages\u00a0\u00bb, \u00ab\u00a0r\u00e9glages des notifications\u00a0\u00bb &nbsp;<\/p>\n","protected":false},"author":1,"featured_media":0,"parent":0,"menu_order":0,"comment_status":"closed","ping_status":"closed","template":"","meta":{"footnotes":""},"class_list":["post-1921","page","type-page","status-publish","hentry"],"_links":{"self":[{"href":"https:\/\/www.vuncf.org\/index.php?rest_route=\/wp\/v2\/pages\/1921","targetHints":{"allow":["GET"]}}],"collection":[{"href":"https:\/\/www.vuncf.org\/index.php?rest_route=\/wp\/v2\/pages"}],"about":[{"href":"https:\/\/www.vuncf.org\/index.php?rest_route=\/wp\/v2\/types\/page"}],"author":[{"embeddable":true,"href":"https:\/\/www.vuncf.org\/index.php?rest_route=\/wp\/v2\/users\/1"}],"replies":[{"embeddable":true,"href":"https:\/\/www.vuncf.org\/index.php?rest_route=%2Fwp%2Fv2%2Fcomments&post=1921"}],"version-history":[{"count":2,"href":"https:\/\/www.vuncf.org\/index.php?rest_route=\/wp\/v2\/pages\/1921\/revisions"}],"predecessor-version":[{"id":1923,"href":"https:\/\/www.vuncf.org\/index.php?rest_route=\/wp\/v2\/pages\/1921\/revisions\/1923"}],"wp:attachment":[{"href":"https:\/\/www.vuncf.org\/index.php?rest_route=%2Fwp%2Fv2%2Fmedia&parent=1921"}],"curies":[{"name":"wp","href":"https:\/\/api.w.org\/{rel}","templated":true}]}}