{"id":1916,"date":"2013-10-15T22:22:47","date_gmt":"2013-10-15T20:22:47","guid":{"rendered":"http:\/\/www.vuncf.org\/?page_id=1916"},"modified":"2013-10-27T01:12:18","modified_gmt":"2013-10-26T23:12:18","slug":"comment-on-sinscrit-dans-lagora","status":"publish","type":"page","link":"https:\/\/www.vuncf.org\/?page_id=1916","title":{"rendered":"Comment on s&rsquo;inscrit dans l&rsquo;Agora"},"content":{"rendered":"<p>L&rsquo;inscription est automatique : si vous vous inscrivez sur VUNCF.org, un batch lanc\u00e9 toute les 5 minutes va vous inscrire dans l&rsquo;Agora. Vous recevrez un message sp\u00e9cifique avec un code et un lien.<\/p>\n<p>En cliquant ce lien, vous pourrez finaliser votre inscription dans l&rsquo;Agora.<\/p>\n<p>Vous \u00eates automatiquement votant potentiel sur tous les sujets, mais vous devez signifier votre int\u00e9r\u00eat pour chaque domaine concern\u00e9 afin d&rsquo;\u00eatre tenu inform\u00e9 de son activit\u00e9.<\/p>\n<p>N&rsquo;oubliez pas d&rsquo;indiquer, par votre menu personnel en haut \u00e0 droite, dans la rubrique \u00ab\u00a0r\u00e9glage\u00a0\u00bb, puis \u00ab\u00a0r\u00e9glages des notifications\u00a0\u00bb le niveau d&rsquo;information souhait\u00e9.<\/p>\n<p>Par d\u00e9faut, vous serez inform\u00e9 de tout ce qui se passe dans un domaine qui vous int\u00e9resse.<\/p>\n","protected":false},"excerpt":{"rendered":"<p>L&rsquo;inscription est automatique : si vous vous inscrivez sur VUNCF.org, un batch lanc\u00e9 toute les 5 minutes va vous inscrire dans l&rsquo;Agora. Vous recevrez un message sp\u00e9cifique avec un code et un lien. En cliquant ce lien, vous pourrez finaliser votre inscription dans l&rsquo;Agora. Vous \u00eates automatiquement votant potentiel sur tous les sujets, mais vous [&hellip;]<\/p>\n","protected":false},"author":1,"featured_media":0,"parent":0,"menu_order":0,"comment_status":"closed","ping_status":"closed","template":"","meta":{"footnotes":""},"class_list":["post-1916","page","type-page","status-publish","hentry"],"_links":{"self":[{"href":"https:\/\/www.vuncf.org\/index.php?rest_route=\/wp\/v2\/pages\/1916","targetHints":{"allow":["GET"]}}],"collection":[{"href":"https:\/\/www.vuncf.org\/index.php?rest_route=\/wp\/v2\/pages"}],"about":[{"href":"https:\/\/www.vuncf.org\/index.php?rest_route=\/wp\/v2\/types\/page"}],"author":[{"embeddable":true,"href":"https:\/\/www.vuncf.org\/index.php?rest_route=\/wp\/v2\/users\/1"}],"replies":[{"embeddable":true,"href":"https:\/\/www.vuncf.org\/index.php?rest_route=%2Fwp%2Fv2%2Fcomments&post=1916"}],"version-history":[{"count":1,"href":"https:\/\/www.vuncf.org\/index.php?rest_route=\/wp\/v2\/pages\/1916\/revisions"}],"predecessor-version":[{"id":1917,"href":"https:\/\/www.vuncf.org\/index.php?rest_route=\/wp\/v2\/pages\/1916\/revisions\/1917"}],"wp:attachment":[{"href":"https:\/\/www.vuncf.org\/index.php?rest_route=%2Fwp%2Fv2%2Fmedia&parent=1916"}],"curies":[{"name":"wp","href":"https:\/\/api.w.org\/{rel}","templated":true}]}}