{"id":1900,"date":"2013-10-13T13:29:53","date_gmt":"2013-10-13T11:29:53","guid":{"rendered":"http:\/\/www.vuncf.org\/?page_id=1900"},"modified":"2013-10-19T10:15:48","modified_gmt":"2013-10-19T08:15:48","slug":"radio-ici-maintenant-16-oct-2013-14h-17h30","status":"publish","type":"page","link":"https:\/\/www.vuncf.org\/?page_id=1900","title":{"rendered":"A la radio"},"content":{"rendered":"<h2>Sur Radio Ici &amp; Maintenant<\/h2>\n<h2>mer. 23 Oct, 14h-17h30<\/h2>\n<p>Sur cette radio, \u00e0 cette date, j&rsquo;aurai le plaisir de vous retrouver pour\u00a0 une \u00e9mission \u00e0 propos de ce site.<\/p>\n<p>Nous avions d\u00e9j\u00e0 commenc\u00e9 fin juillet, avec une \u00e9mission fleuve, bavarde et d\u00e9cousue. Mention particuli\u00e8re aux broadcast-heroes qui ont eu la force de tenir toute la nuit.<\/p>\n<p>Apr\u00e8s des vacances diverses et autre motifs de retenue, nous remettons \u00e7a.<\/p>\n<p>Radio Ici &amp; Maintenant s&rsquo;\u00e9coute en r\u00e9gion parisienne sur 95,2 Mhz, et sur internet partout dans la galaxie.<\/p>\n<p>Vous trouverez sur leur site,<a title=\"Radio Ici &amp; Maintenant\" href=\"http:\/\/icietmaintenant.com\" target=\"_blank\"> icietmaintenant.com<\/a>, dans le menu en haut \u00ab\u00a0En direct\u00a0\u00bb les liens pour \u00e9couter, ou<a title=\"rim\" href=\"http:\/\/icietmaintenant.com\/player.htm\" target=\"_blank\"> \u00e9couter-voir l&rsquo;\u00e9mission toute floue<\/a>.<\/p>\n<p>Le format monstrueux de la premi\u00e8re \u00e9mission est revu : 3h30 est d\u00e9j\u00e0 pas mal.<\/p>\n<p>Afin de permettre \u00e0 ceux d&rsquo;entre vous que cela int\u00e9resse de pr\u00e9parer des interventions, je vous livre un conducteur auquel je tenterai de me tenir :<\/p>\n<ul>\n<li>Pour les nouveaux, une pr\u00e9sentation succincte des objectifs du site (menu et sous pages <a title=\"Mode d\u2019emploi\" href=\"https:\/\/www.vuncf.org\/?page_id=4\" target=\"_blank\">Mode d&#8217;emploi<\/a>)<\/li>\n<li>Utilisation du RSS pour \u00eatre tenu au courant des nouveaux articles (<a title=\"Utilisez le RSS !\" href=\"https:\/\/www.vuncf.org\/?page_id=1593\" target=\"_blank\">Pr\u00e9sentation RSS<\/a>)<\/li>\n<li>Pr\u00e9sentation de l&rsquo;<a title=\"AGORA : les d\u00e9bats de Vuncf\" href=\"https:\/\/www.vuncf.org\/?page_id=1906\" target=\"_blank\">Agora<\/a>, outil de travail d\u00e9mocratique dans le cadre du projet du site<\/li>\n<li>Introductions : \u00ab\u00a0<a title=\"Salaires emboit\u00e9s\" href=\"https:\/\/www.vuncf.org\/?page_id=314\" target=\"_blank\">Salaires embo\u00eet\u00e9s<\/a> et <a title=\"Cr\u00e9ation mon\u00e9taire par le cr\u00e9dit\" href=\"https:\/\/www.vuncf.org\/?page_id=156\" target=\"_blank\">masse mon\u00e9taire<\/a>\u00a0\u00bb qui nous am\u00e8nent au point suivant:<\/li>\n<li>Nouvelle philosophie \u00e9conomique bas\u00e9e sur un objectif r\u00e9gulateur : \u00ab\u00a0Maintien en tout temps de la masse mon\u00e9taire \u00e0 la somme des salaires\u00a0\u00bb<\/li>\n<\/ul>\n<p>Ce qui am\u00e8ne in\u00e9vitablement, dans le d\u00e9sordre et sans \u00eatre exhaustif \u00e0 :<\/p>\n<ul>\n<li>Impossible th\u00e9saurisation de la monnaie, remise en cause du primat capitaliste<\/li>\n<li>Nationalisation des int\u00e9r\u00eats du cr\u00e9dit, donc du cr\u00e9dit lui-m\u00eame<\/li>\n<li>Nationalisation de la gestion des \u00e9pargnes (pas des \u00e9pargnes elle-m\u00eame !)<\/li>\n<li>Et ouvre \u00e0 une socialisation des flux d&rsquo;investissement (tr\u00e8s majoritairement)<\/li>\n<\/ul>\n<p>N&rsquo;ayez pas peur des titres, qui sont simplificateurs, l&rsquo;\u00e9mission va justement servir \u00e0 clarifier tout \u00e7a, avec votre aide !<\/p>\n<p>L&rsquo;\u00e9mission sera disponible en r\u00e9\u00e9coute sur internet, et attendant, portez vous bien,<\/p>\n<p>S\u00e9bastien MAYER<\/p>\n","protected":false},"excerpt":{"rendered":"<p>Sur Radio Ici &amp; Maintenant mer. 23 Oct, 14h-17h30 Sur cette radio, \u00e0 cette date, j&rsquo;aurai le plaisir de vous retrouver pour\u00a0 une \u00e9mission \u00e0 propos de ce site. Nous avions d\u00e9j\u00e0 commenc\u00e9 fin juillet, avec une \u00e9mission fleuve, bavarde et d\u00e9cousue. Mention particuli\u00e8re aux broadcast-heroes qui ont eu la force de tenir toute la [&hellip;]<\/p>\n","protected":false},"author":1,"featured_media":0,"parent":0,"menu_order":0,"comment_status":"open","ping_status":"closed","template":"","meta":{"footnotes":""},"class_list":["post-1900","page","type-page","status-publish","hentry"],"_links":{"self":[{"href":"https:\/\/www.vuncf.org\/index.php?rest_route=\/wp\/v2\/pages\/1900","targetHints":{"allow":["GET"]}}],"collection":[{"href":"https:\/\/www.vuncf.org\/index.php?rest_route=\/wp\/v2\/pages"}],"about":[{"href":"https:\/\/www.vuncf.org\/index.php?rest_route=\/wp\/v2\/types\/page"}],"author":[{"embeddable":true,"href":"https:\/\/www.vuncf.org\/index.php?rest_route=\/wp\/v2\/users\/1"}],"replies":[{"embeddable":true,"href":"https:\/\/www.vuncf.org\/index.php?rest_route=%2Fwp%2Fv2%2Fcomments&post=1900"}],"version-history":[{"count":15,"href":"https:\/\/www.vuncf.org\/index.php?rest_route=\/wp\/v2\/pages\/1900\/revisions"}],"predecessor-version":[{"id":1946,"href":"https:\/\/www.vuncf.org\/index.php?rest_route=\/wp\/v2\/pages\/1900\/revisions\/1946"}],"wp:attachment":[{"href":"https:\/\/www.vuncf.org\/index.php?rest_route=%2Fwp%2Fv2%2Fmedia&parent=1900"}],"curies":[{"name":"wp","href":"https:\/\/api.w.org\/{rel}","templated":true}]}}