{"id":1767,"date":"2013-09-07T20:20:30","date_gmt":"2013-09-07T18:20:30","guid":{"rendered":"http:\/\/www.vuncf.org\/?page_id=1767"},"modified":"2013-10-25T23:40:19","modified_gmt":"2013-10-25T21:40:19","slug":"synthese-1","status":"publish","type":"page","link":"https:\/\/www.vuncf.org\/?page_id=1767","title":{"rendered":"Synth\u00e8se 1"},"content":{"rendered":"<p>Voici un documentaire synth\u00e9tique. Merci \u00e0 son ou ses auteurs. Bravo les mecs.<\/p>\n<p>Puisque je vous tiens : L&rsquo;action de ce site commence une fois ces id\u00e9es dig\u00e9r\u00e9es. Ce site est une r\u00e9ponse \u00e0 l&rsquo;antienne \u00ab\u00a0OK. Et maintenant on fait quoi ?\u00a0\u00bb<\/p>\n<p>Ce site veut organiser avec une r\u00e8gle du jeu : On implique les acteurs sociaux et politiques de tout sujet, pour une action combin\u00e9e, ordonnanc\u00e9e pendant un an.<\/p>\n<p>Le but de cette ann\u00e9e est de former les \u00e9lecteurs pour pouvoir ult\u00e9rieurement accompagner une r\u00e9alisation concr\u00e8te.<\/p>\n<p>Let&rsquo;s go.<\/p>\n<p>&nbsp;<\/p>\n<h2>Part 1<\/h2>\n<p><video width=\"320\" height=\"180\" controls=\"controls\" autobuffer=\"\"><source src=\"\/video\/Reconstitution_pour_une_nouvelle_\u00e8re_politique_1.mp4\" type=\"video\/mp4\" \/><source src=\"\/video\/Reconstitution_pour_une_nouvelle_\u00e8re_politique_1.webm\" type=\"video\/webm\" \/><object width=\"320\" height=\"180\" classid=\"clsid:d27cdb6e-ae6d-11cf-96b8-444553540000\" codebase=\"http:\/\/download.macromedia.com\/pub\/shockwave\/cabs\/flash\/swflash.cab#version=6,0,40,0\"><param name=\"src\" value=\"https:\/\/www.vuncf.org\/wp-includes\/js\/tinymce\/plugins\/media\/moxieplayer.swf\" \/><param name=\"flashvars\" value=\"url=\/video\/Reconstitution_pour_une_nouvelle_%E8re_politique_1.mp4&amp;poster=\/wp-admin\/\" \/><param name=\"allowfullscreen\" value=\"true\" \/><param name=\"allowscriptaccess\" value=\"true\" \/><embed width=\"320\" height=\"180\" type=\"application\/x-shockwave-flash\" src=\"https:\/\/www.vuncf.org\/wp-includes\/js\/tinymce\/plugins\/media\/moxieplayer.swf\" flashvars=\"url=\/video\/Reconstitution_pour_une_nouvelle_%E8re_politique_1.mp4&amp;poster=\/wp-admin\/\" allowfullscreen=\"true\" allowscriptaccess=\"true\" \/><\/object><\/video><\/p>\n<p>&nbsp;<\/p>\n<h2>Part 2<\/h2>\n<p><video width=\"320\" height=\"180\" controls=\"controls\" autobuffer=\"\"><source src=\"\/video\/Reconstitution_pour_une_nouvelle_\u00e8re_politique_2.mp4\" type=\"video\/mp4\" \/><source src=\"\/video\/Reconstitution_pour_une_nouvelle_\u00e8re_politique_2.webm\" type=\"video\/webm\" \/><object width=\"320\" height=\"180\" classid=\"clsid:d27cdb6e-ae6d-11cf-96b8-444553540000\" codebase=\"http:\/\/download.macromedia.com\/pub\/shockwave\/cabs\/flash\/swflash.cab#version=6,0,40,0\"><param name=\"src\" value=\"https:\/\/www.vuncf.org\/wp-includes\/js\/tinymce\/plugins\/media\/moxieplayer.swf\" \/><param name=\"flashvars\" value=\"url=\/video\/Reconstitution_pour_une_nouvelle_%E8re_politique_2.mp4&amp;poster=\/wp-admin\/\" \/><param name=\"allowfullscreen\" value=\"true\" \/><param name=\"allowscriptaccess\" value=\"true\" \/><embed width=\"320\" height=\"180\" type=\"application\/x-shockwave-flash\" src=\"https:\/\/www.vuncf.org\/wp-includes\/js\/tinymce\/plugins\/media\/moxieplayer.swf\" flashvars=\"url=\/video\/Reconstitution_pour_une_nouvelle_%E8re_politique_2.mp4&amp;poster=\/wp-admin\/\" allowfullscreen=\"true\" allowscriptaccess=\"true\" \/><\/object><\/video><\/p>\n<p>&nbsp;<\/p>\n<p>&nbsp;<\/p>\n<h2>Part 3<\/h2>\n<p><video width=\"320\" height=\"180\" controls=\"controls\" autobuffer=\"\"><source src=\"\/video\/Reconstitution_pour_une_nouvelle_\u00e8re_politique_3.mp4\" type=\"video\/mp4\" \/><source src=\"\/video\/Reconstitution_pour_une_nouvelle_\u00e8re_politique_3.webm\" type=\"video\/webm\" \/><object width=\"320\" height=\"180\" classid=\"clsid:d27cdb6e-ae6d-11cf-96b8-444553540000\" codebase=\"http:\/\/download.macromedia.com\/pub\/shockwave\/cabs\/flash\/swflash.cab#version=6,0,40,0\"><param name=\"src\" value=\"https:\/\/www.vuncf.org\/wp-includes\/js\/tinymce\/plugins\/media\/moxieplayer.swf\" \/><param name=\"flashvars\" value=\"url=\/video\/Reconstitution_pour_une_nouvelle_%E8re_politique_3.mp4&amp;poster=\/wp-admin\/\" \/><param name=\"allowfullscreen\" value=\"true\" \/><param name=\"allowscriptaccess\" value=\"true\" \/><embed width=\"320\" height=\"180\" type=\"application\/x-shockwave-flash\" src=\"https:\/\/www.vuncf.org\/wp-includes\/js\/tinymce\/plugins\/media\/moxieplayer.swf\" flashvars=\"url=\/video\/Reconstitution_pour_une_nouvelle_%E8re_politique_3.mp4&amp;poster=\/wp-admin\/\" allowfullscreen=\"true\" allowscriptaccess=\"true\" \/><\/object><\/video><\/p>\n<p>&nbsp;<\/p>\n<p>&nbsp;<\/p>\n<h2>Part 4<\/h2>\n<p><video width=\"320\" height=\"180\" controls=\"controls\" autobuffer=\"\"><source src=\"\/video\/Reconstitution_pour_une_nouvelle_\u00e8re_politique_4.mp4\" type=\"video\/mp4\" \/><source src=\"\/video\/Reconstitution_pour_une_nouvelle_\u00e8re_politique_4.webm\" type=\"video\/webm\" \/><object width=\"320\" height=\"180\" classid=\"clsid:d27cdb6e-ae6d-11cf-96b8-444553540000\" codebase=\"http:\/\/download.macromedia.com\/pub\/shockwave\/cabs\/flash\/swflash.cab#version=6,0,40,0\"><param name=\"src\" value=\"https:\/\/www.vuncf.org\/wp-includes\/js\/tinymce\/plugins\/media\/moxieplayer.swf\" \/><param name=\"flashvars\" value=\"url=\/video\/Reconstitution_pour_une_nouvelle_%E8re_politique_4.mp4&amp;poster=\/wp-admin\/\" \/><param name=\"allowfullscreen\" value=\"true\" \/><param name=\"allowscriptaccess\" value=\"true\" \/><embed width=\"320\" height=\"180\" type=\"application\/x-shockwave-flash\" src=\"https:\/\/www.vuncf.org\/wp-includes\/js\/tinymce\/plugins\/media\/moxieplayer.swf\" flashvars=\"url=\/video\/Reconstitution_pour_une_nouvelle_%E8re_politique_4.mp4&amp;poster=\/wp-admin\/\" allowfullscreen=\"true\" allowscriptaccess=\"true\" \/><\/object><\/video><\/p>\n<p>&nbsp;<\/p>\n","protected":false},"excerpt":{"rendered":"<p>Voici un documentaire synth\u00e9tique. Merci \u00e0 son ou ses auteurs. Bravo les mecs. Puisque je vous tiens : L&rsquo;action de ce site commence une fois ces id\u00e9es dig\u00e9r\u00e9es. Ce site est une r\u00e9ponse \u00e0 l&rsquo;antienne \u00ab\u00a0OK. Et maintenant on fait quoi ?\u00a0\u00bb Ce site veut organiser avec une r\u00e8gle du jeu : On implique les [&hellip;]<\/p>\n","protected":false},"author":1,"featured_media":0,"parent":0,"menu_order":0,"comment_status":"open","ping_status":"closed","template":"","meta":{"footnotes":""},"class_list":["post-1767","page","type-page","status-publish","hentry"],"_links":{"self":[{"href":"https:\/\/www.vuncf.org\/index.php?rest_route=\/wp\/v2\/pages\/1767","targetHints":{"allow":["GET"]}}],"collection":[{"href":"https:\/\/www.vuncf.org\/index.php?rest_route=\/wp\/v2\/pages"}],"about":[{"href":"https:\/\/www.vuncf.org\/index.php?rest_route=\/wp\/v2\/types\/page"}],"author":[{"embeddable":true,"href":"https:\/\/www.vuncf.org\/index.php?rest_route=\/wp\/v2\/users\/1"}],"replies":[{"embeddable":true,"href":"https:\/\/www.vuncf.org\/index.php?rest_route=%2Fwp%2Fv2%2Fcomments&post=1767"}],"version-history":[{"count":5,"href":"https:\/\/www.vuncf.org\/index.php?rest_route=\/wp\/v2\/pages\/1767\/revisions"}],"predecessor-version":[{"id":2031,"href":"https:\/\/www.vuncf.org\/index.php?rest_route=\/wp\/v2\/pages\/1767\/revisions\/2031"}],"wp:attachment":[{"href":"https:\/\/www.vuncf.org\/index.php?rest_route=%2Fwp%2Fv2%2Fmedia&parent=1767"}],"curies":[{"name":"wp","href":"https:\/\/api.w.org\/{rel}","templated":true}]}}