{"id":1728,"date":"2013-09-04T16:32:26","date_gmt":"2013-09-04T14:32:26","guid":{"rendered":"http:\/\/www.vuncf.org\/?page_id=1728"},"modified":"2013-09-04T16:32:26","modified_gmt":"2013-09-04T14:32:26","slug":"projets","status":"publish","type":"page","link":"https:\/\/www.vuncf.org\/?page_id=1728","title":{"rendered":"Projets"},"content":{"rendered":"<p>L&rsquo;id\u00e9e de r\u00e9\u00e9criture de la constitution, introduite par<a title=\"Etienne Chouard\" href=\"https:\/\/www.vuncf.org\/?page_id=880\" target=\"_blank\"> Etienne Chouard<\/a>, se heurte naturellement \u00e0 de nombreux obstacles :<\/p>\n<ul>\n<li>La n\u00e9cessit\u00e9 d&rsquo;une \u00e9ducation populaire<\/li>\n<li>Le partage d&rsquo;un vocabulaire, d&rsquo;une culture<\/li>\n<li>Faire naitre des projets de constitution cr\u00e9dibles (<a title=\"La proposition de Chouard\" href=\"http:\/\/etienne.chouard.free.fr\/wikiconstitution\/index.php?title=Constitution_nationale_d%27origine_citoyenne_%C3%89C\" target=\"_blank\">Allez voir par exemple \u00e7a<\/a>). Notez en passant qu&rsquo;il existe d\u00e9j\u00e0 des projets. Pourquoi ne pas aller les voir pour se chauffer\u00a0 ou s&rsquo;en inspirer ?<\/li>\n<\/ul>\n<p>Ne nous arr\u00eatons pas l\u00e0, Il faut poursuivre par la pens\u00e9e : OK, nous avons une nouvelle constitution d\u00e9mocratique. Et ensuite ?<\/p>\n<p>Une nouvelle constitution am\u00e8ne automatiquement une r\u00e9forme l\u00e9gislative. On doit r\u00e9\u00e9crire nos lois pour les rendre conformes \u00e0 la nouvelle constitution.<\/p>\n<p>Et on met quoi ? On vire quoi ? On change quoi ? N&rsquo;imaginez pas un instant d\u00e9l\u00e9guer cette r\u00e9flexion \u00e0 des experts ou des partis politiques, ils vous ressortiront les m\u00eames plats r\u00e9chauff\u00e9s.<\/p>\n<p>R\u00e9\u00e9crire une constitution, c&rsquo;est redonner la parole au peuple. Super ! Pour dire quoi ?<\/p>\n<p>La d\u00e9mocratie suppose des citoyens actifs et cultiv\u00e9s, et non plus des \u00e9lecteurs passif, possiblement incultes et mineurs (comme des gosses).<\/p>\n<p>Des \u00e9lecteurs d&rsquo;aujourd&rsquo;hui confient les clefs \u00e0 des repr\u00e9sentants qui s&rsquo;occupent de tout. Inutile pour un \u00e9lecteur de maitriser la gestion du pays : cela ne sert \u00e0 rien !<\/p>\n<p>Des citoyens qui s&rsquo;occupent eux-m\u00eame de leurs affaires dans une d\u00e9mocratie doivent \u00eatre capables politiquement, et cela s&rsquo;exprime au final par des \u00ab\u00a0projets\u00a0\u00bb.<\/p>\n<p>Ceux-ci pr\u00e9figurent, amorcent, les futures discussions.<\/p>\n<p>En effet, une constitution d\u00e9mocratique organise les pouvoirs. Notamment le pouvoir l\u00e9gislatif du peuple, par une d\u00e9mocratie directe.<\/p>\n<p>Cette constitution peut se r\u00e9server les domaines les plus essentiels et donner des principes intangibles par exemple sur la monnaie, sur le p\u00e9rim\u00e8tre de l&rsquo;action de l&rsquo;\u00e9tat.<\/p>\n<p>Mais la constitution de dit rien sur la corrida par exemple. Il y a des gens pour et des gens contre. Cela rel\u00e8ve du l\u00e9gislatif (les lois), pas du constitutionnel (la constitution).<\/p>\n<p>La venue de la d\u00e9mocratie directe permet aux citoyens de se saisir des questions dans le cadre de la constitution, mais ne pr\u00e9figure pas la r\u00e9ponse \u00e0 la question \u00ab\u00a0Doit on autoriser les corridas ?\u00a0\u00bb.<\/p>\n<p>Elle d\u00e9crit les assembl\u00e9s et les proc\u00e9dures pour mettre la question sur le tapis, et les proc\u00e9dures pour ent\u00e9riner puis ex\u00e9cuter le choix du peuple.<\/p>\n<p>Alors il me semble utile de pr\u00e9parer la suite avec des projets, des essais.<\/p>\n<p>Si la constitution reprend la monnaie aux banques priv\u00e9es, il serait bien souhaitable de pr\u00e9parer sans attendre l&rsquo;apr\u00e8s racket bancaire.<\/p>\n<p>Si on retire le droit divin des actionnaire, comment s&rsquo;organisent les pouvoirs dans l&rsquo;entreprise ?<\/p>\n<p>Si la monnaie redevient un bien commun, comment le g\u00e8re-t-on ? Quelle politique mon\u00e9taire ?<\/p>\n<p>Vous \u00eates patron de PME : Pr\u00e9parez votre copie sur une gouvernance moins autoritaire, et donnez votre avis sur les nouveaux devoirs d&#8217;employ\u00e9s qui ne seront plus vos sujets, mais r\u00e9ellement des collaborateurs.<\/p>\n<p>Vous \u00eates salari\u00e9s : Comment allez vous participer aux discussions, comment allez vous assumer vos nouveaux droits ?<\/p>\n<p>Le tirage au sort, c&rsquo;est super, mais concr\u00e8tement on fait comment ?<\/p>\n<p>Et r\u00e9unissez vous un minimum pour en parler : sinon le droit du travail sera pondu par des banquiers et des rentiers.<\/p>\n<p>Le sujet est sans fin, mais nous sommes nombreux !<\/p>\n<p>&nbsp;<\/p>\n<p>&nbsp;<\/p>\n<p>&nbsp;<\/p>\n","protected":false},"excerpt":{"rendered":"<p>L&rsquo;id\u00e9e de r\u00e9\u00e9criture de la constitution, introduite par Etienne Chouard, se heurte naturellement \u00e0 de nombreux obstacles : La n\u00e9cessit\u00e9 d&rsquo;une \u00e9ducation populaire Le partage d&rsquo;un vocabulaire, d&rsquo;une culture Faire naitre des projets de constitution cr\u00e9dibles (Allez voir par exemple \u00e7a). Notez en passant qu&rsquo;il existe d\u00e9j\u00e0 des projets. Pourquoi ne pas aller les voir [&hellip;]<\/p>\n","protected":false},"author":1,"featured_media":0,"parent":0,"menu_order":0,"comment_status":"open","ping_status":"closed","template":"","meta":{"footnotes":""},"class_list":["post-1728","page","type-page","status-publish","hentry"],"_links":{"self":[{"href":"https:\/\/www.vuncf.org\/index.php?rest_route=\/wp\/v2\/pages\/1728","targetHints":{"allow":["GET"]}}],"collection":[{"href":"https:\/\/www.vuncf.org\/index.php?rest_route=\/wp\/v2\/pages"}],"about":[{"href":"https:\/\/www.vuncf.org\/index.php?rest_route=\/wp\/v2\/types\/page"}],"author":[{"embeddable":true,"href":"https:\/\/www.vuncf.org\/index.php?rest_route=\/wp\/v2\/users\/1"}],"replies":[{"embeddable":true,"href":"https:\/\/www.vuncf.org\/index.php?rest_route=%2Fwp%2Fv2%2Fcomments&post=1728"}],"version-history":[{"count":1,"href":"https:\/\/www.vuncf.org\/index.php?rest_route=\/wp\/v2\/pages\/1728\/revisions"}],"predecessor-version":[{"id":1729,"href":"https:\/\/www.vuncf.org\/index.php?rest_route=\/wp\/v2\/pages\/1728\/revisions\/1729"}],"wp:attachment":[{"href":"https:\/\/www.vuncf.org\/index.php?rest_route=%2Fwp%2Fv2%2Fmedia&parent=1728"}],"curies":[{"name":"wp","href":"https:\/\/api.w.org\/{rel}","templated":true}]}}