{"id":1725,"date":"2013-09-04T15:47:31","date_gmt":"2013-09-04T13:47:31","guid":{"rendered":"http:\/\/www.vuncf.org\/?page_id=1725"},"modified":"2013-09-04T15:47:31","modified_gmt":"2013-09-04T13:47:31","slug":"fiche","status":"publish","type":"page","link":"https:\/\/www.vuncf.org\/?page_id=1725","title":{"rendered":"Fiche"},"content":{"rendered":"<p>Le concept de \u00ab\u00a0fiche\u00a0\u00bb est central du projet.<\/p>\n<p>Une fiche, c&rsquo;est un sujet, un petit expos\u00e9 :<\/p>\n<ul>\n<li>Cerner le probl\u00e8me rapidement,<\/li>\n<li>d\u00e9tailler le probl\u00e8me,<\/li>\n<li>r\u00e9v\u00e9ler ses cons\u00e9quences puis les blocages politiques induits,<\/li>\n<li>Reconna\u00eetre le lien avec notre constitution,<\/li>\n<li>Sugg\u00e9rer des alternatives d\u00e9mocratiques.<\/li>\n<\/ul>\n<p>Cette fiche est \u00e9crite par des participants.<\/p>\n<p>Plus tard dans le projet, une fiche est le descripteur d&rsquo;une semaine d&rsquo;action concert\u00e9es entre les acteurs pour communiquer massivement avec les fran\u00e7ais.<\/p>\n<p>L&rsquo;objectif \u00e9tant de former la population : on appelle \u00e7a l&rsquo;<strong>\u00e9ducation populaire<\/strong>.<\/p>\n<p><a title=\"FICHES !\" href=\"https:\/\/www.vuncf.org\/?page_id=958\" target=\"_blank\">Un d\u00e9but de tas de fiches se trouve l\u00e0<\/a>.<\/p>\n","protected":false},"excerpt":{"rendered":"<p>Le concept de \u00ab\u00a0fiche\u00a0\u00bb est central du projet. Une fiche, c&rsquo;est un sujet, un petit expos\u00e9 : Cerner le probl\u00e8me rapidement, d\u00e9tailler le probl\u00e8me, r\u00e9v\u00e9ler ses cons\u00e9quences puis les blocages politiques induits, Reconna\u00eetre le lien avec notre constitution, Sugg\u00e9rer des alternatives d\u00e9mocratiques. Cette fiche est \u00e9crite par des participants. Plus tard dans le projet, une [&hellip;]<\/p>\n","protected":false},"author":1,"featured_media":0,"parent":0,"menu_order":0,"comment_status":"open","ping_status":"closed","template":"","meta":{"footnotes":""},"class_list":["post-1725","page","type-page","status-publish","hentry"],"_links":{"self":[{"href":"https:\/\/www.vuncf.org\/index.php?rest_route=\/wp\/v2\/pages\/1725","targetHints":{"allow":["GET"]}}],"collection":[{"href":"https:\/\/www.vuncf.org\/index.php?rest_route=\/wp\/v2\/pages"}],"about":[{"href":"https:\/\/www.vuncf.org\/index.php?rest_route=\/wp\/v2\/types\/page"}],"author":[{"embeddable":true,"href":"https:\/\/www.vuncf.org\/index.php?rest_route=\/wp\/v2\/users\/1"}],"replies":[{"embeddable":true,"href":"https:\/\/www.vuncf.org\/index.php?rest_route=%2Fwp%2Fv2%2Fcomments&post=1725"}],"version-history":[{"count":1,"href":"https:\/\/www.vuncf.org\/index.php?rest_route=\/wp\/v2\/pages\/1725\/revisions"}],"predecessor-version":[{"id":1726,"href":"https:\/\/www.vuncf.org\/index.php?rest_route=\/wp\/v2\/pages\/1725\/revisions\/1726"}],"wp:attachment":[{"href":"https:\/\/www.vuncf.org\/index.php?rest_route=%2Fwp%2Fv2%2Fmedia&parent=1725"}],"curies":[{"name":"wp","href":"https:\/\/api.w.org\/{rel}","templated":true}]}}