{"id":1701,"date":"2013-09-03T14:03:01","date_gmt":"2013-09-03T12:03:01","guid":{"rendered":"http:\/\/www.vuncf.org\/?page_id=1701"},"modified":"2013-09-03T14:03:01","modified_gmt":"2013-09-03T12:03:01","slug":"arriver-sans-peine","status":"publish","type":"page","link":"https:\/\/www.vuncf.org\/?page_id=1701","title":{"rendered":"Arriver sans peine"},"content":{"rendered":"<ul>\n<li>H\u00e9riter de la boite de Papa<\/li>\n<li>H\u00e9riter du poste de papa<\/li>\n<li>H\u00e9riter du carnet d&rsquo;adresses de papa<\/li>\n<li>H\u00e9riter du capital, donc des revenus de papa<\/li>\n<li>\u00ab\u00a0papa\u00a0\u00bb peut \u00eatre remplac\u00e9 par \u00ab\u00a0maman\u00a0\u00bb ou n&rsquo;importe quel membre de la famille<\/li>\n<li>\u00ab\u00a0papa\u00a0\u00bb peut \u00eatre remplac\u00e9 par \u00ab\u00a0les oblig\u00e9s de papa\u00a0\u00bb (banquier, agent de change, avocat, corrupteur ou corrompu, client, fournisseur&#8230;)<\/li>\n<li>fayoter pour papa ou un de ses amis dans un parti ou un m\u00e9dia mainstream<\/li>\n<li>Encore mieux : h\u00e9riter d&rsquo;une personne qui a gagn\u00e9 jeune \u00e0 la loterie ci-dessus<\/li>\n<li>Encore Encore mieux, du petit fils de etc&#8230;<\/li>\n<\/ul>\n<p>Pour le domaine d&rsquo;activit\u00e9, vous pouvez mixer, mais par ordre de pr\u00e9f\u00e9rence :<\/p>\n<ol>\n<li>Banque, Finance<\/li>\n<li>Industrie<\/li>\n<li>Politique<\/li>\n<li>m\u00e9dias<\/li>\n<\/ol>\n<p>&nbsp;<\/p>\n<p>\u00ab\u00a0Populo\u00a0\u00bb n&rsquo;est pas une option.<\/p>\n","protected":false},"excerpt":{"rendered":"<p>H\u00e9riter de la boite de Papa H\u00e9riter du poste de papa H\u00e9riter du carnet d&rsquo;adresses de papa H\u00e9riter du capital, donc des revenus de papa \u00ab\u00a0papa\u00a0\u00bb peut \u00eatre remplac\u00e9 par \u00ab\u00a0maman\u00a0\u00bb ou n&rsquo;importe quel membre de la famille \u00ab\u00a0papa\u00a0\u00bb peut \u00eatre remplac\u00e9 par \u00ab\u00a0les oblig\u00e9s de papa\u00a0\u00bb (banquier, agent de change, avocat, corrupteur ou corrompu, [&hellip;]<\/p>\n","protected":false},"author":1,"featured_media":0,"parent":0,"menu_order":0,"comment_status":"open","ping_status":"closed","template":"","meta":{"footnotes":""},"class_list":["post-1701","page","type-page","status-publish","hentry"],"_links":{"self":[{"href":"https:\/\/www.vuncf.org\/index.php?rest_route=\/wp\/v2\/pages\/1701","targetHints":{"allow":["GET"]}}],"collection":[{"href":"https:\/\/www.vuncf.org\/index.php?rest_route=\/wp\/v2\/pages"}],"about":[{"href":"https:\/\/www.vuncf.org\/index.php?rest_route=\/wp\/v2\/types\/page"}],"author":[{"embeddable":true,"href":"https:\/\/www.vuncf.org\/index.php?rest_route=\/wp\/v2\/users\/1"}],"replies":[{"embeddable":true,"href":"https:\/\/www.vuncf.org\/index.php?rest_route=%2Fwp%2Fv2%2Fcomments&post=1701"}],"version-history":[{"count":2,"href":"https:\/\/www.vuncf.org\/index.php?rest_route=\/wp\/v2\/pages\/1701\/revisions"}],"predecessor-version":[{"id":1703,"href":"https:\/\/www.vuncf.org\/index.php?rest_route=\/wp\/v2\/pages\/1701\/revisions\/1703"}],"wp:attachment":[{"href":"https:\/\/www.vuncf.org\/index.php?rest_route=%2Fwp%2Fv2%2Fmedia&parent=1701"}],"curies":[{"name":"wp","href":"https:\/\/api.w.org\/{rel}","templated":true}]}}