{"id":1650,"date":"2013-08-31T18:08:49","date_gmt":"2013-08-31T16:08:49","guid":{"rendered":"http:\/\/www.vuncf.org\/?page_id=1650"},"modified":"2013-08-31T18:08:49","modified_gmt":"2013-08-31T16:08:49","slug":"iv-5-ca-fait-un-peu-peur","status":"publish","type":"page","link":"https:\/\/www.vuncf.org\/?page_id=1650","title":{"rendered":"IV 5 : \u00c7a fait un peu peur"},"content":{"rendered":"<p>Une organisation des pouvoirs qui ne fait pas son travail, on la change. Les capitalistes qui ne souhaitent que des augmentations du retour sur investissement n\u2019en ont pas envie\u00a0? Mais enfin, VOUS <b>acceptez<\/b> que les int\u00e9r\u00eats de moins de 1 % de la population d\u00e9terminent votre vie\u00a0!<\/p>\n<p>Que la chose impressionne, je le vois bien moi-m\u00eame. Que cela perturbe nos petites habitudes de consommateurs, c\u2019est certain. Que cela n\u00e9cessite pas mal de \u00ab\u00a0prises de t\u00eate\u00a0\u00bb pour des gens drogu\u00e9s \u00e0 la t\u00e9l\u00e9 et autres m\u00e9dias, c\u2019est s\u00fbr aussi.<\/p>\n<p>Vous attendez qu\u2019un justicier masqu\u00e9 vienne terrasser le capitalisme interlope et cosmopolite\u00a0? (Interlope n\u2019est pas une nouvelle radio du service public \u00e0 l\u2019attention de la communaut\u00e9 gay)<\/p>\n<p>Dans tout changement, il est donc logique et pr\u00e9visible que les futurs perdants ren\u00e2clent. Mais vous, les perdants, vous \u00eates maso, ou bien\u00a0?<\/p>\n<p>Soit vous y trouvez votre compte, soit vous \u00eates des mous-du-genou. Je ne sais pas comment s\u2019\u00e9crit ce mot au pluriel. Mous probablement, et genoux si on consid\u00e8re de toute fa\u00e7on que si vous avez un genou mou, il est probable que l\u2019autre le soit aussi. Mais on n\u2019en retient qu\u2019un dans l\u2019expression.<\/p>\n<p>Pour vous inspirer, allez prendre un cours de politique, un vrai\u00a0:<\/p>\n<p><a href=\"http:\/\/youtu.be\/opxbFy7xCgM\" target=\"_blank\">Etienne Chouard\u00a0: Apprenons une autre constitution<\/a><\/p>\n","protected":false},"excerpt":{"rendered":"<p>Une organisation des pouvoirs qui ne fait pas son travail, on la change. Les capitalistes qui ne souhaitent que des augmentations du retour sur investissement n\u2019en ont pas envie\u00a0? Mais enfin, VOUS acceptez que les int\u00e9r\u00eats de moins de 1 % de la population d\u00e9terminent votre vie\u00a0! Que la chose impressionne, je le vois bien [&hellip;]<\/p>\n","protected":false},"author":1,"featured_media":0,"parent":0,"menu_order":0,"comment_status":"open","ping_status":"closed","template":"","meta":{"footnotes":""},"class_list":["post-1650","page","type-page","status-publish","hentry"],"_links":{"self":[{"href":"https:\/\/www.vuncf.org\/index.php?rest_route=\/wp\/v2\/pages\/1650","targetHints":{"allow":["GET"]}}],"collection":[{"href":"https:\/\/www.vuncf.org\/index.php?rest_route=\/wp\/v2\/pages"}],"about":[{"href":"https:\/\/www.vuncf.org\/index.php?rest_route=\/wp\/v2\/types\/page"}],"author":[{"embeddable":true,"href":"https:\/\/www.vuncf.org\/index.php?rest_route=\/wp\/v2\/users\/1"}],"replies":[{"embeddable":true,"href":"https:\/\/www.vuncf.org\/index.php?rest_route=%2Fwp%2Fv2%2Fcomments&post=1650"}],"version-history":[{"count":1,"href":"https:\/\/www.vuncf.org\/index.php?rest_route=\/wp\/v2\/pages\/1650\/revisions"}],"predecessor-version":[{"id":1651,"href":"https:\/\/www.vuncf.org\/index.php?rest_route=\/wp\/v2\/pages\/1650\/revisions\/1651"}],"wp:attachment":[{"href":"https:\/\/www.vuncf.org\/index.php?rest_route=%2Fwp%2Fv2%2Fmedia&parent=1650"}],"curies":[{"name":"wp","href":"https:\/\/api.w.org\/{rel}","templated":true}]}}