{"id":1648,"date":"2013-08-31T18:08:20","date_gmt":"2013-08-31T16:08:20","guid":{"rendered":"http:\/\/www.vuncf.org\/?page_id=1648"},"modified":"2013-08-31T18:08:20","modified_gmt":"2013-08-31T16:08:20","slug":"iv-4-rions-un-peu","status":"publish","type":"page","link":"https:\/\/www.vuncf.org\/?page_id=1648","title":{"rendered":"IV 4 : Rions un peu"},"content":{"rendered":"<p>Ah c&rsquo;est dingue \u00e7a ? Quand je rentre dans l&rsquo;isoloir, je mets un souhait pour No\u00ebl, et bim ! Ouverture du march\u00e9 du textile. Bam ! 30 000 prol\u00e9taires sur le carreau en moins d&rsquo;un an&#8230;Principalement des femmes, c\u2019est pour \u00e7a qu\u2019on n\u2019en a pas parl\u00e9 trop. On a r\u00e2l\u00e9, mais en l\u2019air. \u00ab\u00a0c\u2019est la faute \u00e0 la mondialisation\u00a0\u00bb<\/p>\n<p>Le petit Baroin s&rsquo;\u00e9crie : \u00a0\u00bb Non, mais franchement l\u00e0, heu, je ne comprends pas mais je suis tr\u00e8s col\u00e8re.\u00a0\u00bb (Baroin n&rsquo;a pas de probl\u00e8me de shampoing). Qui est le commissaire europ\u00e9en qui a <b>con\u00e7u<\/b>, <b>sign\u00e9<\/b> donc <b>assum\u00e9<\/b> \u00e0 100 % cette d\u00e9cision d\u00e9bile pour 99% des \u00ab\u00a0gens\u00a0\u00bb, mais juteuse pour quelques autres, la directive annon\u00e7ant <b>dix ans \u00e0 l&rsquo;avance<\/b> une d\u00e9cision prise par tr\u00e8s peu, en douce, pour des int\u00e9r\u00eats contraires \u00e0 ceux des gens ordinaires, de gauche comme de droite ?\u00a0\u00a0 C&rsquo;\u00e9tait Baroin, commissaire europ\u00e9en. C\u2019est g\u00e9nial de mettre un d\u00e9lai long comme 10 ans pour une directive bien salope\u00a0: personne ne se rappelle plus qui la lui a mise bien profond.<\/p>\n<p>Qu&rsquo;est-ce qui nous emp\u00eache d&rsquo;avoir des lois contre \u00e7a ? Vous\u00a0! Enfin, \u00e7a en a l\u2019air\u2026<\/p>\n","protected":false},"excerpt":{"rendered":"<p>Ah c&rsquo;est dingue \u00e7a ? Quand je rentre dans l&rsquo;isoloir, je mets un souhait pour No\u00ebl, et bim ! Ouverture du march\u00e9 du textile. Bam ! 30 000 prol\u00e9taires sur le carreau en moins d&rsquo;un an&#8230;Principalement des femmes, c\u2019est pour \u00e7a qu\u2019on n\u2019en a pas parl\u00e9 trop. On a r\u00e2l\u00e9, mais en l\u2019air. \u00ab\u00a0c\u2019est la [&hellip;]<\/p>\n","protected":false},"author":1,"featured_media":0,"parent":0,"menu_order":0,"comment_status":"open","ping_status":"closed","template":"","meta":{"footnotes":""},"class_list":["post-1648","page","type-page","status-publish","hentry"],"_links":{"self":[{"href":"https:\/\/www.vuncf.org\/index.php?rest_route=\/wp\/v2\/pages\/1648","targetHints":{"allow":["GET"]}}],"collection":[{"href":"https:\/\/www.vuncf.org\/index.php?rest_route=\/wp\/v2\/pages"}],"about":[{"href":"https:\/\/www.vuncf.org\/index.php?rest_route=\/wp\/v2\/types\/page"}],"author":[{"embeddable":true,"href":"https:\/\/www.vuncf.org\/index.php?rest_route=\/wp\/v2\/users\/1"}],"replies":[{"embeddable":true,"href":"https:\/\/www.vuncf.org\/index.php?rest_route=%2Fwp%2Fv2%2Fcomments&post=1648"}],"version-history":[{"count":1,"href":"https:\/\/www.vuncf.org\/index.php?rest_route=\/wp\/v2\/pages\/1648\/revisions"}],"predecessor-version":[{"id":1649,"href":"https:\/\/www.vuncf.org\/index.php?rest_route=\/wp\/v2\/pages\/1648\/revisions\/1649"}],"wp:attachment":[{"href":"https:\/\/www.vuncf.org\/index.php?rest_route=%2Fwp%2Fv2%2Fmedia&parent=1648"}],"curies":[{"name":"wp","href":"https:\/\/api.w.org\/{rel}","templated":true}]}}